{"id":19956,"date":"2024-01-14T16:36:49","date_gmt":"2024-01-14T15:36:49","guid":{"rendered":"https:\/\/1001vertus.com\/?post_type=product&#038;p=19956"},"modified":"2026-04-08T11:53:19","modified_gmt":"2026-04-08T10:53:19","slug":"champo-solido-de-nigela","status":"publish","type":"product","link":"https:\/\/1001vertus.com\/pt\/produit\/shampoing-solide-a-la-nigelle\/","title":{"rendered":"Champ\u00f4 s\u00f3lido com cominhos pretos (Aprox. 80g) - Assali"},"content":{"rendered":"<p>Dans la cat\u00e9gorie shampoing solide Assali, nous ne pouvions manquer de vous livrer\u00a0<strong>un v\u00e9ritable \u00ab\u00a0must-have\u00a0\u00bb de la famille !<\/strong>\u00a0En effet, le shampoing solide \u00e0 la nigelle est une v\u00e9ritable petite merveille qui offre\u00a0<strong>un vrai coup de boost \u00e0 votre masse capillaire.<\/strong>\u00a0Ne manquez pas ce pur condens\u00e9 de bienfaits.<\/p>\n<h2><strong>Le shampoing solide \u00e0 la nigelle : une action compl\u00e8te<\/strong><\/h2>\n<p>Como v\u00ea. O champ\u00f4 s\u00f3lido \u00e9\u00a0<strong>o derradeiro must-have!<\/strong>\u00a0Ici, on vous parle de la version \u00e0 la nigelle, un incontournable comme pas possible !<\/p>\n<p>Et pour cause, ce petit carr\u00e9 merveilleux accorde des actions \u00e0 plusieurs niveaux. Il sera utile donc\u00a0<strong>aussi bien \u00e0 vos cheveux forc\u00e9ment, mais aussi \u00e0 votre cuir chevelu<\/strong>\u00a0\u00e9galement ! En outre, il est un apport consid\u00e9rable en principes actifs et offre donc des bienfaits incomparables.<\/p>\n<h2><strong>Le shampoing solide \u00e0 la nigelle : un concentr\u00e9 de bienfaits<\/strong><\/h2>\n<p>Soyez pr\u00eats ! Vous allez\u00a0<strong>tester votre futur alli\u00e9 cheveux en pleine sant\u00e9<\/strong>. E por uma boa raz\u00e3o: antes de mais, este champ\u00f4 ir\u00e1 fornecer <strong>douceur et brillance \u00e0 vos cheveux.<\/strong> Puis, il va \u00e9galement\u00a0<strong>apaiser votre cuir chevelu sensible ou irrit\u00e9.<\/strong>\u00a0Mais aussi vous lib\u00e9rer des d\u00e9mangeaisons et vous apaiser.<\/p>\n<p>De facto, recomendamos vivamente que o fa\u00e7a\u00a0<strong>pour les personnes sujettes au psoriasis ou \u00e0 l&rsquo;ecz\u00e9ma<\/strong>\u00a0notamment. En outre, il vous lib\u00e8re des pellicules et offre de la force et de la vigueur \u00e0 votre chevelure.<\/p>\n<p>Ainsi, dites au revoir aux cheveux fatigu\u00e9s ternes et tout \u00ab\u00a0raplapla\u00a0\u00bb, la solution est juste l\u00e0 !<\/p>\n<h3><strong>Utilizar o seu champ\u00f4 excecional<\/strong><\/h3>\n<p>Tout comme notre version \u00e0 <a href=\"https:\/\/1001vertus.com\/pt\/product\/champo-solido-de-amla\/\"><strong>Amla<\/strong><\/a> ou encore \u00e0 la <a href=\"https:\/\/1001vertus.com\/pt\/product\/champo-solido-de-spirulina\/\"><strong>espirulina<\/strong><\/a>, le shampoing solide \u00e0 la nigelle rev\u00eate une utilisation des plus faciles.<\/p>\n<p>Tudo o que tem de fazer \u00e9 <strong>faire mousser le carr\u00e9 dans vos mains et de l&rsquo;appliquer des racines jusqu&rsquo;au pointes.<\/strong>\u00a0Tamb\u00e9m pode\u00a0<strong>esfregar diretamente no cabelo<\/strong>\u00a0tamb\u00e9m.<\/p>\n<p>Ensuite, nous vous conseillons de proc\u00e9der \u00e0 des mouvements circulaires. Puis, de\u00a0<strong>Enxaguar bem para terminar.<\/strong><\/p>\n<p>Enfin, sachez que vous pouvez l&rsquo;utiliser de fa\u00e7on r\u00e9guli\u00e8re sans aucun probl\u00e8me !<\/p>","protected":false},"excerpt":{"rendered":"<p>Dans la cat\u00e9gorie shampoing solide Assali, nous ne pouvions manquer de vous livrer\u00a0un v\u00e9ritable \u00ab\u00a0must-have\u00a0\u00bb de la famille !\u00a0En effet, le shampoing solide \u00e0 la nigelle est une v\u00e9ritable petite merveille qui offre\u00a0un vrai coup de boost \u00e0 votre masse capillaire.\u00a0Ne manquez pas ce pur condens\u00e9 de bienfaits. Le shampoing solide \u00e0 la nigelle : [&#8230;]\n","protected":false},"featured_media":19960,"template":"","meta":[],"product_brand":[],"product_cat":[26,112],"product_tag":[],"class_list":{"0":"post-19956","1":"product","2":"type-product","3":"status-publish","4":"has-post-thumbnail","6":"product_cat-nigelle","7":"product_cat-shampoing-solide","9":"first","10":"instock","11":"shipping-taxable","12":"purchasable","13":"product-type-simple"},"_links":{"self":[{"href":"https:\/\/1001vertus.com\/pt\/wp-json\/wp\/v2\/product\/19956","targetHints":{"allow":["GET"]}}],"collection":[{"href":"https:\/\/1001vertus.com\/pt\/wp-json\/wp\/v2\/product"}],"about":[{"href":"https:\/\/1001vertus.com\/pt\/wp-json\/wp\/v2\/types\/product"}],"wp:featuredmedia":[{"embeddable":true,"href":"https:\/\/1001vertus.com\/pt\/wp-json\/wp\/v2\/media\/19960"}],"wp:attachment":[{"href":"https:\/\/1001vertus.com\/pt\/wp-json\/wp\/v2\/media?parent=19956"}],"wp:term":[{"taxonomy":"product_brand","embeddable":true,"href":"https:\/\/1001vertus.com\/pt\/wp-json\/wp\/v2\/product_brand?post=19956"},{"taxonomy":"product_cat","embeddable":true,"href":"https:\/\/1001vertus.com\/pt\/wp-json\/wp\/v2\/product_cat?post=19956"},{"taxonomy":"product_tag","embeddable":true,"href":"https:\/\/1001vertus.com\/pt\/wp-json\/wp\/v2\/product_tag?post=19956"}],"curies":[{"name":"wp","href":"https:\/\/api.w.org\/{rel}","templated":true}]}}