{"id":19955,"date":"2024-01-14T16:19:28","date_gmt":"2024-01-14T15:19:28","guid":{"rendered":"https:\/\/1001vertus.com\/?post_type=product&#038;p=19955"},"modified":"2026-02-21T10:51:43","modified_gmt":"2026-02-21T09:51:43","slug":"sabonete-artesanal-de-leite-de-cabra","status":"publish","type":"product","link":"https:\/\/1001vertus.com\/pt\/produit\/savon-au-lait-de-chevre-fait-main\/","title":{"rendered":"Savon au lait de ch\u00e8vre fait-main 100g &#8211; Assali"},"content":{"rendered":"","protected":false},"excerpt":{"rendered":"<p>In\u00fameros benef\u00edcios para a pele.<\/p>","protected":false},"featured_media":43356,"template":"","meta":[],"product_brand":[],"product_cat":[78,27,55],"product_tag":[],"class_list":{"0":"post-19955","1":"product","2":"type-product","3":"status-publish","4":"has-post-thumbnail","6":"product_cat-savon-au-lait-de-chevre","7":"product_cat-bien-etre","8":"product_cat-savon","10":"first","11":"instock","12":"shipping-taxable","13":"purchasable","14":"product-type-simple"},"_links":{"self":[{"href":"https:\/\/1001vertus.com\/pt\/wp-json\/wp\/v2\/product\/19955","targetHints":{"allow":["GET"]}}],"collection":[{"href":"https:\/\/1001vertus.com\/pt\/wp-json\/wp\/v2\/product"}],"about":[{"href":"https:\/\/1001vertus.com\/pt\/wp-json\/wp\/v2\/types\/product"}],"wp:featuredmedia":[{"embeddable":true,"href":"https:\/\/1001vertus.com\/pt\/wp-json\/wp\/v2\/media\/43356"}],"wp:attachment":[{"href":"https:\/\/1001vertus.com\/pt\/wp-json\/wp\/v2\/media?parent=19955"}],"wp:term":[{"taxonomy":"product_brand","embeddable":true,"href":"https:\/\/1001vertus.com\/pt\/wp-json\/wp\/v2\/product_brand?post=19955"},{"taxonomy":"product_cat","embeddable":true,"href":"https:\/\/1001vertus.com\/pt\/wp-json\/wp\/v2\/product_cat?post=19955"},{"taxonomy":"product_tag","embeddable":true,"href":"https:\/\/1001vertus.com\/pt\/wp-json\/wp\/v2\/product_tag?post=19955"}],"curies":[{"name":"wp","href":"https:\/\/api.w.org\/{rel}","templated":true}]}}