{"id":1992,"date":"2019-11-20T22:26:41","date_gmt":"2019-11-20T21:26:41","guid":{"rendered":"https:\/\/1001vertus.com\/?post_type=product&#038;p=1992"},"modified":"2021-12-05T09:37:55","modified_gmt":"2021-12-05T08:37:55","slug":"pack-grand-gourmand","status":"publish","type":"product","link":"https:\/\/1001vertus.com\/pt\/produit\/pack-grand-gourmand\/","title":{"rendered":"Embalagem gourmet"},"content":{"rendered":"<p class=\"western\" align=\"justify\">Ce pack est compos\u00e9 d\u2019un pot de 250g de amlou, d\u2019un pot de 310ml de carajmel et d\u2019un pot de 250g de sirop de dattes.<\/p>\n<ul>\n<li>\n<p class=\"western\" align=\"justify\"><b>O Carajmel \u00e9 um produto \u00fanico no mundo: <\/b><strong><b>um doce de leite de camelo 100% natural! <\/b><\/strong><\/p>\n<\/li>\n<\/ul>\n<p class=\"western\" align=\"justify\"><strong>Son go\u00fbt est d\u00e9licieux et se rapproche beaucoup de celui du caramel au beurre sal\u00e9.<\/strong><\/p>\n<p class=\"western\" align=\"justify\">Ce produit authentique du Sahara a conserv\u00e9 une bonne partie des \u00e9normes <strong>vertus du lait de chamelle\u00a0:<\/strong><\/p>\n<p class=\"western\" align=\"justify\"><strong>- <\/strong>este leite \u00e9 <strong>10 vezes mais rico em ferro<\/strong> e <strong>3 vezes mais rico em vitamina C<\/strong> do que o leite de vaca,<\/p>\n<p class=\"western\" align=\"justify\">&#8211; il <strong>convient aux intol\u00e9rants au lactose,<\/strong><\/p>\n<p class=\"western\" align=\"justify\">&#8211; gr\u00e2ce \u00e0 sa <strong>forte teneur en potassium, magn\u00e9sium et vitamine B<\/strong>, le lait de chamelle favorise le d\u00e9veloppement des os, renforce la croissance des cheveux et pr\u00e9viens leur chute, en plus d\u2019assurer une dentition saine.<\/p>\n<p class=\"western\" align=\"justify\">Le carajmel est donc un processus innovant, adapt\u00e9 au lait de chamelle permettant de pouvoir le conserver plusieurs mois tout en conservant une bonne partie des vertus du lait de base.<\/p>\n<p class=\"western\" align=\"justify\">Il est fabriqu\u00e9 uniquement avec du lait frais, entier, tir\u00e9 du jour sur des chamelles \u00e9lev\u00e9es en libert\u00e9 en milieu naturel.<\/p>\n<ul>\n<li>\n<p class=\"western\" align=\"justify\"><b>Le amlou est une p\u00e2te \u00e0 tartiner 100% naturelle traditionnelle du sud du Maroc .<\/b><\/p>\n<\/li>\n<\/ul>\n<p class=\"western\" align=\"justify\">Il est compos\u00e9 de 3 aliments riches et sources de multiples vertus : le miel, l\u2019huile d\u2019argan et les amandes.<\/p>\n<p class=\"western\" align=\"justify\">C\u2019est une p\u00e2te onctueuse compos\u00e9 de miel pour le c\u00f4t\u00e9 doux et sucr\u00e9, d\u2019huile d\u2019argan pour sa saveur particuli\u00e8re de noisette et d\u2019amandes broy\u00e9es pour le go\u00fbt et le petit c\u00f4t\u00e9 croquant. La combinaison des saveurs est parfaite, \u00e0 la fois douce et explosive\u2026<\/p>\n<p class=\"western\" align=\"justify\">D\u2019ailleurs, c\u2019est une v\u00e9ritable<strong> bomba nutricional<\/strong>. En effet, il tr\u00e8s riche en vitamines, en antioxydants, en acides gras (Om\u00e9ga 9 et 6) et en prot\u00e9ines.\u00a0 C\u2019est un fortifiant qui est traditionnellement servi au petit-d\u00e9jeuner ou au go\u00fbter en p\u00e2te \u00e0 tartiner sur du pain ou des cr\u00eapes. Un peu de amlou le matin sur du pain et on tient sans probl\u00e8me jusqu\u2019au d\u00e9jeuner.<\/p>\n<p class=\"western\" align=\"justify\">Sans oublier le fait que c\u2019est un <strong>remontant \u00e9nerg\u00e9tique tr\u00e8s efficace pour les jeunes mamans<\/strong>\u2026<\/p>\n<p class=\"western\" align=\"justify\">Le amlou est donc une p\u00e2te \u00e0 tartiner savoureuse et saine \u00e0 consommer sans mod\u00e9ration !<\/p>\n<ul>\n<li>\n<p class=\"western\" align=\"justify\"><b>Le sirop de datte, \u00e9galement appel\u00e9 m\u00e9lasse de dattes, est un aliment naturel et sain. <\/b><\/p>\n<\/li>\n<\/ul>\n<p class=\"western\" align=\"justify\">Il est extrait par le biais d\u2019un proc\u00e9d\u00e9 enti\u00e8rement naturel qui garantit tous les bienfaits connus de son fruit d\u2019origine. Une cuill\u00e8re \u00e0 soupe donne le m\u00eame pouvoir calorifique qu\u2019environ sept dattes !!! <span style=\"color: #000000;\"><span style=\"font-family: Liberation Serif, Times New Roman, serif;\"><span style=\"font-size: medium;\">Mais ce qui le distingue du fruit, c\u2019est sa rapidit\u00e9 de digestion et l\u2019absorption facile de ce sirop par la paroi intestinale.<\/span><\/span><\/span><\/p>\n<p class=\"western\" align=\"justify\">Il est consid\u00e9r\u00e9 comme un aliment exceptionnel vu le grand nombre d\u2019\u00e9l\u00e9ments min\u00e9raux, de fer et\u00a0 de vitamines qu\u2019il contient. <strong><span style=\"color: #000000;\"><span style=\"font-family: Liberation Serif, Times New Roman, serif;\"><span style=\"font-size: medium;\">A ce titre, il est fr\u00e9quemment employ\u00e9 par les femmes qui viennent d\u2019accoucher ou allaitantes car en plus de favoriser les mont\u00e9es de lait, il redonne de l\u2019\u00e9nergie.<\/span><\/span><\/span><\/strong><\/p>\n<p class=\"western\" align=\"justify\"><span style=\"color: #000000;\"><span style=\"font-family: Liberation Serif, Times New Roman, serif;\"><span style=\"font-size: medium;\">Le sirop de datte est \u00e9galement id\u00e9al si vous \u00eates <\/span><\/span><\/span><strong><span style=\"color: #000000;\"><span style=\"font-family: Liberation Serif, Times New Roman, serif;\"><span style=\"font-size: medium;\">an\u00e9mi\u00e9<\/span><\/span><\/span><\/strong><span style=\"color: #000000;\"><span style=\"font-family: Liberation Serif, Times New Roman, serif;\"><span style=\"font-size: medium;\"> (falta o ferro) ou <\/span><\/span><\/span><strong><span style=\"color: #000000;\"><span style=\"font-family: Liberation Serif, Times New Roman, serif;\"><span style=\"font-size: medium;\">fatigu\u00e9<\/span><\/span><\/span><\/strong><span style=\"color: #000000;\"><span style=\"font-family: Liberation Serif, Times New Roman, serif;\"><span style=\"font-size: medium;\">.<\/span><\/span><\/span><\/p>\n<p class=\"western\" align=\"justify\"><span style=\"color: #000000;\"><span style=\"font-family: Liberation Serif, Times New Roman, serif;\"><span style=\"font-size: medium;\">\u00c9 tamb\u00e9m rico em fibras, pelo que \u00e9 eficaz contra <\/span><\/span><\/span><strong><span style=\"color: #000000;\"><span style=\"font-family: Liberation Serif, Times New Roman, serif;\"><span style=\"font-size: medium;\">pris\u00e3o de ventre<\/span><\/span><\/span><\/strong><span style=\"color: #000000;\"><span style=\"font-family: Liberation Serif, Times New Roman, serif;\"><span style=\"font-size: medium;\">.\u00a0 <\/span><\/span><\/span><\/p>\n<p class=\"western\" align=\"justify\"><span style=\"font-family: Liberation Serif, Times New Roman, serif;\"><span style=\"font-size: medium;\">Enfin, c\u2019est une alternative <strong>100\u00a0% naturelle<\/strong> au sucre blanc raffin\u00e9.<\/span><\/span><\/p>\n<p class=\"western\" align=\"justify\"><span style=\"color: #000000;\"><span style=\"font-family: Liberation Serif, Times New Roman, serif;\"><span style=\"font-size: medium;\">Le sirop de datte s\u2019utilise de la m\u00eame fa\u00e7on que le <\/span><\/span><\/span><span style=\"color: #000000;\"><span style=\"font-family: Liberation Serif, Times New Roman, serif;\"><span style=\"font-size: medium;\"><span lang=\"zxx\">sirop d\u2019\u00e9rable<\/span><\/span><\/span><\/span><span style=\"color: #000000;\"><span style=\"font-family: Liberation Serif, Times New Roman, serif;\"><span style=\"font-size: medium;\"> ou d\u2019agave\u00a0: pour accompagner les cr\u00eapes, les gaufres, les pancakes ou bien en <\/span><\/span><\/span><span style=\"color: #000000;\"><span style=\"font-family: Liberation Serif, Times New Roman, serif;\"><span style=\"font-size: medium;\"><span lang=\"zxx\">p\u00e2te \u00e0 tartiner<\/span><\/span><\/span><\/span><span style=\"color: #000000;\"><span style=\"font-family: Liberation Serif, Times New Roman, serif;\"><span style=\"font-size: medium;\">. On peut \u00e9galement l\u2019utiliser pour sucrer yaourts et fromage blanc. Enfin, vous pourrez l\u2019incorporer dans vos p\u00e2tisseries et vos desserts.<\/span><\/span><\/span><\/p>\n<p class=\"western\" align=\"justify\">","protected":false},"excerpt":{"rendered":"<p class=\"western\" align=\"justify\">D\u00e9couvrez dans ce pack 3 produits savoureux et aux tr\u00e8s nombreuses vertus\u00a0:<\/p>\n<ul>\n<li>\n<p class=\"western\" align=\"justify\">a <strong>amlou<\/strong>, une p\u00e2te \u00e0 tartiner 100% naturelle traditionnelle du sud du Maroc,<\/p>\n<\/li>\n<li>\n<p class=\"western\" align=\"justify\">a <strong>carajmel<\/strong>um doce de leite de camelo.<\/p>\n<\/li>\n<li>\n<p class=\"western\" align=\"justify\">a <strong>xarope de t\u00e2maras<\/strong>, un sirop sucr\u00e9 fonc\u00e9 obtenu \u00e0 partir d&rsquo;extrait de dattes et typique de la cuisine du Moyen-Orient.<\/p>\n<\/li>\n<\/ul>\n<p class=\"western\" align=\"justify\">Laissez-vous tenter par ce pack gourmand qui fera du bien \u00e0 vos papilles et \u00e0 votre corps\u00a0!<\/p>","protected":false},"featured_media":1981,"template":"","meta":[],"product_brand":[],"product_cat":[29,44],"product_tag":[],"class_list":{"0":"post-1992","1":"product","2":"type-product","3":"status-publish","4":"has-post-thumbnail","6":"product_cat-alimentation","7":"product_cat-nos-packs","9":"first","10":"outofstock","11":"sale","12":"shipping-taxable","13":"purchasable","14":"product-type-simple"},"_links":{"self":[{"href":"https:\/\/1001vertus.com\/pt\/wp-json\/wp\/v2\/product\/1992","targetHints":{"allow":["GET"]}}],"collection":[{"href":"https:\/\/1001vertus.com\/pt\/wp-json\/wp\/v2\/product"}],"about":[{"href":"https:\/\/1001vertus.com\/pt\/wp-json\/wp\/v2\/types\/product"}],"wp:featuredmedia":[{"embeddable":true,"href":"https:\/\/1001vertus.com\/pt\/wp-json\/wp\/v2\/media\/1981"}],"wp:attachment":[{"href":"https:\/\/1001vertus.com\/pt\/wp-json\/wp\/v2\/media?parent=1992"}],"wp:term":[{"taxonomy":"product_brand","embeddable":true,"href":"https:\/\/1001vertus.com\/pt\/wp-json\/wp\/v2\/product_brand?post=1992"},{"taxonomy":"product_cat","embeddable":true,"href":"https:\/\/1001vertus.com\/pt\/wp-json\/wp\/v2\/product_cat?post=1992"},{"taxonomy":"product_tag","embeddable":true,"href":"https:\/\/1001vertus.com\/pt\/wp-json\/wp\/v2\/product_tag?post=1992"}],"curies":[{"name":"wp","href":"https:\/\/api.w.org\/{rel}","templated":true}]}}