{"id":1990,"date":"2019-11-20T22:09:21","date_gmt":"2019-11-20T21:09:21","guid":{"rendered":"https:\/\/1001vertus.com\/?post_type=product&#038;p=1990"},"modified":"2021-12-05T09:37:43","modified_gmt":"2021-12-05T08:37:43","slug":"pacote-gourmet","status":"publish","type":"product","link":"https:\/\/1001vertus.com\/pt\/produit\/pack-gourmand\/","title":{"rendered":"Pacote Gourmet"},"content":{"rendered":"<p class=\"western\">Ce pack est compos\u00e9 d\u2019un pot de 250g de amlou et d\u2019un pot de 310ml de carajmel.<\/p>\n<p>&nbsp;<\/p>\n<ul>\n<li>\n<p class=\"western\"><b>O Carajmel \u00e9 um produto \u00fanico no mundo: <\/b><strong><b>um doce de leite feito com leite de camelo natural 100%! <\/b><\/strong><\/p>\n<\/li>\n<\/ul>\n<p class=\"western\"><strong>Son go\u00fbt est d\u00e9licieux et se rapproche beaucoup de celui du caramel au beurre sal\u00e9.<\/strong><\/p>\n<p class=\"western\">Ce produit authentique du Sahara a conserv\u00e9 une bonne partie des \u00e9normes <strong>vertus du lait de chamelle\u00a0:<\/strong><\/p>\n<p class=\"western\"><strong>- <\/strong>este leite \u00e9 <strong>10 vezes mais rico em ferro<\/strong> e <strong>3 vezes mais rico em vitamina C<\/strong> do que o leite de vaca,<\/p>\n<p class=\"western\">&#8211; il <strong>convient aux intol\u00e9rants au lactose,<\/strong><\/p>\n<p class=\"western\">&#8211; gr\u00e2ce \u00e0 sa <strong>forte teneur en potassium, magn\u00e9sium et vitamine B<\/strong>, le lait de chamelle favorise le d\u00e9veloppement des os, renforce la croissance des cheveux et pr\u00e9viens leur chute, en plus d\u2019assurer une dentition saine.<\/p>\n<p class=\"western\" align=\"left\">Le carajmel est donc un processus innovant, adapt\u00e9 au lait de chamelle permettant de pouvoir le conserver plusieurs mois tout en conservant une bonne partie des vertus du lait de base.<\/p>\n<p class=\"western\" align=\"left\">Il est fabriqu\u00e9 uniquement avec du lait frais, entier, tir\u00e9 du jour sur des chamelles \u00e9lev\u00e9es en libert\u00e9 en milieu naturel.<\/p>\n<ul>\n<li>\n<p class=\"western\"><b>Le amlou est une p\u00e2te \u00e0 tartiner 100% naturelle traditionnelle du sud du Maroc .<\/b><\/p>\n<\/li>\n<\/ul>\n<p class=\"western\">Il est compos\u00e9 de 3 aliments riches et sources de multiples vertus : le miel, l\u2019huile d\u2019argan et les amandes.<\/p>\n<p class=\"western\">C\u2019est une p\u00e2te onctueuse compos\u00e9 de miel pour le c\u00f4t\u00e9 doux et sucr\u00e9, d\u2019huile d\u2019argan pour sa saveur particuli\u00e8re de noisette et d\u2019amandes broy\u00e9es pour le go\u00fbt et le petit c\u00f4t\u00e9 croquant. La combinaison des saveurs est parfaite, \u00e0 la fois douce et explosive\u2026<\/p>\n<p class=\"western\">D\u2019ailleurs, c\u2019est une v\u00e9ritable bombe nutritionnelle. En effet, il tr\u00e8s riche en vitamines, en antioxydants, en acides gras (Om\u00e9ga 9 et 6) et en prot\u00e9ines.\u00a0 C\u2019est un fortifiant qui est traditionnellement servi au petit-d\u00e9jeuner ou au go\u00fbter en p\u00e2te \u00e0 tartiner sur du pain ou des cr\u00eapes. Un peu d\u2019amlou le matin sur du pain et on tient sans probl\u00e8me jusqu\u2019au d\u00e9jeuner.<\/p>\n<p class=\"western\">Sans oublier le fait que c\u2019est un remontant \u00e9nerg\u00e9tique tr\u00e8s efficace pour les jeunes mamans\u2026<\/p>\n<p class=\"western\">Le amlou est donc une p\u00e2te \u00e0 tartiner savoureuse et saine \u00e0 consommer sans mod\u00e9ration !<\/p>","protected":false},"excerpt":{"rendered":"<p class=\"western\">D\u00e9couvrez dans ce pack 2 produits typiquement marocains\u00a0:<\/p>\n<ul>\n<li>\n<p class=\"western\">o amlou, <strong>une p\u00e2te \u00e0 tartiner 100% naturelle traditionnelle du sud du Maroc<\/strong>,<\/p>\n<\/li>\n<li>\n<p class=\"western\">e o caramelo, <strong>doce de leite de camelo.<\/strong><\/p>\n<\/li>\n<\/ul>\n<p class=\"western\">En plus d\u2019\u00eatre d\u00e9licieux, ils contiennent chacun de tr\u00e8s nombreuses vertus\u00a0!<\/p>\n<p class=\"western\">Laissez-vous tenter par ce pack gourmand qui fera du bien \u00e0 vos papilles et \u00e0 votre corps\u00a0!<\/p>","protected":false},"featured_media":1980,"template":"","meta":[],"product_brand":[],"product_cat":[29,44],"product_tag":[],"class_list":{"0":"post-1990","1":"product","2":"type-product","3":"status-publish","4":"has-post-thumbnail","6":"product_cat-alimentation","7":"product_cat-nos-packs","9":"first","10":"outofstock","11":"sale","12":"shipping-taxable","13":"purchasable","14":"product-type-simple"},"_links":{"self":[{"href":"https:\/\/1001vertus.com\/pt\/wp-json\/wp\/v2\/product\/1990","targetHints":{"allow":["GET"]}}],"collection":[{"href":"https:\/\/1001vertus.com\/pt\/wp-json\/wp\/v2\/product"}],"about":[{"href":"https:\/\/1001vertus.com\/pt\/wp-json\/wp\/v2\/types\/product"}],"wp:featuredmedia":[{"embeddable":true,"href":"https:\/\/1001vertus.com\/pt\/wp-json\/wp\/v2\/media\/1980"}],"wp:attachment":[{"href":"https:\/\/1001vertus.com\/pt\/wp-json\/wp\/v2\/media?parent=1990"}],"wp:term":[{"taxonomy":"product_brand","embeddable":true,"href":"https:\/\/1001vertus.com\/pt\/wp-json\/wp\/v2\/product_brand?post=1990"},{"taxonomy":"product_cat","embeddable":true,"href":"https:\/\/1001vertus.com\/pt\/wp-json\/wp\/v2\/product_cat?post=1990"},{"taxonomy":"product_tag","embeddable":true,"href":"https:\/\/1001vertus.com\/pt\/wp-json\/wp\/v2\/product_tag?post=1990"}],"curies":[{"name":"wp","href":"https:\/\/api.w.org\/{rel}","templated":true}]}}