{"id":1953,"date":"2019-11-12T08:35:08","date_gmt":"2019-11-12T07:35:08","guid":{"rendered":"https:\/\/1001vertus.com\/?post_type=product&#038;p=1953"},"modified":"2023-06-24T12:51:46","modified_gmt":"2023-06-24T11:51:46","slug":"rebucados-de-mel-e-propolis","status":"publish","type":"product","link":"https:\/\/1001vertus.com\/pt\/produit\/bonbons-au-miel-et-a-la-propolis\/","title":{"rendered":"Doces de mel e pr\u00f3polis"},"content":{"rendered":"<p>Pequeno\u00a0<strong>boules sucr\u00e9es<\/strong>\u00a0\u00e0 petit prix pour ravir les papilles des plus petits\u2026 comme des plus grands ! De quoi s\u2019agit-il ? Des\u00a0<strong>doces de mel e pr\u00f3polis,<\/strong>\u00a0bien \u00e9videmment. Des gourmandises douces et pleines de bonnes choses, pour faire le plein de douceur, et d\u2019\u00e9nergie !<\/p>\n<h2><strong>Doces de mel e pr\u00f3polis: uma del\u00edcia saud\u00e1vel!\u00a0<\/strong><\/h2>\n<p>Ces friandises sont une excellente alternative aux sucreries du commerce, confectionn\u00e9es avec du sucre blanc, des addictifs, et conservateurs en tout genre.<\/p>\n<p>En effet, nos bonbons au miel et propolis peuvent \u00eatre propos\u00e9s aux enfants sans probl\u00e8me, car leur composition est saine. Ces\u00a0<strong>doces naturais<\/strong>\u00a0sont une excellente source de nutrition et de sant\u00e9 pour votre corps. Ils sont riches en vitamines et min\u00e9raux, et sont efficace essentiellement<strong>\u00a0para dores de garganta.\u00a0<\/strong><\/p>\n<p>A\u00a0<strong>produtos para colmeias\u00a0<\/strong>d\u00e9licieux pour la sant\u00e9, comme pour les papilles !<\/p>\n<p><strong>Ingredientes:\u00a0<\/strong>a\u00e7\u00facar, xarope de glucose, mel, extrato natural de pr\u00f3polis<\/p>\n<h2><strong>Les bienfaits des bonbons au miel et \u00e0 la propolis<\/strong><\/h2>\n<p>Voici quelques propri\u00e9t\u00e9s que vous pouvez tirer des bonbons au miel et \u00e0 la propolis sont les suivants :<\/p>\n<ul>\n<li>Une source d&rsquo;\u00e9nergie suppl\u00e9mentaire. Ils sont riches en glucides, ce qui signifie qu&rsquo;ils lib\u00e8rent des sucres lents dans votre syst\u00e8me, vous fournissant une source d&rsquo;\u00e9nergie durable et sans pic.<\/li>\n<li>Les bonbons au miel et \u00e0 la propolis sont donc une excellente option pour les moments o\u00f9 vous ressentez une envie de sucre ;<\/li>\n<li>Riches en vitamines et min\u00e9raux, vous donnant un bon m\u00e9lange de nutriments essentiels dont votre corps a besoin<\/li>\n<li>De plus, le miel est riche en antioxydants et en enzymes qui peuvent aider \u00e0 stimuler votre syst\u00e8me immunitaire.<\/li>\n<li>La propolis, quant \u00e0 elle, est riche en flavono\u00efdes, qui agissent comme des antioxydants et sont tr\u00e8s bons pour la sant\u00e9<\/li>\n<li>Vitamine B6 et acides amin\u00e9s qui sont bons pour la sant\u00e9 c\u00e9r\u00e9brale<\/li>\n<\/ul>\n<h3><strong>Un coffret avec nos produits sains : une bonne id\u00e9e cadeau !<\/strong><\/h3>\n<p>Faire des pr\u00e9sents fait certainement autant plaisir \u00e0 celui qui re\u00e7oit qu\u2019\u00e0 celui qui l\u2019offre ! Alors, si vous \u00eates \u00e0 la recherche d\u2019id\u00e9es pour faire briller les yeux de votre entourage, ne cherchez plus. Notre boutique 1001 Vertus vous offre 1001 id\u00e9es de faire plaisir.<\/p>\n<p>D\u00e9couvrez par exemple nos\u00a0<a href=\"https:\/\/1001vertus.com\/pt\/product-category\/caixa-de-mel\/\"><strong>caixas de mel<\/strong><\/a>\u00a0d\u00e9j\u00e0 confectionn\u00e9s, afin de faire d\u00e9couvrir ou red\u00e9couvrir cet \u00e9lixir d\u00e9licieux. En petit format ou encore format classique, faites-leur rencontrer les d\u00e9lices du Maroc, ou d\u2019ailleurs !<\/p>\n<p>Et si vous souhaitez accompagner vos bonbons au miel et propolis, pourquoi ne pas continuer sur cette lanc\u00e9e ? En proposant, par exemple, un\u00a0<strong><a href=\"https:\/\/1001vertus.com\/pt\/product\/xarope-de-tamaras\/\">xarope de t\u00e2maras<\/a>.<\/strong>\u00a0Original et extr\u00eamement riche en fer, il saura attiser la curiosit\u00e9 !<\/p>\n<p>De m\u00eame que le\u00a0<a href=\"https:\/\/1001vertus.com\/pt\/product-category\/leite-de-camelo\/\"><strong>leite de camelo<\/strong><\/a>um produto raro e pouco conhecido, vai certamente causar impacto!<\/p>\n<p>En conclusion, vous avez du choix dans notre boutique bien-\u00eatre pour vous faire plaisir tout en consommant sainement.<\/p>\n<h3><strong>Pr\u00e9cautions\u00a0<\/strong><\/h3>\n<p>Bien que cette friandise soit naturelle et poss\u00e8de des ingr\u00e9dients bons pour la sant\u00e9, il ne faut pas en abuser. Consommez du sucre de mani\u00e8re occasionnelle et sans en abuser.<\/p>\n<p>Ne pas donner aux enfants en bas \u00e2ge \u00e0 cause du risque d\u2019\u00e9touffement.<\/p>\n<p><span style=\"font-family: Liberation Sans, sans-serif;\"><u><b>Origem :<\/b><\/u> <span style=\"font-size: medium;\">Fran\u00e7a<\/span><\/span><\/p>\n<p><u><b>Poids net\u00a0:<\/b><\/u> 100g<\/p>","protected":false},"excerpt":{"rendered":"<p class=\"western\" align=\"left\">D\u00e9couvrez nos bonbons au miel et \u00e0 la propolis, id\u00e9als pour les petits maux de gorge.<\/p>\n<p class=\"western\" align=\"left\">Grands et petits appr\u00e9cieront leur fondant et leur go\u00fbt mais aussi les propri\u00e9t\u00e9s b\u00e9n\u00e9fiques du miel et de la propolis pour adoucir la gorge.<\/p>","protected":false},"featured_media":1938,"template":"","meta":[],"product_brand":[],"product_cat":[28,29],"product_tag":[],"class_list":{"0":"post-1953","1":"product","2":"type-product","3":"status-publish","4":"has-post-thumbnail","6":"product_cat-medecine-sante","7":"product_cat-alimentation","9":"first","10":"outofstock","11":"shipping-taxable","12":"purchasable","13":"product-type-simple"},"_links":{"self":[{"href":"https:\/\/1001vertus.com\/pt\/wp-json\/wp\/v2\/product\/1953","targetHints":{"allow":["GET"]}}],"collection":[{"href":"https:\/\/1001vertus.com\/pt\/wp-json\/wp\/v2\/product"}],"about":[{"href":"https:\/\/1001vertus.com\/pt\/wp-json\/wp\/v2\/types\/product"}],"wp:featuredmedia":[{"embeddable":true,"href":"https:\/\/1001vertus.com\/pt\/wp-json\/wp\/v2\/media\/1938"}],"wp:attachment":[{"href":"https:\/\/1001vertus.com\/pt\/wp-json\/wp\/v2\/media?parent=1953"}],"wp:term":[{"taxonomy":"product_brand","embeddable":true,"href":"https:\/\/1001vertus.com\/pt\/wp-json\/wp\/v2\/product_brand?post=1953"},{"taxonomy":"product_cat","embeddable":true,"href":"https:\/\/1001vertus.com\/pt\/wp-json\/wp\/v2\/product_cat?post=1953"},{"taxonomy":"product_tag","embeddable":true,"href":"https:\/\/1001vertus.com\/pt\/wp-json\/wp\/v2\/product_tag?post=1953"}],"curies":[{"name":"wp","href":"https:\/\/api.w.org\/{rel}","templated":true}]}}