{"id":17954,"date":"2023-12-02T17:11:20","date_gmt":"2023-12-02T16:11:20","guid":{"rendered":"https:\/\/1001vertus.com\/?post_type=product&#038;p=17954"},"modified":"2025-02-26T10:23:48","modified_gmt":"2025-02-26T09:23:48","slug":"tamaras-argelinas-deglet-nour","status":"publish","type":"product","link":"https:\/\/1001vertus.com\/pt\/produit\/dattes-algeriennes-deglet-nour\/","title":{"rendered":"Dattes alg\u00e9riennes deglet nour 1kg &#8211; Nadaty"},"content":{"rendered":"<p>Prove as deliciosas e requintadas t\u00e2maras deglet nour: a rainha das t\u00e2maras, que fascina os gourmets com a sua carne tenra e dourada.<\/p>\n<h2><strong>Origens e hist\u00f3ria da farinha de degelo<\/strong><\/h2>\n<p>Consid\u00e9r\u00e9e comme l&rsquo;une des meilleures vari\u00e9t\u00e9s de dattes au monde, le\u00a0<strong>nutriente de degelo<\/strong>\u00a0est issue d&rsquo;une mutation et serait originaire d&rsquo;Oued Righ. Elle serait apparue \u00e0 la fin du 13\u00e8me si\u00e8cle ou au d\u00e9but du 14\u00e8me si\u00e8cle. Plusieurs \u0153uvres et r\u00e9cits anciens soutiennent la pr\u00e9sence ancienne de ce fruit en Alg\u00e9rie, notamment Le Palmier-dattier de Pierre Munier, L&rsquo;Alg\u00e9rie\u00a0: un si\u00e8cle de colonisation fran\u00e7aise de F\u00e9lix Falck et Un voyage au pays des dattes. Selon une l\u00e9gende musulmane, son origine remonterait \u00e0 Noura, qui aurait \u00e9t\u00e9 le nom d&rsquo;une femme \u00e0 Oman.<\/p>\n<p>Toujours d&rsquo;apr\u00e8s les traditions alg\u00e9riennes, elle serait attribu\u00e9e \u00e0 Aicha Bent Tenhih, fille du c\u00e9l\u00e8bre Tenhih Moussa El Talaoui. Surnomm\u00e9e <em>Lala Noura<\/em>\u00a0en raison de sa grande beaut\u00e9. Il est important de rappeler que cette vari\u00e9t\u00e9 a \u00e9t\u00e9 s\u00e9lectionn\u00e9e d\u00e8s le 19\u00e8me et le 20\u00e8me si\u00e8cle par les colonisateurs pour l&rsquo;exportation sur le march\u00e9 europ\u00e9en, tandis que d&rsquo;autres types de palmiers \u00e9taient rel\u00e9gu\u00e9s aux vari\u00e9t\u00e9s courantes.<\/p>\n<h2><strong>La production des dattes alg\u00e9riennes deglet nour<\/strong><\/h2>\n<p>Le deglet nour est principalement cultiv\u00e9 dans la r\u00e9gion du Bas-Sahara, de part et d&rsquo;autre de la fronti\u00e8re alg\u00e9ro-tunisienne. Dans bien des endroits o\u00f9 il a \u00e9t\u00e9 introduit, le deglet nour ne donne que des r\u00e9sultats m\u00e9diocres ou tout juste satisfaisants. L&rsquo;Alg\u00e9rie, qui dispose d&rsquo;un patrimoine de plus de 18 millions de <a href=\"https:\/\/1001vertus.com\/pt\/product\/polen-de-palma-50g-fertilidade-especial\/\"><strong>palmeiras<\/strong><\/a>-produtores de t\u00e2maras. Ocupa uma boa posi\u00e7\u00e3o entre os pa\u00edses produtores e exportadores de t\u00e2maras a n\u00edvel mundial.<\/p>\n<p>Produz 630 000 toneladas de t\u00e2maras, das quais cerca de 240 000 toneladas de deglet nour em 2019.<\/p>\n<p>La Tunisie, quant \u00e0 elle, produit 110 000 tonnes de dattes avec 63% \u00e9tant du deglet nour selon les statistiques de la FAO. Ce qui sp\u00e9cifie que la Tunisie est le premier exportateur en valeur de d\u00e9glet nour mais le deuxi\u00e8me producteur derri\u00e8re l&rsquo;Alg\u00e9rie. Il existe \u00e9galement d&rsquo;autres vari\u00e9t\u00e9s similaires au d\u00e9glet nour. Comme la tifizouine et la menakher, qui sont parfois commercialis\u00e9es sous ce nom, bien qu&rsquo;elles ne poss\u00e8dent pas les m\u00eames qualit\u00e9s gustatives.<\/p>\n<ul>\n<li><strong>Deglet nour :<\/strong>\u00a0chair extra-fondante, sucre raffin\u00e9 et tr\u00e8s fine peau<\/li>\n<li><strong>Tifizouine :<\/strong>\u00a0aspeto semelhante mas menos saboroso<\/li>\n<li><strong>Menakher :<\/strong>\u00a0tr\u00e8s proche du d\u00e9glet nour en apparence, mais moins productive.<\/li>\n<\/ul>\n<h2><strong>Os benef\u00edcios nutricionais da farinha de degelo<\/strong><\/h2>\n<p>Cette dattes alg\u00e9riennes est tr\u00e8s riche en apports \u00e9nerg\u00e9tiques, avec 280 kcal pour 100 grammes. Il offre une large gamme de nutriments essentiels pour la sant\u00e9, tels que des fibres, des vitamines et des min\u00e9raux.<\/p>\n<p><strong>Eis os principais componentes nutricionais e os seus benef\u00edcios:<\/strong><\/p>\n<ul>\n<li><strong>Fibra :<\/strong>\u00a0contribuent \u00e0 la sensation de sati\u00e9t\u00e9, au bon fonctionnement du transit intestinal et \u00e0 la pr\u00e9vention des maladies cardiovasculaires.<\/li>\n<li><strong>Pot\u00e1ssio :<\/strong>\u00a0r\u00e9gule l&rsquo;\u00e9quilibre acido-basique et la pression art\u00e9rielle, favorisant ainsi la sant\u00e9 du c\u0153ur.<\/li>\n<li><strong>Magn\u00e9sium :<\/strong>\u00a0participe \u00e0 la production d&rsquo;\u00e9nergie cellulaire, \u00e0 la transmission nerveuse et \u00e0 la synth\u00e8se prot\u00e9ique.<\/li>\n<li><strong>Vitamina B6 :<\/strong>\u00a0essentielle pour le m\u00e9tabolisme des acides amin\u00e9s et la formation des globules rouges.<\/li>\n<\/ul>\n<h3><strong>Id\u00e9es gourmandes pour savourer vos dattes alg\u00e9riennes<\/strong><\/h3>\n<p>En r\u00e9sum\u00e9, le d\u00e9glet nour est non seulement un fruit savoureux mais \u00e9galement tr\u00e8s nutritif qui peut \u00eatre consomm\u00e9 de diverses mani\u00e8res :<\/p>\n<ul>\n<li><strong>Natureza :<\/strong>\u00a0para desfrutar ao m\u00e1ximo do seu sabor \u00fanico.<\/li>\n<li><strong>Combin\u00e9e avec du fromage blanc :<\/strong>\u00a0pour un dessert \u00e9quilibr\u00e9 et d\u00e9licieux.<\/li>\n<li><strong>Dans les p\u00e2tisseries orientales :<\/strong>\u00a0por exemplo, makrouts ou chifres de gazela.<\/li>\n<li><strong>Na cozinha:<\/strong>\u00a0pour agr\u00e9menter vos plats sucr\u00e9s-sal\u00e9s ou comme base pour les sauces et chutneys.<\/li>\n<\/ul>\n<p>Le d\u00e9glet nour est donc un fruit d&rsquo;une qualit\u00e9 exceptionnelle qui m\u00e9rite bien son titre de \u00ab\u00a0reine des dattes\u00a0\u00bb !<\/p>","protected":false},"excerpt":{"rendered":"<p><strong>Carater\u00edsticas :<\/strong><\/p>\n<ul>\n<li>Prestigieuse datte Deglet Nour d&rsquo;Alg\u00e9rie<\/li>\n<li>Nouvelle r\u00e9colte.<\/li>\n<li>Datas de Tolga<\/li>\n<\/ul>","protected":false},"featured_media":17955,"template":"","meta":[],"product_brand":[],"product_cat":[29,79,109,111],"product_tag":[],"class_list":{"0":"post-17954","1":"product","2":"type-product","3":"status-publish","4":"has-post-thumbnail","6":"product_cat-alimentation","7":"product_cat-bienfaits-des-dattes","8":"product_cat-dattes-nadaty","9":"product_cat-fruits-secs","11":"first","12":"outofstock","13":"shipping-taxable","14":"purchasable","15":"product-type-simple"},"_links":{"self":[{"href":"https:\/\/1001vertus.com\/pt\/wp-json\/wp\/v2\/product\/17954","targetHints":{"allow":["GET"]}}],"collection":[{"href":"https:\/\/1001vertus.com\/pt\/wp-json\/wp\/v2\/product"}],"about":[{"href":"https:\/\/1001vertus.com\/pt\/wp-json\/wp\/v2\/types\/product"}],"wp:featuredmedia":[{"embeddable":true,"href":"https:\/\/1001vertus.com\/pt\/wp-json\/wp\/v2\/media\/17955"}],"wp:attachment":[{"href":"https:\/\/1001vertus.com\/pt\/wp-json\/wp\/v2\/media?parent=17954"}],"wp:term":[{"taxonomy":"product_brand","embeddable":true,"href":"https:\/\/1001vertus.com\/pt\/wp-json\/wp\/v2\/product_brand?post=17954"},{"taxonomy":"product_cat","embeddable":true,"href":"https:\/\/1001vertus.com\/pt\/wp-json\/wp\/v2\/product_cat?post=17954"},{"taxonomy":"product_tag","embeddable":true,"href":"https:\/\/1001vertus.com\/pt\/wp-json\/wp\/v2\/product_tag?post=17954"}],"curies":[{"name":"wp","href":"https:\/\/api.w.org\/{rel}","templated":true}]}}