{"id":16682,"date":"2023-11-07T18:19:32","date_gmt":"2023-11-07T17:19:32","guid":{"rendered":"https:\/\/1001vertus.com\/?post_type=product&#038;p=16682"},"modified":"2023-12-05T20:45:54","modified_gmt":"2023-12-05T19:45:54","slug":"toalhetes-de-limpeza-almiscarados-tahara","status":"publish","type":"product","link":"https:\/\/1001vertus.com\/pt\/produit\/lingettes-nettoyantes-au-musc-tahara\/","title":{"rendered":"Lingettes nettoyantes au musc tahara &#8211; Karamat Collection"},"content":{"rendered":"<p><strong>Le <a href=\"https:\/\/1001vertus.com\/pt\/product\/almiscar-intimo-tahara\/\">Alm\u00edscar de Tahara<\/a> met vos sens en \u00e9moi ?<\/strong>\u00a0Portanto, sem mais demoras,\u00a0<strong>Prolongue o prazer com este perfume requintado.<\/strong>\u00a0En adoptant un geste rapide et pratique, agr\u00e9ment\u00e9 de ce d\u00e9lice olfactif. Il s&rsquo;agit sans nul doute\u00a0<strong>Toalhetes de limpeza almiscarados Tahara<\/strong>, qui vous accompagnent aux gr\u00e9s de vos envies. On vous pr\u00e9sente cette\u00a0<strong>petite p\u00e9pite que Karamat Collection nous signe avec prodige !<\/strong><\/p>\n<h2><strong>Lingettes nettoyantes musc Tahara : qu&rsquo;est-ce qui vous attend l\u00e0 ?\u00a0<\/strong><\/h2>\n<p>Une fois essay\u00e9, il sera assur\u00e9ment difficile de se passer de\u00a0<strong>ces petits carr\u00e9s parfum\u00e9s.<\/strong>\u00a0Estes toalhetes permitem-lhe\u00a0<strong>un nettoyage rapide, efficace et d\u00e9licat.<\/strong>\u00a0E durante todo o tempo<strong>\u00a0com o aroma sublime do alm\u00edscar de Tahara<\/strong>. Ces lingettes sont un \u00ab\u00a0must-have\u00a0\u00bb tant elles refl\u00e8tent de nombreux avantages. On vous en parle.<\/p>\n<h2><strong>Porque \u00e9 que deve comprar toalhetes de limpeza almiscarados Tahara?\u00a0<\/strong><\/h2>\n<p>Ces tissus impr\u00e9gn\u00e9s de musc Tahara vous permettent de retrouver\u00a0<strong>uma explos\u00e3o r\u00e1pida e discreta de frescura.<\/strong>\u00a0Elles vous laisseront une v\u00e9ritable sensation de propret\u00e9. Ainsi que la raffin\u00e9e et fraiche senteur qui fait l&rsquo;unanimit\u00e9.<\/p>\n<p>De facto, o alm\u00edscar de Tahara \u00e9 o\u00a0<strong>fragr\u00e2ncia essencial<\/strong>, absolument unique et d\u00e9licate. Elle met tout le monde d&rsquo;accord de fa\u00e7on incontestable.<\/p>\n<p>Outra vantagem dos toalhetes de limpeza almiscarados da Tahara \u00e9 o facto de poderem ser colocados na m\u00e3o.\u00a0<strong>ais\u00e9ment dans un sac \u00e0 main, une sacoche ou une boite \u00e0 gants<\/strong>. Ceci afin que vous puissiez en profiter ais\u00e9ment. Et \u00e0 tout moment ! Alors justement, pas la peine de prendre des gants, vous pouvez les utiliser largement comme bon vous semble d\u00e8s maintenant !<\/p>\n<h2><strong>Alors, o\u00f9 utiliser ces petits carr\u00e9s parfum\u00e9s ?<\/strong><\/h2>\n<p>Sachez pour commencer que ces lingettes sign\u00e9es Karamat Collection sont\u00a0<strong>sem \u00e1lcool e sem parabenos.<\/strong>\u00a0Et pr\u00e9sentent aussi<strong>\u00a0um pH neutro.\u00a0<\/strong>Alors forc\u00e9ment on fond ! Car oui, elles sont sans aucun danger\u00a0<strong>para o corpo e o rosto<\/strong>\u00a0E mais!<\/p>\n<p>Ainsi, vous pourrez amplement vous en servir pour vous donner un petit coup de frais o\u00f9 vous le souhaitez.\u00a0 Tout comme pour\u00a0<strong>vous d\u00e9maquiller.<\/strong>\u00a0S\u00f3 deixar\u00e3o\u00a0<strong>brillance et douceur \u00e0 votre \u00e9piderme<\/strong>. Mais soyez pr\u00eats. C&rsquo;est loin d&rsquo;\u00eatre les seules utilisations de ces petites merveilles !<\/p>\n<h2><strong>Pour votre int\u00e9rieur elles feront aussi votre bonheur !<\/strong><\/h2>\n<p>Quer se trate de uma quest\u00e3o de\u00a0<strong>m\u00f3veis em sua casa,<\/strong>\u00a0ou para dar\u00a0<strong>de<\/strong>\u00a0<strong>la fraicheur \u00e0 votre v\u00e9hicule avant un trajet<\/strong>, ces lingettes seront aussi parfaites ! Eh oui ! Vous l&rsquo;aurez compris. Ces petits carr\u00e9s \u00e0 l&rsquo;odeur sublime sauront\u00a0<strong>cuide da sua pele e de todos os apoios de que necessita tamb\u00e9m.\u00a0<\/strong><\/p>\n<p>Por isso, est\u00e1 na altura de experimentar o toalhete de limpeza almiscarado Tahara. E desfrute de uma fragr\u00e2ncia incr\u00edvel no seu corpo ou na sua mesa de caf\u00e9!<\/p>\n<h3><strong>Escolher os toalhetes de limpeza almiscarados da cole\u00e7\u00e3o Tahara Karamat<\/strong><\/h3>\n<p>N\u00e3o h\u00e1 d\u00favida de que o objetivo aqui \u00e9 oferecer-lhe\u00a0<strong>un produit in\u00e9dit \u00e0 l&rsquo;odeur unique, et aux usages inou\u00efs.<\/strong>\u00a0Mas tamb\u00e9m\u00a0<strong>d&rsquo;une grande qualit\u00e9<\/strong>\u00a0tout aussi. Ces petites lingettes sauront vous accompagner partout o\u00f9 vous le souhaitez et ceci en toute s\u00e9r\u00e9nit\u00e9.<\/p>\n<p>\u00c9 isso mesmo,\u00a0<strong>fort de son savoir-faire et de la qualit\u00e9 renomm\u00e9e de ses produits, Karamat Collection<\/strong>\u00a0nous sert encore une fois ici un produit d&rsquo;exception, in\u00e9dit, rassurant et \u00e0 l&rsquo;odeur sublime. Alors, forc\u00e9ment, votre boutique 1001 vertus, sp\u00e9cialistes en produit de qualit\u00e9, ne pouvait manquer l\u2019occasion de vous les proposer. Retrouvez-les donc ici sans plus tarder.<\/p>","protected":false},"excerpt":{"rendered":"<p><strong>Carater\u00edsticas :<\/strong><\/p>\n<ul>\n<li>Cont\u00e9m 15 toalhetes<\/li>\n<li>Sem \u00e1lcool<\/li>\n<li>Sem parabenos<\/li>\n<li>Id\u00e9al pour nettoyer la peau, la maison et voiture.<\/li>\n<\/ul>","protected":false},"featured_media":16683,"template":"","meta":[],"product_brand":[],"product_cat":[27],"product_tag":[],"class_list":{"0":"post-16682","1":"product","2":"type-product","3":"status-publish","4":"has-post-thumbnail","6":"product_cat-bien-etre","8":"first","9":"outofstock","10":"shipping-taxable","11":"purchasable","12":"product-type-simple"},"_links":{"self":[{"href":"https:\/\/1001vertus.com\/pt\/wp-json\/wp\/v2\/product\/16682","targetHints":{"allow":["GET"]}}],"collection":[{"href":"https:\/\/1001vertus.com\/pt\/wp-json\/wp\/v2\/product"}],"about":[{"href":"https:\/\/1001vertus.com\/pt\/wp-json\/wp\/v2\/types\/product"}],"wp:featuredmedia":[{"embeddable":true,"href":"https:\/\/1001vertus.com\/pt\/wp-json\/wp\/v2\/media\/16683"}],"wp:attachment":[{"href":"https:\/\/1001vertus.com\/pt\/wp-json\/wp\/v2\/media?parent=16682"}],"wp:term":[{"taxonomy":"product_brand","embeddable":true,"href":"https:\/\/1001vertus.com\/pt\/wp-json\/wp\/v2\/product_brand?post=16682"},{"taxonomy":"product_cat","embeddable":true,"href":"https:\/\/1001vertus.com\/pt\/wp-json\/wp\/v2\/product_cat?post=16682"},{"taxonomy":"product_tag","embeddable":true,"href":"https:\/\/1001vertus.com\/pt\/wp-json\/wp\/v2\/product_tag?post=16682"}],"curies":[{"name":"wp","href":"https:\/\/api.w.org\/{rel}","templated":true}]}}