{"id":15795,"date":"2023-10-11T08:45:23","date_gmt":"2023-10-11T07:45:23","guid":{"rendered":"https:\/\/1001vertus.com\/?post_type=product&#038;p=15795"},"modified":"2024-04-21T13:38:53","modified_gmt":"2024-04-21T12:38:53","slug":"desodorizante-de-citrinos-e-cominhos-pretos","status":"publish","type":"product","link":"https:\/\/1001vertus.com\/pt\/produit\/deodorant-agrumes-et-nigelle\/","title":{"rendered":"D\u00e9odorant agrumes et \u00e0 l&rsquo;huile de nigelle 50g &#8211; Exode"},"content":{"rendered":"<p><strong>Ingredientes:<\/strong><\/p>\n<ul>\n<li>\u00d3leo de cominho preto: Elimina as bact\u00e9rias respons\u00e1veis pelos odores desagrad\u00e1veis e regenera a pele<\/li>\n<li>\u00d3leo de coco: nutre profundamente a pele e restaura a sua elasticidade<\/li>\n<li>Amido de milho: absorve a humidade e deixa a pele sedosaBicarbonato de s\u00f3dio: absorve os odores e limita o excesso de sebo<\/li>\n<li>Cera de abelha biol\u00f3gica: aplica uma pel\u00edcula protetora \u00e0 pele e suaviza-a<\/li>\n<li>Huiles essentielles de bergamote et de mandarine verte :\u00a0Notes acidul\u00e9es de citrus et d\u2019agrumes<\/li>\n<li>Lista INCI: \u00d3LEO DE COCOS NUCIFERA*, AMIDO DE ZEA MAYS*, BICARBONATO DE S\u00d3DIO, CERA ALBA*, \u00d3LEO DE SEMENTES DE NIGELLA SATIVA*, \u00d3LEO DE CASCA DE CITRUS RETICULATA, \u00d3LEO DE CASCA DE CITRUS AURANTIUM BERGAMIA, CITRAL, CITRONNELLOL, GERANIOL**, LIMONENE**, LINALOOL**<\/li>\n<li>*Ingredientes de agricultura biol\u00f3gica<\/li>\n<li>**Allerg\u00e8ne naturellement pr\u00e9sent dans les huiles essentielles<\/li>\n<\/ul>","protected":false},"excerpt":{"rendered":"<p><strong>Carater\u00edsticas :<\/strong><\/p>\n<ul>\n<li>1 desodorizante dura 3 meses<\/li>\n<li>100% de origem natural<\/li>\n<li>Classificado Yuka 100\/100<\/li>\n<li>Org\u00e2nico certificado<\/li>\n<\/ul>","protected":false},"featured_media":15792,"template":"","meta":[],"product_brand":[],"product_cat":[103],"product_tag":[],"class_list":{"0":"post-15795","1":"product","2":"type-product","3":"status-publish","4":"has-post-thumbnail","6":"product_cat-deodorant-naturel","8":"first","9":"outofstock","10":"shipping-taxable","11":"purchasable","12":"product-type-simple"},"_links":{"self":[{"href":"https:\/\/1001vertus.com\/pt\/wp-json\/wp\/v2\/product\/15795","targetHints":{"allow":["GET"]}}],"collection":[{"href":"https:\/\/1001vertus.com\/pt\/wp-json\/wp\/v2\/product"}],"about":[{"href":"https:\/\/1001vertus.com\/pt\/wp-json\/wp\/v2\/types\/product"}],"wp:featuredmedia":[{"embeddable":true,"href":"https:\/\/1001vertus.com\/pt\/wp-json\/wp\/v2\/media\/15792"}],"wp:attachment":[{"href":"https:\/\/1001vertus.com\/pt\/wp-json\/wp\/v2\/media?parent=15795"}],"wp:term":[{"taxonomy":"product_brand","embeddable":true,"href":"https:\/\/1001vertus.com\/pt\/wp-json\/wp\/v2\/product_brand?post=15795"},{"taxonomy":"product_cat","embeddable":true,"href":"https:\/\/1001vertus.com\/pt\/wp-json\/wp\/v2\/product_cat?post=15795"},{"taxonomy":"product_tag","embeddable":true,"href":"https:\/\/1001vertus.com\/pt\/wp-json\/wp\/v2\/product_tag?post=15795"}],"curies":[{"name":"wp","href":"https:\/\/api.w.org\/{rel}","templated":true}]}}