{"id":15790,"date":"2023-10-11T08:44:44","date_gmt":"2023-10-11T07:44:44","guid":{"rendered":"https:\/\/1001vertus.com\/?post_type=product&#038;p=15790"},"modified":"2024-01-04T20:36:42","modified_gmt":"2024-01-04T19:36:42","slug":"desodorizante-com-almiscar-e-oleo-de-cominho-preto","status":"publish","type":"product","link":"https:\/\/1001vertus.com\/pt\/produit\/deodorant-au-musc-et-a-lhuile-de-nigelle\/","title":{"rendered":"Desodorizante com alm\u00edscar e \u00f3leo de cominho preto 50g - Exode"},"content":{"rendered":"<p><strong>Ingredientes:<\/strong><\/p>\n<ul>\n<li>\u00d3leo de cominho preto: Elimina as bact\u00e9rias respons\u00e1veis pelos odores desagrad\u00e1veis e regenera a pele<\/li>\n<li>\u00d3leo de coco: nutre profundamente a pele e restaura a sua elasticidade<\/li>\n<li>Amido de milho: absorve a humidade e deixa a pele sedosaBicarbonato de s\u00f3dio: absorve os odores e limita o excesso de sebo<\/li>\n<li>Cera de abelha biol\u00f3gica: aplica uma pel\u00edcula protetora \u00e0 pele e suaviza-a<\/li>\n<li>Fragrance naturelle de musc : Notes l\u00e9g\u00e8res et florales de musc<\/li>\n<li>Lista INCI :\u00d3LEO DE COCOS NUCIFERA*, AMIDO DE ZEA MAYS*, BICARBONATO DE S\u00d3DIO, CERA ALBA*, \u00d3LEO DE SEMENTES DE NIGELLA SATIVA*, PARFUM<\/li>\n<\/ul>","protected":false},"excerpt":{"rendered":"<p><strong>Carater\u00edsticas :<\/strong><\/p>\n<ul>\n<li>1 desodorizante dura 3 meses<\/li>\n<li>100% de origem natural<\/li>\n<li>Classificado Yuka 100\/100<\/li>\n<li>Org\u00e2nico certificado<\/li>\n<\/ul>","protected":false},"featured_media":15793,"template":"","meta":[],"product_brand":[],"product_cat":[103],"product_tag":[],"class_list":{"0":"post-15790","1":"product","2":"type-product","3":"status-publish","4":"has-post-thumbnail","6":"product_cat-deodorant-naturel","8":"first","9":"outofstock","10":"shipping-taxable","11":"purchasable","12":"product-type-simple"},"_links":{"self":[{"href":"https:\/\/1001vertus.com\/pt\/wp-json\/wp\/v2\/product\/15790","targetHints":{"allow":["GET"]}}],"collection":[{"href":"https:\/\/1001vertus.com\/pt\/wp-json\/wp\/v2\/product"}],"about":[{"href":"https:\/\/1001vertus.com\/pt\/wp-json\/wp\/v2\/types\/product"}],"wp:featuredmedia":[{"embeddable":true,"href":"https:\/\/1001vertus.com\/pt\/wp-json\/wp\/v2\/media\/15793"}],"wp:attachment":[{"href":"https:\/\/1001vertus.com\/pt\/wp-json\/wp\/v2\/media?parent=15790"}],"wp:term":[{"taxonomy":"product_brand","embeddable":true,"href":"https:\/\/1001vertus.com\/pt\/wp-json\/wp\/v2\/product_brand?post=15790"},{"taxonomy":"product_cat","embeddable":true,"href":"https:\/\/1001vertus.com\/pt\/wp-json\/wp\/v2\/product_cat?post=15790"},{"taxonomy":"product_tag","embeddable":true,"href":"https:\/\/1001vertus.com\/pt\/wp-json\/wp\/v2\/product_tag?post=15790"}],"curies":[{"name":"wp","href":"https:\/\/api.w.org\/{rel}","templated":true}]}}