{"id":1518,"date":"2019-05-27T18:38:29","date_gmt":"2019-05-27T17:38:29","guid":{"rendered":"https:\/\/1001vertus.com\/?post_type=product&#038;p=1518"},"modified":"2026-03-05T11:15:14","modified_gmt":"2026-03-05T10:15:14","slug":"roll-on-anti-olheiras","status":"publish","type":"product","link":"https:\/\/1001vertus.com\/pt\/produit\/roll-on-anti-cernes\/","title":{"rendered":"Roll-on anti-olheiras"},"content":{"rendered":"<p>Les cernes sont des ennemis redoutables pour la beaut\u00e9 du regard, notamment lorsqu&rsquo;ils deviennent chroniques. Loin d&rsquo;\u00eatre anodins, ils peuvent r\u00e9v\u00e9ler des signes de fatigue, un mauvais drainage lymphatique ou encore une mauvaise circulation sanguine. Pour les att\u00e9nuer et retrouver un regard p\u00e9tillant, rien de tel que l&rsquo;utilisation d&rsquo;un\u00a0<strong>roll-on anti-olheiras<\/strong>\u00a0naturel pr\u00e9par\u00e9 \u00e0 la maison. Dans cet article, d\u00e9couvrez comment r\u00e9aliser votre soin \u00ab\u00a0fait maison\u00a0\u00bb en quelques \u00e9tapes simples.<\/p>\n<h2><strong>Pourquoi choisir un roll-on pour att\u00e9nuer les cernes ?<\/strong><\/h2>\n<p>O formato\u00a0<strong>roll-on<\/strong>\u00a0pr\u00e9sente plusieurs avantages pour lutter contre les cernes :<\/p>\n<ul>\n<li>A\u00a0<strong>estalar de dedos<\/strong>\u00a0gr\u00e2ce \u00e0 sa bille qui stimule la microcirculation cutan\u00e9e.<\/li>\n<li>Une application pr\u00e9cise et sans gaspillage.<\/li>\n<li>La possibilit\u00e9 de transporter facilement le produit in a make-up pouch or even a pocket for touch-ups throughout the day. Un format pratique \u00e0 glisser dans une trousse \u00e0 maquillage ou m\u00eame dans une poche pour des retouches tout au long de la journ\u00e9e.<\/li>\n<li>Une conservation optimale et hygi\u00e9nique du produit, \u00e0 l&rsquo;abri de l&rsquo;air et de la lumi\u00e8re.<\/li>\n<\/ul>\n<h2><strong>Quels ingr\u00e9dients pour un roll-on anti-cernes naturel ?<\/strong><\/h2>\n<p>Notre roll-on est compos\u00e9 d\u2019huile de calophylle et d\u2019huile d\u2019amandes douces BIO. Chacune de ces huiles a des bienfaits pour vos yeux, la synergie des deux est tout simplement \u00e9patante.<\/p>\n<ul>\n<li><em>\u00d3leo de Calophylla :<\/em><\/li>\n<\/ul>\n<p>Cette huile est le produit naturel id\u00e9al contre les cernes et les traces de fatigue. Protectrice et cicatrisante, elle favorise la circulation. Ses actifs anti-infectieux emp\u00eache l\u2019apparition de rougeurs. Elle vous donnera meilleure mine, vous para\u00eetrez moins fatigu\u00e9 et vos yeux seront moins bouffis.<\/p>\n<ul>\n<li><em>\u00d3leo de am\u00eandoas doces :\u00a0<\/em><\/li>\n<\/ul>\n<p>Comme son nom l\u2019indique, cette huile est reconnue pour sa douceur et ses vertus apaisantes. Elle servira \u00e0 hydrater le pourtour de votre \u0153il en d\u00e9licatesse. Cette derni\u00e8re convient aussi aux peaux sensibles.<\/p>\n<p>Pour r\u00e9aliser un roll-on anti-cernes efficace et naturel, il faut miser sur des\u00a0<strong>ingr\u00e9dients<\/strong>\u00a0sp\u00e9cifiques ayant une synergie compl\u00e9mentaire.<\/p>\n<h3><strong>Hidrolato de cent\u00e1urea e \u00e1gua floral de camomila romana<\/strong><\/h3>\n<p>Ces deux eaux florales sont r\u00e9put\u00e9es pour leur action apaisante sur les yeux. L&rsquo;<strong>hidrossol de cent\u00e1urea<\/strong>\u00a0poss\u00e8de des vertus d\u00e9congestionnantes qui pr\u00e9viennent l&rsquo;apparition des cernes et att\u00e9nuent la fatigue oculaire. Quant \u00e0 l&rsquo;<strong>\u00c1gua floral de camomila romana<\/strong>, elle est reconnue pour ses propri\u00e9t\u00e9s calmantes et anti-inflammatoires qui contribuent \u00e0 diminuer les signes de fatigue du\u00a0<strong>olhar<\/strong>.<\/p>\n<h3><strong>Un trio d&rsquo;huiles v\u00e9g\u00e9tales<\/strong><\/h3>\n<p>Pour renforcer l&rsquo;action de ces eaux florales, il convient d&rsquo;ajouter un m\u00e9lange d&rsquo;huiles v\u00e9g\u00e9tales aux propri\u00e9t\u00e9s revitalisantes et raffermissantes pour la peau du contour des\u00a0<strong>olhos<\/strong>. Voici trois huiles id\u00e9ales :<\/p>\n<ul>\n<li>Le mac\u00e9r\u00e2t de bellis : cette huile stimule la circulation sanguine, diminue les gonflements et att\u00e9nue les poches sous les yeux.<\/li>\n<li>L&rsquo;huile d&rsquo;avocat : tr\u00e8s riche en acides gras essentiels et vitamines A et E, cette huile nourrit, r\u00e9g\u00e9n\u00e8re et fortifie la peau.<\/li>\n<li>L&rsquo;huile de p\u00e9pins de raisin\u00a0: riche en om\u00e9ga-6 et polyph\u00e9nols, elle poss\u00e8de des vertus r\u00e9g\u00e9n\u00e9rantes et protectrices.<\/li>\n<\/ul>\n<h3><strong>Des huiles essentielles sp\u00e9cifiques pour lutter contre les cernes<\/strong><\/h3>\n<p>A adi\u00e7\u00e3o de\u2019<strong>\u00f3leos essenciais<\/strong>\u00a0adapt\u00e9es renforce l&rsquo;action du roll-on anti-cernes. En voici quelques exemples :<\/p>\n<ul>\n<li>L&rsquo;h\u00e9lichryse italienne : connue pour ses propri\u00e9t\u00e9s circulatoires et d\u00e9congestionnantes, elle am\u00e9liore la circulation sanguine au niveau des capillaires.<\/li>\n<li>Le cypr\u00e8s : r\u00e9put\u00e9 pour son action drainante et d\u00e9congestionnante sur le syst\u00e8me lymphatique, il contribue a avoir un regard moins marqu\u00e9 par les cernes.<\/li>\n<li>Le g\u00e9ranium rosat : son effet anti-inflammatoire aide \u00e0 r\u00e9duire les poches sous les yeux.<\/li>\n<\/ul>\n<h2><strong>Comment r\u00e9aliser votre roll-on anti-cernes maison ?<\/strong><\/h2>\n<p>Pour pr\u00e9parer votre propre roll-on anti-cernes naturel \u00e0 la maison, suivez ces \u00e9tapes simples :<\/p>\n<ol>\n<li>M\u00e9langez le mac\u00e9r\u00e2t de bellis avec <a href=\"https:\/\/1001vertus.com\/pt\/product\/oleo-de-davocate-biologico\/\"><strong>\u00f3leo de abacate<\/strong><\/a> e <strong>l&rsquo;huile de p\u00e9pins de raisin<\/strong> numa tigela pequena (1 parte de cada).<\/li>\n<li>Incorporez-y les huiles essentielles choisies (en respectant la dose recommand\u00e9e, g\u00e9n\u00e9ralement une goutte de chaque).<\/li>\n<li>Ajoutez progressivement 4 parts mix of bleuets et camomille romaine, puis m\u00e9langez jusqu&rsquo;\u00e0 ce composer s\u00e9rum homog\u00e8ne.<\/li>\n<li>Transf\u00e9rez le m\u00e9lange obtenu with a roll-on container or your choice best taste, veillez \u00e0 laisser un espace at the slightly helium to properly bondir and fermong du bouchon avec la bille.<\/li>\n<li style=\"list-style-type: none;\"><\/li>\n<\/ol>\n<h2><strong>Conservation, co\u00fbt et utilisation : astuces pour profiter au mieux de votre roll-on anti-cernes maison<\/strong><\/h2>\n<p>Pour une conservation optimale de votre roll-on anti-cernes naturel, il est recommand\u00e9 debayage aviter des vaccins dans les conditions who better sit in pills or less :<\/p>\n<ul>\n<li>Gardez-le \u00e0 l&rsquo;abri de la lumi\u00e8re et de la chaleur (dans un placard ou un tiroir).<\/li>\n<li>Utilisez-le dans un d\u00e9lai d&rsquo;environ trois mois apr\u00e8s sa pr\u00e9paration.<\/li>\n<li>Nettoyez r\u00e9guli\u00e8rement le goulot du flacon pour \u00e9viter la contamination par les bact\u00e9ries.<\/li>\n<\/ul>\n<p>Relativamente ao\u00a0<strong>co\u00fbt<\/strong>, vous \u00e9conomiserez sur l&rsquo;achat d&rsquo;un produit commercial tout en ayant la satisfaction de r\u00e9aliser soi-m\u00eame son soin. Pour une\u00a0<strong>utiliza\u00e7\u00e3o<\/strong>\u00a0quotidienne, il suffit de faire rouler la bille du roll-on sur le contour des yeux, matin et soir, apr\u00e8s avoir nettoy\u00e9 votre peau. Pensez aussi au geste fra\u00eecheur : conserver votre roll-on au r\u00e9frig\u00e9rateur accentuera ses effets d\u00e9congestionnants. N&rsquo;h\u00e9sitez plus et lancez-vous dans la r\u00e9alisation de votre roll-on anti-cernes maison pour un regard radieux et lumineux !<\/p>\n<p><u><strong>Types de peaux\u00a0:<\/strong><\/u><\/p>\n<p>Convient \u00e0 tous les types de peaux m\u00eame les plus sensibles.<\/p>\n<p><u><strong>Conseils d&rsquo;utilisation\u00a0:<\/strong><\/u><\/p>\n<p>Agitar bem o frasco antes de cada utiliza\u00e7\u00e3o e aplicar o roll-on anti-olheiras na pele limpa e seca, com movimentos circulares. Utilizar de manh\u00e3 e \u00e0 noite.<\/p>\n<p>Vous pouvez conserver votre roll-on au r\u00e9fig\u00e9rateur pour plus d&rsquo;efficacit\u00e9.<\/p>\n<p><u><strong>Ingredientes INCI :<\/strong><\/u><\/p>\n<p>Calophyllum inophyllum (\u00f3leo de calofila)<\/p>\n<p>Prunus amygdalus dulcis oil (huile vierge d\u2019amande douce)<\/p>\n<p><u><strong>Origem :<\/strong><\/u><\/p>\n<p>\u00cdndia.<\/p>\n<p>Espanha e It\u00e1lia.<\/p>\n<p><u><strong>Capacidade :<\/strong><\/u>\u00a010ml<\/p>","protected":false},"excerpt":{"rendered":"<p>Vous avez des cernes sous les yeux\u00a0? Les yeux fatigu\u00e9s\u00a0? Ou m\u00eame des poches sous les yeux\u00a0?<\/p>\n<p>Experimente o nosso roll-on anti-olheiras!<\/p>\n<p>Esta mistura de \u00f3leo de calofila e de \u00f3leo de am\u00eandoas doces BIO reduz o aparecimento de olheiras e os sinais de fadiga.<\/p>\n<p>Ter\u00e1 uma melhor apar\u00eancia, sentir-se-\u00e1 menos cansada e os seus olhos ficar\u00e3o menos inchados.<\/p>","protected":false},"featured_media":1535,"template":"","meta":[],"product_brand":[],"product_cat":[27],"product_tag":[],"class_list":{"0":"post-1518","1":"product","2":"type-product","3":"status-publish","4":"has-post-thumbnail","6":"product_cat-bien-etre","8":"first","9":"instock","10":"shipping-taxable","11":"purchasable","12":"product-type-simple"},"_links":{"self":[{"href":"https:\/\/1001vertus.com\/pt\/wp-json\/wp\/v2\/product\/1518","targetHints":{"allow":["GET"]}}],"collection":[{"href":"https:\/\/1001vertus.com\/pt\/wp-json\/wp\/v2\/product"}],"about":[{"href":"https:\/\/1001vertus.com\/pt\/wp-json\/wp\/v2\/types\/product"}],"wp:featuredmedia":[{"embeddable":true,"href":"https:\/\/1001vertus.com\/pt\/wp-json\/wp\/v2\/media\/1535"}],"wp:attachment":[{"href":"https:\/\/1001vertus.com\/pt\/wp-json\/wp\/v2\/media?parent=1518"}],"wp:term":[{"taxonomy":"product_brand","embeddable":true,"href":"https:\/\/1001vertus.com\/pt\/wp-json\/wp\/v2\/product_brand?post=1518"},{"taxonomy":"product_cat","embeddable":true,"href":"https:\/\/1001vertus.com\/pt\/wp-json\/wp\/v2\/product_cat?post=1518"},{"taxonomy":"product_tag","embeddable":true,"href":"https:\/\/1001vertus.com\/pt\/wp-json\/wp\/v2\/product_tag?post=1518"}],"curies":[{"name":"wp","href":"https:\/\/api.w.org\/{rel}","templated":true}]}}