{"id":14822,"date":"2023-09-18T09:55:43","date_gmt":"2023-09-18T08:55:43","guid":{"rendered":"https:\/\/1001vertus.com\/?post_type=product&#038;p=14822"},"modified":"2023-11-14T22:10:29","modified_gmt":"2023-11-14T21:10:29","slug":"azeite-da-cabilia","status":"publish","type":"product","link":"https:\/\/1001vertus.com\/pt\/produit\/huile-dolive-de-kabylie\/","title":{"rendered":"Huile d\u2019olive de Kabylie &#8211; 500ml"},"content":{"rendered":"<p>Com a sua<strong>\u00a0go\u00fbt inimitable reconnu dans le monde entier,<\/strong>\u00a0<strong>l&rsquo;huile d&rsquo;olive de Kabylie tient donc une place de favorite amplement m\u00e9rit\u00e9e.<\/strong>\u00a0En effet, son ar\u00f4me est incomparable autant que ses bienfaits. Et en font \u00ab\u00a0un must have\u00a0\u00bb de nos placards sans h\u00e9siter. On vous la pr\u00e9sente donc sans plus tarder.<\/p>\n<h2><strong>Huile d\u2019olive de Kabylie : la pleine saveur du fruit<\/strong><\/h2>\n<p>Depuis des si\u00e8cles, la r\u00e9gion de la Kabylie, situ\u00e9e dans le nord de l&rsquo;Alg\u00e9rie nous sert\u00a0<strong>une huile d&rsquo;olive d&rsquo;une qualit\u00e9 inou\u00efe.<\/strong>\u00a0Inclui<strong>\u00a0une saveur intense d&rsquo;olive qui offre \u00e0 notre palais une douceur ensoleill\u00e9e in\u00e9dite.<\/strong>\u00a0Un go\u00fbt succulent tout en raffinement que vous pourrez ajouter \u00e0 vos plats ou d\u00e9guster seul comme bon vous semble. Car\u00a0<strong>l&rsquo;huile de Kabylie c&rsquo;est, certes une saveur exquise, mais un concentr\u00e9 de bienfaits tout aussi.\u00a0<\/strong><\/p>\n<h2><strong>Faire le choix de l&rsquo;huile d\u2019olive de Kabylie<\/strong><\/h2>\n<p>Pour le bien \u00eatre de votre corps dans sa globalit\u00e9, faire le choix l&rsquo;huile d&rsquo;olive est intelligent, sans h\u00e9siter.<\/p>\n<p>En effet, cette huile d&rsquo;Alg\u00e9rie renferme depuis des si\u00e8cles des vertus sans pareil. De plus, si elle r\u00e9v\u00e8le une qualit\u00e9 premi\u00e8re comme telle, c&rsquo;est notamment puisqu&rsquo;elle<strong>\u00a0se compose de fruits scrupuleusement s\u00e9lectionn\u00e9s.<\/strong>\u00a0Bem como<strong>une production au savoir-faire ancestral renomm\u00e9.\u00a0<\/strong><\/p>\n<p>Em poucas palavras, escolher esta pequena maravilha numa garrafa significa que pode ter a certeza de<strong>\u00a0qualit\u00e9, go\u00fbt et intensit\u00e9, en plus de bons apports pour votre sant\u00e9.\u00a0<\/strong><\/p>\n<h3><strong>La s\u00e9lection d&rsquo;huiles de 1001 vertus c&rsquo;est aussi<\/strong><\/h3>\n<p>Si vous souhaitez compl\u00e9tez votre panoplie, avec l&rsquo;huile de Kabylie 500ml, savourez aussi nos autres huiles tout aussi soigneusement choisies pour leur qualit\u00e9 aussi bien nutritives que gustatives.<\/p>\n<p>En effet, dans notre s\u00e9lection,\u00a0<strong>vous appr\u00e9cierez aussi le savoir-faire et la qualit\u00e9 de <a href=\"https:\/\/1001vertus.com\/pt\/product\/azeite-marroquino\/\">Azeite marroquino<\/a>, tout aussi renomm\u00e9e.<\/strong>\u00a0Un go\u00fbt \u00e9galement intense et savoureux, que vous trouverez\u00a0<strong>dans notre cat\u00e9gorie d\u00e9di\u00e9e \u00e0 ces huiles pr\u00e9cieuses.\u00a0<\/strong><\/p>","protected":false},"excerpt":{"rendered":"<p>Com a sua<strong>\u00a0go\u00fbt inimitable reconnu dans le monde entier,<\/strong>\u00a0<strong>l&rsquo;huile d&rsquo;olive de Kabylie tient donc une place de favorite amplement m\u00e9rit\u00e9e.<\/strong><\/p>\n<p>En effet, son ar\u00f4me est incomparable autant que ses bienfaits. Et en font \u00ab\u00a0un must have\u00a0\u00bb de nos placards sans h\u00e9siter. On vous la pr\u00e9sente donc sans plus tarder.<\/p>","protected":false},"featured_media":14826,"template":"","meta":[],"product_brand":[],"product_cat":[29,97],"product_tag":[],"class_list":{"0":"post-14822","1":"product","2":"type-product","3":"status-publish","4":"has-post-thumbnail","6":"product_cat-alimentation","7":"product_cat-huile-dolive","9":"first","10":"outofstock","11":"shipping-taxable","12":"purchasable","13":"product-type-simple"},"_links":{"self":[{"href":"https:\/\/1001vertus.com\/pt\/wp-json\/wp\/v2\/product\/14822","targetHints":{"allow":["GET"]}}],"collection":[{"href":"https:\/\/1001vertus.com\/pt\/wp-json\/wp\/v2\/product"}],"about":[{"href":"https:\/\/1001vertus.com\/pt\/wp-json\/wp\/v2\/types\/product"}],"wp:featuredmedia":[{"embeddable":true,"href":"https:\/\/1001vertus.com\/pt\/wp-json\/wp\/v2\/media\/14826"}],"wp:attachment":[{"href":"https:\/\/1001vertus.com\/pt\/wp-json\/wp\/v2\/media?parent=14822"}],"wp:term":[{"taxonomy":"product_brand","embeddable":true,"href":"https:\/\/1001vertus.com\/pt\/wp-json\/wp\/v2\/product_brand?post=14822"},{"taxonomy":"product_cat","embeddable":true,"href":"https:\/\/1001vertus.com\/pt\/wp-json\/wp\/v2\/product_cat?post=14822"},{"taxonomy":"product_tag","embeddable":true,"href":"https:\/\/1001vertus.com\/pt\/wp-json\/wp\/v2\/product_tag?post=14822"}],"curies":[{"name":"wp","href":"https:\/\/api.w.org\/{rel}","templated":true}]}}