{"id":13839,"date":"2023-08-26T13:42:34","date_gmt":"2023-08-26T12:42:34","guid":{"rendered":"https:\/\/1001vertus.com\/?post_type=product&#038;p=13839"},"modified":"2026-02-24T21:37:56","modified_gmt":"2026-02-24T20:37:56","slug":"sabao-nila","status":"publish","type":"product","link":"https:\/\/1001vertus.com\/pt\/produit\/savon-nila\/","title":{"rendered":"Sabonete artesanal nila - 100g"},"content":{"rendered":"<p>L&rsquo;utilisation de produits naturels pour prendre soin de sa peau est devenue une tendance incontournable ces derni\u00e8res ann\u00e9es. Le savon nila, originaire d&rsquo;Afrique du Nord, fait partie de ces produits aux vertus incroyables. Pourquoi choisir ce savon et o\u00f9 se procurer du savon nila\u00a0? La r\u00e9ponse avec 1001vertus.com.<\/p>\n<h2><strong>Le savon nila\u00a0: un savon traditionnel aux multiples vertus<\/strong><\/h2>\n<p>Le savon nila est fabriqu\u00e9 \u00e0 partir d&rsquo;ingr\u00e9dients 100% naturels tels que l&rsquo;huile d&rsquo;olive et l&rsquo;eau de rose. Il est reconnu pour ses propri\u00e9t\u00e9s hydratantes, nourrissantes et purifiantes. Gr\u00e2ce \u00e0 sa composition riche en antioxydants, il permet \u00e9galement de lutter contre les signes du vieillissement cutan\u00e9.<\/p>\n<ul>\n<li><strong>Hidrata\u00e7\u00e3o e nutri\u00e7\u00e3o<\/strong><\/li>\n<\/ul>\n<p>L'<strong>azeite<\/strong> pr\u00e9sente dans ce savon naturel bleu offre une hydratation intense \u00e0 la peau tout en la nourrissant gr\u00e2ce \u00e0 sa teneur en vitamines A, D, E et K. Cette huile v\u00e9g\u00e9tale est \u00e9galement connue pour sa capacit\u00e9 \u00e0 <strong><a href=\"https:\/\/1001vertus.com\/pt\/2023\/08\/23\/esfoliante-de-acucar\/\">p\u00e9n\u00e9trer rapidement dans l&rsquo;\u00e9piderme<\/a><\/strong>. Ce qui rend le savon bleu \u00e9claircissant id\u00e9al pour toutes les peaux, m\u00eame les plus sensibles.<\/p>\n<ul>\n<li><strong>Purification et \u00e9limination des impuret\u00e9s<\/strong><\/li>\n<\/ul>\n<p>L'<a href=\"https:\/\/1001vertus.com\/pt\/product\/agua-de-rosas-de-damasco-biologica\/\"><strong>\u00e1gua de rosas<\/strong><\/a>, autre ingr\u00e9dient phare du savon nila, poss\u00e8de des propri\u00e9t\u00e9s astringentes et antiseptiques qui permettent de purifier la peau et d&rsquo;\u00e9liminer les impuret\u00e9s. Elle est \u00e9galement r\u00e9put\u00e9e pour apaiser les rougeurs et les irritations cutan\u00e9es, ce qui fait du savon nila un alli\u00e9 pr\u00e9cieux pour les peaux sujettes aux imperfections ou \u00e0 l&rsquo;acn\u00e9.<\/p>\n<ul>\n<li><strong>Antioxydants et lutte contre le vieillissement cutan\u00e9<\/strong><\/li>\n<\/ul>\n<p>Le savon bleu est riche en antioxydants naturels qui aident \u00e0 neutraliser les radicaux libres responsables du vieillissement pr\u00e9matur\u00e9 de la peau. Ces antioxydants contribuent \u00e9galement \u00e0 renforcer la barri\u00e8re cutan\u00e9e et \u00e0 pr\u00e9server l&rsquo;\u00e9lasticit\u00e9 de l&rsquo;\u00e9piderme. Ainsi, il aide \u00e0 maintenir une peau jeune et \u00e9clatante.<\/p>\n<h2><strong>Comment utiliser le savon nila\u00a0?<\/strong><\/h2>\n<p>Il peut \u00eatre utilis\u00e9 quotidiennement pour nettoyer et prendre soin de la peau du visage et du corps :<\/p>\n<ol>\n<li><strong>Mouillez votre peau avec de l&rsquo;eau ti\u00e8de<\/strong>\u00a0para abrir os poros e facilitar a a\u00e7\u00e3o do sab\u00e3o.<\/li>\n<li><strong>Esfregar o<\/strong><strong>\u00a0nas vossas m\u00e3os<\/strong> jusqu&rsquo;\u00e0 obtenir une mousse onctueuse. Appliquez-la sur votre peau en effectuant des mouvements circulaires pour bien d\u00e9loger les impuret\u00e9s.<\/li>\n<li><strong>Rincez abondamment \u00e0 l&rsquo;eau claire<\/strong>, puis s\u00e9chez votre peau en tapotant doucement avec une serviette propre.<\/li>\n<\/ol>\n<p>Il peut \u00e9galement \u00eatre utilis\u00e9 pour r\u00e9aliser un masque visage purifiant :<\/p>\n<ol>\n<li>Mouillez votre visage et appliquez le savon \u00e9claircissant en couche \u00e9paisse sur l&rsquo;ensemble du visage, en \u00e9vitant le contour des yeux.<\/li>\n<li>Laissez agir pendant 5 \u00e0 10 minutes, puis rincez \u00e0 l&rsquo;eau ti\u00e8de. Votre peau est nettoy\u00e9e en profondeur et les impuret\u00e9s sont \u00e9limin\u00e9es.<\/li>\n<\/ol>\n<h2><strong>Acheter du savon nila chez 1001vertus.com\u00a0: la garantie d&rsquo;un produit de qualit\u00e9<\/strong><\/h2>\n<p>Pour profiter pleinement des bienfaits du savon nila, il est essentiel de choisir un produit de qualit\u00e9.<\/p>\n<p>Chez 1001vertus.com, vous avez la garantie de trouver du savon nila authentique et respectueux de la tradition\u00a0:<\/p>\n<ul>\n<li><strong>Des ingr\u00e9dients 100% naturels\u00a0:<\/strong> le savon \u00e9claircissant propos\u00e9 par 1001vertus.com est fabriqu\u00e9 uniquement \u00e0 partir d&rsquo;ingr\u00e9dients naturels. Sans colorants, conservateurs ou parfums de synth\u00e8se.<\/li>\n<li><strong>Une fabrication artisanale\u00a0:<\/strong> il est \u00e9labor\u00e9 dans le respect de la m\u00e9thode traditionnelle. Ce qui garantit un produit de qualit\u00e9 sup\u00e9rieure et respectueux de la peau.<\/li>\n<li><strong>Un large choix\u00a0:<\/strong> sur 1001vertus.com, vous pouvez trouver diff\u00e9rents formats ainsi que des d\u00e9clinaisons parfum\u00e9es (savon nila \u00e0 la rose, \u00e0 l&rsquo;ambre ou au musc).<\/li>\n<\/ul>\n<p>En choisissant d&rsquo;acheter du savon nila chez 1001vertus.com. Vous faites le choix d&rsquo;un produit authentique et de qualit\u00e9 pour prendre soin de votre peau tout en respectant la tradition.<\/p>\n<h3><strong>Um presente original e vantajoso<\/strong><\/h3>\n<p>Offrir ce savon \u00e9claircissant est une id\u00e9e cadeau originale qui plaira \u00e0 coup s\u00fbr aux amateurs de produits naturels et de rituels de beaut\u00e9 ancestraux. En effet, le savon nila est consid\u00e9r\u00e9 comme un v\u00e9ritable tr\u00e9sor de beaut\u00e9 dans les pays d&rsquo;Afrique du Nord, o\u00f9 il est utilis\u00e9 depuis des si\u00e8cles.<\/p>\n<p>Que ce soit pour un anniversaire, une f\u00eate ou simplement pour faire plaisir, il saura s\u00e9duire par ses vertus, son authenticit\u00e9 et son raffinement.<\/p>\n<p>N&rsquo;h\u00e9sitez plus et offrez un moment de bien-\u00eatre avec le savon nila disponible chez 1001vertus.com.<\/p>","protected":false},"excerpt":{"rendered":"<p>L&rsquo;utilisation de produits naturels pour prendre soin de sa peau est devenue une tendance incontournable ces derni\u00e8res ann\u00e9es.<\/p>\n<p>Le savon nila, originaire d&rsquo;Afrique du Nord, fait partie de ces produits aux vertus incroyables. Pourquoi choisir ce savon et o\u00f9 se procurer du savon nila\u00a0? La r\u00e9ponse avec 1001vertus.com.<\/p>","protected":false},"featured_media":13840,"template":"","meta":[],"product_brand":[],"product_cat":[55],"product_tag":[],"class_list":{"0":"post-13839","1":"product","2":"type-product","3":"status-publish","4":"has-post-thumbnail","6":"product_cat-savon","8":"first","9":"instock","10":"shipping-taxable","11":"purchasable","12":"product-type-simple"},"_links":{"self":[{"href":"https:\/\/1001vertus.com\/pt\/wp-json\/wp\/v2\/product\/13839","targetHints":{"allow":["GET"]}}],"collection":[{"href":"https:\/\/1001vertus.com\/pt\/wp-json\/wp\/v2\/product"}],"about":[{"href":"https:\/\/1001vertus.com\/pt\/wp-json\/wp\/v2\/types\/product"}],"wp:featuredmedia":[{"embeddable":true,"href":"https:\/\/1001vertus.com\/pt\/wp-json\/wp\/v2\/media\/13840"}],"wp:attachment":[{"href":"https:\/\/1001vertus.com\/pt\/wp-json\/wp\/v2\/media?parent=13839"}],"wp:term":[{"taxonomy":"product_brand","embeddable":true,"href":"https:\/\/1001vertus.com\/pt\/wp-json\/wp\/v2\/product_brand?post=13839"},{"taxonomy":"product_cat","embeddable":true,"href":"https:\/\/1001vertus.com\/pt\/wp-json\/wp\/v2\/product_cat?post=13839"},{"taxonomy":"product_tag","embeddable":true,"href":"https:\/\/1001vertus.com\/pt\/wp-json\/wp\/v2\/product_tag?post=13839"}],"curies":[{"name":"wp","href":"https:\/\/api.w.org\/{rel}","templated":true}]}}