{"id":1358,"date":"2019-03-13T18:42:54","date_gmt":"2019-03-13T17:42:54","guid":{"rendered":"https:\/\/1001vertus.com\/?post_type=product&#038;p=1358"},"modified":"2025-03-23T14:14:45","modified_gmt":"2025-03-23T13:14:45","slug":"embalagem-faco-o-meu-chantily-de-karite-e-coco","status":"publish","type":"product","link":"https:\/\/1001vertus.com\/pt\/produit\/pack-je-realise-ma-chantilly-de-karite-et-de-coco\/","title":{"rendered":"Fa\u00e7o o meu pr\u00f3prio creme batido de karit\u00e9 e coco\"."},"content":{"rendered":"<p class=\"western\">Ce pack vous permettra de r\u00e9aliser votre chantilly de karit\u00e9 et coco. Il est compos\u00e9 de 100g de beurre de karit\u00e9 BIO, brut et filtr\u00e9, ainsi que de 100g d\u2019huile de coco BIO, extra-vierge.<\/p>\n<p class=\"western\">Cette recette est tr\u00e8s simple \u00e0 r\u00e9aliser.<\/p>\n<p class=\"western\"><u>Pour cela, il vous faut\u00a0:<\/u><\/p>\n<p class=\"western\">&#8211; 1 r\u00e9cipient \u00e0 bord haut<br \/>\n&#8211; 1 fouet \u00e9lectrique<br \/>\n&#8211; 90g de beurre de karit\u00e9 bio<br \/>\n&#8211; 45g d&rsquo;huile de coco bio<br \/>\n&#8211; 2ml de fragrance (facultatif)<\/p>\n<p>1) Dans un r\u00e9cipient \u00e0 bord haut, \u00e9crasez \u00e0 la fourchette le beurre de karit\u00e9 pour le ramollir et former une esp\u00e8ce de p\u00e2te.<\/p>\n<p class=\"western\">2) Ensuite ajoutez l\u2019huile de coco petit \u00e0 petit tout en fouettant avec le batteur \u00e9lectrique jusqu\u2019\u00e0 ce que le m\u00e9lange devienne a\u00e9r\u00e9 et mousseux.<\/p>\n<p class=\"western\">3) Une fois la bonne texture obtenue, ajoutez la fragrance et battez \u00e0 nouveau.<\/p>\n<p class=\"western\">4) Transf\u00e9rez la chantilly dans un pot et conservez-la dans un endroit \u00e0 l&rsquo;abri de la lumi\u00e8re et de l&rsquo;humidit\u00e9.<\/p>\n<p class=\"western\">Ce soin est \u00e9galement bon contre l\u2019<b>ecz\u00e9ma<\/b>. Mais pour encore plus d\u2019efficacit\u00e9, remplacez l\u2019huile de coco par de l\u2019huile de nigelle (si possible d\u2019Ethiopie) ou de l\u2019huile d\u2019amandes douces.<\/p>","protected":false},"excerpt":{"rendered":"<p class=\"western\">Retrouvez-ici, sous forme de pack, et \u00e0 prix pr\u00e9f\u00e9rentiel, les diff\u00e9rents ingr\u00e9dients pour r\u00e9aliser vous-m\u00eame une <b>chantilly de karit\u00e9 et coco<\/b>.<\/p>\n<p class=\"western\">Ce soin \u00ab\u00a0home-made\u00a0\u00bb tr\u00e8s simple \u00e0 r\u00e9aliser peut \u00eatre utiliser pour toute la famille.<\/p>\n<p class=\"western\">Vous y retrouverez toute la richesse nutritive du beurre de karit\u00e9 et de l&rsquo;huile de coco.<\/p>\n<p class=\"western\">Une tr\u00e8s petite quantit\u00e9 suffit \u00e0 <b>nourrir intens\u00e9ment la peau<\/b> de toute la famille y compris celle du b\u00e9b\u00e9 !!<br \/>\nElle peut \u00e9galement \u00eatre utilis\u00e9e en <b>tratamento pr\u00e9-shampoo para cabelos secos<\/b>mas tamb\u00e9m em <b>pr\u00e9vention anti-vergetures<\/b> para as futuras mam\u00e3s.<\/p>","protected":false},"featured_media":1359,"template":"","meta":[],"product_brand":[],"product_cat":[44,27,15],"product_tag":[],"class_list":{"0":"post-1358","1":"product","2":"type-product","3":"status-publish","4":"has-post-thumbnail","6":"product_cat-nos-packs","7":"product_cat-bien-etre","8":"product_cat-huiles-bio","10":"first","11":"instock","12":"sale","13":"shipping-taxable","14":"purchasable","15":"product-type-simple"},"_links":{"self":[{"href":"https:\/\/1001vertus.com\/pt\/wp-json\/wp\/v2\/product\/1358","targetHints":{"allow":["GET"]}}],"collection":[{"href":"https:\/\/1001vertus.com\/pt\/wp-json\/wp\/v2\/product"}],"about":[{"href":"https:\/\/1001vertus.com\/pt\/wp-json\/wp\/v2\/types\/product"}],"wp:featuredmedia":[{"embeddable":true,"href":"https:\/\/1001vertus.com\/pt\/wp-json\/wp\/v2\/media\/1359"}],"wp:attachment":[{"href":"https:\/\/1001vertus.com\/pt\/wp-json\/wp\/v2\/media?parent=1358"}],"wp:term":[{"taxonomy":"product_brand","embeddable":true,"href":"https:\/\/1001vertus.com\/pt\/wp-json\/wp\/v2\/product_brand?post=1358"},{"taxonomy":"product_cat","embeddable":true,"href":"https:\/\/1001vertus.com\/pt\/wp-json\/wp\/v2\/product_cat?post=1358"},{"taxonomy":"product_tag","embeddable":true,"href":"https:\/\/1001vertus.com\/pt\/wp-json\/wp\/v2\/product_tag?post=1358"}],"curies":[{"name":"wp","href":"https:\/\/api.w.org\/{rel}","templated":true}]}}