{"id":12840,"date":"2023-07-23T15:02:03","date_gmt":"2023-07-23T14:02:03","guid":{"rendered":"https:\/\/1001vertus.com\/?post_type=product&#038;p=12840"},"modified":"2023-08-25T13:35:12","modified_gmt":"2023-08-25T12:35:12","slug":"xarope-de-tamaras-marroquino","status":"publish","type":"product","link":"https:\/\/1001vertus.com\/pt\/produit\/sirop-de-dattes-du-maroc\/","title":{"rendered":"Xarope de t\u00e2maras marroquino"},"content":{"rendered":"<p><strong>Xarope de t\u00e2maras marroquino<\/strong>\u00a0est une v\u00e9ritable merveille culinaire. Issu des dattes juteuses et sucr\u00e9es du royaume, ce sirop est un d\u00e9lice sucr\u00e9 et naturel. Qui apportera, de fait, une touche exotique \u00e0 de nombreux plats et boissons.<\/p>\n<h2><strong>Le sirop de dattes du Maroc\u00a0: un d\u00e9lice sucr\u00e9 et naturel<\/strong><\/h2>\n<p>La fabrication du sirop de dattes au Maroc remonte \u00e0 plusieurs mill\u00e9naires. Les dattes, consid\u00e9r\u00e9es comme le \u00ab\u00a0pain du d\u00e9sert\u00a0\u00bb, sont une source essentielle de nutrition dans la r\u00e9gion. Cette\u00a0<a href=\"https:\/\/1001vertus.com\/pt\/product\/xarope-de-tamaras\/\"><strong>m\u00e9lasse naturelle<\/strong><\/a>\u00a0est obtenue en faisant bouillir les dattes dans de l\u2019eau. Puis en filtrant le liquide r\u00e9sultant pour obtenir un sirop \u00e9pais et sucr\u00e9.<\/p>\n<p>Este\u00a0<strong>Bebida marroquina<\/strong>\u00a0est une alternative naturelle et saine au sucre raffin\u00e9. Elle est riche en fibres, en vitamines et en min\u00e9raux essentiels. Contrairement au sucre raffin\u00e9, ce\u00a0<strong>sumo<\/strong>\u00a0ne provoque pas de pic glyc\u00e9mique. Ce qui en fait, par cons\u00e9quent, un choix id\u00e9al pour les personnes atteintes de diab\u00e8te ou qui cherchent \u00e0 r\u00e9duire leur consommation de sucre.<\/p>\n<h2><strong>Utiliza\u00e7\u00e3o vers\u00e1til<\/strong><\/h2>\n<p>Este tipo de\u00a0<strong>m\u00e9lasse de dattes marocaine<\/strong>\u00a0peut \u00eatre utilis\u00e9e de nombreuses mani\u00e8res en cuisine. Elle est id\u00e9ale pour sucrer les boissons chaudes comme le th\u00e9 ou le caf\u00e9. Ou encore pour agr\u00e9menter les smoothies et les milkshakes. Elle peut \u00e9galement \u00eatre utilis\u00e9e comme ingr\u00e9dient dans les p\u00e2tisseries, les sauces et les marinades. Et ce, parce qu\u2019elle donne une saveur sucr\u00e9e et exotique \u00e0 vos plats pr\u00e9f\u00e9r\u00e9s.<\/p>\n<h3><strong>Les bienfaits pour la sant\u00e9<\/strong><\/h3>\n<p>Outre son go\u00fbt d\u00e9licieux, le sirop de dattes poss\u00e8de de nombreux bienfaits pour la sant\u00e9. Il serait riche notamment en antioxydants, qui aident \u00e0 prot\u00e9ger le corps contre les dommages des radicaux libres. Il est \u00e9galement connu pour ses propri\u00e9t\u00e9s anti-inflammatoires et sa capacit\u00e9 \u00e0 am\u00e9liorer la digestion.<\/p>\n<p>Par cons\u00e9quent, en incorporant ce\u00a0<strong>Xarope marroquino<\/strong>\u00a0dans votre alimentation, vous pourrez profiter de ses nombreux bienfaits pour la sant\u00e9.<\/p>\n<p>Este\u00a0<strong>tr\u00e9sor culinaire<\/strong>\u00a0est finalement un choix id\u00e9al pour manger sainement tout en se faisant plaisir\u00a0!<\/p>","protected":false},"excerpt":{"rendered":"<p>Le sirop de dattes du Maroc\u00a0est une v\u00e9ritable merveille culinaire. Issu des dattes juteuses et sucr\u00e9es du royaume, ce sirop est un d\u00e9lice sucr\u00e9 et naturel. Qui apportera, de fait, une touche exotique \u00e0 de nombreux plats et boissons. Le sirop de dattes du Maroc\u00a0: un d\u00e9lice sucr\u00e9 et naturel La fabrication du sirop de [&#8230;]\n","protected":false},"featured_media":12845,"template":"","meta":[],"product_brand":[],"product_cat":[29,79,28],"product_tag":[],"class_list":{"0":"post-12840","1":"product","2":"type-product","3":"status-publish","4":"has-post-thumbnail","6":"product_cat-alimentation","7":"product_cat-bienfaits-des-dattes","8":"product_cat-medecine-sante","10":"first","11":"instock","12":"shipping-taxable","13":"purchasable","14":"product-type-variable"},"_links":{"self":[{"href":"https:\/\/1001vertus.com\/pt\/wp-json\/wp\/v2\/product\/12840","targetHints":{"allow":["GET"]}}],"collection":[{"href":"https:\/\/1001vertus.com\/pt\/wp-json\/wp\/v2\/product"}],"about":[{"href":"https:\/\/1001vertus.com\/pt\/wp-json\/wp\/v2\/types\/product"}],"wp:featuredmedia":[{"embeddable":true,"href":"https:\/\/1001vertus.com\/pt\/wp-json\/wp\/v2\/media\/12845"}],"wp:attachment":[{"href":"https:\/\/1001vertus.com\/pt\/wp-json\/wp\/v2\/media?parent=12840"}],"wp:term":[{"taxonomy":"product_brand","embeddable":true,"href":"https:\/\/1001vertus.com\/pt\/wp-json\/wp\/v2\/product_brand?post=12840"},{"taxonomy":"product_cat","embeddable":true,"href":"https:\/\/1001vertus.com\/pt\/wp-json\/wp\/v2\/product_cat?post=12840"},{"taxonomy":"product_tag","embeddable":true,"href":"https:\/\/1001vertus.com\/pt\/wp-json\/wp\/v2\/product_tag?post=12840"}],"curies":[{"name":"wp","href":"https:\/\/api.w.org\/{rel}","templated":true}]}}