{"id":1202,"date":"2019-01-13T19:56:03","date_gmt":"2019-01-13T18:56:03","guid":{"rendered":"https:\/\/1001vertus.com\/?post_type=product&#038;p=1202"},"modified":"2026-05-07T14:45:49","modified_gmt":"2026-05-07T13:45:49","slug":"100-khol-artesanal-natural","status":"publish","type":"product","link":"https:\/\/1001vertus.com\/pt\/produit\/khol-artisanal-100-naturel\/","title":{"rendered":"Kh\u00f4l artesanal 100% natural (sem chumbo)"},"content":{"rendered":"<p>Historiquement , le kh\u00f4l existe depuis plus de 4500 ans, il a tout d\u2019abord \u00e9t\u00e9 utilis\u00e9 chez les \u00c9gyptiens principalement comme protection contre les r\u00e9fractions de lumi\u00e8res intense \u00e9missent par les sables du d\u00e9sert. Ses vertus m\u00e9dicamenteuses \u00e9taient r\u00e9put\u00e9es \u00e9galement pour pr\u00e9venir toutes sortes d\u2019infections oculaires. Rapidement conquis par la profondeur et le myst\u00e8re que conf\u00e9rait le kh\u00f4l \u00e0 leurs regards, Pharaons et autres sujets, femmes et hommes, utilis\u00e8rent cette poudre noire pour se farder les yeux.<br \/>\nAu fil des si\u00e8cles, il continua \u00e0 \u00eatre utilis\u00e9 par les Arabes et les Berb\u00e8res.<\/p>\n<p><strong>Notre poudre de kh\u00f4l est fabriqu\u00e9 artisanalement au Maroc et est 100% naturelle. Elle est compos\u00e9e de safran, de noyaux de dattes, de noyaux d\u2019olives, de p\u00e9tales de rose de Damas et d\u2019antimoine.<\/strong><\/p>\n<h2><strong>Utilisation et usage de notre kh\u00f4l naturel marocain :<\/strong><\/h2>\n<ul>\n<li><strong>En m\u00e9decine douce :<\/strong><\/li>\n<\/ul>\n<p>Si vous souffrez des yeux \u00e0 cause du soleil ou du vent et que vous n\u2019avez pas de lunettes, il vous sera d\u2019un grand secours.<br \/>\nLes premi\u00e8res fois que vous appliquez du kh\u00f4l, il est possible que vous secr\u00e9tiez du liquide lacrymal, signe que le globe oculaire se nettoie. Attention donc aux lentilles ! Si vous en portez, attendez quelques minutes apr\u00e8s la pose du kh\u00f4l pour qu\u2019il se fixe bien, puis mettez vos lentilles.<\/p>\n<ul>\n<li><strong>En cosm\u00e9tique :<\/strong><\/li>\n<\/ul>\n<p>Traditionnellement, il s\u2019applique en utilisant un b\u00e2tonnet en bois appel\u00e9 \u00a0\u00ab mirwed \u00bb. Apr\u00e8s l\u2019avoir enduit de poudre, on glisse entre les deux paupi\u00e8res jointes le b\u00e2tonnet et, par un mouvement de va et vient, le kh\u00f4l souligne harmonieusement l\u2019\u0153il ou la paupi\u00e8re. On retire doucement le mirwed du c\u00f4t\u00e9 ext\u00e9rieur de l\u2019\u0153il pour qu&rsquo;il se r\u00e9partisse.<\/p>\n<p>Vous pouvez rectifier le trac\u00e9 si n\u00e9cessaire. Il est possible que vos yeux pleurent \u00e0 la premi\u00e8re application, pas d\u2019inqui\u00e9tude rappelez vous que c&rsquo;est tout d\u2019abord un nettoyant pour l\u2019\u0153il. Laisser pleurer, nettoyer l\u2019exc\u00e9dent et le tour est jou\u00e9 !<\/p>\n<h2><strong>Kh\u00f4l et controverses\u2026 ce qu\u2019il faut savoir !<\/strong><\/h2>\n<p>Le kh\u00f4l en poudre est aussi tr\u00e8s controvers\u00e9 \u00e0 cause de la pr\u00e9sence r\u00e9guli\u00e8re de\u00a0<strong>chumbo<\/strong>\u00a0et parfois m\u00eame de\u00a0<strong>limalhas de ferro<\/strong>. <strong>Notre kh\u00f4l artisanal\u00a0<\/strong>seja efectuada por uma pessoa de confian\u00e7a em Marrocos e\u00a0<strong>ne contient ni l\u2019un ni l\u2019autre. <\/strong>La pr\u00e9sence de plomb, \u00e0 petite dose, ne serait pas dangereuse d\u2019apr\u00e8s certaines \u00e9tudes mais cela ne fait pas l\u2019unanimit\u00e9&#8230; Quant \u00e0 la limaille de fer, elle est plus que dangereuse ! Voici une astuce pour v\u00e9rifier sa pr\u00e9sence dans un kh\u00f4l : verser le sur une feuille puis passer un aimant en dessous, si il bouge et suit l\u2019aimant, il contient de la limaille de fer. Nous vous conseillons alors fortement de le jeter \u00e0 la poubelle.<\/p>\n<h3><u><strong>Ingr\u00e9dients INCI:<\/strong><\/u><\/h3>\n<ul>\n<li>Antim\u00f3nio<\/li>\n<li>Fossas datadas<\/li>\n<li>Pedras de azeitona<\/li>\n<li>P\u00e9tales de rose de Damas s\u00e9ch\u00e9s<\/li>\n<li>Safran<\/li>\n<\/ul>\n<p><u><strong>Origem :<\/strong><\/u>\u00a0Marrocos<\/p>\n<p><u><strong>Capacidade :<\/strong><\/u>\u00a0Aprox. 10g<\/p>\n<p><u><strong>Couleur du kh\u00f4l :<\/strong><\/u>Gris bleut\u00e9<\/p>\n<p>Notre kh\u00f4l est livr\u00e9 avec un applicateur en bois \u00ab\u00a0mirwed\u00a0\u00bb (bois de citronnier ou <a href=\"https:\/\/1001vertus.com\/pt\/product\/doranger-mel-de-marrocos-1001-virtudes\/\"><strong>laranja<\/strong><\/a>) dans une jolie bo\u00eete cartonn\u00e9. La couleur de celui-ci peut diff\u00e9r\u00e9 de la photo.<\/p>","protected":false},"excerpt":{"rendered":"<p>O Kh\u00f4l \u00e9 um produto para o cuidado dos olhos que tamb\u00e9m aplica maquilhagem. \u00c9 um p\u00f3 feito de elementos naturais que \u00e9 aplicado no interior do olho.<\/p>\n<p>Utilis\u00e9 traditionnellement comme collyre ou pour se prot\u00e9ger naturellement des agressions ext\u00e9rieures, le kh\u00f4l a des vertus protectrices. Il combat les infections oculaires ou autres maladies tout en embellissant les yeux.<\/p>\n<p>Il convient parfaitement aux personnes qui cherchent un soin\/maquillant apaisant pour leurs yeux sans que ce soit du maquillage (pouvant \u00eatre appliqu\u00e9 m\u00eame le soir) ou celles qui cherchent un maquillage qui dure plusieurs jours !<\/p>","protected":false},"featured_media":1979,"template":"","meta":[],"product_brand":[],"product_cat":[27,92,28],"product_tag":[],"class_list":{"0":"post-1202","1":"product","2":"type-product","3":"status-publish","4":"has-post-thumbnail","6":"product_cat-bien-etre","7":"product_cat-maquillage-naturel","8":"product_cat-medecine-sante","10":"first","11":"instock","12":"shipping-taxable","13":"purchasable","14":"product-type-simple"},"_links":{"self":[{"href":"https:\/\/1001vertus.com\/pt\/wp-json\/wp\/v2\/product\/1202","targetHints":{"allow":["GET"]}}],"collection":[{"href":"https:\/\/1001vertus.com\/pt\/wp-json\/wp\/v2\/product"}],"about":[{"href":"https:\/\/1001vertus.com\/pt\/wp-json\/wp\/v2\/types\/product"}],"wp:featuredmedia":[{"embeddable":true,"href":"https:\/\/1001vertus.com\/pt\/wp-json\/wp\/v2\/media\/1979"}],"wp:attachment":[{"href":"https:\/\/1001vertus.com\/pt\/wp-json\/wp\/v2\/media?parent=1202"}],"wp:term":[{"taxonomy":"product_brand","embeddable":true,"href":"https:\/\/1001vertus.com\/pt\/wp-json\/wp\/v2\/product_brand?post=1202"},{"taxonomy":"product_cat","embeddable":true,"href":"https:\/\/1001vertus.com\/pt\/wp-json\/wp\/v2\/product_cat?post=1202"},{"taxonomy":"product_tag","embeddable":true,"href":"https:\/\/1001vertus.com\/pt\/wp-json\/wp\/v2\/product_tag?post=1202"}],"curies":[{"name":"wp","href":"https:\/\/api.w.org\/{rel}","templated":true}]}}