{"id":1186,"date":"2019-01-13T08:52:17","date_gmt":"2019-01-13T07:52:17","guid":{"rendered":"https:\/\/1001vertus.com\/?post_type=product&#038;p=1186"},"modified":"2026-04-27T21:48:52","modified_gmt":"2026-04-27T20:48:52","slug":"soro-capilar-h8","status":"publish","type":"product","link":"https:\/\/1001vertus.com\/pt\/produit\/serum-capillaire-h8\/","title":{"rendered":"8H S\u00e9rum para o cabelo"},"content":{"rendered":"<p class=\"western\"><span style=\"font-family: Liberation Serif, Times New Roman, serif;\"><span style=\"font-size: medium;\">La composition de notre s\u00e9rum capillaire 8H est la suivante\u00a0: huile de ricin, huile d\u2019aloe vera, huile de s\u00e9same, huile de fenugrec, huile d\u2019amande douce, huile de lin, huile d\u2019ail et huile de nigelle.<\/span><\/span><\/p>\n<p class=\"western\"><span style=\"font-family: Liberation Serif, Times New Roman, serif;\"><span style=\"font-size: medium;\">Ce m\u00e9lange nourrira vos cheveux et les hydratera. En meilleure sant\u00e9, vos cheveux pousseront plus vite et leur chute sera limit\u00e9e voir stopp\u00e9e.<\/span><\/span><\/p>\n<p class=\"western\"><span style=\"font-family: Liberation Serif, Times New Roman, serif;\"><span style=\"font-size: medium;\">Cependant, si vous avez des trous au niveau du cuir chevelu ou si vous d\u00e9sirez tout simplement un produit encore plus performant et rapide, optez pour notre \u00ab\u00a0Incroyable s\u00e9rum repousse\u00a0\u00bb.<\/span><\/span><\/p>\n<p>&nbsp;<\/p>\n<p><u><b>Origem<\/b><\/u><u> :<\/u> Marrocos<\/p>\n<p><u><b>Capacidade :<\/b><\/u> 50ml<\/p>","protected":false},"excerpt":{"rendered":"<p class=\"western\"><span style=\"font-family: Liberation Serif, Times New Roman, serif;\"><span style=\"font-size: medium;\">Vous perdez vos cheveux\u00a0? Vous d\u00e9sirez qu\u2019ils poussent plus vite\u00a0? Vos cheveux sont ab\u00eem\u00e9s\u00a0?<\/span><\/span><\/p>\n<p class=\"western\"><span style=\"font-family: Liberation Serif, Times New Roman, serif;\"><span style=\"font-size: medium;\">Et si vous solutionniez tous ces probl\u00e8mes avec un seul produit\u00a0!<\/span><\/span><\/p>\n<p class=\"western\"><span style=\"font-family: Liberation Serif, Times New Roman, serif;\"><span style=\"font-size: medium;\">Le s\u00e9rum capillaire 8H est celui qu\u2019il vous faut.<\/span><\/span><\/p>\n<p class=\"western\"><span style=\"font-family: Liberation Serif, Times New Roman, serif;\"><span style=\"font-size: medium;\">8H comme 8 huiles, voici le secret de notre s\u00e9rum capillaire. Notre s\u00e9rum est en effet compos\u00e9 de 8 huiles chacune b\u00e9n\u00e9fique pour les cheveux, et la synergie de toutes ces huiles est tout simplement \u00e9tonnante.<\/span><\/span><\/p>","protected":false},"featured_media":1188,"template":"","meta":[],"product_brand":[],"product_cat":[27],"product_tag":[],"class_list":{"0":"post-1186","1":"product","2":"type-product","3":"status-publish","4":"has-post-thumbnail","6":"product_cat-bien-etre","8":"first","9":"instock","10":"shipping-taxable","11":"purchasable","12":"product-type-simple"},"_links":{"self":[{"href":"https:\/\/1001vertus.com\/pt\/wp-json\/wp\/v2\/product\/1186","targetHints":{"allow":["GET"]}}],"collection":[{"href":"https:\/\/1001vertus.com\/pt\/wp-json\/wp\/v2\/product"}],"about":[{"href":"https:\/\/1001vertus.com\/pt\/wp-json\/wp\/v2\/types\/product"}],"wp:featuredmedia":[{"embeddable":true,"href":"https:\/\/1001vertus.com\/pt\/wp-json\/wp\/v2\/media\/1188"}],"wp:attachment":[{"href":"https:\/\/1001vertus.com\/pt\/wp-json\/wp\/v2\/media?parent=1186"}],"wp:term":[{"taxonomy":"product_brand","embeddable":true,"href":"https:\/\/1001vertus.com\/pt\/wp-json\/wp\/v2\/product_brand?post=1186"},{"taxonomy":"product_cat","embeddable":true,"href":"https:\/\/1001vertus.com\/pt\/wp-json\/wp\/v2\/product_cat?post=1186"},{"taxonomy":"product_tag","embeddable":true,"href":"https:\/\/1001vertus.com\/pt\/wp-json\/wp\/v2\/product_tag?post=1186"}],"curies":[{"name":"wp","href":"https:\/\/api.w.org\/{rel}","templated":true}]}}