{"id":8614,"date":"2023-02-17T13:35:06","date_gmt":"2023-02-17T12:35:06","guid":{"rendered":"https:\/\/1001vertus.com\/?post_type=product&#038;p=8614"},"modified":"2023-11-24T11:37:31","modified_gmt":"2023-11-24T10:37:31","slug":"miele-rosa-di-russia","status":"publish","type":"product","link":"https:\/\/1001vertus.com\/it\/produit\/miel-rose-de-russie\/","title":{"rendered":"Miele rosa di Russia - 225 g"},"content":{"rendered":"<p>Intrigante miele rosa proveniente dalla Russia. Atipico per il suo delicato colore rosa. Sorprendentemente piccante e giusto. Intraprendete un'avventura gustativa pura attraverso la bellezza di questo colore sublimemente raro. Il miele russo \u00e8 pura eleganza e lusso al palato. Vi presentiamo un miele estremamente eccezionale.<\/p>\n<h2><strong>Le preziose origini del miele rosa russo<\/strong><\/h2>\n<p>\u00c8 in\u00a0<strong>un ambiente dolce e selvaggio<\/strong>\u00a0che il miele rosa russo ha la sua origine. Alle altitudini delle alte montagne, dove scorre acqua dolce, le api raccolgono l'incantevole tesoro della rosa selvatica.\u00a0<strong>Nel cuore della fresca Russia e dei monti Altai,\u00a0<\/strong>Un raggio di sole si accende, lasciando spazio al dolce nettare dei diversi fiori che le api stanno titillando.<\/p>\n<p>Inoltre, la creazione risultante \u00e8\u00a0<strong>di rara tenerezza e puro candore.<\/strong> Questo benefico prodotto dell'alveare offre ai nostri palati un'esperienza di gusto senza precedenti. Infatti, un <strong>un sapore incomparabile che scalda il cuore.\u00a0<\/strong><\/p>\n<h3><strong>Gusto armonioso e ineguagliabile<\/strong><\/h3>\n<p>L'armonia del miele di Rose de Russie si colloca delicatamente tra due piaceri attentamente dosati. Un sapore innegabilmente eccezionale. Riflesso\u00a0<strong>una perfetta armonia di dolcezza e freschezza.\u00a0<\/strong>Questo tocco pienamente acido \u00e8 deliziosamente abbinato a un carattere dolce e altrettanto fruttato. \u00c8 quindi un'aria di infanzia quella che si respira, tra mele caramellate, frittelle dolci e teneri dolcetti da assaporare.<\/p>\n<p>La delicata fragranza floreale della rosa selvatica vi trasporter\u00e0 in un paesaggio tenero, morbido e lontano. E quando\u00a0<strong>Le vostre papille gustative ameranno la sua consistenza cremosa<\/strong>Sarete abbagliate da un abito tanto bello in versione pastello quanto meraviglioso.<\/p>\n<h3><strong>Il colore abbagliante del miele rosa russo<\/strong><\/h3>\n<p>Questo\u00a0<strong>colore rosa atipico. Con riflessi pastello <a href=\"https:\/\/1001vertus.com\/it\/product\/miele-bianco-del-kirghizistan\/\">blanchis<\/a><\/strong>. Un prodotto di qualit\u00e0 naturalmente squisita. Un miele incomparabilmente composto da un tocco di\u00a0<strong>rosa canina,\u00a0<\/strong>il frutto della rosa canina, impossibile da confondere. Conferisce a questo miele eccezionale un sapore davvero caratteristico.<\/p>\n<p>Lasciatevi trasportare da\u00a0<strong>questo colore estivo, che ricorda i bei fiori e i succulenti frutti del frutteto.<\/strong>\u00a0\u00c8 un piacere per gli occhi e per le papille gustative, che offre una serie di virt\u00f9 nella sua fragranza fiorita.<\/p>\n<h3><strong>Le squisite virt\u00f9 del miele rosa russo<\/strong><\/h3>\n<p>Questo dolce naturale si presenta come <a href=\"https:\/\/1001vertus.com\/it\/2023\/09\/16\/radice-di-marshmallow\/\"><strong>marshmallow<\/strong><\/a> Questo miele color pastello offre al vostro corpo non solo un gusto eccezionale, ma anche benefici straordinari. Il miele rosa di Russia \u00e8 sinonimo di giovinezza e rinascita. Offre al vostro corpo\u00a0<strong>la quintessenza del ringiovanimento ma anche il potere degli antiossidanti<\/strong>.<\/p>\n<p>Non aspettate oltre per beneficiare delle sue numerose vitamine. Autentico rigeneratore cellulare, sar\u00e0 un alleato del vostro sistema immunitario. E non solo,\u00a0<strong>il vostro sistema sanguigno sar\u00e0 rafforzato e la vostra vitalit\u00e0 completamente ripristinata\u00a0<\/strong>con una cucchiaiata quotidiana di questo dolce piccante.<\/p>\n<p>Cos\u00ec, ogni mattina, fate il pieno di energia con ingredienti di qualit\u00e0 che rafforzano delicatamente le vostre difese immunitarie. E godetevi un raro momento di dolcezza.<\/p>\n<p>Lasciatevi incantare da<strong>\u00a0quel gusto sottilmente fresco e dolce<\/strong>.  Il miele rosa proveniente dalla Russia \u00e8 ovviamente il migliore,\u00a0<strong>la perfetta combinazione di deliziosa indulgenza, sontuose virt\u00f9 e lussuose qualit\u00e0.\u00a0<\/strong><\/p>","protected":false},"excerpt":{"rendered":"<p>Intriguant Miel rose de Russie. Atypique cette robe de tendre rose d\u00e9licatement parsem\u00e9e. Surprenant ce go\u00fbt acidul\u00e9e et justement prononc\u00e9. Embarquez pour une pure aventure gustative \u00e0 travers la beaut\u00e9 de cette robe d&rsquo;une sublime raret\u00e9. Le miel de Russie l&rsquo;\u00e9l\u00e9gance et le luxe en bouche \u00e0 l&rsquo;\u00e9tat pur. Pr\u00e9sentation d&rsquo;un miel, d&rsquo;une extr\u00eame exception. [&#8230;]\n","protected":false},"featured_media":17512,"template":"","meta":[],"product_brand":[],"product_cat":[25],"product_tag":[],"class_list":{"0":"post-8614","1":"product","2":"type-product","3":"status-publish","4":"has-post-thumbnail","6":"product_cat-miels","8":"first","9":"instock","10":"shipping-taxable","11":"purchasable","12":"product-type-simple"},"_links":{"self":[{"href":"https:\/\/1001vertus.com\/it\/wp-json\/wp\/v2\/product\/8614","targetHints":{"allow":["GET"]}}],"collection":[{"href":"https:\/\/1001vertus.com\/it\/wp-json\/wp\/v2\/product"}],"about":[{"href":"https:\/\/1001vertus.com\/it\/wp-json\/wp\/v2\/types\/product"}],"wp:featuredmedia":[{"embeddable":true,"href":"https:\/\/1001vertus.com\/it\/wp-json\/wp\/v2\/media\/17512"}],"wp:attachment":[{"href":"https:\/\/1001vertus.com\/it\/wp-json\/wp\/v2\/media?parent=8614"}],"wp:term":[{"taxonomy":"product_brand","embeddable":true,"href":"https:\/\/1001vertus.com\/it\/wp-json\/wp\/v2\/product_brand?post=8614"},{"taxonomy":"product_cat","embeddable":true,"href":"https:\/\/1001vertus.com\/it\/wp-json\/wp\/v2\/product_cat?post=8614"},{"taxonomy":"product_tag","embeddable":true,"href":"https:\/\/1001vertus.com\/it\/wp-json\/wp\/v2\/product_tag?post=8614"}],"curies":[{"name":"wp","href":"https:\/\/api.w.org\/{rel}","templated":true}]}}