{"id":830,"date":"2018-09-02T16:19:43","date_gmt":"2018-09-02T15:19:43","guid":{"rendered":"https:\/\/1001vertus.com\/?post_type=product&#038;p=830"},"modified":"2023-02-12T16:19:18","modified_gmt":"2023-02-12T15:19:18","slug":"burro-di-karite-crudo-e-filtrato-biologico-e-certificato-ecocert","status":"publish","type":"product","link":"https:\/\/1001vertus.com\/it\/produit\/beurre-de-karite-brut-et-filtre-certifiee-bio-et-ecocert\/","title":{"rendered":"Burro di karit\u00e9 crudo e filtrato, certificato biologico ed Ecocert"},"content":{"rendered":"<p class=\"western\" align=\"justify\"><span style=\"font-family: Arial, sans-serif;\">Il nostro<\/span><span style=\"font-family: Arial, sans-serif;\"> Il burro di karit\u00e9 viene estratto <\/span><span style=\"font-family: Arial, sans-serif;\">manualmente <\/span><span style=\"font-family: Arial, sans-serif;\">\u00c8 il frutto dell'albero del karit\u00e9, che cresce solo in natura nelle savane boscose dell'Africa occidentale. Pu\u00f2 raggiungere pi\u00f9 di 12 metri di altezza e il piede pu\u00f2 essere largo 2 metri.<\/span><\/p>\n<p class=\"western\" align=\"justify\"><span style=\"font-family: Arial, sans-serif;\">I suoi frutti carnosi assomigliano a noci e contengono una sorta di mandorla bianca naturalmente grassa. Dopo la lavorazione, diventa la famosa pasta giallastra nota come burro di karit\u00e9. <\/span><\/p>\n<h2 class=\"western\" align=\"justify\"><span style=\"font-family: Arial, sans-serif;\"><u><b>VIRT\u00d9 DEL BURRO DI KARIT\u00c9 :<br \/>\n<\/b><\/u><\/span><\/h2>\n<h3 class=\"western\" align=\"justify\"><span style=\"font-family: Arial, sans-serif;\"><u>Uso del burro di karit\u00e9 per la pelle :<\/u><\/span><\/h3>\n<ul>\n<li>\n<p class=\"western\" align=\"justify\"><span style=\"font-family: Arial, sans-serif;\">Rigenera la pelle contro gli effetti dannosi del sole,<\/span><\/p>\n<\/li>\n<li>\n<p class=\"western\" align=\"justify\"><span style=\"font-family: Arial, sans-serif;\">Calma e lenisce la pelle tesa e surriscaldata,<\/span><\/p>\n<\/li>\n<li>\n<p class=\"western\" align=\"justify\"><span style=\"font-family: Arial, sans-serif;\">Previene le allergie solari,<\/span><\/p>\n<\/li>\n<li>\n<p class=\"western\" align=\"justify\"><span style=\"font-family: Arial, sans-serif;\">Idrata e nutre profondamente la pelle,<\/span><\/p>\n<\/li>\n<li>\n<p class=\"western\" align=\"justify\"><span style=\"font-family: Arial, sans-serif;\">Rigenerante della pelle, rivitalizza i tessuti, favorisce la cicatrizzazione e ripristina l'elasticit\u00e0 della pelle,<\/span><\/p>\n<\/li>\n<li>\n<p class=\"western\" align=\"justify\"><span style=\"font-family: Arial, sans-serif;\">Rigenerante, fa sparire anche i brutti calli su gomiti e talloni,<\/span><\/p>\n<\/li>\n<li>\n<p class=\"western\" align=\"justify\"><span style=\"font-family: Arial, sans-serif;\">Prolunga l'abbronzatura,<\/span><\/p>\n<\/li>\n<li>\n<p class=\"western\" align=\"justify\"><span style=\"font-family: Arial, sans-serif;\">Tratta i nasi irritati,<\/span><\/p>\n<\/li>\n<li>\n<p class=\"western\" align=\"justify\"><span style=\"font-family: Arial, sans-serif;\">Stimola la produzione di collagene, riducendo le linee sottili e le rughe e aiutando a combattere gli effetti dell'invecchiamento. <\/span><span style=\"font-family: Arial, sans-serif;\"><span lang=\"zxx\">macchie marroni,<\/span><\/span><\/p>\n<\/li>\n<li>\n<p class=\"western\" align=\"justify\"><span style=\"font-family: Arial, sans-serif;\">Azione preventiva contro le smagliature,<\/span><\/p>\n<\/li>\n<li>\n<p class=\"western\" align=\"justify\"><span style=\"font-family: Arial, sans-serif;\">Idratazione<\/span><span style=\"font-family: Arial, sans-serif;\"> le mani intensamente, \u00e8<\/span><span style=\"font-family: Arial, sans-serif;\"> ideale per la pelle screpolata,<\/span><\/p>\n<\/li>\n<li>\n<p align=\"justify\"><span style=\"font-family: Arial, sans-serif;\">Rilassa i muscoli. Ideale per dolori e disturbi.<\/span><\/p>\n<\/li>\n<\/ul>\n<h4 class=\"western\" align=\"justify\"><\/h4>\n<h3 align=\"justify\"><span style=\"font-family: Arial, sans-serif;\"><u>Utilizzo del burro di karit\u00e8 per i capelli :<\/u><\/span><\/h3>\n<ul>\n<li>\n<p class=\"western\" align=\"justify\"><span style=\"font-family: Arial, sans-serif;\">Restituisce ai capelli lucentezza e bellezza.<\/span><\/p>\n<\/li>\n<li>\n<p class=\"western\" align=\"justify\"><span style=\"font-family: Arial, sans-serif;\">Nutre profondamente la fibra capillare.<\/span><\/p>\n<\/li>\n<li>\n<p class=\"western\" align=\"justify\"><span style=\"font-family: Arial, sans-serif;\">Prolunga e protegge i colori dei capelli.<\/span><\/p>\n<\/li>\n<li>\n<p class=\"western\" align=\"justify\"><span style=\"font-family: Arial, sans-serif;\">Balsamo per capelli. Ideale per i capelli secchi, <\/span><span style=\"font-family: Arial, sans-serif;\">fragile <\/span><span style=\"font-family: Arial, sans-serif;\">o noioso <\/span><\/p>\n<\/li>\n<li>\n<p class=\"western\" align=\"justify\"><span style=\"font-family: Arial, sans-serif;\">Ideale <\/span><span style=\"font-family: Arial, sans-serif;\">per capelli ricci o crespi. Nutre i ricci dalle radici alle punte e combatte il crespo.<\/span><\/p>\n<\/li>\n<\/ul>\n<p>&nbsp;<\/p>\n<h3 class=\"western\" align=\"justify\"><span style=\"font-family: Arial, sans-serif;\"><strong>Come si usa?<\/strong><br \/>\n<\/span><\/h3>\n<p class=\"western\" align=\"justify\"><span style=\"font-family: Arial, sans-serif;\"><span style=\"font-size: medium;\">Per utilizzarlo, sfregare energicamente il burro tra le mani in modo che si scaldi e si trasformi in olio.<\/span><\/span><\/p>\n<p><span style=\"color: #000000;\"><span style=\"font-family: Arial, sans-serif;\"><span style=\"font-size: medium;\"><span lang=\"fr-FR\">Potete usarlo anche nella vasca da bagno, aggiungendo qualche noce di burro di karit\u00e9 direttamente all'acqua. Sciogliendosi, lascer\u00e0 un sottile strato invisibile sulla vostra pelle, rendendovi morbidi come un bambino e regalandovi una sensazione di benessere.<\/span><\/span><\/span><\/span><\/p>\n<p><span style=\"color: #000000;\"><span style=\"font-family: Arial, sans-serif;\"><span style=\"font-size: medium;\"><span lang=\"fr-FR\">Dopo la ceretta, vi aiuter\u00e0 ad alleviare <\/span><\/span><\/span><\/span><span style=\"color: #000000;\"><span style=\"font-family: Arial, sans-serif;\"><span style=\"font-size: medium;\"><span lang=\"fr-FR\">rapidamente la pelle <\/span><\/span><\/span><\/span><span style=\"color: #000000;\"><span style=\"font-family: Arial, sans-serif;\"><span style=\"font-size: medium;\"><span lang=\"fr-FR\">grazie alla sua azione idratante grazie alle sue propriet\u00e0 lenitive e rilassanti.<\/span><\/span><\/span><\/span><\/p>\n<p><span style=\"color: #000000;\"><span style=\"font-family: Arial, sans-serif;\"><span style=\"font-size: medium;\"><span lang=\"fr-FR\">Massaggiare sulla pelle per rilassare i muscoli e alleviare i dolori, ma anche durante la dieta o la gravidanza. Applicandolo direttamente sulle zone sensibili alla perdita e all'aumento di peso, come le cosce, il burro di karit\u00e9 sar\u00e0 un buon compagno anti-smagliature.<\/span><\/span><\/span><\/span><\/p>\n<p><span style=\"color: #000000;\"><span style=\"font-family: Arial, sans-serif;\"><span style=\"font-size: medium;\"><span lang=\"fr-FR\">\u00a0<\/span><\/span><\/span><\/span><\/p>\n<p>&nbsp;<\/p>\n<p><u><b>Ingredienti INCI :<\/b><\/u><\/p>\n<p><span style=\"font-family: Liberation Sans, sans-serif;\"><span style=\"font-size: medium;\">Burro di karit\u00e9<\/span><\/span><\/p>\n<p><u><b>Origine :<\/b><\/u> Africa.<\/p>\n<p><span style=\"font-family: Liberation Sans, sans-serif;\"><span style=\"font-size: medium;\">Prodotto da agricoltura biologica certificato FR-BIO-01<\/span><\/span><\/p>\n<p>&nbsp;<\/p>\n<p class=\"western\" align=\"justify\"><span style=\"font-family: Arial, sans-serif;\"><i>Disponibile nel formato da 100 g o al chilo.<\/i><\/span><\/p>","protected":false},"excerpt":{"rendered":"<p class=\"western\" align=\"justify\"><span style=\"font-family: Arial, sans-serif;\">Il burro di karit\u00e9 \u00e8 stato ampiamente utilizzato per le sue numerose virt\u00f9 per secoli in alcune regioni dell'Africa. Fa parte della farmacopea senegalese ed \u00e8 tradizionalmente consigliato per lenire distorsioni, dolori e reumatismi.<\/span><\/p>\n<p class=\"western\" align=\"justify\"><span style=\"font-family: Arial, sans-serif;\">Ma si tratta di un trattamento davvero naturale di cui dovreste approfittare senza esitare! Infatti<\/span><span style=\"font-family: Arial, sans-serif;\"> Il burro di karit\u00e9 offre enormi benefici per la pelle, i capelli, il viso e persino le mani.<\/span><\/p>\n<p class=\"western\" align=\"justify\"><span style=\"font-family: Arial, sans-serif;\">Il nostro burro di karit\u00e9 \u00e8 crudo e filtrato. \u00c8 certificato biologico ed Ecocert.<br \/>\n<\/span><\/p>","protected":false},"featured_media":836,"template":"","meta":[],"product_brand":[],"product_cat":[15,27],"product_tag":[],"class_list":{"0":"post-830","1":"product","2":"type-product","3":"status-publish","4":"has-post-thumbnail","6":"product_cat-huiles-bio","7":"product_cat-bien-etre","9":"first","10":"instock","11":"shipping-taxable","12":"purchasable","13":"product-type-variable"},"_links":{"self":[{"href":"https:\/\/1001vertus.com\/it\/wp-json\/wp\/v2\/product\/830","targetHints":{"allow":["GET"]}}],"collection":[{"href":"https:\/\/1001vertus.com\/it\/wp-json\/wp\/v2\/product"}],"about":[{"href":"https:\/\/1001vertus.com\/it\/wp-json\/wp\/v2\/types\/product"}],"wp:featuredmedia":[{"embeddable":true,"href":"https:\/\/1001vertus.com\/it\/wp-json\/wp\/v2\/media\/836"}],"wp:attachment":[{"href":"https:\/\/1001vertus.com\/it\/wp-json\/wp\/v2\/media?parent=830"}],"wp:term":[{"taxonomy":"product_brand","embeddable":true,"href":"https:\/\/1001vertus.com\/it\/wp-json\/wp\/v2\/product_brand?post=830"},{"taxonomy":"product_cat","embeddable":true,"href":"https:\/\/1001vertus.com\/it\/wp-json\/wp\/v2\/product_cat?post=830"},{"taxonomy":"product_tag","embeddable":true,"href":"https:\/\/1001vertus.com\/it\/wp-json\/wp\/v2\/product_tag?post=830"}],"curies":[{"name":"wp","href":"https:\/\/api.w.org\/{rel}","templated":true}]}}