{"id":8295,"date":"2023-02-03T18:18:05","date_gmt":"2023-02-03T17:18:05","guid":{"rendered":"https:\/\/1001vertus.com\/?post_type=product&#038;p=8295"},"modified":"2023-06-13T11:56:56","modified_gmt":"2023-06-13T10:56:56","slug":"nila-polvere","status":"publish","type":"product","link":"https:\/\/1001vertus.com\/it\/produit\/poudre-de-nila\/","title":{"rendered":"Polvere di Nila - 100 g"},"content":{"rendered":"<p>La polvere di nila \u00e8 un prodotto naturale dai molteplici benefici. Si ottiene macinando e setacciando le radici della pianta di nila, originaria dell'India e dello Sri Lanka, ricca di principi attivi.<\/p>\n<p>In passato veniva utilizzata soprattutto per le sue propriet\u00e0 schiarenti, ma oggi ne stiamo scoprendo tutti gli altri benefici. Scopriamo i benefici della polvere di nila!<\/p>\n<h2><strong>Polvere di Nila: un effetto schiarente e uniformante<\/strong><\/h2>\n<p>La polvere di Nila \u00e8 composta da minerali e vitamine che interagiscono tra loro per migliorare l'aspetto generale dell'incarnato. \u00c8 infatti un prodotto molto efficace per illuminare il viso o le mani, poich\u00e9 contiene pigmenti che assorbono la luce, illuminando il colore della pelle e rendendolo uniforme.<\/p>\n<p>Questa polvere sar\u00e0 anche molto utile se si desidera ridurre le macchie di pigmentazione e le imperfezioni della pelle (<a href=\"https:\/\/1001vertus.com\/it\/product\/dethiopia-abissinia-olio-di-cumino-nero-100ml\/\"><strong>acne<\/strong><\/a>, arrossamenti...). La polvere di Nila pu\u00f2 anche essere applicata sui capelli per nascondere i primi segni di decolorazione.<\/p>\n<h2><strong>Idratazione intensa e di lunga durata<\/strong><\/h2>\n<p>Oltre all'effetto schiarente, questo prodotto naturale \u00e8 anche molto utile per idratare profondamente la pelle. Grazie ai numerosi principi attivi contenuti, aumenta l'apporto di acidi grassi essenziali e di idratazione. In altre parole, favorisce la produzione di collagene e cheratina, migliorando notevolmente l'elasticit\u00e0 e la compattezza della pelle.<\/p>\n<p>La polvere blu nila aiuta anche a prevenire la formazione di linee sottili e rughe. Dona alla pelle un aspetto pi\u00f9 liscio e leggero. Inoltre, offre protezione dai raggi UV e aiuta a ripristinare l'equilibrio del pH della pelle. La pelle ritrover\u00e0 la sua naturale bellezza e freschezza e potr\u00e0 godere dei benefici della polvere di nila per gli anni a venire.<\/p>\n<h2><strong>Propriet\u00e0 antiossidanti<\/strong><\/h2>\n<p>La polvere di Nila \u00e8 anche ricca di antiossidanti. Questi aiutano a proteggere la pelle dagli aggressori esterni come l'inquinamento atmosferico. I dannosi raggi UV del sole e le radiazioni infrarosse. Questi antiossidanti agiscono direttamente sulle cellule e ne stimolano l'attivit\u00e0 e la normale funzione, limitando la comparsa dei segni di invecchiamento precoce.<\/p>\n<p>In particolare, astaxantina, licopene, vitamina A, vitamina E e polifenoli lavorano insieme per offrire alla pelle la massima protezione contro i radicali liberi e le tossine ambientali.<\/p>\n<h2><strong>Trattamento nutriente per i capelli<\/strong><\/h2>\n<p>La polvere di Nila \u00e8 benefica non solo per la pelle, ma anche per i capelli. \u00c8 ricca di sostanze nutritive essenziali per la crescita e il rafforzamento dei capelli. Contiene alte concentrazioni di vitamine del gruppo B, minerali e aminoacidi.<\/p>\n<p>Inoltre, lenisce le irritazioni e migliora notevolmente la qualit\u00e0 dei capelli. Offre protezione contro le influenze esterne rafforzando il cuoio capelluto e regolando il flusso sanguigno ai follicoli piliferi. Aumenta il volume e la densit\u00e0 dei capelli e conferisce loro una consistenza morbida e setosa.<\/p>\n<h3><strong>Utilizzo di polvere nila<\/strong><\/h3>\n<p>Potete trovare la polvere di nila nella maggior parte dei negozi di alimenti biologici e naturali. Per godere dei suoi numerosi benefici, potete utilizzarla in due modi:<\/p>\n<ul>\n<li>Utilizzare come maschera per il viso. Mescolare 2 cucchiaini di polvere di nila con una quantit\u00e0 di acqua sufficiente a formare una pasta omogenea. Applicare questa miscela sul viso e massaggiare delicatamente. Lasciare agire per 10-15 minuti prima di risciacquare con acqua tiepida.<\/li>\n<li>Come shampoo. Aggiungere uno o due cucchiaini di polvere di nila allo shampoo abituale e mescolare bene. Utilizzare questo shampoo come di consueto e non risciacquare con acqua calda.<\/li>\n<\/ul>\n<p>Per trarre tutti i benefici della polvere di nila, si pu\u00f2 scegliere di usarla settimanalmente o quotidianamente. Non esitate a chiedere al vostro medico o farmacista un consiglio sul trattamento pi\u00f9 adatto al vostro tipo di pelle e alle vostre esigenze.<\/p>\n<p>La polvere di Nila \u00e8 un prodotto altamente efficace per migliorare l'aspetto della pelle e dei capelli. Grazie ai suoi principali componenti nutritivi e antiossidanti, crea uno scudo protettivo contro le aggressioni esterne e idrata intensamente la pelle, illuminandola e uniformandola. Non vi resta che provare questo ingrediente eccezionale!<\/p>","protected":false},"excerpt":{"rendered":"<p><strong>Utilizzo di polvere nila<\/strong><\/p>\n<p>Potete trovare la polvere di nila nella maggior parte dei negozi di alimenti biologici e naturali. Per godere dei suoi numerosi benefici, potete utilizzarla in due modi:<\/p>\n<ul>\n<li>Utilizzare come maschera per il viso. Mescolare 2 cucchiaini di polvere di nila con una quantit\u00e0 di acqua sufficiente a formare una pasta omogenea.<\/li>\n<li>Applicare il preparato sul viso e massaggiare delicatamente. Lasciare agire per 10-15 minuti prima di risciacquare con acqua tiepida.<\/li>\n<li>Come shampoo. Aggiungere uno o due cucchiaini di polvere di nila allo shampoo abituale e mescolare bene. Utilizzare questo shampoo come di consueto e non risciacquare con acqua calda.<\/li>\n<\/ul>","protected":false},"featured_media":8296,"template":"","meta":[],"product_brand":[],"product_cat":[27],"product_tag":[],"class_list":{"0":"post-8295","1":"product","2":"type-product","3":"status-publish","4":"has-post-thumbnail","6":"product_cat-bien-etre","8":"first","9":"instock","10":"shipping-taxable","11":"purchasable","12":"product-type-simple"},"_links":{"self":[{"href":"https:\/\/1001vertus.com\/it\/wp-json\/wp\/v2\/product\/8295","targetHints":{"allow":["GET"]}}],"collection":[{"href":"https:\/\/1001vertus.com\/it\/wp-json\/wp\/v2\/product"}],"about":[{"href":"https:\/\/1001vertus.com\/it\/wp-json\/wp\/v2\/types\/product"}],"wp:featuredmedia":[{"embeddable":true,"href":"https:\/\/1001vertus.com\/it\/wp-json\/wp\/v2\/media\/8296"}],"wp:attachment":[{"href":"https:\/\/1001vertus.com\/it\/wp-json\/wp\/v2\/media?parent=8295"}],"wp:term":[{"taxonomy":"product_brand","embeddable":true,"href":"https:\/\/1001vertus.com\/it\/wp-json\/wp\/v2\/product_brand?post=8295"},{"taxonomy":"product_cat","embeddable":true,"href":"https:\/\/1001vertus.com\/it\/wp-json\/wp\/v2\/product_cat?post=8295"},{"taxonomy":"product_tag","embeddable":true,"href":"https:\/\/1001vertus.com\/it\/wp-json\/wp\/v2\/product_tag?post=8295"}],"curies":[{"name":"wp","href":"https:\/\/api.w.org\/{rel}","templated":true}]}}