{"id":812,"date":"2018-09-02T14:00:59","date_gmt":"2018-09-02T14:00:59","guid":{"rendered":"https:\/\/1001vertus.com\/?post_type=product&#038;p=812"},"modified":"2026-01-12T20:32:20","modified_gmt":"2026-01-12T19:32:20","slug":"olio-di-ricino-biologico","status":"publish","type":"product","link":"https:\/\/1001vertus.com\/it\/produit\/huile-de-ricin-bio\/","title":{"rendered":"Olio di ricino biologico e certificato Ecocert"},"content":{"rendered":"<p class=\"western\" align=\"justify\"><span style=\"font-family: Arial, sans-serif;\">L&rsquo;huile de ricin ou \u00ab\u00a0huile de castor\u00a0\u00bb est issue des graines du <em>Ricinus communis<\/em>. Cette plante est ornementale dans nos r\u00e9gions, cependant elle peut atteindre une dizaine de m\u00e8tres dans les r\u00e9gions tropicales et subtropicales. Son fruit, caract\u00e9ristique, est recouvert de piquants verts ou rouges selon la maturit\u00e9. En m\u00fbrissant, la coque s\u00e8che et s&rsquo;ouvre laissant appara\u00eetre 3 graines riches en huile.<\/span><\/p>\n<p class=\"western\" align=\"justify\"><span style=\"font-family: Arial, sans-serif;\">L&rsquo;huile de ricin, obtenue par pression \u00e0 froid, est caract\u00e9ris\u00e9e par une viscosit\u00e9 tr\u00e8s \u00e9lev\u00e9e (c&rsquo;est d\u2019ailleurs l&rsquo;huile v\u00e9g\u00e9tale la plus dense). <\/span><\/p>\n<p class=\"western\" align=\"justify\"><span style=\"font-family: Arial, sans-serif;\">Son acide gras sp\u00e9cifique, l&rsquo;acide ricinol\u00e9ique, fait de cette huile un soin beaut\u00e9 aux vertus \u00e9tonnantes connues depuis l&rsquo;Antiquit\u00e9 puisque Cl\u00e9op\u00e2tre l&rsquo;aurait utilis\u00e9 comme d\u00e9maquillant.\u00a0<\/span><\/p>\n<p class=\"western\" align=\"justify\"><span style=\"font-family: Arial, sans-serif;\"><u><b>VITALIT\u00c0 :<br \/>\n<\/b><\/u><\/span><\/p>\n<p class=\"western\" align=\"justify\"><span style=\"font-family: Arial, sans-serif;\"><u><b>Utilisation de l&rsquo;huile v\u00e9g\u00e9tale de ricin pour la peau :<\/b><\/u><\/span><\/p>\n<ul>\n<li>\n<p class=\"western\" align=\"justify\"><span style=\"font-family: Arial, sans-serif;\">Elle apaise les peaux d\u00e9licates et sujettes \u00e0 inconfort par son action adoucissante et r\u00e9paratrice. <\/span><\/p>\n<\/li>\n<li>\n<p class=\"western\" align=\"justify\"><span style=\"font-family: Arial, sans-serif;\">Elle est r\u00e9put\u00e9e pour avoir une action contre les taches brunes du visage et des mains. <\/span><\/p>\n<\/li>\n<\/ul>\n<p>&nbsp;<\/p>\n<p align=\"justify\"><span style=\"font-family: Arial, sans-serif;\"><u><b>Utilisation de l&rsquo;huile v\u00e9g\u00e9tale de ricin pour les cheveux :<\/b><\/u><\/span><\/p>\n<ul>\n<li>\n<p class=\"western\" align=\"justify\"><span style=\"font-family: Arial, sans-serif;\">R\u00e9put\u00e9e pour favoriser\u00a0la croissance des cheveux, des cils, de la barbe et des ongles<\/span><\/p>\n<\/li>\n<li>\n<p class=\"western\" align=\"justify\"><span style=\"font-family: Arial, sans-serif;\">Rafforza capelli, unghie e ciglia.<\/span><\/p>\n<\/li>\n<li>\n<p class=\"western\" align=\"justify\"><span style=\"font-family: Arial, sans-serif;\">Gaine\u00a0et nourrit les cheveux ab\u00eem\u00e9s et maltrait\u00e9s par les permanentes, d\u00e9colorations&#8230;<\/span><\/p>\n<\/li>\n<\/ul>\n<p class=\"western\" align=\"justify\"><span style=\"font-family: Arial, sans-serif;\">En raison de son effet laxatif et purgatif violent, cette huile doit \u00eatre r\u00e9serv\u00e9e \u00e0 un usage cosm\u00e9tique externe.<\/span><\/p>\n<p class=\"western\" align=\"justify\"><span style=\"font-family: Arial, sans-serif;\"><u><b>Attention\u00a0:<\/b><\/u><\/span> <span style=\"font-family: Arial, sans-serif;\">ne pas avaler et tenir hors de port\u00e9e des enfants.<\/span><b> <\/b><\/p>\n<p><u><b>Ingredienti INCI :<\/b><\/u><\/p>\n<p><span style=\"font-family: Liberation Sans, sans-serif;\"><span style=\"font-size: medium;\"><span style=\"color: #00000a;\">Ricinus communis<\/span><span style=\"color: #00000a;\"> seme <\/span><span style=\"color: #00000a;\">o<\/span><span style=\"color: #00000a;\">(vergine <\/span><span style=\"color: #00000a;\">ricino<\/span><span style=\"color: #00000a;\">)<\/span><\/span><\/span><\/p>\n<p><u><b>Origine :<\/b><\/u> <span style=\"color: #00000a;\"><span style=\"font-family: Liberation Sans, sans-serif;\"><span style=\"font-size: medium;\">India<\/span><\/span><\/span><\/p>\n<p class=\"western\" align=\"justify\"><span style=\"font-family: Arial, sans-serif;\"><br \/>\n<\/span><span style=\"font-family: Arial, sans-serif;\"><i>Disponible en format 50ml (bouteille cosm\u00e9tique), 100ml (bouteille \u00ab\u00a0marasca\u00a0\u00bb) ou 900ml (bouteille en plastique).<\/i><\/span><i> <\/i><\/p>","protected":false},"excerpt":{"rendered":"<p class=\"western\" align=\"justify\"><span style=\"font-family: Arial, sans-serif;\">L\u2019huile de ricin est tr\u00e8s r\u00e9put\u00e9e pour fortifier les cheveux, les ongles, la barbe et les cils. Parfaite pour r\u00e9parer et nourrir les cheveux secs, d\u00e9vitalis\u00e9s, fourchus, cassants ou cr\u00e9pus, elle est aussi r\u00e9put\u00e9e pour en favoriser la pousse.<\/span><\/p>\n<p class=\"western\" align=\"justify\"><span style=\"font-family: Arial, sans-serif;\">Il nostro olio <\/span><span style=\"font-family: Arial, sans-serif;\">100\u00a0% pure et naturelle es<\/span><span style=\"font-family: Arial, sans-serif;\">t certifi\u00e9e BIO et Ecocert.<\/span><\/p>","protected":false},"featured_media":4243,"template":"","meta":[],"product_brand":[],"product_cat":[15,27],"product_tag":[],"class_list":{"0":"post-812","1":"product","2":"type-product","3":"status-publish","4":"has-post-thumbnail","6":"product_cat-huiles-bio","7":"product_cat-bien-etre","9":"first","10":"instock","11":"shipping-taxable","12":"purchasable","13":"product-type-variable"},"_links":{"self":[{"href":"https:\/\/1001vertus.com\/it\/wp-json\/wp\/v2\/product\/812","targetHints":{"allow":["GET"]}}],"collection":[{"href":"https:\/\/1001vertus.com\/it\/wp-json\/wp\/v2\/product"}],"about":[{"href":"https:\/\/1001vertus.com\/it\/wp-json\/wp\/v2\/types\/product"}],"wp:featuredmedia":[{"embeddable":true,"href":"https:\/\/1001vertus.com\/it\/wp-json\/wp\/v2\/media\/4243"}],"wp:attachment":[{"href":"https:\/\/1001vertus.com\/it\/wp-json\/wp\/v2\/media?parent=812"}],"wp:term":[{"taxonomy":"product_brand","embeddable":true,"href":"https:\/\/1001vertus.com\/it\/wp-json\/wp\/v2\/product_brand?post=812"},{"taxonomy":"product_cat","embeddable":true,"href":"https:\/\/1001vertus.com\/it\/wp-json\/wp\/v2\/product_cat?post=812"},{"taxonomy":"product_tag","embeddable":true,"href":"https:\/\/1001vertus.com\/it\/wp-json\/wp\/v2\/product_tag?post=812"}],"curies":[{"name":"wp","href":"https:\/\/api.w.org\/{rel}","templated":true}]}}