{"id":8018,"date":"2023-01-14T13:53:18","date_gmt":"2023-01-14T12:53:18","guid":{"rendered":"https:\/\/1001vertus.com\/?post_type=product&#038;p=8018"},"modified":"2025-09-01T19:31:02","modified_gmt":"2025-09-01T18:31:02","slug":"muschio-intimo-tahara","status":"publish","type":"product","link":"https:\/\/1001vertus.com\/it\/produit\/musc-intime-tahara\/","title":{"rendered":"Muschio intimo (Musk white tahara)"},"content":{"rendered":"<p><strong>Le <a href=\"https:\/\/www.musc-tahara-intime.com\/\" target=\"_blank\" rel=\"noopener\">musc Tahara<\/a> ou musc blanc est le musc intime de r\u00e9f\u00e9rence.<\/strong>\u00a0D&rsquo;autant plus pour les femmes musulmanes, il fait partie int\u00e9grante des gestes sounnah. Nous vous parlons en d\u00e9tail de\u00a0<strong>ce petit tr\u00e9sor parfum\u00e9, en tant que musc intime notamment mais pas seulement<\/strong>.\u00a0<strong>Tour d&rsquo;horizon du musc Tahara tant renomm\u00e9.<\/strong><\/p>\n<h2><strong>Qu&rsquo;est-ce que le musc blanc ?<\/strong><\/h2>\n<p>Le musc tient son original d&rsquo;un animal. En effet, traditionnellement\u00a0<b>le musc est une substance <\/b><span style=\"font-size: 14.4px;\"><b>s\u00e9cr\u00e9t\u00e9e<\/b><\/span><b> par une glande d&rsquo;un animal qui porte le nom de chevrotin ou cerf porte-musc.<\/b><\/p>\n<p>Le musc blanc \u00e9tait d&rsquo;ailleurs appel\u00e9 initialement \u00ab\u00a0musc animal\u00a0\u00bb. L&rsquo;objectif \u00e9tait donc de\u00a0<strong>r\u00e9cup\u00e9rer la substance s\u00e9cr\u00e9t\u00e9e par le chevrotin originaire d&rsquo;Asie ou de l&rsquo;Himalaya pour profiter de cette puissante fragrance.<\/strong><\/p>\n<p>C&rsquo;est \u00e0 la fin du 19\u00e8me si\u00e8cle, que le musc Tahara prend le nom de musc blanc. Aujourd&rsquo;hui<strong>\u00a0le musc blanc tient son origine de la recherche organique et est donc bas\u00e9 sur une mol\u00e9cule de synth\u00e8se.<\/strong>\u00a0Dans le domaine de la parfumerie, actuel, le musc blanc d\u00e9signe toute une famille enti\u00e8re d&rsquo;odeurs. Mais alors pourquoi l&rsquo;appelle ton aussi musc Tahara ?<\/p>\n<h2><strong>Pourquoi appelle-t-on le musc blanc, musc Tahara ?<\/strong><\/h2>\n<p>C&rsquo;est dans le cadre de l&rsquo;Islam que le nom musc Tahara prend tout son sens. En effet,\u00a0<strong>Le mot Tahara signifie en arabe purification.<\/strong>\u00a0Ainsi, on doit cette appellation au fait que ce musc blanc en particulier est<strong>\u00a0recommand\u00e9 d&rsquo;\u00eatre appliqu\u00e9 au moment de se purifier.<\/strong>\u00a0<strong>Lors de la toilette intime en particulier.<\/strong><\/p>\n<p>Le musc Tahara se d\u00e9posera d\u00e9licatement sur\u00a0<strong>un tissu humide afin de parfumer ses parties intimes, dans le cadre d&rsquo;un usage externe.<\/strong><\/p>\n<p>Ce geste est \u00e0 la base une coutume irrit\u00e9e de la p\u00e9riode ant\u00e9islamique, bien que\u00a0ce geste\u00a0<strong>sera perp\u00e9tu\u00e9 dans la sounnah de notre noble Messager\u00a0<\/strong><strong>\ufdfa<\/strong><strong>.<\/strong>\u00a0En effet,\u00a0<strong>les femmes de l&rsquo;\u00e9poque avaient pour tradition de se purifier en appliquant le fameux musc blanc<\/strong>\u00a0apr\u00e8s leurs menstrues. On vous donne des d\u00e9tails.<\/p>\n<h2><strong>Musc Tahara aussi appel\u00e9 musc intime, on vous explique pourquoi<\/strong><\/h2>\n<p>L&rsquo;islam a donc voulu que l&rsquo;on conserve c<strong>e geste comme venant parfaire l&rsquo;acte de se purifier.<\/strong>\u00a0En effet, lorsque la p\u00e9riode d&rsquo;am\u00e9norrh\u00e9es se termine, la femme doit nettoyer ses parties intimes avec un tissu parfum\u00e9. Et ceci dans<strong>\u00a0le but d&rsquo;enlever l\u2019odeur forte du sang de la p\u00e9riode qui vient de s&rsquo;\u00e9couler.<\/strong>\u00a0A cela pour preuve, nous citerons le hadith de r\u00e9f\u00e9rence suivant ou le proph\u00e8te\u00a0<strong>\ufdfa <\/strong>r\u00e9pond \u00e0 une femme qui l&rsquo;a questionner aux sujet des grandes ablutions :\u00a0<strong>\u00ab prend un tissu parfum\u00e9 et purifie-toi avec \u00bb<\/strong><\/p>\n<p>(rapport\u00e9 par Al-Bukhari). Ceci fait partie du bon comportement \u00e0 adopter.<\/p>\n<p>Et le proph\u00e8te\u00a0<strong>\ufdfa<\/strong><strong>\u00a0l\u2019a<\/strong>\u00a0donc orient\u00e9 vers le musc en particulier. Et nous noterons que c&rsquo;est le musc Tahara s\u2019y pr\u00eate le mieux. D&rsquo;o\u00f9 son appellation, somme toute, logique, de musc intime. Par, notamment<strong>\u00a0son excellente tenue et la puissance de son effluve.<\/strong>\u00a0Ses notes de fond\u00a0<strong>vont amener un parfum frais, en plus d&rsquo;att\u00e9nuer les odeurs que la femme souhaitera dissimuler.<\/strong>\u00a0Le musc est donc de toute \u00e9vidence une r\u00e9f\u00e9rence en termes de parfum pour les musulmans.<\/p>\n<h2><strong>Le musc le parfum musulman par excellence<\/strong><\/h2>\n<p>On retrouve premi\u00e8rement, le musc bien souvent cit\u00e9, dans la Noble Parole du Tr\u00e8s Haut et Tout Puissant Cr\u00e9ateur. En effet, bien des fois,\u00a0<strong>le Seigneur des Mondes fait r\u00e9f\u00e9rence au musc pour justifier l&rsquo;excellence de l&rsquo;odeur ou du go\u00fbt dont il nous parle<\/strong>. Ainsi Allah nous dit, dans la sourate Al-Mutaffifin, au sujet de la fontaine Tasnim, au paradis, selon la traduction des sens des versets 25 et 26 :<strong>\u00a0\u00a0\u00bb On leur sert \u00e0 boire un nectar pur, cachet\u00e9, laissant un arri\u00e8re-go\u00fbt de musc.<\/strong>\u00a0Que ceux qui la convoitent entrent en comp\u00e9tition [pour l&rsquo;acqu\u00e9rir]\u00a0\u00bb. Ainsi le musc est\u00a0<strong>une r\u00e9f\u00e9rence en termes d&rsquo;odeurs et d&rsquo;ar\u00f4mes pour le croyant.\u00a0<\/strong><\/p>\n<p>De m\u00eame, le musc est\u00a0<strong>une <a href=\"https:\/\/1001vertus.com\/produit\/siwak-la-brosse-a-dent-100-naturelle\/\">tradition proph\u00e9tique<\/a> av\u00e9r\u00e9.<\/strong> En effet, l&rsquo;on rapporte d&rsquo;apr\u00e8s Abou Sa&rsquo;id Al Khoudri que le Proph\u00e8te (paix et b\u00e9n\u00e9diction sur lui) a dit : \u00ab <strong>Le musc fait partie de vos meilleurs parfums \u00bb.<\/strong>\u00a0(Rapport\u00e9 par Nasai et authentifi\u00e9 par Cheikh Albani dans Sahih Al Jami n\u00b05914).<\/p>\n<p>Le proph\u00e8te\u00a0<strong>\ufdfa<\/strong>\u00a0en appliquait d\u00e8s qu&rsquo;il en avait l\u2019occasion. En effet, les compagnons \u00e9voquent constamment\u00a0<strong>une odeur de musc qui \u00e9manait de lui\u00a0<\/strong><strong>\ufdfa<\/strong><strong>,<\/strong>\u00a0jusque dans sa sueur disaient-ils.<\/p>\n<p>Et\u00a0<strong>parmi le meilleur des parfums qui est le musc, le meilleur des muscs est le musc blanc.<\/strong>\u00a0Enfin, il est important de pr\u00e9ciser qu&rsquo;on en profite en tant que toilette intime, mais pas seulement !<\/p>\n<p><strong>Le musc Tahara comme musc intime mais pas seulement !<\/strong><\/p>\n<p>En effet, si le musc Tahara est si populaire c&rsquo;est pour la double utilit\u00e9 qu&rsquo;on lui conf\u00e8re. En effet,<strong>\u00a0au-del\u00e0 de son utilisation pour la toilette intime, le musc blanc peut s&rsquo;utiliser tout autant comme un parfum classique.<\/strong>\u00a0La\u00a0<strong>d\u00e9licatesse et la fraicheur de son odeur \u00e0 l&rsquo;avantage de s\u00e9duire un public aussi bien f\u00e9minin que masculin.<\/strong>\u00a0C&rsquo;est ainsi qu&rsquo;il est le musc le plus pris\u00e9 des cr\u00e9ateurs de bijoux parfum\u00e9. Il d\u00e9tient des caract\u00e9ristiques qui lui sont propres et qui s\u00e9duisent par leurs originalit\u00e9s. On vous donne les d\u00e9tails de ce parfum pas comme les autres.<\/p>\n<h2><strong>Les caract\u00e9ristiques sp\u00e9cifiques du Musc intime Blanc<\/strong><\/h2>\n<p>En effet,\u00a0<strong>m\u00eame si il s&rsquo;utilise comme un parfum classique, le musc blanc ne l&rsquo;est pas vraiment.<\/strong>\u00a0Il est bien plus original et extraordinaire notamment par<strong>\u00a0son onctueux aspect.<\/strong>\u00a0C&rsquo;est un parfum<strong>\u00a0tr\u00e8s concentr\u00e9 avec une texture \u00e9paisse<\/strong>\u00a0un peu \u00e0 l&rsquo;allure de lotion qui vous attend.<\/p>\n<p>D&rsquo;ailleurs c&rsquo;est pour cette caract\u00e9ristique principalement qu&rsquo;on l&rsquo;utilise pour parfumer bien d&rsquo;autres produits cosm\u00e9tiques. En effet, il peut tout \u00e0 fait, par son aspect, venir\u00a0<strong>s&rsquo;ajouter \u00e0 une brume ou \u00e0 votre cr\u00e8me.<\/strong><\/p>\n<p>Et c&rsquo;est dans ce sens que les parfumeurs et cr\u00e9ateur de cosm\u00e9tiques, ont compris la merveille qui sommeille en lui. En outre, le musc blanc est\u00a0<strong>la seule senteur capable d\u2019\u00eatre m\u00e9lang\u00e9e avec toutes les autres fragrances sur le march\u00e9.<\/strong>\u00a0En effet, il s&rsquo;y pr\u00eate parfaitement, par son odeur, et sa consistance notamment. Il ne vous reste plus qu&rsquo;a le tester pour finalement que constater, l&rsquo;onctuosit\u00e9 et la profondeur de ce parfum renomm\u00e9. Voyons, avant de se quitter, comme bien l&rsquo;utiliser.<\/p>\n<h3><strong>Appliquer votre musc intime<\/strong><\/h3>\n<p>En utilisation de parfum classique, rien de diff\u00e9rents de vos parfums quotidiens,\u00a0<strong>le musc blanc s&rsquo;appliquera sur les points de pulsation pour en d\u00e9gager toute son efficacit\u00e9.<\/strong>\u00a0On note, cependant, qu&rsquo;aux vues de sa mati\u00e8re cr\u00e9meuse, il faudra le doser avec l\u00e9g\u00e8ret\u00e9 et le masser \u00e0 l&rsquo;instar d&rsquo;une cr\u00e8me sur la zone ou vous l&rsquo;appliquer.<\/p>\n<p><strong>En tant que musc intime, il est recommand\u00e9 de l&rsquo;appliquer sur une zone propre et s\u00e8che, \u00e0 l&rsquo;aide d&rsquo;un carr\u00e9 de tissu propre ou d&rsquo;un coton sur lequel on aura appos\u00e9 quelques gouttes du musc susmentionn\u00e9.<\/strong>\u00a0On rappelle que vous devez l&rsquo;appliquez d\u00e9licatement sur l&rsquo;ext\u00e9rieur des parties intimes uniquement. Et en \u00e9vitant les muqueuses soit dit en passant. Ainsi vous pourrez ainsi profiter d&rsquo;une\u00a0<strong>fragrance fraiche et agr\u00e9able toute la journ\u00e9e.<\/strong><\/p>\n","protected":false},"excerpt":{"rendered":"<p>Le musc Tahara ou musc blanc est le musc intime de r\u00e9f\u00e9rence.\u00a0D&rsquo;autant plus pour les femmes musulmanes, il fait partie int\u00e9grante des gestes sounnah. Nous vous parlons en d\u00e9tail de\u00a0ce petit tr\u00e9sor parfum\u00e9, en tant que musc intime notamment mais pas seulement.\u00a0Tour d&rsquo;horizon du musc Tahara tant renomm\u00e9. Qu&rsquo;est-ce que le musc blanc ? Le [&#8230;]\n","protected":false},"featured_media":8022,"template":"","meta":[],"product_brand":[],"product_cat":[27],"product_tag":[],"class_list":{"0":"post-8018","1":"product","2":"type-product","3":"status-publish","4":"has-post-thumbnail","6":"product_cat-bien-etre","8":"first","9":"instock","10":"shipping-taxable","11":"purchasable","12":"product-type-variable"},"_links":{"self":[{"href":"https:\/\/1001vertus.com\/it\/wp-json\/wp\/v2\/product\/8018","targetHints":{"allow":["GET"]}}],"collection":[{"href":"https:\/\/1001vertus.com\/it\/wp-json\/wp\/v2\/product"}],"about":[{"href":"https:\/\/1001vertus.com\/it\/wp-json\/wp\/v2\/types\/product"}],"wp:featuredmedia":[{"embeddable":true,"href":"https:\/\/1001vertus.com\/it\/wp-json\/wp\/v2\/media\/8022"}],"wp:attachment":[{"href":"https:\/\/1001vertus.com\/it\/wp-json\/wp\/v2\/media?parent=8018"}],"wp:term":[{"taxonomy":"product_brand","embeddable":true,"href":"https:\/\/1001vertus.com\/it\/wp-json\/wp\/v2\/product_brand?post=8018"},{"taxonomy":"product_cat","embeddable":true,"href":"https:\/\/1001vertus.com\/it\/wp-json\/wp\/v2\/product_cat?post=8018"},{"taxonomy":"product_tag","embeddable":true,"href":"https:\/\/1001vertus.com\/it\/wp-json\/wp\/v2\/product_tag?post=8018"}],"curies":[{"name":"wp","href":"https:\/\/api.w.org\/{rel}","templated":true}]}}