{"id":793,"date":"2018-09-01T12:10:22","date_gmt":"2018-09-01T11:10:22","guid":{"rendered":"https:\/\/1001vertus.com\/?post_type=product&#038;p=793"},"modified":"2023-08-04T18:33:03","modified_gmt":"2023-08-04T17:33:03","slug":"olio-cosmetico-dargan-certificato-biologico-ed-ecocert","status":"publish","type":"product","link":"https:\/\/1001vertus.com\/it\/produit\/huile-dargan-cosmetique-certifiee-bio-et-ecocert\/","title":{"rendered":"Olio di argan cosmetico biologico e certificato Ecocert"},"content":{"rendered":"<p class=\"western\" align=\"justify\"><span style=\"font-family: Arial, sans-serif;\">Par son action apaisante et relipidante, l&rsquo;huile d&rsquo;argan est tr\u00e8s appr\u00e9ci\u00e9<\/span><span style=\"font-family: Arial, sans-serif;\">e di <\/span><span style=\"font-family: Arial, sans-serif;\"><span lang=\"zxx\">peaux s\u00e8ches<\/span><\/span><span style=\"font-family: Arial, sans-serif;\">. C&rsquo;est aussi l&rsquo;alli\u00e9 des <\/span><span style=\"font-family: Arial, sans-serif;\"><span lang=\"zxx\">pelle matura<\/span><\/span><span style=\"font-family: Arial, sans-serif;\">, gr\u00e2ce \u00e0 son action revitalisante, cicatrisante et <\/span><a class=\"western\" href=\"https:\/\/www.topsante.com\/nutrition-et-recettes\/equilibre-alimentaire\/antioxydants\" target=\"_blank\" rel=\"noopener noreferrer\"><span style=\"color: #000000;\"><span style=\"font-family: Arial, sans-serif;\">antiossidante<\/span><\/span><\/a><span style=\"font-family: Arial, sans-serif;\"> ma <\/span><span style=\"font-family: Arial, sans-serif;\">convient \u00e0 toutes les peaux. <\/span><\/p>\n<p class=\"western\" align=\"justify\"><span style=\"font-family: Arial, sans-serif;\">De plus, elle prot\u00e8ge les <\/span><span style=\"font-family: Arial, sans-serif;\"><span lang=\"zxx\">capelli<\/span><\/span><span style=\"font-family: Arial, sans-serif;\"> de la s\u00e9cheresse et prolonge l&rsquo;\u00e9clat des <\/span><span style=\"font-family: Arial, sans-serif;\"><span lang=\"zxx\">colori<\/span><\/span><span style=\"font-family: Arial, sans-serif;\">.<\/span><\/p>\n<p class=\"western\" align=\"justify\"><span style=\"font-family: Arial, sans-serif;\">Elle est ainsi devenue un ingr\u00e9dient incontournable en cosm\u00e9tique.<\/span><\/p>\n<h2 class=\"western\" align=\"justify\"><span style=\"font-family: Arial, sans-serif;\"><span style=\"font-size: medium;\"><u>Alimentaire ou cosm\u00e9tique\u00a0? Deux proc\u00e9d\u00e9s d\u2019extraction, deux usages<\/u><\/span><\/span><\/h2>\n<p align=\"justify\"><span style=\"color: #000000;\"><span style=\"font-family: Arial, sans-serif;\">L'<\/span><\/span><span style=\"color: #000000;\"><span style=\"font-family: Arial, sans-serif;\">Olio di argan per alimenti<\/span><\/span><span style=\"color: #000000;\"><span style=\"font-family: Arial, sans-serif;\"> et l\u2019<\/span><\/span><span style=\"color: #000000;\"><span style=\"font-family: Arial, sans-serif;\">huile d\u2019argan cosm\u00e9tique<\/span><\/span><span style=\"color: #000000;\"><span style=\"font-family: Arial, sans-serif;\">sono due <\/span><\/span><span style=\"color: #000000;\"><span style=\"font-family: Arial, sans-serif;\">oli<\/span><\/span> <span style=\"color: #000000;\"><span style=\"font-family: Arial, sans-serif;\">extraites du m\u00eame fruit : l\u2019amendon contenu dans la noix d\u2019arganier. Seule diff\u00e9rence, le <\/span><\/span><span style=\"color: #000000;\"><span style=\"font-family: Arial, sans-serif;\">proc\u00e9d\u00e9 d\u2019extraction<\/span><\/span><span style=\"color: #000000;\"><span style=\"font-family: Arial, sans-serif;\"> qui diff\u00e8re l\u00e9g\u00e8rement : les amendons seront torr\u00e9fi\u00e9s pour une huile alimentaire et non torr\u00e9fi\u00e9s pour une huile cosm\u00e9tique. Attention donc \u00e0 bien la choisir selon le besoin recherch\u00e9. L\u2019argan cosm\u00e9tique est plus ch\u00e8re en raison de son mode de fabrication plus complexe.<\/span><\/span><\/p>\n<p align=\"justify\"><span style=\"color: #000000;\"><span style=\"font-family: Arial, sans-serif;\">L'<\/span><\/span><span style=\"color: #000000;\"><span style=\"font-family: Arial, sans-serif;\">huile d\u2019argan cosm\u00e9tique<\/span><\/span><span style=\"color: #000000;\"><span style=\"font-family: Arial, sans-serif;\"> \u00e8 praticamente inodore <\/span><\/span><span style=\"font-family: Arial, sans-serif;\">et plus claire que l\u2019alimentaire. Le rendement de\u00a0 l&rsquo;huile cosm\u00e9tique est plus faible que celle alimentaire car il est plus difficile d\u2019extraire de l\u2019huile \u00e0 partir d\u2019un amendon \u00e0 froid. Cela explique en partie son prix \u00e9lev\u00e9. De plus, il faut \u00e0 peu pr\u00e8s 6 \u00e0 7 arganiers pour produire 1 litre d&rsquo;huile d&rsquo;argan, sachant qu&rsquo;un arbre repr\u00e9sente en moyenne 6 \u00e0 8 kilos de noix. C&rsquo;est pour cette raison qu&rsquo;elle est consid\u00e9r\u00e9e comme pr\u00e9cieuse.<\/span><\/p>\n<h3 class=\"western\" align=\"justify\"><span style=\"font-family: Arial, sans-serif;\"><u><b>VIRT\u00d9 DELL'OLIO DI ARGAN :<br \/>\n<\/b><\/u><\/span><\/h3>\n<h4 class=\"western\" align=\"justify\"><span style=\"font-family: Arial, sans-serif;\"><u>Utilizzo sulla pelle :<\/u><\/span><\/h4>\n<ul>\n<li>\n<p class=\"western\" align=\"justify\"><span style=\"font-family: Arial, sans-serif;\">Tonifiante et assouplissante : elle redonne \u00e9lasticit\u00e9 et souplesse \u00e0 la peau,<\/span><\/p>\n<\/li>\n<li>\n<p class=\"western\" align=\"justify\"><span style=\"font-family: Arial, sans-serif;\">Riche en antioxydants\u00a0: elle neutralise les radicaux libres et lutte contre les signes du vieillissement cutan\u00e9.<\/span><\/p>\n<\/li>\n<li>\n<p class=\"western\" align=\"justify\"><span style=\"font-family: Arial, sans-serif;\">Extr\u00eamement nourrissante et r\u00e9paratrice, elle aide \u00e0 r\u00e9g\u00e9n\u00e9rer le film hydrolipidique cutan\u00e9,<\/span><\/p>\n<\/li>\n<li>\n<p class=\"western\" align=\"justify\"><span style=\"font-family: Arial, sans-serif;\">Protectrice cutan\u00e9e, elle limite les effets des agressions ext\u00e9rieures (froid, vent\u2026),<\/span><\/p>\n<\/li>\n<li>\n<p class=\"western\" align=\"justify\"><span style=\"font-family: Arial, sans-serif;\">L<\/span><span style=\"font-family: Arial, sans-serif;\">utte contre certains probl\u00e8mes de peau : l&rsquo;acn\u00e9, les ger\u00e7ures, les br\u00fblures, traces de varicelle,<\/span><\/p>\n<\/li>\n<li>\n<p class=\"western\" align=\"justify\"><span style=\"font-family: Arial, sans-serif;\">Pr\u00e9vient les vergetures chez la femme enceinte (massage quotidien),<\/span><\/p>\n<\/li>\n<li>\n<p class=\"western\" align=\"justify\"><span style=\"font-family: Arial, sans-serif;\">Lenisce le zone sensibili (muscoli, schiena, gambe pesanti) e allevia il dolore. <\/span><strong><span style=\"font-family: Arial, sans-serif;\">giunti <\/span><\/strong><span style=\"font-family: Arial, sans-serif;\">(massaggio).<\/span><\/p>\n<\/li>\n<\/ul>\n<p>&nbsp;<\/p>\n<h4 align=\"justify\"><span style=\"font-family: Arial, sans-serif;\"><u>Utilizzo <\/u><\/span><span style=\"font-family: Arial, sans-serif;\"><u>in<\/u><\/span><span style=\"font-family: Arial, sans-serif;\"><u>su capelli e unghie:<\/u><\/span><\/h4>\n<ul>\n<li>\n<p class=\"western\" align=\"justify\"><span style=\"font-family: Arial, sans-serif;\">Donne brillance et \u00e9clat aux cheveux ternes et fatigu\u00e9s ,<\/span><\/p>\n<\/li>\n<li>\n<p class=\"western\" align=\"justify\"><span style=\"font-family: Arial, sans-serif;\">Perfetto per <\/span><span style=\"font-family: Arial, sans-serif;\"><span lang=\"zxx\">cheveux ab\u00eem\u00e9s<\/span><\/span><span style=\"font-family: Arial, sans-serif;\">L'olio di argan nutre i capelli in profondit\u00e0 e li rende molto pi\u00f9 morbidi,<\/span><\/p>\n<\/li>\n<li>\n<p class=\"western\" align=\"justify\"><span style=\"font-family: Arial, sans-serif;\">Prolonge l&rsquo;\u00e9clat des <\/span><strong><span style=\"font-family: Arial, sans-serif;\"><span lang=\"zxx\">colori,<\/span><\/span><\/strong><\/p>\n<\/li>\n<li>\n<p class=\"western\" align=\"justify\"><span style=\"font-family: Arial, sans-serif;\">Rinforza le unghie fragili,<\/span><span style=\"font-family: Arial, sans-serif;\"> d\u00e9doubl\u00e9s ou mous.<\/span><\/p>\n<\/li>\n<\/ul>\n<p align=\"justify\"><span style=\"font-family: Arial, sans-serif;\">\u00a0<\/span><\/p>\n<p><span style=\"font-family: Liberation Sans, sans-serif;\"><u><b>Ingredienti INCI :<\/b><\/u><\/span><\/p>\n<p><span style=\"color: #00000a;\"><span style=\"font-family: Liberation Sans, sans-serif;\"><span style=\"font-size: medium;\">Huile d\u2019argan cosm\u00e9tique<\/span><\/span><\/span><\/p>\n<p><span style=\"font-family: Liberation Sans, sans-serif;\"><u><b>Origine :<\/b><\/u> <span style=\"font-size: medium;\">Marocco<\/span><\/span><\/p>","protected":false},"excerpt":{"rendered":"<p class=\"western\" align=\"justify\"><span style=\"font-family: Arial, sans-serif;\">L\u2019huile v\u00e9g\u00e9tale d\u2019argan cosm\u00e9tique est extraite par pression \u00e0 froid des fruits de l&rsquo;arganier, cet arbre qui pousse principalement dans le sud-ouest du Maroc.<\/span><\/p>\n<p class=\"western\" align=\"justify\"><span style=\"font-family: Arial, sans-serif;\">Rest\u00e9e le secret de beaut\u00e9 des Marocaines pendant des si\u00e8cles, cette huile mondialement pl\u00e9biscit\u00e9e nous est maintenant devenue famili\u00e8re.<\/span><i> <\/i><span style=\"color: #000000;\"><span style=\"font-family: Arial, sans-serif;\">Les Berb\u00e8res avaient l&rsquo;habitude d&rsquo;appliquer cet \u00e9lixir sur leur visage pour se prot\u00e9ger du vent agressif du d\u00e9sert. Ils la consommaient aussi pour soigner les <\/span><\/span><span style=\"color: #000000;\"><span style=\"font-family: Arial, sans-serif;\">malattie cardiovascolari<\/span><\/span><span style=\"color: #000000;\"><span style=\"font-family: Arial, sans-serif;\">. <\/span><\/span><\/p>\n<p class=\"western\" align=\"justify\"><span style=\"font-family: Arial, sans-serif;\">Dans les ann\u00e9es 2000, l&rsquo;huile d&rsquo;argan acquiert une nouvelle notori\u00e9t\u00e9 gr\u00e2ce \u00e0 des \u00e9tudes qui mettent en avant ses nombreuses propri\u00e9t\u00e9s. <\/span><\/p>","protected":false},"featured_media":2354,"template":"","meta":[],"product_brand":[],"product_cat":[15,27],"product_tag":[],"class_list":{"0":"post-793","1":"product","2":"type-product","3":"status-publish","4":"has-post-thumbnail","6":"product_cat-huiles-bio","7":"product_cat-bien-etre","9":"first","10":"instock","11":"shipping-taxable","12":"purchasable","13":"product-type-simple"},"_links":{"self":[{"href":"https:\/\/1001vertus.com\/it\/wp-json\/wp\/v2\/product\/793","targetHints":{"allow":["GET"]}}],"collection":[{"href":"https:\/\/1001vertus.com\/it\/wp-json\/wp\/v2\/product"}],"about":[{"href":"https:\/\/1001vertus.com\/it\/wp-json\/wp\/v2\/types\/product"}],"wp:featuredmedia":[{"embeddable":true,"href":"https:\/\/1001vertus.com\/it\/wp-json\/wp\/v2\/media\/2354"}],"wp:attachment":[{"href":"https:\/\/1001vertus.com\/it\/wp-json\/wp\/v2\/media?parent=793"}],"wp:term":[{"taxonomy":"product_brand","embeddable":true,"href":"https:\/\/1001vertus.com\/it\/wp-json\/wp\/v2\/product_brand?post=793"},{"taxonomy":"product_cat","embeddable":true,"href":"https:\/\/1001vertus.com\/it\/wp-json\/wp\/v2\/product_cat?post=793"},{"taxonomy":"product_tag","embeddable":true,"href":"https:\/\/1001vertus.com\/it\/wp-json\/wp\/v2\/product_tag?post=793"}],"curies":[{"name":"wp","href":"https:\/\/api.w.org\/{rel}","templated":true}]}}