{"id":790,"date":"2018-09-01T11:58:55","date_gmt":"2018-09-01T11:58:55","guid":{"rendered":"https:\/\/1001vertus.com\/?post_type=product&#038;p=790"},"modified":"2026-01-28T09:22:13","modified_gmt":"2026-01-28T08:22:13","slug":"olio-alimentare-dargan-certificato-biologico-ed-ecocert","status":"publish","type":"product","link":"https:\/\/1001vertus.com\/it\/produit\/huile-dargan-alimentaire-certifie-bio-et-ecocert\/","title":{"rendered":"Olio di argan biologico e certificato Ecocert per uso alimentare"},"content":{"rendered":"<p class=\"western\" align=\"justify\"><span style=\"font-family: Arial, sans-serif;\">Fortificante, dietetico (acidi grassi insaturi) e molto ricco di antiossidanti, l'olio di argan si consuma preferibilmente a crudo, come condimento. Si pu\u00f2 aggiungere un filo a piatti caldi (pasta fresca, couscous, verdure, carni alla griglia) ma un calore eccessivo ne altera le propriet\u00e0.<\/span><\/p>\n<p align=\"justify\"><span style=\"font-family: Arial, sans-serif;\">L'<\/span><span style=\"font-family: Arial, sans-serif;\"><span lang=\"zxx\">Olio di argan per alimenti<\/span><\/span><span style=\"font-family: Arial, sans-serif;\"> ha un caratteristico sapore di nocciola e un colore leggermente pi\u00f9 scuro rispetto alla variet\u00e0 cosmetica, che \u00e8 amara perch\u00e9 non viene tostata.<\/span><\/p>\n<p align=\"justify\"><span style=\"font-family: Arial, sans-serif;\">Si usa anche per preparare <a href=\"https:\/\/1001vertus.com\/it\/product\/mandorla-amlou\/\">amlou<\/a> (una miscela di olio di argan, polvere di mandorle e miele), un tonico noto come afrodisiaco, che pu\u00f2 essere consumato sul pane o sulle frittelle. Conosciuta comunemente come \"nutella berbera\", questa crema 100% naturale ha molte virt\u00f9 ed \u00e8 ora disponibile sul nostro sito web. <\/span><\/p>\n<h2 class=\"western\" align=\"justify\"><span style=\"font-family: Arial, sans-serif;\"><span style=\"font-size: medium;\">Come si cucina con l'olio di Argan? <\/span><\/span><\/h2>\n<p align=\"justify\"><span style=\"font-family: Arial, sans-serif;\">Se quest'olio \u00e8 costoso, \u00e8 soprattutto perch\u00e9 \u00e8 raro. Quindi \u00e8 meglio dimenticare i bagni di frittura e usare l'olio di argan con pi\u00f9 parsimonia. Tanto pi\u00f9 che \u00e8 preferibile a\u00a0<\/span><span style=\"font-family: Arial, sans-serif;\">mangiarlo crudo<\/span><span style=\"font-family: Arial, sans-serif;\">Con la cottura perde parte del suo sapore. Per questo motivo gli chef lo usano pi\u00f9 spesso per\u00a0<\/span><span style=\"font-family: Arial, sans-serif;\">stagione<\/span><span style=\"font-family: Arial, sans-serif;\">\u00a0i loro piatti perch\u00e9 aggiunge sapore e aroma.<\/span><\/p>\n<p align=\"justify\"><span style=\"font-family: Arial, sans-serif;\">L'olio di argan \u00e8 utilizzato soprattutto nelle ricette marocchine. Potete quindi utilizzarlo senza timore in\u00a0<\/span><span style=\"font-family: Arial, sans-serif;\">tajine<\/span><span style=\"font-family: Arial, sans-serif;\">\u00a0e altri\u00a0<\/span><span style=\"font-family: Arial, sans-serif;\">couscous<\/span><span style=\"font-family: Arial, sans-serif;\">. Si abbina molto bene con\u00a0<\/span><span style=\"font-family: Arial, sans-serif;\">spezie<\/span><span style=\"font-family: Arial, sans-serif;\">come paprika, coriandolo, curcuma, cumino e zafferano.... Se vi piace la cucina piccante, fate dell'olio di Argan il vostro miglior alleato!<\/span><\/p>\n<p align=\"justify\"><span style=\"font-family: Arial, sans-serif;\">Si abbina molto bene anche al\u00a0<\/span><span style=\"font-family: Arial, sans-serif;\">pesce<\/span><span style=\"font-family: Arial, sans-serif;\">. E non esitate a spruzzarlo sulle verdure, come fareste normalmente con l'olio d'oliva o una noce di burro.<\/span><\/p>\n<p align=\"justify\"><span style=\"font-family: Arial, sans-serif;\">Passiamo ai dolci! Per dare un tocco di originalit\u00e0, non esitate a dimezzare la quantit\u00e0 di burro e a sostituirlo con olio di argan! Soprattutto con il vostro\u00a0<\/span><span style=\"font-family: Arial, sans-serif;\">dessert al cioccolato<\/span><span style=\"font-family: Arial, sans-serif;\">che si abbinano particolarmente bene a questo olio.<\/span><\/p>\n<p align=\"justify\"><span style=\"font-family: Arial, sans-serif;\">Se non avete tempo di cucinare, \u00e8 l'accompagnamento perfetto per qualsiasi pasto.<\/span><span style=\"font-family: Arial, sans-serif;\">\u00a0le vostre insalate<\/span><span style=\"font-family: Arial, sans-serif;\">\u00a0Insalata di carote, patate, pasta o verde (con un po' di formaggio di capra caldo, naturalmente). <\/span><\/p>\n<p align=\"justify\"><span style=\"font-family: Arial, sans-serif;\">Tutte le vostre ricette saranno sublimemente solari, per la gioia dei vostri ospiti!<\/span><\/p>\n<p class=\"western\" align=\"justify\"><span style=\"font-family: Arial, sans-serif;\"><u><b>VIRT\u00d9 DELL'OLIO DI ARGAN ALIMENTARE :<\/b><\/u><\/span><b> <\/b><\/p>\n<p align=\"justify\"><span style=\"font-family: Arial, sans-serif;\">Sono stati condotti numerosi studi sugli interessantissimi costituenti dell'olio di argan. Ecco i risultati pi\u00f9 significativi:<\/span><\/p>\n<ul>\n<li>\n<p align=\"justify\"><strong><span style=\"font-family: Arial, sans-serif;\">Ipercolesterolemia e malattie cardiovascolari :<br \/>\n<\/span><\/strong><\/p>\n<\/li>\n<\/ul>\n<p align=\"justify\"><span style=\"font-family: Arial, sans-serif;\">L'olio di argan contiene costituenti fenolici che inibiscono l'ossidazione del colesterolo cattivo e aumentano il colesterolo buono nell'uomo, due fenomeni noti per ridurre il rischio di ipercolesterolemia.\u00a0 <\/span><\/p>\n<p align=\"justify\"><span style=\"font-family: Arial, sans-serif;\">Questi risultati in vitro sono stati confermati in uno studio condotto su 96 persone che hanno consumato olio di argan (25g\/die) per tre settimane, con una riduzione dei livelli di colesterolo cattivo di 13% rispetto a coloro che non hanno consumato olio di argan. L'olio di argan ha anche ridotto i livelli di trigliceridi negli uomini. <\/span><\/p>\n<p align=\"justify\"><span style=\"font-family: Arial, sans-serif;\">Inoltre, grazie al suo contenuto di antiossidanti, l'olio di argan alimentare aiuta a combattere le malattie cardiovascolari: arteriosclerosi, pressione sanguigna, infarti, ecc.<\/span><\/p>\n<p align=\"justify\"><span style=\"font-family: Arial, sans-serif;\">Studi scientifici condotti dal professor Derrouiche dimostrano che il suo consumo protegge dal colesterolo cattivo, dall'arteriosclerosi e dall'infarto del miocardio. Questa ricerca \u00e8 stata premiata dalla Societ\u00e0 Francese di Cardiologia nel 2004, in occasione della sua XIV Conferenza. Il professor Derrouiche ha dimostrato che i benefici in termini di prevenzione delle malattie cardiovascolari sono legati alla dimensione della frazione lipidica dell'olio di argan.<\/span><\/p>\n<p align=\"justify\"><strong><span style=\"font-family: Arial, sans-serif;\">Si consiglia pertanto un'assunzione giornaliera di olio di argan di 16 mg, pari a 2 cucchiai, in sostituzione di altre fonti di acidi grassi saturi: grassi animali, burro, ecc.<\/span><\/strong><span style=\"font-family: Arial, sans-serif;\">&#8230;<\/span><\/p>\n<p align=\"justify\"><span style=\"font-family: Arial, sans-serif;\">Inoltre, il professor Derrouiche ha dimostrato che il consumo di olio di argan potrebbe probabilmente svolgere un ruolo nella prevenzione del cancro, grazie alla presenza di schottenolo nella sua composizione.<\/span><\/p>\n<ul>\n<li>\n<p align=\"justify\"><strong><span style=\"font-family: Arial, sans-serif;\">Cancro alla prostata :<br \/>\n<\/span><\/strong><\/p>\n<\/li>\n<\/ul>\n<p align=\"justify\"><span style=\"font-family: Arial, sans-serif;\">L'olio di argan presenta alti livelli di tocoferoli e squalene, il che suggerisce che possa essere un agente antitumorale. Studi in vitro hanno dimostrato che i polifenoli e gli steroli derivati da quest'olio inibiscono la proliferazione delle cellule del cancro alla prostata, sia che tale proliferazione sia ormono-dipendente che ormono-indipendente.  Questa propriet\u00e0 \u00e8 stata confermata su linee cellulari umane.<\/span><\/p>\n<ul>\n<li><strong><span style=\"font-family: Arial, sans-serif;\">Disturbi legati alla menopausa :<br \/>\n<\/span><\/strong><\/li>\n<\/ul>\n<p align=\"justify\"><span style=\"font-family: Arial, sans-serif;\">Alcuni studi suggeriscono che gli integratori di vitamina E possono essere utili per le donne in menopausa. Uno studio pubblicato nel 2013 ha dimostrato che i livelli di vitamina E erano aumentati in 151 donne in post-menopausa che avevano consumato olio di argan, suggerendo che l'olio di argan potrebbe prevenire i disturbi della menopausa.<\/span><\/p>\n<ul>\n<li>\n<p align=\"justify\"><strong><span style=\"font-family: Arial, sans-serif;\">Ipertensione :<br \/>\n<\/span><\/strong><\/p>\n<\/li>\n<\/ul>\n<p align=\"justify\"><span style=\"font-family: Arial, sans-serif;\">Secondo le ricerche, l'olio di Argan assunto con la dieta contribuisce notevolmente a ridurre il rischio di ipertensione e a stimolare le capacit\u00e0 cerebrali.<\/span><\/p>\n<h2 class=\"western\" align=\"justify\"><span style=\"font-family: Arial, sans-serif;\"><span style=\"font-size: medium;\"><u>Propriet\u00e0 dietetiche dell'olio di argan :<br \/>\n<\/u><\/span><\/span><\/h2>\n<p class=\"western\" align=\"justify\"><span style=\"font-family: Arial, sans-serif;\"><span style=\"font-size: medium;\">L'olio di argan per uso alimentare \u00e8 :<\/span><\/span><\/p>\n<h3 class=\"western\" align=\"justify\"><span style=\"font-family: Arial, sans-serif;\"><span style=\"font-size: medium;\">- Ricco di antiossidanti<\/span><\/span><\/h3>\n<p align=\"justify\"><span style=\"font-family: Arial, sans-serif;\">Lei<\/span> <span style=\"font-family: Arial, sans-serif;\">\u00e8 molto ricca di vitamina E, oltre che di altri antiossidanti molto utili per la salute, come le vitamine A e C, i polifenoli, i caroteni, i tocoferoli e gli steroli.<\/span><\/p>\n<h3 class=\"western\" align=\"justify\"><span style=\"font-family: Arial, sans-serif;\"><span style=\"font-size: medium;\">- Ricco di acidi grassi insaturi<\/span><\/span><\/h3>\n<p align=\"justify\"><span style=\"font-family: Arial, sans-serif;\">Lei<\/span> <span style=\"font-family: Arial, sans-serif;\">\u00e8 molto ricco di acidi grassi insaturi (80%). \u00c8 particolarmente ricco di acido linoleico omega-6 (35%) e di acido oleico omega-9 (45%).<\/span><\/p>\n<p align=\"justify\"><span style=\"font-family: Arial, sans-serif;\">Sono stati condotti numerosi studi sui suoi pi\u00f9 che interessanti costituenti. Ecco i risultati pi\u00f9 significativi. Olio di argan:<\/span><\/p>\n<ul>\n<li style=\"list-style-type: none;\">\n<ul>\n<li>\n<p class=\"western\" align=\"justify\"><span style=\"font-family: Arial, sans-serif;\">Aiuta a regolare i livelli di colesterolo,<\/span><\/p>\n<\/li>\n<li>\n<p class=\"western\" align=\"justify\"><span style=\"font-family: Arial, sans-serif;\">Previene le malattie cardiovascolari,<\/span><\/p>\n<\/li>\n<li>\n<p class=\"western\" align=\"justify\"><span style=\"font-family: Arial, sans-serif;\">Aiuta a prevenire il cancro,<\/span><\/p>\n<\/li>\n<li>\n<p class=\"western\" align=\"justify\"><span style=\"font-family: Arial, sans-serif;\">Aiuta a prevenire i problemi della menopausa,<\/span><\/p>\n<\/li>\n<li>\n<p class=\"western\" align=\"justify\"><span style=\"font-family: Arial, sans-serif;\">Riduce il rischio di ipertensione.<\/span><\/p>\n<\/li>\n<\/ul>\n<\/li>\n<\/ul>\n<p align=\"justify\"><span style=\"font-family: Arial, sans-serif;\">\u00a0<\/span><\/p>\n<p align=\"justify\"><span style=\"font-family: Arial, sans-serif;\"><i>Disponibile in formato 100 ml (bottiglia \"marasca\") o 900 ml (bottiglia di plastica).<\/i><\/span><\/p>\n<p><span style=\"font-family: Liberation Sans, sans-serif;\"><u><b>Ingredienti INCI :<\/b><\/u><\/span><\/p>\n<p><span style=\"color: #00000a;\"><span style=\"font-family: Liberation Sans, sans-serif;\"><span style=\"font-size: medium;\">Olio di argan per uso alimentare<\/span><\/span><\/span><\/p>\n<p><span style=\"font-family: Liberation Sans, sans-serif;\"><u><b>Origine :<\/b><\/u> <span style=\"font-size: medium;\">Marocco<\/span><\/span><\/p>\n<p align=\"justify\"><em>Potete trovare anche il nostro <a href=\"https:\/\/1001vertus.com\/it\/product\/olio-cosmetico-dargan-certificato-biologico-ed-ecocert\/\">olio di argan cosmetico<\/a>.<\/em><\/p>","protected":false},"excerpt":{"rendered":"<p align=\"justify\"><span style=\"font-family: Arial, sans-serif;\">Utilizzato per secoli da<\/span><span style=\"font-family: Arial, sans-serif;\"> Utilizzato dai berberi delle montagne dell'Atlante per le sue propriet\u00e0 culinarie, terapeutiche e cosmetiche, l'olio di argan proviene dall'albero di argan, che ha migliaia di anni e cresce principalmente nelle zone aride del Marocco sud-occidentale.<\/span><\/p>\n<p align=\"justify\"><span style=\"font-family: Arial, sans-serif;\">Nella tradizione berbera, quest'olio si consuma semplice con il pane e viene utilizzato per condire e preparare piatti scelti come insalate, tajine, couscous, pomodori e peperoni alla griglia, ecc.<\/span><\/p>\n<p align=\"justify\">Oggi, \u00e8 corteggiata dai pi\u00f9 grandi chef e utilizzata per esaltare i loro piatti gourmet.<\/p>\n<p align=\"justify\">\u00c8 considerato il pi\u00f9 nobile degli oli da tavola dai raffinati gourmet, che lo hanno adottato per il suo leggero sapore di nocciola e l'incomparabile morbidezza.<\/p>\n<p align=\"justify\">Inoltre, gli scienziati hanno recentemente concluso che l'olio di argan \u00e8 uno dei migliori oli per la salute umana.<\/p>\n<p align=\"justify\">Il nostro olio di argan \u00e8 certificato biologico ed Ecocert.<\/p>","protected":false},"featured_media":859,"template":"","meta":[],"product_brand":[],"product_cat":[15,29,28],"product_tag":[],"class_list":{"0":"post-790","1":"product","2":"type-product","3":"status-publish","4":"has-post-thumbnail","6":"product_cat-huiles-bio","7":"product_cat-alimentation","8":"product_cat-medecine-sante","10":"first","11":"instock","12":"shipping-taxable","13":"purchasable","14":"product-type-variable"},"_links":{"self":[{"href":"https:\/\/1001vertus.com\/it\/wp-json\/wp\/v2\/product\/790","targetHints":{"allow":["GET"]}}],"collection":[{"href":"https:\/\/1001vertus.com\/it\/wp-json\/wp\/v2\/product"}],"about":[{"href":"https:\/\/1001vertus.com\/it\/wp-json\/wp\/v2\/types\/product"}],"wp:featuredmedia":[{"embeddable":true,"href":"https:\/\/1001vertus.com\/it\/wp-json\/wp\/v2\/media\/859"}],"wp:attachment":[{"href":"https:\/\/1001vertus.com\/it\/wp-json\/wp\/v2\/media?parent=790"}],"wp:term":[{"taxonomy":"product_brand","embeddable":true,"href":"https:\/\/1001vertus.com\/it\/wp-json\/wp\/v2\/product_brand?post=790"},{"taxonomy":"product_cat","embeddable":true,"href":"https:\/\/1001vertus.com\/it\/wp-json\/wp\/v2\/product_cat?post=790"},{"taxonomy":"product_tag","embeddable":true,"href":"https:\/\/1001vertus.com\/it\/wp-json\/wp\/v2\/product_tag?post=790"}],"curies":[{"name":"wp","href":"https:\/\/api.w.org\/{rel}","templated":true}]}}