{"id":786,"date":"2018-09-01T11:16:48","date_gmt":"2018-09-01T10:16:48","guid":{"rendered":"https:\/\/1001vertus.com\/?post_type=product&#038;p=786"},"modified":"2023-05-24T21:14:20","modified_gmt":"2023-05-24T20:14:20","slug":"olio-di-mandorle-dolci-biologico","status":"publish","type":"product","link":"https:\/\/1001vertus.com\/it\/produit\/huile-damande-douce-bio\/","title":{"rendered":"Olio di mandorle dolci biologico"},"content":{"rendered":"<p class=\"western\" align=\"justify\"><span style=\"font-family: Arial, sans-serif;\">C\u00e9l\u00e8bre depuis l&rsquo;antiquit\u00e9, l&rsquo;huile d&rsquo;amande douce provient de l&rsquo;amandou, fruit de l&rsquo;amandier, arbre fruitier aux fleurs roses et blanches. <\/span><span style=\"font-family: Arial, sans-serif;\">La chair de ce fruit reste mince, dure et s\u00e8che, sa consommation est impossible. Cependant, \u00e0 l&rsquo;int\u00e9rieur de ce fruit se cache une amande qui selon les circonstances peut \u00eatre, en fonction de la vari\u00e9t\u00e9, am\u00e8re et toxique ou au contraire douce. C&rsquo;est de cette derni\u00e8re que l&rsquo;on extrait une huile tr\u00e8s nutritive et adoucissante jaune claire : l&rsquo;huile d&rsquo;amande douce.<\/span><\/p>\n<p class=\"western\" align=\"justify\"><span style=\"font-family: Arial, sans-serif;\">Utilis\u00e9e dans l&rsquo;Antiquit\u00e9 par les \u00e9gyptiennes de la haute soci\u00e9t\u00e9 pour pr\u00e9parer des onguents de massage \u00e0 base de miel, de vin aromatique et de cannelle, cette huile est aujourd&rsquo;hui largement reconnue et utilis\u00e9e en cosm\u00e9tique pour ses vertus adoucissantes et assouplissantes.<\/span><\/p>\n<p class=\"western\" align=\"justify\"><span style=\"font-family: Arial, sans-serif;\">Cette huile v\u00e9g\u00e9tale est excellente pour pour la sant\u00e9, la peau et m\u00eame les cheveux\u00a0!<\/span><\/p>\n<p class=\"western\" align=\"justify\"><span style=\"font-family: Arial, sans-serif;\">Riche en Om\u00e9ga 6 et Om\u00e9ga 9, <\/span><span style=\"font-family: Arial, sans-serif;\">l&rsquo;huile d&rsquo;amande douce hydrate g\u00e9n\u00e9reusement la peau, elle est id\u00e9ale pour les soins des nourrissons ou les vergetures.<\/span><\/p>\n<p class=\"western\" align=\"justify\"><span style=\"font-family: Arial, sans-serif;\">Niveau sant\u00e9, elle agit positivement contre le diab\u00e8te, permet d&rsquo;\u00e9vacuer le mauvais cholest\u00e9rol et aide \u00e0 la production du bon cholest\u00e9rol.<\/span><\/p>\n<p class=\"western\" align=\"justify\"><strong><span style=\"font-family: Arial, sans-serif;\">\u00a0<\/span><\/strong><\/p>\n<h2 class=\"western\" align=\"justify\"><span style=\"font-family: Arial, sans-serif;\"><u><b>VITALIT\u00c0 :<br \/>\n<\/b><\/u><\/span><\/h2>\n<h3 class=\"western\" align=\"justify\"><strong><span style=\"font-family: Arial, sans-serif;\"><u>Utilizzo dell'olio di mandorle dolci per la pelle :<\/u><\/span><\/strong><\/h3>\n<ul>\n<li>\n<p class=\"western\" align=\"justify\"><span style=\"font-family: Arial, sans-serif;\">Tr\u00e8s douce, <\/span><span style=\"font-family: Arial, sans-serif;\">\u00e8 noto soprattutto per la cura dei neonati.<\/span><span style=\"font-family: Arial, sans-serif;\"> Elle est tr\u00e8s agr\u00e9able \u00e0 appliquer et laisse un aspect velours et un toucher douceur \u00e0 la peau.<\/span><span style=\"font-family: Arial, sans-serif;\"> Utilis\u00e9e en massage, elle calme les d\u00e9mangeaisons, les irritations de la peau, <\/span><\/p>\n<\/li>\n<li>\n<p class=\"western\" align=\"justify\"><span style=\"font-family: Arial, sans-serif;\">Riche en Om\u00e9ga 6 et Om\u00e9ga 9, <\/span><strong><span style=\"font-family: Arial, sans-serif;\">l&rsquo;huile d&rsquo;amande douce hydrate g\u00e9n\u00e9reusement la peau, l&rsquo;assouplie, la tonifie, <\/span><\/strong><span style=\"font-family: Arial, sans-serif;\">lutte contre les l\u00e8vres gerc\u00e9es et la peau dess\u00e9ch\u00e9e<\/span><strong><span style=\"font-family: Arial, sans-serif;\"> et permettrait aussi d&rsquo;\u00e9liminer les vergetures<\/span><\/strong><\/p>\n<\/li>\n<li>\n<p class=\"western\" align=\"justify\"><span style=\"font-family: Arial, sans-serif;\">Ammorbidente, fortificante e ricco di <\/span><span style=\"font-family: Arial, sans-serif;\">acide linol\u00e9ique et en vitamine A et E, elle am\u00e9liore l\u2019\u00e9lasticit\u00e9 de la peau <\/span><span style=\"font-family: Arial, sans-serif;\">et active la r\u00e9paration de la peau.<\/span><\/p>\n<\/li>\n<li>\n<p class=\"western\" align=\"justify\"><span style=\"font-family: Arial, sans-serif;\">Apaisante, elle calme les d\u00e9mangeaisons et les irritations ainsi que<\/span> <strong><span style=\"font-family: Arial, sans-serif;\">les probl\u00e8mes cutan\u00e9s (ecz\u00e9mas, coups de soleil, d\u00e9mangeaisons, br\u00fblures, etc.).<\/span><\/strong><\/p>\n<\/li>\n<li>\n<p class=\"western\" align=\"justify\"><span style=\"font-family: Arial, sans-serif;\">Elle aide \u00e0 lutter contre les\u00a0vergetures.<\/span><\/p>\n<\/li>\n<\/ul>\n<p>&nbsp;<\/p>\n<h3 class=\"western\" align=\"justify\"><strong><span style=\"font-family: Arial, sans-serif;\"><u>Utilizzare sui capelli :<\/u><\/span><\/strong><\/h3>\n<ul>\n<li>\n<p class=\"western\" align=\"justify\"><span style=\"font-family: Arial, sans-serif;\">Tr\u00e8s adoucissante et \u00e9molliente, elle pr\u00e9vient la d\u00e9shydratation des cheveux.<\/span><\/p>\n<\/li>\n<li>\n<p class=\"western\" align=\"justify\"><strong><span style=\"font-family: Arial, sans-serif;\">Tr\u00e8s nourrissante et donc excellente pour les cheveux secs et ab\u00eem\u00e9s.<\/span><\/strong><\/p>\n<\/li>\n<li>\n<p class=\"western\" align=\"justify\"><span style=\"font-family: Arial, sans-serif;\">Assouplissante, fortifiante, elle revitalise et redonne \u00e9clat et vigueur aux cheveux ab\u00eem\u00e9s.<\/span><\/p>\n<\/li>\n<li>\n<p class=\"western\" align=\"justify\"><strong><span style=\"font-family: Arial, sans-serif;\">R\u00e9gule la production de s\u00e9bum, \u00e9limine les peaux mortes et<\/span><\/strong><span style=\"font-family: Arial, sans-serif;\"> forfora.<\/span><\/p>\n<\/li>\n<\/ul>\n<p>&nbsp;<\/p>\n<p><span style=\"font-family: Liberation Sans, sans-serif;\"><u><b>Ingredienti INCI :<\/b><\/u><\/span><\/p>\n<p><span style=\"color: #00000a;\"><span style=\"font-family: Liberation Sans, sans-serif;\"><span style=\"font-size: medium;\">Prunus amygdalus dulcis oil (huile vierge d\u2019amande douce)<\/span><\/span><\/span><\/p>\n<p><span style=\"font-family: Liberation Sans, sans-serif;\"><u><b>Origine :<\/b><\/u> <span style=\"font-size: medium;\">Spagna e Italia.<\/span><\/span><\/p>\n<p>&nbsp;<\/p>\n<p class=\"western\" align=\"justify\"><span style=\"font-family: Arial, sans-serif;\"><i>Disponible en format 50ml (bouteille cosm\u00e9tique) ou 900ml (bouteille en plastique).<\/i><\/span><\/p>","protected":false},"excerpt":{"rendered":"<p class=\"western\" align=\"justify\"><span style=\"font-family: Arial, sans-serif;\">Extraite d\u2019amandes s\u00e9lectionn\u00e9es, l\u2019huile d\u2019amande pr\u00e9sente une couleur jaune dor\u00e9 et d\u00e9veloppe des ar\u00f4mes de pain grill\u00e9 et d\u2019amandes s\u00e9ch\u00e9es et une saveur douce et fra\u00eeche.<\/span><\/p>\n<p class=\"western\" align=\"justify\"><span style=\"font-family: Arial, sans-serif;\">En massage, l&rsquo;huile d&rsquo;amande douce est id\u00e9ale pour les peaux sensibles, r\u00e9actives et sujettes \u00e0 inconforts.<\/span><\/p>\n<p class=\"western\" align=\"justify\"><span style=\"font-family: Arial, sans-serif;\">En usage interne, l&rsquo;huile d&rsquo;amande douce \u00e9tait traditionnellement utilis\u00e9e en m\u00e9decine populaire comme<\/span><b> <\/b><span style=\"font-family: Arial, sans-serif;\">lassativo<\/span><b> <\/b><span style=\"font-family: Arial, sans-serif;\">non irritante <\/span><span style=\"font-family: Arial, sans-serif;\">particuli\u00e8rement bien adapt\u00e9 aux enfants et aux personnes \u00e2g\u00e9es<\/span><span style=\"font-family: Arial, sans-serif;\">.<\/span><\/p>\n<p class=\"western\" align=\"justify\"><span style=\"font-family: Arial, sans-serif;\">Nutritive, elle a \u00e9galement des <\/span><span style=\"font-family: Arial, sans-serif;\">usi culinari<\/span><span style=\"font-family: Arial, sans-serif;\"> e<\/span><span style=\"font-family: Arial, sans-serif;\"> des vertus sur la sant\u00e9. Comme par exemple la r\u00e9gulation du cholest\u00e9rol.<\/span><\/p>\n<p class=\"western\" align=\"justify\"><span style=\"font-family: Arial, sans-serif;\">Notre huile d&rsquo;amande douce est certifi\u00e9e BIO par Cosmos.<br \/>\n<\/span><\/p>","protected":false},"featured_media":861,"template":"","meta":[],"product_brand":[],"product_cat":[15,27],"product_tag":[],"class_list":{"0":"post-786","1":"product","2":"type-product","3":"status-publish","4":"has-post-thumbnail","6":"product_cat-huiles-bio","7":"product_cat-bien-etre","9":"first","10":"instock","11":"sale","12":"shipping-taxable","13":"purchasable","14":"product-type-variable"},"_links":{"self":[{"href":"https:\/\/1001vertus.com\/it\/wp-json\/wp\/v2\/product\/786","targetHints":{"allow":["GET"]}}],"collection":[{"href":"https:\/\/1001vertus.com\/it\/wp-json\/wp\/v2\/product"}],"about":[{"href":"https:\/\/1001vertus.com\/it\/wp-json\/wp\/v2\/types\/product"}],"wp:featuredmedia":[{"embeddable":true,"href":"https:\/\/1001vertus.com\/it\/wp-json\/wp\/v2\/media\/861"}],"wp:attachment":[{"href":"https:\/\/1001vertus.com\/it\/wp-json\/wp\/v2\/media?parent=786"}],"wp:term":[{"taxonomy":"product_brand","embeddable":true,"href":"https:\/\/1001vertus.com\/it\/wp-json\/wp\/v2\/product_brand?post=786"},{"taxonomy":"product_cat","embeddable":true,"href":"https:\/\/1001vertus.com\/it\/wp-json\/wp\/v2\/product_cat?post=786"},{"taxonomy":"product_tag","embeddable":true,"href":"https:\/\/1001vertus.com\/it\/wp-json\/wp\/v2\/product_tag?post=786"}],"curies":[{"name":"wp","href":"https:\/\/api.w.org\/{rel}","templated":true}]}}