{"id":769,"date":"2018-08-24T23:53:06","date_gmt":"2018-08-24T22:53:06","guid":{"rendered":"https:\/\/1001vertus.com\/?post_type=product&#038;p=769"},"modified":"2023-05-22T20:37:39","modified_gmt":"2023-05-22T19:37:39","slug":"miele-di-carrubo-dal-marocco","status":"publish","type":"product","link":"https:\/\/1001vertus.com\/it\/produit\/miel-de-caroubier-du-maroc\/","title":{"rendered":"Miele di carrubo marocchino"},"content":{"rendered":"<p class=\"western\">Come molti mieli di qualit\u00e0, \u00e8 consigliato anche per il trattamento di bronchiti e mal di gola.<\/p>\n<p class=\"western\">Con la sua consistenza densa e molto dolce, pu\u00f2 essere utilizzato come rimedio naturale in s\u00e9, o come sostituto dello zucchero nelle tisane o nel caff\u00e8, o su pane tostato o frittelle.<\/p>\n<p class=\"western\">Il nostro miele \u00e8 raccolto in modo tradizionale e pu\u00f2 contenere cera rotta o piccoli ricordi dell'alveare. Dopo il confezionamento, il miele pu\u00f2 cristallizzare, un fenomeno naturale che ne garantisce la qualit\u00e0. Non contiene additivi o conservanti.<\/p>\n<p class=\"western\">Naturalmente \u00e8 confezionato in un barattolo di vetro per una migliore conservazione.<\/p>\n<p class=\"western\"><i>Disponibile in vasetti da 50 g, 125 g e 250 g.<\/i><\/p>\n<p>&nbsp;<\/p>\n<p><strong><u><b>Si prega di notare:<\/b><\/u><\/strong> Ricordiamo che \u00e8 vietato somministrare miele ai neonati. Per saperne di pi\u00f9, leggete <a href=\"https:\/\/1001vertus.com\/it\/miele-vietato-ai-bambini\/\">questo articolo<\/a>.<\/p>","protected":false},"excerpt":{"rendered":"<p class=\"western\">Questo miele ambrato scuro ha un sapore gradevole e dolce, che tende leggermente al cioccolato.<\/p>\n<p class=\"western\">Il miele di carrubo \u00e8 ricco di oligoelementi, per questo \u00e8 consigliato per il trattamento digestivo e intestinale (per combattere la stitichezza e la diarrea), oltre che per le funzioni urinarie e diuretiche. Pu\u00f2 quindi essere utilizzato come drenante.<\/p>\n<p class=\"western\">I berberi del Marocco utilizzano da secoli la carruba, il frutto dell'albero del carrubo, per alleviare i problemi intestinali dei loro bambini, come la stitichezza e la diarrea, poich\u00e9 \u00e8 molto ricca di fibre.<\/p>","protected":false},"featured_media":1070,"template":"","meta":[],"product_brand":[],"product_cat":[25,29,28],"product_tag":[],"class_list":{"0":"post-769","1":"product","2":"type-product","3":"status-publish","4":"has-post-thumbnail","6":"product_cat-miels","7":"product_cat-alimentation","8":"product_cat-medecine-sante","10":"first","11":"instock","12":"shipping-taxable","13":"purchasable","14":"product-type-variable"},"_links":{"self":[{"href":"https:\/\/1001vertus.com\/it\/wp-json\/wp\/v2\/product\/769","targetHints":{"allow":["GET"]}}],"collection":[{"href":"https:\/\/1001vertus.com\/it\/wp-json\/wp\/v2\/product"}],"about":[{"href":"https:\/\/1001vertus.com\/it\/wp-json\/wp\/v2\/types\/product"}],"wp:featuredmedia":[{"embeddable":true,"href":"https:\/\/1001vertus.com\/it\/wp-json\/wp\/v2\/media\/1070"}],"wp:attachment":[{"href":"https:\/\/1001vertus.com\/it\/wp-json\/wp\/v2\/media?parent=769"}],"wp:term":[{"taxonomy":"product_brand","embeddable":true,"href":"https:\/\/1001vertus.com\/it\/wp-json\/wp\/v2\/product_brand?post=769"},{"taxonomy":"product_cat","embeddable":true,"href":"https:\/\/1001vertus.com\/it\/wp-json\/wp\/v2\/product_cat?post=769"},{"taxonomy":"product_tag","embeddable":true,"href":"https:\/\/1001vertus.com\/it\/wp-json\/wp\/v2\/product_tag?post=769"}],"curies":[{"name":"wp","href":"https:\/\/api.w.org\/{rel}","templated":true}]}}