{"id":756,"date":"2018-08-24T22:57:14","date_gmt":"2018-08-24T21:57:14","guid":{"rendered":"https:\/\/1001vertus.com\/?post_type=product&#038;p=756"},"modified":"2023-02-20T14:03:50","modified_gmt":"2023-02-20T13:03:50","slug":"miele-di-giuggiole-del-marocco-89-di-analisi","status":"publish","type":"product","link":"https:\/\/1001vertus.com\/it\/produit\/miel-de-jujubier-du-maroc-analyse-a-89\/","title":{"rendered":"Miele di giuggiolo marocchino"},"content":{"rendered":"<p class=\"western\">Scoprite il nostro miele di giuggiolo del Marocco. Questo miele puro ha un colore ambrato scuro e un sapore complesso: fruttato ma con un tocco di acidit\u00e0 che piacer\u00e0 a molti.<\/p>\n<p class=\"western\">Certo, il miele di giuggiole del Marocco non \u00e8 cos\u00ec raro e rinomato come il miele di giuggiole dello Yemen o del Kashmir, ma \u00e8 comunque un miele di giuggiole di ottima qualit\u00e0, dal gusto e dalla consistenza molto gradevoli.<\/p>\n<p class=\"western\">\u00c8 molto ricercato per le sue propriet\u00e0 terapeutiche, in particolare per i disturbi del fegato e dello stomaco. Grazie a questi innumerevoli benefici, il miele di giuggiolo \u00e8 stato studiato dal Centro di Ricerca dell'Ospedale di Ottawa e le sue propriet\u00e0 antibatteriche hanno superato quelle di altri mieli.<\/p>\n<p class=\"western\">Questo miele stimola anche il sistema immunitario ed \u00e8 un ottimo rimedio per :<\/p>\n<ul>\n<li class=\"western\">disturbi epatici,<\/li>\n<li class=\"western\">malattie del fegato,<\/li>\n<li class=\"western\">anemia,<\/li>\n<li class=\"western\">problemi respiratori come asma, bronchite, ecc.<\/li>\n<li class=\"western\">sinusite e rinosinusite,<\/li>\n<li class=\"western\">ulcere gastriche,<\/li>\n<li class=\"western\">problemi digestivi,<\/li>\n<li class=\"western\">costipazione,<\/li>\n<li class=\"western\">malattie degli occhi.<\/li>\n<\/ul>\n<p class=\"western\">\u00c8 anche noto per favorire la fertilit\u00e0 delle donne e per essere afrodisiaco.<\/p>\n<p class=\"western\">Il nostro miele \u00e8 raccolto in modo tradizionale e pu\u00f2 contenere cera rotta o piccoli ricordi dell'alveare. Dopo il confezionamento, il miele pu\u00f2 cristallizzare, un fenomeno naturale che ne garantisce la qualit\u00e0. Non contiene additivi o conservanti.<\/p>\n<p class=\"western\">Naturalmente \u00e8 confezionato in un barattolo di vetro per una migliore conservazione.<\/p>\n<p class=\"western\"><i>Disponibile in vasetti da 50 g, 125 g e 250 g.<\/i><\/p>","protected":false},"excerpt":{"rendered":"<p class=\"western\">Scoprite il nostro miele di giuggiolo del Marocco. Questo miele puro ha un colore ambrato scuro e un sapore complesso: fruttato ma con un tocco di acidit\u00e0 che piacer\u00e0 a molti.<\/p>\n<p class=\"western\">\u00c8 molto ricercato per le sue propriet\u00e0 terapeutiche, in particolare per i disturbi del fegato e dello stomaco. Grazie a questi innumerevoli benefici, il miele di giuggiolo \u00e8 stato studiato dal Centro di Ricerca dell'Ospedale di Ottawa e le sue propriet\u00e0 antibatteriche hanno superato quelle di altri mieli.<\/p>\n<p class=\"western\">\u00c8 anche noto per favorire la fertilit\u00e0 delle donne e per essere afrodisiaco.<\/p>","protected":false},"featured_media":1078,"template":"","meta":[],"product_brand":[],"product_cat":[25,29,28,68],"product_tag":[],"class_list":{"0":"post-756","1":"product","2":"type-product","3":"status-publish","4":"has-post-thumbnail","6":"product_cat-miels","7":"product_cat-alimentation","8":"product_cat-medecine-sante","9":"product_cat-miel-maroc","11":"first","12":"instock","13":"shipping-taxable","14":"purchasable","15":"product-type-variable"},"_links":{"self":[{"href":"https:\/\/1001vertus.com\/it\/wp-json\/wp\/v2\/product\/756","targetHints":{"allow":["GET"]}}],"collection":[{"href":"https:\/\/1001vertus.com\/it\/wp-json\/wp\/v2\/product"}],"about":[{"href":"https:\/\/1001vertus.com\/it\/wp-json\/wp\/v2\/types\/product"}],"wp:featuredmedia":[{"embeddable":true,"href":"https:\/\/1001vertus.com\/it\/wp-json\/wp\/v2\/media\/1078"}],"wp:attachment":[{"href":"https:\/\/1001vertus.com\/it\/wp-json\/wp\/v2\/media?parent=756"}],"wp:term":[{"taxonomy":"product_brand","embeddable":true,"href":"https:\/\/1001vertus.com\/it\/wp-json\/wp\/v2\/product_brand?post=756"},{"taxonomy":"product_cat","embeddable":true,"href":"https:\/\/1001vertus.com\/it\/wp-json\/wp\/v2\/product_cat?post=756"},{"taxonomy":"product_tag","embeddable":true,"href":"https:\/\/1001vertus.com\/it\/wp-json\/wp\/v2\/product_tag?post=756"}],"curies":[{"name":"wp","href":"https:\/\/api.w.org\/{rel}","templated":true}]}}