{"id":743,"date":"2018-08-20T16:11:56","date_gmt":"2018-08-20T16:11:56","guid":{"rendered":"https:\/\/1001vertus.com\/?post_type=product&#038;p=743"},"modified":"2023-05-06T15:03:49","modified_gmt":"2023-05-06T14:03:49","slug":"miele-bianco-del-kirghizistan","status":"publish","type":"product","link":"https:\/\/1001vertus.com\/it\/produit\/miel-blanc-du-kirghizistan\/","title":{"rendered":"Miele bianco del Kirghizistan"},"content":{"rendered":"<p class=\"western\">Il Kirghizistan \u00e8 considerato \"il regno dell'apicoltura\" e lungo le strade di montagna o nelle zone pi\u00f9 isolate si possono vedere numerosi apicoltori che da generazioni assecondano la loro passione per il miele e competono tra loro per ottenere il miele migliore.<\/p>\n<p class=\"western\">La regione di Naryn \u00e8 costituita essenzialmente da alte montagne e altopiani, la maggior parte dei quali supera i 2.000 metri di altezza. \u00c8 nei prati di queste alte montagne (i \"\u00a0<em>jailoo \"<\/em>), ricca di piante nettarifere e impollinatrici che le api vengono a raccogliere.<\/p>\n<p class=\"western\">Questo miele bianco \u00e8 monofloreale, cio\u00e8 ha una sola fonte floreale: la lupinella.<\/p>\n<p class=\"western\">Gli studi dimostrano che la lupinella pu\u00f2 attirare 10 volte pi\u00f9 api del trifoglio bianco e molti apicoltori considerano il miele di lupinella qualitativamente superiore a quello di trifoglio bianco.<\/p>\n<p class=\"western\">Questo miele ha un tempo di cristallizzazione medio. Di colore bianco, dal sapore intenso e dagli aromi floreali, \u00e8 una delle variet\u00e0 di miele per buongustai pi\u00f9 rare del pianeta. <span style=\"color: #000000;\">\u00c8 il risultato di una raccolta a oltre 2000 metri di altitudine, un'altitudine che ha un effetto innegabile su questo miele di fiori selvatici. <\/span><\/p>\n<h3 class=\"western\">Virt\u00f9 del miele bianco :<\/h3>\n<ul>\n<li class=\"western\">Propriet\u00e0 antibatteriche e antiossidanti naturali (aiutano a proteggere l'organismo dai danni cellulari causati dai radicali liberi),<\/li>\n<li class=\"western\">rafforza il sistema immunitario,<\/li>\n<li>fonte di vitamine e minerali,<\/li>\n<li>agisce come tonico (aumenta la forza e riduce la fatica),<\/li>\n<li>migliora la circolazione sanguigna e il metabolismo,<\/li>\n<li>protegge dalle malattie gastrointestinali (come la gastrite e l'ulcera gastrica causate da batteri),<\/li>\n<li>agisce come rimedio naturale anti-invecchiamento.<\/li>\n<\/ul>\n<p>&nbsp;<\/p>\n<p class=\"western\">Siate tra i pochi privilegiati ad assaggiare questo nettare bianco di altissima qualit\u00e0, con i suoi aromi di fiori selvatici. Una degustazione che vi porter\u00e0 in un viaggio nelle alte valli dell'Asia centrale.<\/p>\n<h4 class=\"western\"><\/h4>\n<p class=\"western\">Naturalmente \u00e8 confezionato in un barattolo di vetro per una migliore conservazione.<\/p>\n<p class=\"western\"><i>Disponibile in vasetti da 50 g, 125 g e 250 g.<\/i><\/p>\n<p>&nbsp;<\/p>\n<p><strong><u><b>Si prega di notare:<\/b><\/u><\/strong> Ricordiamo che \u00e8 vietato somministrare miele ai neonati. Per saperne di pi\u00f9, leggete <a href=\"https:\/\/1001vertus.com\/it\/miele-vietato-ai-bambini\/\">questo articolo<\/a>.<\/p>","protected":false},"excerpt":{"rendered":"<p class=\"western\">Il Kirghizistan \u00e8 considerato \"il regno dell'apicoltura\" e il suo miele bianco \u00e8 molto rinomato, con medaglie e premi all'ultimo \"Congresso Internazionale di Apicoltura\" che parlano da soli.<\/p>\n<p class=\"western\">\u00c8 nei prati delle alte montagne (i \"\u00a0<em>jailoo \"<\/em>), ricca di piante nettarifere e impollinatrici, che le api vengono a raccogliere. Questo miele bianco<span style=\"color: #000000;\"> \u00e8 il risultato di una raccolta a oltre 2000 metri di altitudine, un'altitudine che ha un effetto innegabile su questo miele di fiori selvatici. <\/span><\/p>\n<p class=\"western\">Dal sapore intenso e dagli aromi floreali, \u00e8 una delle variet\u00e0 di miele pi\u00f9 rare del pianeta. Ma questo non significa che non abbia alcune virt\u00f9...<\/p>\n<p class=\"western\"><span style=\"color: #000000;\">Siate tra i pochi privilegiati ad assaggiare questo nettare bianco di altissima qualit\u00e0, con i suoi aromi di fiori selvatici. Una degustazione che vi porter\u00e0 in un viaggio nelle alte valli dell'Asia centrale.<\/span><\/p>","protected":false},"featured_media":1132,"template":"","meta":[],"product_brand":[],"product_cat":[25,29,28],"product_tag":[],"class_list":{"0":"post-743","1":"product","2":"type-product","3":"status-publish","4":"has-post-thumbnail","6":"product_cat-miels","7":"product_cat-alimentation","8":"product_cat-medecine-sante","10":"first","11":"instock","12":"shipping-taxable","13":"purchasable","14":"product-type-variable","15":"has-default-attributes"},"_links":{"self":[{"href":"https:\/\/1001vertus.com\/it\/wp-json\/wp\/v2\/product\/743","targetHints":{"allow":["GET"]}}],"collection":[{"href":"https:\/\/1001vertus.com\/it\/wp-json\/wp\/v2\/product"}],"about":[{"href":"https:\/\/1001vertus.com\/it\/wp-json\/wp\/v2\/types\/product"}],"wp:featuredmedia":[{"embeddable":true,"href":"https:\/\/1001vertus.com\/it\/wp-json\/wp\/v2\/media\/1132"}],"wp:attachment":[{"href":"https:\/\/1001vertus.com\/it\/wp-json\/wp\/v2\/media?parent=743"}],"wp:term":[{"taxonomy":"product_brand","embeddable":true,"href":"https:\/\/1001vertus.com\/it\/wp-json\/wp\/v2\/product_brand?post=743"},{"taxonomy":"product_cat","embeddable":true,"href":"https:\/\/1001vertus.com\/it\/wp-json\/wp\/v2\/product_cat?post=743"},{"taxonomy":"product_tag","embeddable":true,"href":"https:\/\/1001vertus.com\/it\/wp-json\/wp\/v2\/product_tag?post=743"}],"curies":[{"name":"wp","href":"https:\/\/api.w.org\/{rel}","templated":true}]}}