{"id":728,"date":"2018-08-19T14:50:37","date_gmt":"2018-08-19T13:50:37","guid":{"rendered":"https:\/\/1001vertus.com\/?post_type=product&#038;p=728"},"modified":"2023-09-13T18:20:47","modified_gmt":"2023-09-13T17:20:47","slug":"geluli-vegetali-biologici-abissinia-con-semi-di-cumino-nero-macinati-dalletiopia","status":"publish","type":"product","link":"https:\/\/1001vertus.com\/it\/produit\/gelules-vegetales-bio-abyssinia-a-la-graine-de-nigelle-moulue-dethiopie\/","title":{"rendered":"Capsule vegetali Abyssinia con semi di cumino nero macinati dall'Etiopia"},"content":{"rendered":"<p align=\"justify\"><span style=\"font-family: Arial, sans-serif;\"><span style=\"font-size: medium;\">Ce n&rsquo;est donc pas sans fiert\u00e9 que nous vous proposons ces g\u00e9lules \u00e0 la poudre de nigelle, un produit d&rsquo;exception naturel et sans additif, un v\u00e9ritable concentr\u00e9 de bien-\u00eatre, efficace et simple d\u2019utilisation. <\/span><\/span><\/p>\n<p align=\"justify\"><span style=\"font-family: Arial, sans-serif;\"><span style=\"font-size: medium;\">En compl\u00e9ment alimentaire, la nigelle, en plus de ses nombreuses propri\u00e9t\u00e9s digestives, stimulantes et antioxydantes, est indiqu\u00e9 pour booster le syst\u00e8me immunitaire et pr\u00e9venir des infections et allergies.<\/span><\/span><\/p>\n<p align=\"justify\"><span style=\"font-family: Arial, sans-serif;\"><span style=\"font-size: medium;\"><u><b>Consigli per l'uso:<\/b><\/u><\/span><\/span><\/p>\n<p align=\"justify\"><span style=\"font-family: Arial, sans-serif;\"><span style=\"font-size: medium;\">Prendre 1 \u00e0 2 g\u00e9lules matin et soir, soit un maximum de 4 g\u00e9lules \u00e0 la poudre de nigelle par jour, pendant 1 \u00e0 2 mois. <\/span><\/span><\/p>\n<h4 class=\"western\" align=\"justify\"><span style=\"font-family: Arial, sans-serif;\"><span style=\"font-size: medium;\"><u><br \/>\nPr\u00e9cautions d&#8217;emploi :<\/u><\/span><\/span><\/h4>\n<p align=\"justify\"><span style=\"font-family: Arial, sans-serif;\"><span style=\"font-size: medium;\">&#8211; A conserver dans un endroit frais, sec et \u00e0\u00a0l&rsquo;abri de la lumi\u00e8re<\/span><\/span><\/p>\n<p align=\"justify\"><span style=\"font-family: Arial, sans-serif;\"><span style=\"font-size: medium;\">&#8211; D\u00e9conseill\u00e9 aux femmes enceintes ou allaitantes.<\/span><\/span><\/p>\n<p align=\"justify\"><span style=\"font-family: Arial, sans-serif;\"><span style=\"font-size: medium;\">&#8211; La taille des g\u00e9lules est d\u00e9conseill\u00e9e aux enfants de moins de 12 ans. Privil\u00e9giez dans ce cas la prise d&rsquo;une demi-cuill\u00e8re \u00e0 caf\u00e9 d\u2019huile par jour m\u00e9lang\u00e9e \u00e0 un jus de fruits, du miel, du lait ou un yaourt.<\/span><\/span><\/p>\n<p align=\"justify\"><span style=\"font-family: Arial, sans-serif;\"><span style=\"font-size: medium;\">&#8211; Ne pas d\u00e9passer la dose journali\u00e8re recommand\u00e9e.<\/span><\/span><\/p>\n<p align=\"justify\"><span style=\"font-family: Arial, sans-serif;\"><span style=\"font-size: medium;\">-Tenir hors de port\u00e9e des enfants.<\/span><\/span><\/p>\n<p><u><b>Ingredienti INCI :<\/b><\/u><\/p>\n<p>Poudre de graines de nigelle d\u2019Ethiopie<\/p>\n<p>Gellule en pullulan 100 % v\u00e9g\u00e9tale, halal, kosher et sans OGM<\/p>\n<p><u><b>Origine :<\/b><\/u> Francia<\/p>\n<p><u><b>Capacit\u00e0 :<\/b><\/u> 60 g\u00e9lules de 500mg<\/p>\n<p>&nbsp;<\/p>\n<p class=\"western\" align=\"justify\"><span style=\"font-family: Arial, sans-serif;\"><span style=\"font-size: medium;\"><i>Volete saperne di pi\u00f9 sul cumino nero? Visitate <a href=\"https:\/\/1001vertus.com\/it\/cumino-nero-il-seme-dalle-1001-virtu\/\">un articolo completo<\/a> su questa pianta miracolosa nella nostra sezione blog!<\/i><\/span><\/span><\/p>","protected":false},"excerpt":{"rendered":"<p class=\"western\" align=\"justify\"><span style=\"font-family: Arial, sans-serif;\"><span style=\"font-size: medium;\">Bon nombre de personnes sont persuad\u00e9es des bienfaits de la nigelle sur l\u2019organisme et la sant\u00e9 mais se privent de ce rem\u00e8de \u00e9tonnant \u00e0 cause de son go\u00fbt fort et prononc\u00e9. Ces g\u00e9lules ont \u00e9t\u00e9 principalement cr\u00e9\u00e9es pour ces personnes qui ne supportent pas le go\u00fbt prononc\u00e9 de l\u2019huile ou qui trouvent que les graines et la poudre de nigelle ne sont pas faciles \u00e0 consommer.<\/span><\/span><\/p>\n<p class=\"western\" align=\"justify\"><span style=\"font-family: Arial, sans-serif;\"><span style=\"font-size: medium;\">Une fois de plus, c\u2019est un produit de qualit\u00e9 que nous vous proposons, puisque la poudre contenu dans les g\u00e9lules est la m\u00eame que nous commercialisons, c&rsquo;est-\u00e0-dire une poudre issue directement des graines d\u2019\u00c9thiopie de grade A, la meilleure qualit\u00e9, certifi\u00e9es pures \u00e0 99% par un organisme ind\u00e9pendant. De plus, nous nous engageons \u00e0 vous fournir une poudre issue de graines de nigelles intactes et non de r\u00e9sidus de graines ayants d\u00e9j\u00e0 \u00e9t\u00e9 press\u00e9es comme c&rsquo;est souvent le cas sur le march\u00e9.<\/span><\/span><\/p>","protected":false},"featured_media":14107,"template":"","meta":[],"product_brand":[],"product_cat":[26,53,28,96],"product_tag":[],"class_list":{"0":"post-728","1":"product","2":"type-product","3":"status-publish","4":"has-post-thumbnail","6":"product_cat-nigelle","7":"product_cat-complements-alimentaires","8":"product_cat-medecine-sante","9":"product_cat-roqya-chariya","11":"first","12":"instock","13":"shipping-taxable","14":"purchasable","15":"product-type-simple"},"_links":{"self":[{"href":"https:\/\/1001vertus.com\/it\/wp-json\/wp\/v2\/product\/728","targetHints":{"allow":["GET"]}}],"collection":[{"href":"https:\/\/1001vertus.com\/it\/wp-json\/wp\/v2\/product"}],"about":[{"href":"https:\/\/1001vertus.com\/it\/wp-json\/wp\/v2\/types\/product"}],"wp:featuredmedia":[{"embeddable":true,"href":"https:\/\/1001vertus.com\/it\/wp-json\/wp\/v2\/media\/14107"}],"wp:attachment":[{"href":"https:\/\/1001vertus.com\/it\/wp-json\/wp\/v2\/media?parent=728"}],"wp:term":[{"taxonomy":"product_brand","embeddable":true,"href":"https:\/\/1001vertus.com\/it\/wp-json\/wp\/v2\/product_brand?post=728"},{"taxonomy":"product_cat","embeddable":true,"href":"https:\/\/1001vertus.com\/it\/wp-json\/wp\/v2\/product_cat?post=728"},{"taxonomy":"product_tag","embeddable":true,"href":"https:\/\/1001vertus.com\/it\/wp-json\/wp\/v2\/product_tag?post=728"}],"curies":[{"name":"wp","href":"https:\/\/api.w.org\/{rel}","templated":true}]}}