{"id":727,"date":"2018-08-19T12:51:59","date_gmt":"2018-08-19T11:51:59","guid":{"rendered":"https:\/\/1001vertus.com\/?post_type=product&#038;p=727"},"modified":"2026-03-17T12:56:22","modified_gmt":"2026-03-17T11:56:22","slug":"dethiopia-abissinia-semi-di-cumino-nero-in-polvere","status":"publish","type":"product","link":"https:\/\/1001vertus.com\/it\/produit\/poudre-de-graines-de-nigelle-dethiopie-abyssinia\/","title":{"rendered":"Semi di cumino nero etiope \"Abissinia\" in polvere"},"content":{"rendered":"<p align=\"justify\"><span style=\"font-family: Times New Roman, serif;\"><span style=\"font-size: medium;\"><span style=\"color: #000000;\"><span style=\"font-family: Arial, sans-serif;\">La nostra polvere di semi di cumino nero <\/span><\/span><span style=\"color: #000000;\"><span style=\"font-family: Arial, sans-serif;\"><i>Abissinia<\/i><\/span><\/span><span style=\"color: #000000;\"><span style=\"font-family: Arial, sans-serif;\"> vi offrir\u00e0 tutti i benefici di questo seme benedetto, compreso quello di contribuire a rafforzare le difese dell'organismo.<\/span><\/span><\/span><\/span><\/p>\n<p align=\"justify\"><span style=\"font-family: Times New Roman, serif;\"><span style=\"font-size: medium;\"><span style=\"color: #000000;\"><span style=\"font-family: Arial, sans-serif;\">Come l'olio di cumino nero, ha innumerevoli benefici, <\/span><\/span><span style=\"color: #000000;\"><span style=\"font-family: Arial, sans-serif;\">tanto <\/span><\/span><span style=\"color: #000000;\"><span style=\"font-family: Arial, sans-serif;\">che <\/span><\/span><span style=\"color: #000000;\"><span style=\"font-family: Arial, sans-serif;\">Il Profeta dei musulmani, Maometto, ha raccomandato alla sua comunit\u00e0 di usarlo nei seguenti termini: \u00abCuratevi usando i semi di cumino nero, \u00e8 un rimedio per tutti i mali tranne che per la morte\u00bb.<\/span><\/span><\/span><\/span><\/p>\n<p align=\"justify\"><span style=\"font-family: Times New Roman, serif;\"><span style=\"font-size: medium;\"><span style=\"color: #000000;\"><span style=\"font-family: Arial, sans-serif;\">Pu\u00f2 essere consumato come spezia, cosparso su verdure o pane come integratore alimentare, o mescolato al miele per combinare le loro azioni. <\/span><\/span><\/span><\/span><\/p>\n<p align=\"justify\"><span style=\"font-family: Times New Roman, serif;\"><span style=\"font-size: medium;\"><strong><span style=\"font-family: Arial, sans-serif;\">CONTROINDICAZIONI :<br \/>\n<\/span><\/strong><\/span><\/span><\/p>\n<p class=\"western\" align=\"justify\"><span style=\"font-family: Arial, sans-serif;\"><span style=\"font-size: medium;\">Sebbene ci\u00f2 sia stato osservato solo dopo la somministrazione di dosi molto superiori a quelle raccomandate per uso medicinale, l'assunzione di Nigella \u00e8 controindicata nelle donne in gravidanza e in allattamento per uso prolungato.<\/span><\/span><\/p>\n<p class=\"western\" align=\"justify\"><span style=\"font-family: Arial, sans-serif;\"><span style=\"font-size: medium;\">A parte questo, non ci sono effetti avversi, nessuna interazione con piante medicinali o integratori e nessuna interazione con i farmaci. Tuttavia, occorre prestare attenzione ai pazienti che assumono anticoagulanti.<\/span><\/span><\/p>\n<p class=\"western\"><strong><span style=\"font-family: Arial, sans-serif;\"><span style=\"font-size: medium;\"><i>Volete saperne di pi\u00f9 sul cumino nero? Visitate <a href=\"https:\/\/1001vertus.com\/it\/cumino-nero-il-seme-dalle-1001-virtu\/\">un articolo completo<\/a> su questa pianta miracolosa nella nostra sezione blog!<\/i><\/span><\/span><\/strong><\/p>\n<p>&nbsp;<\/p>\n<p><span style=\"font-family: Liberation Sans, sans-serif;\"><u><b>Ing<\/b><\/u><u><b>r<\/b><\/u><u><b>Ingredienti INCI :<\/b><\/u><\/span><\/p>\n<p><span style=\"color: #00000a;\"><span style=\"font-family: Liberation Sans, sans-serif;\"><span style=\"font-size: medium;\">Semi di cumino nero in polvere.<br \/>\n<\/span><\/span><\/span><\/p>\n<p><span style=\"font-family: Liberation Sans, sans-serif;\"><u><b>Origine :<\/b><\/u> <span style=\"font-size: medium;\">Etiopia.<\/span><\/span><\/p>\n<p><u><b>Capacit\u00e0 :<\/b><\/u><b> <\/b>100g<\/p>","protected":false},"excerpt":{"rendered":"<p align=\"justify\"><span style=\"font-family: Times New Roman, serif;\"><span style=\"font-size: medium;\"><span style=\"color: #000000;\"><span style=\"font-family: Arial, sans-serif;\">La nostra polvere di Nigella etiope <\/span><\/span><span style=\"color: #000000;\"><span style=\"font-family: Arial, sans-serif;\"><i>Abissinia<\/i><\/span><\/span><span style=\"color: #000000;\"><span style=\"font-family: Arial, sans-serif;\"> proviene direttamente da<\/span><\/span><span style=\"font-family: Arial, sans-serif;\"> Semi etiopici di grado A, la qualit\u00e0 pi\u00f9 elevata. Sono stati certificati puri a 99% da un ente indipendente. Questa altissima percentuale \u00e8 il risultato di un lungo processo di lavoro locale, che inizia con l'uso di diversi setacci, seguito da una spolveratura e infine da una cernita manuale per rimuovere tutto ci\u00f2 che potrebbe rovinare il prodotto finale.<\/span> <\/span><\/span><\/p>\n<p align=\"justify\"><span style=\"font-family: Times New Roman, serif;\"><span style=\"font-size: medium;\"><span style=\"color: #000000;\"><span style=\"font-family: Arial, sans-serif;\">Dovete sapere che quasi tutte le polveri di cumino nero \u00abhabbachiya\u00bb presenti sul mercato non sono altro che il residuo dei semi scartati dalla pressa durante la produzione dell'olio di cumino nero. Poich\u00e9 l'olio \u00e8 gi\u00e0 stato estratto, non rimangono molte virt\u00f9 in questa polvere a basso costo... Tuttavia, noi ci impegniamo a fornirvi una polvere ottenuta da semi di nigella intatti. <\/span><\/span><\/span><\/span><\/p>\n<p align=\"justify\"><span style=\"font-family: Times New Roman, serif;\"><span style=\"font-size: medium;\"><span style=\"color: #000000;\"><span style=\"font-family: Arial, sans-serif;\"><strong>Abissinia: il meglio del cumino nero<\/strong><br \/>\n<\/span><\/span><\/span><\/span><\/p>","protected":false},"featured_media":964,"template":"","meta":[],"product_brand":[],"product_cat":[26,28,96],"product_tag":[],"class_list":{"0":"post-727","1":"product","2":"type-product","3":"status-publish","4":"has-post-thumbnail","6":"product_cat-nigelle","7":"product_cat-medecine-sante","8":"product_cat-roqya-chariya","10":"first","11":"instock","12":"shipping-taxable","13":"purchasable","14":"product-type-simple"},"_links":{"self":[{"href":"https:\/\/1001vertus.com\/it\/wp-json\/wp\/v2\/product\/727","targetHints":{"allow":["GET"]}}],"collection":[{"href":"https:\/\/1001vertus.com\/it\/wp-json\/wp\/v2\/product"}],"about":[{"href":"https:\/\/1001vertus.com\/it\/wp-json\/wp\/v2\/types\/product"}],"wp:featuredmedia":[{"embeddable":true,"href":"https:\/\/1001vertus.com\/it\/wp-json\/wp\/v2\/media\/964"}],"wp:attachment":[{"href":"https:\/\/1001vertus.com\/it\/wp-json\/wp\/v2\/media?parent=727"}],"wp:term":[{"taxonomy":"product_brand","embeddable":true,"href":"https:\/\/1001vertus.com\/it\/wp-json\/wp\/v2\/product_brand?post=727"},{"taxonomy":"product_cat","embeddable":true,"href":"https:\/\/1001vertus.com\/it\/wp-json\/wp\/v2\/product_cat?post=727"},{"taxonomy":"product_tag","embeddable":true,"href":"https:\/\/1001vertus.com\/it\/wp-json\/wp\/v2\/product_tag?post=727"}],"curies":[{"name":"wp","href":"https:\/\/api.w.org\/{rel}","templated":true}]}}