{"id":725,"date":"2018-08-19T11:54:52","date_gmt":"2018-08-19T10:54:52","guid":{"rendered":"https:\/\/1001vertus.com\/?post_type=product&#038;p=725"},"modified":"2026-05-03T05:11:08","modified_gmt":"2026-05-03T04:11:08","slug":"olio-di-cumino-nero-della-dethiopia-abissinia","status":"publish","type":"product","link":"https:\/\/1001vertus.com\/it\/produit\/huile-de-nigelle-dethiopie-abyssinia\/","title":{"rendered":"Olio di cumino nero etiope \"Abyssinia\" analizzato - 50ml"},"content":{"rendered":"<p><span style=\"font-family: Arial, sans-serif;\"><span style=\"font-size: medium;\">Il nostro olio di cumino nero \u00e8 ottenuto con una prima spremitura a freddo per preservare in modo ottimale tutti i benefici e le virt\u00f9 di questo seme eccezionale.<\/span><\/span><\/p>\n<p align=\"justify\"><span style=\"font-family: Arial, sans-serif;\"><span style=\"font-size: medium;\">Ces pr\u00e9cieuses graines, de grade A (\u00e0 savoir, la meilleure qualit\u00e9) ont \u00e9t\u00e9 certifi\u00e9es pures \u00e0 99% par un organisme ind\u00e9pendant. Ce pourcentage tr\u00e8s \u00e9lev\u00e9 est le fruit d\u2019un long travail local consistant d\u2019abord en l\u2019utilisation de diff\u00e9rents tamis, puis d\u2019un d\u00e9poussi\u00e9rage et enfin d\u2019un tri manuel afin de retirer tout ce qui pourrait alt\u00e9rer le produit final.<\/span><\/span><\/p>\n<p align=\"justify\"><span style=\"font-family: Arial, sans-serif;\"><span style=\"font-size: medium;\">Essendo un prodotto 100% puro e naturale che non subisce alcuna alterazione chimica o fase di colorazione, non sorprende che di tanto in tanto l'aspetto, il sapore e il colore dell'olio possano variare leggermente nel corso dell'anno.<\/span><\/span><\/p>\n<p align=\"justify\"><span style=\"font-family: Arial, sans-serif;\"><span style=\"font-size: medium;\">Dans un souci de transparence sur la qualit\u00e9 de notre huile de nigelle d\u2019\u00c9thiopie, celle-ci a \u00e9galement \u00e9t\u00e9 analys\u00e9e par un laboratoire ind\u00e9pendant. Le r\u00e9sultat est sans appel, elle est d\u2019une qualit\u00e9 rare et poss\u00e8dent des taux d\u2019om\u00e9ga 6 (acides gras polyinsatur\u00e9s) exceptionnel de plus de 60% et ce quelque soit la r\u00e9colte dont les graines sont issues tout au long de l&rsquo;ann\u00e9e comme en atteste les analyses faites sur chaque lot de production.<\/span><\/span><\/p>\n<p align=\"justify\"><span style=\"font-family: Arial, sans-serif;\"><span style=\"font-size: medium;\"><i>Remarque : l&rsquo;acide linol\u00e9ique est un acide gras polyinsatur\u00e9 appartenant \u00e0 la famille des om\u00e9ga-6. Cet acide gras n&rsquo;est pas synth\u00e9tis\u00e9 par l&rsquo;organisme. On dit pour cela que c&rsquo;est un acide gras \u00ab\u00a0essentiel\u00a0\u00bb. Une carence en om\u00e9ga-6 peut entra\u00eener une s\u00e9cheresse intense de la peau et des allergies. Au niveau cutan\u00e9, cet acide gras entre dans la composition des c\u00e9ramides. Il participe \u00e0 la reconstitution des lipides \u00e9pidermiques et favorise la bonne coh\u00e9sion des cellules de la peau entre elles. L&rsquo;acide linol\u00e9ique permet de limiter les pertes en eau de la peau tout en pr\u00e9sentant des qualit\u00e9s adoucissantes et nutritives.<\/i><\/span><\/span><\/p>\n<p align=\"justify\"><span style=\"font-family: Arial, sans-serif;\"><span style=\"font-size: medium;\"><br \/>\n<span style=\"color: #020101;\">L'olio di cumino nero etiope presenta caratteristiche sorprendenti. \u00c8 pi\u00f9 scuro dei suoi omologhi \"classici\" (Egitto, Marocco, ecc.), il cui colore varia dal giallo ambrato all'ocra chiaro. Naturalmente, non \u00e8 l'unica cosa che ha in comune. La sua maggiore particolarit\u00e0 \u00e8 quella terapeutica, poich\u00e9 i suoi benefici sono superiori a quelli di altri oli di cumino nero. <\/span><\/span><\/span><\/p>\n<p align=\"justify\"><span style=\"font-family: Arial, sans-serif;\"><span style=\"font-size: medium;\">Da oltre 2.000 anni, <strong>cumino nero<\/strong> de mani\u00e8re g\u00e9n\u00e9rale est utilis\u00e9e pour ses vertus pour la sant\u00e9 mais aussi cosm\u00e9tiques. Selon certaines sources, l\u2019huile de Nigelle \u00e9tait utilis\u00e9e comme produit de beaut\u00e9 par Cl\u00e9op\u00e2tre et N\u00e9fertiti. Les \u00e9gyptiens ont encore pour habitude d&rsquo;appeler cette graine \u00ab\u00a0habba al baraka\u00a0\u00bb, qui signifie la \u00ab\u00a0graine b\u00e9nite\u00a0\u00bb.<\/span><\/span><\/p>\n<p><span style=\"font-family: Arial, sans-serif;\"><span style=\"font-size: medium;\">Il cumino nero fa parte anche della medicina tradizionale indiana e cinese, dove viene utilizzato come antibiotico naturale. <\/span><\/span><\/p>\n<p align=\"justify\"><span style=\"font-family: Arial, sans-serif;\"><span style=\"font-size: medium;\"><i>In effetti, abbiamo scritto un affascinante articolo in merito, che potete trovare nella nostra sezione \"blog\".<\/i><\/span><\/span><\/p>\n<p align=\"justify\"><span style=\"font-family: Arial, sans-serif;\"><span style=\"font-size: medium;\">Si tratta quindi di un rimedio antico che sta guadagnando popolarit\u00e0, soprattutto a seguito di alcuni recenti studi scientifici, ma anche grazie allo sviluppo dell'Islam. <\/span><\/span><\/p>\n<p align=\"justify\"><span style=\"font-family: Arial, sans-serif;\"><span style=\"font-size: medium;\">In effetti, i pionieri della medicina, musulmani e non, hanno parlato del cumino nero e delle sue numerose virt\u00f9. <\/span><\/span><\/p>\n<h2 align=\"justify\"><span style=\"font-family: Arial, sans-serif;\"><span style=\"font-size: medium;\"><b>I benefici dell'olio di nigella<\/b><\/span><\/span><\/h2>\n<p align=\"justify\"><span style=\"font-family: Arial, sans-serif;\"><span style=\"font-size: medium;\">Come gi\u00e0 detto, l'olio di cumino nero pu\u00f2 essere usato sia internamente che esternamente. <\/span><\/span><\/p>\n<p align=\"justify\"><span style=\"font-family: Arial, sans-serif;\"><span style=\"font-size: medium;\">Il cumino nero contiene numerosi componenti naturali (vitamine, enzimi, oligoelementi e omega-6 e omega-3 di origine vegetale). Componenti i cui benefici per la salute sono stati ampiamente dimostrati dalla scienza da oltre quarant'anni. <\/span><\/span><\/p>\n<p align=\"justify\"><span style=\"font-family: Arial, sans-serif;\"><span style=\"font-size: medium;\">Contiene inoltre proteine, lipidi, carboidrati, aminoacidi e metaboliti secondari, noti per la loro attivit\u00e0 farmacologica. In sinergia, questi componenti aiutano a prevenire infezioni e allergie e, soprattutto, a rafforzare il sistema immunitario. E quanto pi\u00f9 forte \u00e8 il sistema immunitario, tanto migliore \u00e8 lo stato di salute, perch\u00e9 aiuta a combattere le malattie e a mantenere il corpo in buona forma.<\/span><\/span><\/p>\n<p><span style=\"font-family: Arial, sans-serif;\"><span style=\"font-size: medium;\">L'olio di cumino nero \u00e8 un integratore alimentare per aumentare i livelli di energia al cambio di stagione. L'assunzione di due cure di tre settimane di olio di cumino nero all'anno contribuisce a rafforzare il sistema immunitario e a migliorare il benessere generale.<\/span><\/span><\/p>\n<p align=\"justify\"><span style=\"font-family: Arial, sans-serif;\"><span style=\"font-size: medium;\"><u><b>Istruzioni per l'uso :<\/b><\/u><\/span><\/span><\/p>\n<p align=\"justify\"><span style=\"font-family: Arial, sans-serif;\"><span style=\"font-size: medium;\"><u>Dosaggio : <\/u><\/span><\/span><\/p>\n<p align=\"justify\"><span style=\"font-family: Arial, sans-serif;\"><span style=\"font-size: medium;\">Per applicazioni locali (cura della pelle, massaggio per alleviare le contratture, colluttorio, ecc.): una o pi\u00f9 volte al giorno, a seconda del dolore.<\/span><\/span><\/p>\n<p align=\"justify\"><span style=\"font-family: Arial, sans-serif;\"><span style=\"font-size: medium;\">L'olio di cumino nero pu\u00f2 essere utilizzato anche come inalatore.<\/span><\/span><\/p>\n<p align=\"justify\"><span style=\"font-family: Arial, sans-serif;\"><span style=\"font-size: medium;\">I semi schiacciati possono essere utilizzati in cataplasmi per trattare alcuni problemi della pelle. <\/span><\/span><\/p>\n<p align=\"justify\"><span style=\"font-family: Arial, sans-serif;\"><span style=\"font-size: medium;\">L'olio pu\u00f2 anche essere aggiunto ai prodotti cosmetici.<\/span><\/span><\/p>\n<p align=\"justify\"><span style=\"font-family: Arial, sans-serif;\"><span style=\"font-size: medium;\"><u>Somministrazione orale :<\/u><\/span><\/span><\/p>\n<p align=\"justify\"><span style=\"font-family: Arial, sans-serif;\"><span style=\"font-size: medium;\">- Per gli adulti: assumere un cucchiaino ogni mattina a stomaco vuoto, per un ciclo di tre mesi.<\/span><\/span><\/p>\n<p align=\"justify\"><span style=\"font-family: Arial, sans-serif;\"><span style=\"font-size: medium;\">- Per i bambini (fino a 12 anni): \u00c8 sufficiente assumerne mezzo cucchiaino a stomaco vuoto al mattino di ogni giorno.\u00a0<\/span><\/span><\/p>\n<p align=\"justify\"><span style=\"font-family: Arial, sans-serif;\"><span style=\"font-size: medium;\">\u00c8 bene sapere che il cumino nero pu\u00f2 essere mescolato con miele, succo di frutta, latte, acqua, olio d'oliva e cos\u00ec via. Per esempio, una miscela di un cucchiaino di olio di cumino nero con yogurt pu\u00f2 essere usata per calmare la diarrea.<\/span><\/span><\/p>\n<h3 align=\"justify\"><strong><span style=\"font-family: Arial, sans-serif;\"><span style=\"font-size: medium;\">CONTROINDICAZIONI<\/span><\/span><\/strong><\/h3>\n<p align=\"justify\"><span style=\"font-family: Arial, sans-serif;\"><span style=\"font-size: medium;\">Sebbene ci\u00f2 sia stato osservato solo dopo la somministrazione di dosi molto superiori a quelle raccomandate per uso medicinale, l'assunzione di Nigella \u00e8 controindicata nelle donne in gravidanza e in allattamento per uso prolungato.<\/span><\/span><\/p>\n<p align=\"justify\"><span style=\"font-family: Arial, sans-serif;\"><span style=\"font-size: medium;\">A parte questo, non ci sono effetti avversi, nessuna interazione con piante medicinali o integratori e nessuna interazione con i farmaci. Tuttavia, occorre prestare attenzione ai pazienti che assumono anticoagulanti.<\/span><\/span><\/p>\n<p align=\"justify\"><span style=\"font-family: Arial, sans-serif;\"><span style=\"font-size: medium;\"><i>Envie d\u2019en savoir plus sur la nigelle\u00a0? Retrouve <a href=\"https:\/\/1001vertus.com\/it\/cumino-nero-il-seme-dalle-1001-virtu\/\">un articolo completo<\/a> su questa pianta miracolosa nella nostra sezione blog!<\/i><\/span><\/span><\/p>\n<p><span style=\"font-family: Arial, sans-serif;\"><span style=\"font-size: medium;\"><u><b>Ingredienti:<\/b><\/u><\/span><\/span><\/p>\n<p><span style=\"color: #00000a;\"><span style=\"font-family: Arial, sans-serif;\"><span style=\"font-size: medium;\">Olio di cumino nero<\/span><\/span><\/span><\/p>\n<p><span style=\"font-family: Arial, sans-serif;\"><span style=\"font-size: medium;\"><u><b>Origine :<\/b><\/u> Etiopia<\/span><\/span><\/p>\n<p align=\"justify\"><span style=\"font-family: Arial, sans-serif;\"><span style=\"font-size: medium;\">Retrouvez cette huile de nigelle exceptionnelle en diff\u00e9rents formats : 50ml, 100ml, 200ml, 500ml et 700ml dans de magnifiques bouteilles en verre de qualit\u00e9 sup\u00e9rieure.<\/span><\/span><\/p>\n<p align=\"justify\"><span style=\"font-family: Arial, sans-serif;\"><span style=\"font-size: medium;\">Condizioni di conservazione: Olio vegetale sensibile all'ossidazione. Conservare in un luogo fresco (&lt; 20\u00b0C) al riparo dall&#039;aria e dalla luce.<\/span><\/span><\/p>\n<p class=\"western\" align=\"justify\">","protected":false},"excerpt":{"rendered":"<p><span style=\"font-family: Arial, sans-serif;\"><span style=\"font-size: medium;\">\u00c8 con grande orgoglio che presentiamo questo prodotto eccezionale: l'olio di cumino nero \"Abyssinia\" proveniente dall'Etiopia. Quest'olio \u00e8 ricco di benefici, sia per uso interno che esterno.<\/span><\/span><\/p>\n<p align=\"justify\"><span style=\"font-family: Arial, sans-serif;\"><span style=\"font-size: medium;\">Come potevamo lasciarci sfuggire questo prodotto dalle 1001 virt\u00f9? Fin dall'inizio non era pensabile che non vi offrissimo prodotti a base di cumino nero, e per di pi\u00f9 di cumino nero etiope. Inoltre, abbiamo creato una gamma completa di prodotti chiamata <i>Abissinia<\/i> (l'antico nome dell'Etiopia in inglese).<\/span><\/span><\/p>\n<p align=\"justify\"><span style=\"font-family: Arial, sans-serif;\"><span style=\"font-size: medium;\">I semi di cumino nero etiope, o \"Habbachiya\" in arabo, sono semplicemente i migliori semi di cumino nero del mondo, cos\u00ec come il loro olio.<\/span><\/span><\/p>\n<p align=\"justify\"><span style=\"font-family: Arial, sans-serif;\"><span style=\"font-size: medium;\">Fid\u00e8le \u00e0 notre volont\u00e9 d&rsquo;excellence, <i>Abissinia<\/i> de 1001 vertus est une huile de nigelle \u00c9thiopienne absolument pure, analys\u00e9e en laboratoire, 100 % naturelle et d\u2019une qualit\u00e9 cosm\u00e9tique et alimentaire irr\u00e9prochable. Elle est garantie sans aucun m\u00e9lange ni traitement chimique. <\/span><\/span><\/p>","protected":false},"featured_media":34016,"template":"","meta":[],"product_brand":[],"product_cat":[26,28,96],"product_tag":[],"class_list":{"0":"post-725","1":"product","2":"type-product","3":"status-publish","4":"has-post-thumbnail","6":"product_cat-nigelle","7":"product_cat-medecine-sante","8":"product_cat-roqya-chariya","10":"first","11":"instock","12":"shipping-taxable","13":"purchasable","14":"product-type-simple"},"_links":{"self":[{"href":"https:\/\/1001vertus.com\/it\/wp-json\/wp\/v2\/product\/725","targetHints":{"allow":["GET"]}}],"collection":[{"href":"https:\/\/1001vertus.com\/it\/wp-json\/wp\/v2\/product"}],"about":[{"href":"https:\/\/1001vertus.com\/it\/wp-json\/wp\/v2\/types\/product"}],"wp:featuredmedia":[{"embeddable":true,"href":"https:\/\/1001vertus.com\/it\/wp-json\/wp\/v2\/media\/34016"}],"wp:attachment":[{"href":"https:\/\/1001vertus.com\/it\/wp-json\/wp\/v2\/media?parent=725"}],"wp:term":[{"taxonomy":"product_brand","embeddable":true,"href":"https:\/\/1001vertus.com\/it\/wp-json\/wp\/v2\/product_brand?post=725"},{"taxonomy":"product_cat","embeddable":true,"href":"https:\/\/1001vertus.com\/it\/wp-json\/wp\/v2\/product_cat?post=725"},{"taxonomy":"product_tag","embeddable":true,"href":"https:\/\/1001vertus.com\/it\/wp-json\/wp\/v2\/product_tag?post=725"}],"curies":[{"name":"wp","href":"https:\/\/api.w.org\/{rel}","templated":true}]}}