{"id":721,"date":"2018-08-18T15:23:11","date_gmt":"2018-08-18T14:23:11","guid":{"rendered":"https:\/\/1001vertus.com\/?post_type=product&#038;p=721"},"modified":"2025-02-13T15:01:12","modified_gmt":"2025-02-13T14:01:12","slug":"mascara-allolio-di-ricino-biologico","status":"publish","type":"product","link":"https:\/\/1001vertus.com\/it\/produit\/mascara-a-lhuile-de-ricin-bio\/","title":{"rendered":"Mascara all'olio di ricino biologico"},"content":{"rendered":"<p><span style=\"font-family: Arial, sans-serif;\">Il mascara all'olio di ricino biologico \u00e8 un trattamento pratico, naturale ed essenziale per rinforzare le ciglia, stimolarne la crescita e limitarne la perdita.<\/span><\/p>\n<p><span style=\"font-family: Arial, sans-serif;\">Le ciglia pi\u00f9 sane cresceranno anche pi\u00f9 velocemente. Pi\u00f9 forti e resistenti, saranno anche pi\u00f9 belle, pi\u00f9 piene e pi\u00f9 lunghe!<\/span><\/p>\n<p><span style=\"font-family: Arial, sans-serif;\"><u>Istruzioni per l'uso :<\/u><\/span><\/p>\n<p><span style=\"font-family: Arial, sans-serif;\">Veuillez \u00e0 bien vous d\u00e9maquiller avant toute ut<\/span><span style=\"font-family: Arial, sans-serif;\">ilizzazione.<\/span> <span style=\"font-family: Arial, sans-serif;\">Utili<\/span><span style=\"font-family: Arial, sans-serif;\">ser <\/span><span style=\"font-family: Arial, sans-serif;\">votre mascara \u00e0 l\u2019huile de ricin BIO comme un mascara normal. De pr\u00e9f\u00e9rence le soir, avant de vous coucher.<\/span><\/p>\n<p><span style=\"font-family: Arial, sans-serif;\">I risultati sono visibili dopo 2 o 3 settimane! Ma la cosa migliore \u00e8 fare un ciclo di trattamenti della durata di uno o due mesi.<\/span><\/p>\n<p>&nbsp;<\/p>\n<p><span style=\"font-family: Liberation Sans, sans-serif;\"><u><b>Ingredienti INCI :<\/b><\/u><\/span><\/p>\n<p><span style=\"color: #00000a;\"><span style=\"font-family: Liberation Sans, sans-serif;\"><span style=\"font-size: medium;\">Olio di ricino<\/span><\/span><\/span><\/p>\n<p><span style=\"font-family: Liberation Sans, sans-serif;\"><u><b>Origine :<\/b><\/u> <span style=\"font-size: medium;\">India<\/span><\/span><\/p>\n<p><u><b>Capacit\u00e0 : <\/b><\/u>10ml<\/p>\n<p>&nbsp;<\/p>\n<p><em>Retrouvez \u00e9galement ce mascara sous forme de pack :<\/em><\/p>\n<ul>\n<li><em>pacchetto <a href=\"https:\/\/1001vertus.com\/it\/product\/branco-di-occhi-bellissimi-che-conosci\/\">\u00ab\u00a0T&rsquo;as de beaux yeux, tu sais ?\u00a0\u00bb<\/a><\/em><\/li>\n<li><em>pacchetto <a href=\"https:\/\/1001vertus.com\/it\/product\/impacco-per-il-viso\/\">\u00ab\u00a0Joli minois\u00a0\u00bb<\/a><\/em><\/li>\n<\/ul>\n<p>&nbsp;<\/p>","protected":false},"excerpt":{"rendered":"<p>Il mascara all'olio di ricino biologico \u00e8 un trattamento pratico, naturale ed essenziale per rinforzare le ciglia, stimolarne la crescita e limitarne la perdita.<\/p>\n<p>Le ciglia pi\u00f9 sane cresceranno anche pi\u00f9 velocemente. Pi\u00f9 forti e resistenti, saranno anche pi\u00f9 belle, pi\u00f9 piene e pi\u00f9 lunghe!<\/p>","protected":false},"featured_media":2135,"template":"","meta":[],"product_brand":[],"product_cat":[27,92],"product_tag":[],"class_list":{"0":"post-721","1":"product","2":"type-product","3":"status-publish","4":"has-post-thumbnail","6":"product_cat-bien-etre","7":"product_cat-maquillage-naturel","9":"first","10":"instock","11":"shipping-taxable","12":"purchasable","13":"product-type-simple"},"_links":{"self":[{"href":"https:\/\/1001vertus.com\/it\/wp-json\/wp\/v2\/product\/721","targetHints":{"allow":["GET"]}}],"collection":[{"href":"https:\/\/1001vertus.com\/it\/wp-json\/wp\/v2\/product"}],"about":[{"href":"https:\/\/1001vertus.com\/it\/wp-json\/wp\/v2\/types\/product"}],"wp:featuredmedia":[{"embeddable":true,"href":"https:\/\/1001vertus.com\/it\/wp-json\/wp\/v2\/media\/2135"}],"wp:attachment":[{"href":"https:\/\/1001vertus.com\/it\/wp-json\/wp\/v2\/media?parent=721"}],"wp:term":[{"taxonomy":"product_brand","embeddable":true,"href":"https:\/\/1001vertus.com\/it\/wp-json\/wp\/v2\/product_brand?post=721"},{"taxonomy":"product_cat","embeddable":true,"href":"https:\/\/1001vertus.com\/it\/wp-json\/wp\/v2\/product_cat?post=721"},{"taxonomy":"product_tag","embeddable":true,"href":"https:\/\/1001vertus.com\/it\/wp-json\/wp\/v2\/product_tag?post=721"}],"curies":[{"name":"wp","href":"https:\/\/api.w.org\/{rel}","templated":true}]}}