{"id":718,"date":"2018-08-18T14:44:16","date_gmt":"2018-08-18T13:44:16","guid":{"rendered":"https:\/\/1001vertus.com\/?post_type=product&#038;p=718"},"modified":"2022-09-06T16:44:53","modified_gmt":"2022-09-06T15:44:53","slug":"carbone-di-cocco-attivo-biologico-dindonesie","status":"publish","type":"product","link":"https:\/\/1001vertus.com\/it\/produit\/charbon-actif-de-noix-de-coco-bio-dindonesie\/","title":{"rendered":"Carbone di cocco biologico dall'Indonesia"},"content":{"rendered":"<p><span style=\"font-family: Arial, sans-serif;\">Blanchissez vos dents naturellement avec notre charbon actif de noix de coco BIO d\u2019Indon\u00e9sie.<\/span><\/p>\n<p><span style=\"font-family: Arial, sans-serif;\">Pour cela, rien de plus simple\u00a0: mouiller l\u00e9g\u00e8rement votre brosse \u00e0 dent, trempez la dans la poudre de charbon, brossez vous les dents puis rincez\u00a0!<\/span><\/p>\n<p><span style=\"font-family: Arial, sans-serif;\">Notre poudre de charbon actif de noix de coco BIO est 100% naturelle et de qualit\u00e9 cosm\u00e9tique et alimentaire. Elle permet de blanchir vos dents mais \u00e9galement de rafra\u00eechir votre haleine et de vous procurer une agr\u00e9able sensation de propret\u00e9 et de fra\u00eecheur.<\/span><\/p>\n<p><span style=\"font-family: Arial, sans-serif;\">Dites adieu aux t\u00e2ches caus\u00e9es par le tabac, le caf\u00e9 ou le th\u00e9. De plus, utilis\u00e9 r\u00e9guli\u00e8rement, le charbon actif de noix de coco BIO emp\u00eachera la nouvelle pigmentation de couleur de se fixer \u00e0 nouveau sur vos dents.<\/span><\/p>\n<p><span style=\"font-family: Arial, sans-serif;\">Mais le charbon actif n\u2019est pas seulement l\u2019alli\u00e9 de vos dents, il a d\u2019autres vertus\u00a0:<\/span><\/p>\n<p><span style=\"font-family: Arial, sans-serif;\">&#8211; Il est tr\u00e8s efficace contre les<\/span> <span style=\"font-family: Arial, sans-serif;\">gaz intestinaux, l&rsquo;a\u00e9rophagie, les intoxications digestives, les aigreurs d\u2019estomac.<\/span><\/p>\n<p><span style=\"font-family: Arial, sans-serif;\">&#8211; Il est id\u00e9al pour les cures de d\u00e9toxification car il se diss\u00e9mine parfaitement dans les muqueuses du tube digestif permettant un nettoyage intestinal<\/span> <span style=\"font-family: Arial, sans-serif;\">completo.<\/span><\/p>\n<h3><\/h3>\n<h3><span style=\"font-family: Arial, sans-serif;\"><u>Istruzioni per l'uso per denti bianchi:<\/u><\/span><\/h3>\n<p><span style=\"font-family: Arial, sans-serif;\">&#8211; Tremper l\u00e9g\u00e8rement votre brosse \u00e0 dents humidifi\u00e9e dans la poudre. Brosser pendant 2-3 minutes puis rincer avant de brosser \u00e0 nouveau avec de l&rsquo;eau pour enlever les quelques r\u00e9sidus restants. Rincez enfin une derni\u00e8re fois et resplendissez d&rsquo;un sourire radieux et \u00e9clatant !<\/span><\/p>\n<p><span style=\"font-family: Arial, sans-serif;\">&#8211; Donnez plus d&rsquo;efficacit\u00e9 \u00e0 votre dentifrice en le m\u00e9langeant \u00e0 un peu de cette poudre. Ou mariez-la avec de l&rsquo;huile de Coco. <\/span><\/p>\n<p><span style=\"font-family: Arial, sans-serif;\">Les r\u00e9sultats varient en fonction de la teinte de l&rsquo;\u00e9mail des diff\u00e9rentes personnes. Certains pourront\u00a0remarquer un blanchiment imm\u00e9diat. Pour d&rsquo;autres, ce sera progressif.<\/span><\/p>\n<p>&nbsp;<\/p>\n<h3><span style=\"font-family: Arial, sans-serif;\"><u>Conseils d&rsquo;utilisation pour les gaz intestinaux, l\u2019a\u00e9rophagie, l\u2019intoxication digestive et les aigreurs d\u2019estomac\u00a0:<\/u><\/span><\/h3>\n<p><span style=\"font-family: Arial, sans-serif;\">Mettre une cuill\u00e8re \u00e0 caf\u00e9 de charbon dans un verre d\u2019eau. M\u00e9langer et boire le tout. Puis se rincer abondamment la bouche apr\u00e8s cela.<\/span><\/p>\n<p>&nbsp;<\/p>\n<p><span style=\"font-family: Arial, sans-serif;\">Les enfants et femmes enceintes peuvent utiliser ce produit sans probl\u00e8me pour blanchir leurs dents.<\/span><\/p>\n<p>&nbsp;<\/p>\n<p><span style=\"font-family: Liberation Sans, sans-serif;\"><u><b>Ing<\/b><\/u><u><b>r<\/b><\/u><u><b>Ingredienti INCI :<\/b><\/u><\/span><\/p>\n<p>Carbone di guscio di cocco<\/p>\n<p>Argilla bentonite<\/p>\n<p>Huile de menthe poivr\u00e9e<\/p>\n<p><span style=\"font-family: Liberation Sans, sans-serif;\"><u><b>Origine :<\/b><\/u> <span style=\"font-size: medium;\">Indon\u00e9sie<\/span><\/span><\/p>\n<p><u><b>Capacit\u00e0 :<\/b><\/u><b> <\/b>30g.<\/p>\n<p><span style=\"font-family: Arial, sans-serif;\">\u00a0<\/span><\/p>\n<p><span style=\"font-family: Arial, sans-serif;\"><i>Envie d\u2019en savoir plus sur le charbon actif de noix de coco BIO ? Consultez notre <a href=\"https:\/\/1001vertus.com\/it\/tutto-quello-che-ce-da-sapere-sul-carbone-di-cocco-attivo\/\">articolo del blog<\/a>.<\/i><\/span><\/p>","protected":false},"excerpt":{"rendered":"<p>Blanchissez vos dents naturellement avec notre charbon actif de noix de coco BIO d\u2019Indon\u00e9sie.<\/p>\n<p>Pour cela, rien de plus simple : mouiller l\u00e9g\u00e8rement votre brosse \u00e0 dent, trempez la dans la poudre de charbon, brossez vous les dents puis rincez !<\/p>\n<p>Notre poudre de charbon actif de noix de coco BIO est 100% naturelle et de qualit\u00e9 cosm\u00e9tique et alimentaire. Elle permet de blanchir vos dents mais \u00e9galement de rafra\u00eechir votre haleine et de vous procurer une agr\u00e9able sensation de propret\u00e9 et de fra\u00eecheur.<\/p>\n<p>Elle est \u00e9galement tr\u00e8s efficace contre les gaz intestinaux, l&rsquo;a\u00e9rophagie, les intoxications digestives, les aigreurs d\u2019estomac et les cures de d\u00e9toxification.<\/p>","protected":false},"featured_media":1036,"template":"","meta":[],"product_brand":[],"product_cat":[27,28],"product_tag":[],"class_list":{"0":"post-718","1":"product","2":"type-product","3":"status-publish","4":"has-post-thumbnail","6":"product_cat-bien-etre","7":"product_cat-medecine-sante","9":"first","10":"outofstock","11":"sale","12":"shipping-taxable","13":"purchasable","14":"product-type-simple"},"_links":{"self":[{"href":"https:\/\/1001vertus.com\/it\/wp-json\/wp\/v2\/product\/718","targetHints":{"allow":["GET"]}}],"collection":[{"href":"https:\/\/1001vertus.com\/it\/wp-json\/wp\/v2\/product"}],"about":[{"href":"https:\/\/1001vertus.com\/it\/wp-json\/wp\/v2\/types\/product"}],"wp:featuredmedia":[{"embeddable":true,"href":"https:\/\/1001vertus.com\/it\/wp-json\/wp\/v2\/media\/1036"}],"wp:attachment":[{"href":"https:\/\/1001vertus.com\/it\/wp-json\/wp\/v2\/media?parent=718"}],"wp:term":[{"taxonomy":"product_brand","embeddable":true,"href":"https:\/\/1001vertus.com\/it\/wp-json\/wp\/v2\/product_brand?post=718"},{"taxonomy":"product_cat","embeddable":true,"href":"https:\/\/1001vertus.com\/it\/wp-json\/wp\/v2\/product_cat?post=718"},{"taxonomy":"product_tag","embeddable":true,"href":"https:\/\/1001vertus.com\/it\/wp-json\/wp\/v2\/product_tag?post=718"}],"curies":[{"name":"wp","href":"https:\/\/api.w.org\/{rel}","templated":true}]}}