{"id":6067,"date":"2022-04-15T14:50:49","date_gmt":"2022-04-15T13:50:49","guid":{"rendered":"https:\/\/1001vertus.com\/?post_type=product&#038;p=6067"},"modified":"2026-03-31T19:58:44","modified_gmt":"2026-03-31T18:58:44","slug":"1001-virtu-femminili-tisana-per-il-ciclo-mestruale-doloroso","status":"publish","type":"product","link":"https:\/\/1001vertus.com\/it\/produit\/tisane-feminithe-contre-les-regles-douloureuses-1001-vertus\/","title":{"rendered":"Tisana F\u00e9mini'th\u00e9 contro i dolori mestruali - 1001 Vertus"},"content":{"rendered":"<p>Les douleurs de r\u00e8gles (ou dysm\u00e9norrh\u00e9es) sont une pathologie qui touche la majorit\u00e9 des femmes pendant leurs r\u00e8gles mais aussi avant. De plus, pour environ 10 % d\u2019entre elles, ces douleurs peuvent m\u00eame se r\u00e9v\u00e9ler handicapantes.<\/p>\n<p>Il existe diff\u00e9rentes astuces pour soulager ces douleurs comme une bouillotte chaude, le sport, les massages ou encore les m\u00e9dicaments\u2026 L\u2019une d\u2019elles est assez m\u00e9connue pourtant elle est 100% naturelle\u00a0: <strong>les tisanes \u00e0 base de plantes<\/strong>. En effet, certaines plantes on des vertus reconnues pour att\u00e9nuer les douleurs li\u00e9es aux r\u00e8gles. Et la synergie de certaines plantes se r\u00e9v\u00e8le tr\u00e8s efficace et compl\u00e8tes pour ces couleurs et tous les maux d\u00e9sagr\u00e9ables qui les accompagnent.<\/p>\n<p>T\u00e8 alle erbe\u00a0<strong>F\u00e9mini\u2019th\u00e9<\/strong> est\u00a0excellente pour calmer le syndrome pr\u00e9menstruel (ou SPM), les douleurs mais aussi soulager les naus\u00e9es, les migraines, les ballonnements et probl\u00e8me de digestion.<\/p>\n<p>&nbsp;<\/p>\n<h2>Composition de la tisane F\u00e9mini&rsquo;th\u00e9 :<\/h2>\n<p>La nostra tisana <strong>F\u00e9mini\u2019th\u00e9<\/strong> est compos\u00e9e de 4 ingr\u00e9dients ayant chacun des bienfaits qui vous permettront de mieux passer cette p\u00e9riode douloureuse\u00a0:<\/p>\n<ul>\n<li><strong>l\u2019achill\u00e9e millefeuille, pour r\u00e9duire les spasmes et faciliter l\u2019\u00e9coulement,<\/strong><\/li>\n<\/ul>\n<p>L\u2019achill\u00e9e millefeuille est reconnue et utilis\u00e9e depuis des lustres en ce qui concerne la gyn\u00e9cologie. Elle est utilis\u00e9e dans le cas de m\u00e9trorragies, d\u2019endom\u00e9triose, fibromes et tout simplement au moment de la m\u00e9nopause.<br \/>\nMais elle est surtout redoutablement efficace contre les r\u00e8gles douloureuses. En effet, la premi\u00e8re cause des douleurs menstruelles sont les spasmes ressentis lors des premiers jours. L\u2019achill\u00e9e millefeuille avec ses hautes vertus antispasmodiques, mais aussi anti-inflammatoires et relaxantes, vous permettra d\u2019att\u00e9nuer ces douleurs, mais il soulagera \u00e9galement les crampes de l\u2019ut\u00e9rus et les maux de ventre.<\/p>\n<p>De plus, elle a des propri\u00e9t\u00e9s emm\u00e9nagogues, c\u2019est-\u00e0-dire qu\u2019elle facilite l\u2019\u00e9coulement des r\u00e8gles, elle d\u00e9contracte et r\u00e9gule le cycle menstruel gr\u00e2ce \u00e0 ses vertus progestatives.<\/p>\n<p>&nbsp;<\/p>\n<ul>\n<li><strong>la camomille, pour att\u00e9nuer les douleurs et les troubles digestifs,<\/strong><\/li>\n<\/ul>\n<p>La camomille, fait partie des plantes les plus c\u00e9l\u00e8bres en mati\u00e8re d\u2019infusion, tant ses bienfaits sont nombreux et reconnus ! Dans le cas des r\u00e8gles douloureuses, c\u2019est son effet antispasmodique qui nous int\u00e9resse particuli\u00e8rement pour soulager les crampes intestinales (une digestion difficile accompagne souvent les \u00e9pisodes menstruels) et ut\u00e9rines.<br \/>\nElle permet \u00e9galement de diminuer les pertes blanches et r\u00e9guler les cycles irr\u00e9guliers.<\/p>\n<p>&nbsp;<\/p>\n<ul>\n<li><strong>Les feuilles de framboisier, d\u00e9tendent les muscles ut\u00e9rins et r\u00e9gulent le cycle,<\/strong><\/li>\n<\/ul>\n<p>Il <a href=\"https:\/\/1001vertus.com\/it\/product\/foglie-di-lampone\/\">foglie di lampone<\/a> sont id\u00e9ales pour combattre les crampes et les spasmes dus \u00e0 la contraction de l\u2019ut\u00e9rus pendant les r\u00e8gles. En effet, elles contiennent de la frangine et des flavono\u00efdes qui sont r\u00e9put\u00e9s pour leur propri\u00e9t\u00e9 antispasmodique et tonique.<br \/>\nMais elles ont \u00e9galement un effet r\u00e9gularisant sur le cycle menstruel.<\/p>\n<p>&nbsp;<\/p>\n<ul>\n<li><strong>La menthe poivr\u00e9e bio diminue les sympt\u00f4mes pr\u00e9menstruels et stimule l\u2019\u00e9nergie,<\/strong><\/li>\n<\/ul>\n<p>En effet, elle soulage les naus\u00e9es, les migraines, les ballonnements et facilite la digestion.<br \/>\nInoltre, combatte efficacemente i crampi addominali.<\/p>\n<p>&nbsp;<\/p>\n<h3><u>Istruzioni per l'uso :<\/u><\/h3>\n<p>Porter \u00e0 \u00e9bullition une tasse d\u2019eau. Une fois que l\u2019eau fr\u00e9mit, \u00e9teindre et ajouter une cuill\u00e8re \u00e0 caf\u00e9 bomb\u00e9e dans l\u2019eau. Laisser infuser 5mn puis filtrer.<br \/>\nConsommez une \u00e0 trois tasses par jour, selon la douleur.<\/p>\n<p>Pour plus d\u2019efficacit\u00e9, nous vous conseillons de commencer les tisanes quelques jours avant la survenue de celles-ci.<\/p>\n<p>&nbsp;<\/p>\n<p><u>Peso : <\/u> 100 g, ovvero circa 40 tisane.<\/p>\n<p>Contrairement aux mini-sachets o\u00f9 les plantes sont r\u00e9duites en poudre,\u00a0le conditionnement en vrac vous permet de profiter de vrais morceaux de plantes.<\/p>\n<p>&nbsp;<\/p>\n<p><u>Pr\u00e9cautions d\u2019utilisation :<\/u> Ne convient pas aux femmes enceintes ni chez le sujet allergique \u00e0 l\u2019un de ses composants.<\/p>\n<p>&nbsp;<\/p>","protected":false},"excerpt":{"rendered":"<p>Marre de souffrir pendant vos r\u00e8gles? Vous cherchez une alternative 100% naturelle aux m\u00e9dicaments\u00a0?<\/p>\n<p>La tisane f\u00e9mini\u2019th\u00e9 est faite pour vous\u00a0! Sa composition est 100% naturelle et chacun de ses ingr\u00e9dients est traditionnellement reconnus pour ses bienfaits sur le cycle menstruel.<\/p>\n<p>Cette tisane vous permettra non seulement d\u2019att\u00e9nuer vos douleurs, mais aussi de limiter les sympt\u00f4mes menstruelles tels que l\u2019irritabilit\u00e9, le manque d\u2019\u00e9nergie, la fatigue, les naus\u00e9es, les migraines, les ballonnements.\u2026<\/p>","protected":false},"featured_media":6055,"template":"","meta":[],"product_brand":[],"product_cat":[54,29,28],"product_tag":[63],"class_list":{"0":"post-6067","1":"product","2":"type-product","3":"status-publish","4":"has-post-thumbnail","6":"product_cat-tisane","7":"product_cat-alimentation","8":"product_cat-medecine-sante","9":"product_tag-tisane","11":"first","12":"instock","13":"shipping-taxable","14":"purchasable","15":"product-type-simple"},"_links":{"self":[{"href":"https:\/\/1001vertus.com\/it\/wp-json\/wp\/v2\/product\/6067","targetHints":{"allow":["GET"]}}],"collection":[{"href":"https:\/\/1001vertus.com\/it\/wp-json\/wp\/v2\/product"}],"about":[{"href":"https:\/\/1001vertus.com\/it\/wp-json\/wp\/v2\/types\/product"}],"wp:featuredmedia":[{"embeddable":true,"href":"https:\/\/1001vertus.com\/it\/wp-json\/wp\/v2\/media\/6055"}],"wp:attachment":[{"href":"https:\/\/1001vertus.com\/it\/wp-json\/wp\/v2\/media?parent=6067"}],"wp:term":[{"taxonomy":"product_brand","embeddable":true,"href":"https:\/\/1001vertus.com\/it\/wp-json\/wp\/v2\/product_brand?post=6067"},{"taxonomy":"product_cat","embeddable":true,"href":"https:\/\/1001vertus.com\/it\/wp-json\/wp\/v2\/product_cat?post=6067"},{"taxonomy":"product_tag","embeddable":true,"href":"https:\/\/1001vertus.com\/it\/wp-json\/wp\/v2\/product_tag?post=6067"}],"curies":[{"name":"wp","href":"https:\/\/api.w.org\/{rel}","templated":true}]}}