{"id":595,"date":"2018-06-29T10:51:33","date_gmt":"2018-06-29T09:51:33","guid":{"rendered":"https:\/\/1001vertus.com\/?post_type=product&#038;p=595"},"modified":"2026-04-27T07:49:12","modified_gmt":"2026-04-27T06:49:12","slug":"gomma-arabica-del-sudan","status":"publish","type":"product","link":"https:\/\/1001vertus.com\/it\/produit\/gomme-arabique-du-soudan\/","title":{"rendered":"Gomma arabica del Sudan"},"content":{"rendered":"<p>La gomma arabica \u00e8 un prodotto poco conosciuto che vi sar\u00e0 molto utile, poich\u00e9 contiene numerosi benefici. Si tratta di una linfa solidificata, prodotta naturalmente o in seguito a un'incisione, sul tronco degli alberi della famiglia delle acacie. Commestibile, viene raccolto soprattutto nell'Africa sahariana (Maghreb, Mali, Senegal, Ciad, Egitto, Sudan, ecc.). \u00c8 un carboidrato naturale sotto forma di una miscela di sali di potassio, magnesio e calcio.<\/p>\n<p>Le specie di acacia elencate sono pi\u00f9 di 900, quindi esistono diversi tipi di gomma arabica, ma anche diversi livelli di qualit\u00e0. Le pi\u00f9 popolari sono quelle del Senegal e del Sudan.<\/p>\n<h2><strong>La gomma arabica \u00e8 molto utile per i trattamenti curativi o preventivi:<\/strong><\/h2>\n<ul>\n<li>malattie renali acute e croniche,<\/li>\n<li>aiuta nel trattamento delle malattie del torace e dei polmoni (raffreddore), <a href=\"https:\/\/1001vertus.com\/it\/product\/despagne-1001-virtu-miele-di-timo\/\"><strong>tosse<\/strong><\/a>...),<\/li>\n<li>ipertensione arteriosa,<\/li>\n<li>diabete (abbassa i livelli di zucchero nel sangue),<\/li>\n<li>La fibra alimentare contenuta nella gomma arabica \u00e8 prebiotica ed \u00e8 consigliata per aumentare la popolazione di batteri intestinali buoni.<\/li>\n<li>osteoporosi (molto ricco di calcio),<\/li>\n<li>regola i livelli di colesterolo,<\/li>\n<li>aiuta a prevenire il cancro all'intestino e al colon,<\/li>\n<li>sindrome dell'intestino irritabile,<\/li>\n<li>eccellente antibiotico naturale<\/li>\n<li><a href=\"https:\/\/www.la-perte-de-poids.com\/\" target=\"_blank\" rel=\"noopener\"><strong>aiuta a perdere peso<\/strong><\/a>.<\/li>\n<\/ul>\n<h3><strong><u>Come utilizzare la nostra gomma arabica :<\/u><\/strong><\/h3>\n<p>Mettere circa 20 g di questo prodotto in un bicchiere di acqua calda e bere 1 o 2 volte al giorno, preferibilmente al mattino a stomaco vuoto.<\/p>\n<h3><u><strong>Ing<\/strong><\/u><u><strong>r<\/strong><\/u><u><strong>Ingredienti :<\/strong><\/u><\/h3>\n<ul>\n<li>Gomma arabica<\/li>\n<\/ul>\n<p><u><strong>Origine :<\/strong><\/u>\u00a0Sudan<\/p>\n<p><u><strong>Capacit\u00e0 :<\/strong><\/u>Disponibile in sacchetti con zip da 100 g o 250 g<\/p>\n<p>Conservare in un luogo asciutto.<\/p>","protected":false},"excerpt":{"rendered":"<p>La gomma arabica \u00e8 una linfa solidificata, prodotta naturalmente o in seguito a un'incisione, sul tronco degli alberi della famiglia delle acacie, raccolti principalmente nell'Africa sahariana.<\/p>\n<p>\u00c8 molto utile come trattamento curativo o preventivo per le malattie renali, le malattie del torace e dei polmoni (raffreddore, tosse, ecc.), l'ipertensione, il diabete e le infezioni del tratto digestivo.<\/p>","protected":false},"featured_media":1097,"template":"","meta":[],"product_brand":[],"product_cat":[28],"product_tag":[],"class_list":{"0":"post-595","1":"product","2":"type-product","3":"status-publish","4":"has-post-thumbnail","6":"product_cat-medecine-sante","8":"first","9":"instock","10":"shipping-taxable","11":"purchasable","12":"product-type-variable"},"_links":{"self":[{"href":"https:\/\/1001vertus.com\/it\/wp-json\/wp\/v2\/product\/595","targetHints":{"allow":["GET"]}}],"collection":[{"href":"https:\/\/1001vertus.com\/it\/wp-json\/wp\/v2\/product"}],"about":[{"href":"https:\/\/1001vertus.com\/it\/wp-json\/wp\/v2\/types\/product"}],"wp:featuredmedia":[{"embeddable":true,"href":"https:\/\/1001vertus.com\/it\/wp-json\/wp\/v2\/media\/1097"}],"wp:attachment":[{"href":"https:\/\/1001vertus.com\/it\/wp-json\/wp\/v2\/media?parent=595"}],"wp:term":[{"taxonomy":"product_brand","embeddable":true,"href":"https:\/\/1001vertus.com\/it\/wp-json\/wp\/v2\/product_brand?post=595"},{"taxonomy":"product_cat","embeddable":true,"href":"https:\/\/1001vertus.com\/it\/wp-json\/wp\/v2\/product_cat?post=595"},{"taxonomy":"product_tag","embeddable":true,"href":"https:\/\/1001vertus.com\/it\/wp-json\/wp\/v2\/product_tag?post=595"}],"curies":[{"name":"wp","href":"https:\/\/api.w.org\/{rel}","templated":true}]}}