{"id":594,"date":"2018-06-29T11:42:08","date_gmt":"2018-06-29T10:42:08","guid":{"rendered":"https:\/\/1001vertus.com\/?post_type=product&#038;p=594"},"modified":"2026-05-01T11:22:08","modified_gmt":"2026-05-01T10:22:08","slug":"mandorla-amlou","status":"publish","type":"product","link":"https:\/\/1001vertus.com\/it\/produit\/amlou-aux-amandes\/","title":{"rendered":"Mandorla amlou 200g"},"content":{"rendered":"<p>Se siete appassionati di spread, vi innamorerete sicuramente di Amlou!\u00a0<strong>Conosciuta comunemente come la crema marocchina, \u00e8 una vera meraviglia in bocca.<\/strong>\u00a0Con ingredienti interamente derivati dalla natura,\u00a0<strong>L'Amlou marocchino \u00e8 un must gustoso che non passa inosservato.<\/strong>. Ve lo raccontiamo qui. Zoom su questa crema spalmabile naturale, Amlou alle mandorle, un prodotto eccezionale.<\/p>\n<h2><strong>Amlou \u00e8 un prodotto veramente naturale!<\/strong><\/h2>\n<p>Alla base dell'amlou,\u00a0<strong>una ricetta di famiglia<\/strong>. Che \u00e8 stato realizzato\u00a0<strong>nelle case berbere<\/strong>\u00a0in particolare. L'Amlou \u00e8 un grande successo da diversi anni. La ricetta originale contiene\u00a0<strong>una base di prodotti che provengono sicuramente dalla regione<\/strong>incluso\u00a0<strong>mandorle, miele e olio di argan<\/strong>. L'obiettivo \u00e8 quello di ridurre in purea questi ingredienti in una pasta che ricorda il burro di arachidi, suo lontano cugino.\u00a0<strong>L'amlou marocchino \u00e8 senza dubbio un elemento tradizionale della gastronomia marocchina.<\/strong>\u00a0ed \u00e8 quindi presente in ogni casa.<\/p>\n<p>Detto questo, questa diffusione marocchina si \u00e8 poi estesa ben oltre i confini del Marocco. E\u00a0<strong>seduce con la sua composizione sana e naturale.<\/strong>\u00a0Il desiderio di tornare alla natura che abbiamo riscontrato negli ultimi anni ha incrementato il suo successo in tutto il mondo.\u00a0<strong>Amlou \u00e8 assolutamente in linea con una dieta sana e biologica.<\/strong>\u00a0Naturalmente, non tutti i prodotti presenti sul mercato soddisfano questo standard qualitativo, ma la sua semplice composizione, ricca di benefici, ne fa un sicuro segno di qualit\u00e0.<\/p>\n<h2><strong>Amlou, il gusto inimitabile!<\/strong><\/h2>\n<p>Amlou \u00e8\u00a0<strong>un riflesso del Marocco meridionale per eccellenza, ma anche della pasticceria orientale.<\/strong>\u00a0I sapori che scopriamo qui ci trasportano sicuramente nel calore dell'Oriente. E tutto questo lo dobbiamo alla presenza di miele, mandorle e olio di argan. Per di pi\u00f9, l'amlou marocchino \u00e8 spesso descritto come\u00a0<strong>un sapore di nocciole dolci. <\/strong><\/p>\n<p><strong>A cui abbiamo aggiunto una serie di riferimenti alla pasticceria orientale<\/strong>. Troverete versioni al cioccolato, ai fiori d'arancio e al cocco, una delizia per grandi e piccini.<\/p>\n<p>Detto questo, la mandorla in questa crema marocchina \u00e8 ora talvolta sostituita da altra frutta secca. Ma il successo \u00e8 lo stesso.<\/p>\n<p>Come\u00a0<strong>compresi i pistacchi e le arachidi.<\/strong>\u00a0Ma anche cos\u00ec, il gusto dell'amlou \u00e8 inconfondibilmente unico. Il gusto morbido e dolce del miele aggiunto alla frutta secca d\u00e0 quasi l'impressione del burro di nocciole o del burro di arachidi.\u00a0<strong>Un gusto saporito unito a una consistenza di sicuro gradimento. <a href=\"https:\/\/1001vertus.com\/it\/product\/miele-bianco-del-kirghizistan\/\">cremoso<\/a>.<\/strong><\/p>\n<h3><strong>Un aspetto cremoso che delizia le papille gustative e gli occhi<\/strong><\/h3>\n<p>La consistenza cremosa dell'amlou assomiglia in modo inconfondibile alla crema spalmabile famosa a livello internazionale. Ma ci\u00f2 che contraddistingue l'amlou \u00e8 la sua\u00a0<strong>il famoso olio che viene aggiunto in modo ricco e sottile.<\/strong>\u00a0L'olio di argan non \u00e8 solo rotondo al palato, ma anche gradevole alla vista. Oltre a<strong>una fragranza dolce e gourmand.<\/strong>\u00a0Quest'olio si sposa molto bene con il miele e le mandorle. Non sorprende quindi che sia cos\u00ec ampiamente utilizzato nella cucina marocchina.<\/p>\n<p>L'amlou, quindi, si sporge\u00a0<strong>un'armonia di sapori unici e autentici che non mancheranno di soddisfare le papille gustative.<\/strong>\u00a0Diamo un'occhiata ai tipi di alimenti con cui utilizzarlo.<\/p>\n<h2><strong>Come si mangia l'amlou?<\/strong><\/h2>\n<p>Naturalmente, data la sublime consistenza di questa crema marocchina, l'amlou si gusta al meglio su cibi spesso neutri. Per ottenere il massimo da questo sapore eccellente e inimitabile.  Sar\u00e0 una meraviglia\u00a0<strong>Lo si gusta a colazione. Viene spesso spalmato su tutti i tipi di pane, compresi i pancake e i msemen.<\/strong><\/p>\n<p>Quello che ci piace di lui \u00e8 che<strong>\u00c8 parte integrante di una dieta sana.<\/strong>\u00a0Dopo tutto, l'amlou \u00e8 ricco di benefici.<\/p>\n<h3><strong>I benefici dell'amlou<\/strong><\/h3>\n<p>Non c'\u00e8 dubbio che amlou sia composto da prodotti noti in tutto il mondo per le loro meravigliose propriet\u00e0 salutari. Gi\u00e0\u00a0<strong>Nella medicina profetica, tutti questi alimenti sono sempre stati riconosciuti come cause di guarigione.<\/strong>\u00a0Come il <a href=\"https:\/\/1001vertus.com\/it\/product-category\/mieli\/\"><strong>miele<\/strong><\/a>, <a href=\"https:\/\/1001vertus.com\/it\/product\/olio-alimentare-dargan-certificato-biologico-ed-ecocert\/\"><strong>olio di argan<\/strong><\/a> e mandorle, che hanno senza dubbio magnifiche virt\u00f9.<\/p>\n<h3><strong>La presenza di miele<\/strong><\/h3>\n<p>L'efficacia del miele in molti casi \u00e8 ben nota. La sua efficacia nel campo dell'immunit\u00e0 \u00e8 particolarmente degna di nota, cos\u00ec come le sue prestazioni nei seguenti ambiti\u00a0<strong>contro i disturbi respiratori, urinari e digestivi,<\/strong>\u00a0innegabilmente dimostrato. Il miele \u00e8 altrettanto\u00a0<strong>antiossidante e antibatterico<\/strong>cos\u00ec come aiuta a\u00a0<strong>promuove una crescita sana, rigenera l'emoglobina e rafforza il sistema osseo.<\/strong><\/p>\n<h2><strong>Le mandorle sono un innegabile alleato della salute!<\/strong><\/h2>\n<p>Le mandorle sono note per\u00a0<strong>il loro aiuto per il mal di testa.<\/strong>\u00a0Infatti, la salicina che contiene \u00e8 un ingrediente chiave dell'aspirina. Inoltre, il loro ricco contenuto di sostanze nutritive li rende utili per prevenire<strong>\u00a0l'insorgenza di malattie cardiovascolari, cancro al colon e diabete<\/strong>.<\/p>\n<h3><strong>L'olio di argan, l'antiossidante essenziale<\/strong><\/h3>\n<p>Quest'olio \u00e8 ricco di antiossidanti e in particolare di vitamina E. Esso\u00a0<strong>contribuisce al corretto funzionamento del fegato<\/strong>\u00a0precisamente. L'olio di argan \u00e8 anche\u00a0<strong>aiutano a ridurre i livelli di colesterolo<\/strong>\u00a0nonch\u00e9 il rischio di malattie coronariche.\u00a0<strong>ipertensione arteriosa<\/strong>. Infine, sar\u00e0 utile anche nella lotta contro alcuni tipi di cancro.<\/p>\n<p>L'amlou \u00e8 quindi ricco di propriet\u00e0 preziose. Attenzione, per\u00f2, a non consumarlo solo per questo motivo. L'amlou non ha, ovviamente, propriet\u00e0 medicinali.<\/p>\n<p>Ma<strong>\u00a0Tuttavia, il suo effetto benefico sulla salute \u00e8 inevitabile.<\/strong>\u00a0Mangiarlo regolarmente \u00e8 quindi un buon modo per garantire una dieta sana e varia. Anche\u00a0<strong>Gli sportivi apprezzeranno il suo elevato contenuto proteico.<\/strong><\/p>\n<p>Infine, vorrei concludere con questa magnifica diffusione naturale. Dovete sapere che ci\u00f2 che ci piace cos\u00ec tanto \u00e8 che<strong>Oltre a tutti questi benefici, \u00e8 una crema spalmabile che non contiene olio di palma!<\/strong>\u00a0Un altro vantaggio che rende l'amlou un alleato quotidiano dal gusto sublime e dalla composizione decisamente incredibile.<\/p>\n<p>Provatelo, non ve ne pentirete!<\/p>","protected":false},"excerpt":{"rendered":"<p>L'amlou \u00e8 un prodotto tradizionale 100% naturale diffuso nel sud del Marocco.<\/p>\n<p>\u00c8 composto da 3 alimenti ricchi di molteplici benefici: miele, olio di argan e mandorle tritate.<br \/>\n\u00c8 una vera bomba nutrizionale.<\/p>\n<p>Amlou, una crema gustosa e sana da gustare senza moderazione!<\/p>","protected":false},"featured_media":14233,"template":"","meta":[],"product_brand":[],"product_cat":[29,28],"product_tag":[],"class_list":{"0":"post-594","1":"product","2":"type-product","3":"status-publish","4":"has-post-thumbnail","6":"product_cat-alimentation","7":"product_cat-medecine-sante","9":"first","10":"instock","11":"shipping-taxable","12":"purchasable","13":"product-type-simple"},"_links":{"self":[{"href":"https:\/\/1001vertus.com\/it\/wp-json\/wp\/v2\/product\/594","targetHints":{"allow":["GET"]}}],"collection":[{"href":"https:\/\/1001vertus.com\/it\/wp-json\/wp\/v2\/product"}],"about":[{"href":"https:\/\/1001vertus.com\/it\/wp-json\/wp\/v2\/types\/product"}],"wp:featuredmedia":[{"embeddable":true,"href":"https:\/\/1001vertus.com\/it\/wp-json\/wp\/v2\/media\/14233"}],"wp:attachment":[{"href":"https:\/\/1001vertus.com\/it\/wp-json\/wp\/v2\/media?parent=594"}],"wp:term":[{"taxonomy":"product_brand","embeddable":true,"href":"https:\/\/1001vertus.com\/it\/wp-json\/wp\/v2\/product_brand?post=594"},{"taxonomy":"product_cat","embeddable":true,"href":"https:\/\/1001vertus.com\/it\/wp-json\/wp\/v2\/product_cat?post=594"},{"taxonomy":"product_tag","embeddable":true,"href":"https:\/\/1001vertus.com\/it\/wp-json\/wp\/v2\/product_tag?post=594"}],"curies":[{"name":"wp","href":"https:\/\/api.w.org\/{rel}","templated":true}]}}