{"id":5837,"date":"2022-02-23T19:06:43","date_gmt":"2022-02-23T18:06:43","guid":{"rendered":"https:\/\/1001vertus.com\/?post_type=product&#038;p=5837"},"modified":"2023-05-21T14:21:38","modified_gmt":"2023-05-21T13:21:38","slug":"cristalli-di-menta","status":"publish","type":"product","link":"https:\/\/1001vertus.com\/it\/produit\/cristaux-de-menthe\/","title":{"rendered":"Cristalli di menta (o mentolo)"},"content":{"rendered":"<p>I cristalli di menta (o mentolo) sono prodotti dalla cristallizzazione dell'olio essenziale di Mentha Arvensis. Sono quindi 100% naturali e provengono dal fiore della menta.<\/p>\n<p>Il mentolo \u00e8 noto per il suo effetto rinfrescante e per il suo profumo di mentolo estremamente potente.<br \/>\n\u00c8 stata scoperta in Giappone oltre 2.000 anni fa. \u00c8 un componente essenziale della medicina cinese e veniva utilizzato anche negli alimenti come aromatizzante per bevande rinfrescanti.<\/p>\n<p>Oggi \u00e8 ampiamente utilizzato nella preparazione di cosmetici (dentifrici, deodoranti, gel leggeri per le gambe, balsami rimpolpanti per le labbra), collutori, ecc. Ma \u00e8 anche ampiamente utilizzato nei prodotti per gli sportivi per aiutare il riscaldamento e il rilassamento dei muscoli, essendo un potente analgesico; o nelle SPA e nei centri benessere (in particolare per purificare l'aria e liberare i bronchi).<\/p>\n<h2><strong>Come funzionano i cristalli di menta?<\/strong><\/h2>\n<p>Le molecole di mentolo presenti nei cristalli di menta stimolano i recettori cutanei per il freddo. Questa reazione riduce la sensibilit\u00e0 della pelle e conferisce propriet\u00e0 analgesiche, antidolorifiche (muscolari, colpi, contusioni, ematomi) e antinfiammatorie (calma le irritazioni, il prurito, ecc.), senza dimenticare un effetto \"brivido\" molto rinfrescante.<br \/>\nI cristalli di mentolo hanno anche propriet\u00e0 antibatteriche e antivirali. Sono quindi ideali per collutori purificanti che hanno anche un effetto di alito fresco.<\/p>\n<h2><strong>Virt\u00f9 dei cristalli di menta :<\/strong><\/h2>\n<p>Tra le sue virt\u00f9:<br \/>\n- Libera i bronchi e decongestiona le vie respiratorie,<br \/>\n- Combatte mal di gola, raffreddore e influenza,<br \/>\n- Allevia il naso \"chiuso\" (per inalazione),<br \/>\n- Aiuta e aumenta la concentrazione,<br \/>\n- Allevia il mal di testa: applicare localmente sulle tempie (facendo attenzione a non avvicinarsi troppo agli occhi),<br \/>\n- Analgesico, antidolorifico: allevia dolori localizzati, colpi, urti e contusioni,<br \/>\n- Lenisce il prurito: mescolare un po' di pomata e applicare localmente,<br \/>\n- Pu\u00f2 contribuire ad alleviare la congestione (gambe pesanti, piedi gonfi...),<br \/>\n- Rilassante e antistress,<br \/>\n- Effetto rinfrescante e refrigerante,<br \/>\n- Lip plumper,<br \/>\n- Rinfresca l'alito e maschera i cattivi odori della bocca.<\/p>\n<h2><strong>Come si usa :<\/strong><\/h2>\n<ul>\n<li>Incorporare nelle preparazioni cosmetiche: diluire in olio o alcol.<\/li>\n<li>Per evaporazione: porre in un angolo della stanza una ciotola di acqua bollente o inalare direttamente.<\/li>\n<li>Diluire in tisane, t\u00e8 alla menta o altri t\u00e8. Oppure sciogliere direttamente sulla lingua.<\/li>\n<li>Mescolare con un olio vergine o un unguento per un massaggio.<\/li>\n<\/ul>\n<p><strong>Per ognuno di questi usi, \u00e8 sufficiente un piccolo cristallo di 3 mm.<\/strong><\/p>\n<p><u>Origine :<\/u> India<\/p>\n<p><u>Capacit\u00e0 :<\/u> 20g<\/p>\n<h3><strong>Controindicazioni ed effetti collaterali :<\/strong><\/h3>\n<p>- \u00c8 severamente vietato ai neonati e ai bambini di et\u00e0 inferiore ai 36 mesi, perch\u00e9 pu\u00f2 provocare un riflesso di apnea o un laringospasmo.<br \/>\n- Anche le donne incinte o che allattano non dovrebbero usarli. Non applicare mai un prodotto contenente mentolo sul seno se si sta allattando.<\/p>\n<p>- Utilizzare su epilettici, asmatici o persone con una storia di convulsioni.<br \/>\n- Evitare il contatto con gli occhi e non applicare formule a base di mentolo in prossimit\u00e0 degli occhi.<br \/>\n- Non utilizzare su pelle danneggiata (ustioni, ferite, eczemi, ecc.), mucose o aree sensibili.<br \/>\n- Possibile reazione allergica: testare sempre i preparati nella piega del gomito 48 ore prima dell'uso, per individuare eventuali reazioni.<br \/>\n- Possibile irritazione respiratoria, soprattutto in caso di sovradosaggio.<\/p>\n<p>Attenzione! Sebbene questa sostanza non sia tossica, \u00e8 consigliabile limitare la quantit\u00e0 di cristalli di menta da utilizzare. Iniziate con una piccola quantit\u00e0, in modo da imparare gradualmente a valutare l'intensit\u00e0 dell'effetto.<\/p>\n<p>\u00c8 inoltre importante lavarsi accuratamente le mani dopo aver maneggiato i cristalli per evitare irritazioni. Se i cristalli non diluiti vengono a contatto con gli occhi o con una ferita aperta, \u00e8 meglio risciacquare abbondantemente con acqua.<\/p>\n<p>Conservare sempre i cristalli di menta nella confezione originale. Chiudere la confezione dopo ogni utilizzo. Scegliere un luogo asciutto per evitare che l'umidit\u00e0 sciolga i cristalli.<\/p>","protected":false},"excerpt":{"rendered":"<p>I cristalli di menta (o mentolo) derivano dalla cristallizzazione dell'olio di menta, quindi sono 100% naturali e provengono dal fiore della menta.<\/p>\n<p>Antidolorifici, hanno molte altre virt\u00f9: liberano i bronchi e decongestionano le vie respiratorie, combattono il mal di gola, il raffreddore e l'influenza, liberano il naso... In poche parole, sono un \"must\" invernale!<\/p>\n<p>Ma vengono utilizzati anche per massaggi e preparazioni cosmetiche...<\/p>","protected":false},"featured_media":5818,"template":"","meta":[],"product_brand":[],"product_cat":[27,28],"product_tag":[],"class_list":{"0":"post-5837","1":"product","2":"type-product","3":"status-publish","4":"has-post-thumbnail","6":"product_cat-bien-etre","7":"product_cat-medecine-sante","9":"first","10":"instock","11":"shipping-taxable","12":"purchasable","13":"product-type-simple"},"_links":{"self":[{"href":"https:\/\/1001vertus.com\/it\/wp-json\/wp\/v2\/product\/5837","targetHints":{"allow":["GET"]}}],"collection":[{"href":"https:\/\/1001vertus.com\/it\/wp-json\/wp\/v2\/product"}],"about":[{"href":"https:\/\/1001vertus.com\/it\/wp-json\/wp\/v2\/types\/product"}],"wp:featuredmedia":[{"embeddable":true,"href":"https:\/\/1001vertus.com\/it\/wp-json\/wp\/v2\/media\/5818"}],"wp:attachment":[{"href":"https:\/\/1001vertus.com\/it\/wp-json\/wp\/v2\/media?parent=5837"}],"wp:term":[{"taxonomy":"product_brand","embeddable":true,"href":"https:\/\/1001vertus.com\/it\/wp-json\/wp\/v2\/product_brand?post=5837"},{"taxonomy":"product_cat","embeddable":true,"href":"https:\/\/1001vertus.com\/it\/wp-json\/wp\/v2\/product_cat?post=5837"},{"taxonomy":"product_tag","embeddable":true,"href":"https:\/\/1001vertus.com\/it\/wp-json\/wp\/v2\/product_tag?post=5837"}],"curies":[{"name":"wp","href":"https:\/\/api.w.org\/{rel}","templated":true}]}}