{"id":5305,"date":"2021-11-21T12:50:24","date_gmt":"2021-11-21T11:50:24","guid":{"rendered":"https:\/\/1001vertus.com\/?post_type=product&#038;p=5305"},"modified":"2023-09-13T18:15:35","modified_gmt":"2023-09-13T17:15:35","slug":"olio-di-carota-indiana","status":"publish","type":"product","link":"https:\/\/1001vertus.com\/it\/produit\/huile-de-costus-indien\/","title":{"rendered":"Olio di carota indiana - 1001 VERTUS"},"content":{"rendered":"<p>Le costus indien, en arabe Qyst Al-Hindi, ressemble dans son \u00e9tat initial, \u00e0 une racine s\u00e8che de couleur marron, originaire d\u2019Asie et du Moyen-Orient.<br \/>\nC\u2019est un m\u00e9dicament naturel couramment utilis\u00e9 dans ces r\u00e9gions du monde pour ses vertus th\u00e9rapeutiques tr\u00e8s nombreuses. Il est utilis\u00e9 dans la m\u00e9decine traditionnelle chinoise et ayurv\u00e9dique.<\/p>\n<p>Le costus indien est aussi tr\u00e8s r\u00e9put\u00e9e chez les musulmans car elle fait partie de la m\u00e9decine proph\u00e9tique et est pr\u00e9sente dans plusieurs r\u00e9cits proph\u00e9tiques.<\/p>\n<p>Disponible sous forme d\u2019huile, vous pourrez d\u00e9sormais l\u2019utiliser plus facilement pour les massages, en application locale ou interne.<\/p>\n<h2>Origine del costato indiano :<\/h2>\n<p>Utilis\u00e9 en Inde et au Moyen Orient depuis longtemps, ce rem\u00e8de unique att\u00e9nue les maux de t\u00eate de mani\u00e8re fulgurante.<br \/>\nDans des r\u00e9gions o\u00f9 les dispensaires sont parfois \u00e0 des heures de marche, le costus indien permettait de soigner de nombreux maux\u00a0: faiblesse respiratoire, traitement du gonflement des amygdales, probl\u00e8mes dentaires\u2026<\/p>\n<p>&nbsp;<\/p>\n<h2>Benefici dell'olio di carciofo indiano :<\/h2>\n<p>Les bienfaits de l\u2019huile de costus indien sont tout aussi nombreux que sous sa forme originelle\u00a0:<\/p>\n<ul>\n<li>Facilite la digestion en d\u00e9gageant le tube digestif.<\/li>\n<li>Renforce le syst\u00e8me immunitaire.<\/li>\n<li>\u00c9limine les bact\u00e9ries, infections et mauvais germes.<\/li>\n<li>Aide \u00e0 traiter les probl\u00e8mes respiratoires comme l\u2019asthme, la bronchite et la toux chronique.<\/li>\n<li>Allevia i dolori articolari e muscolari.<\/li>\n<li>Allevia i crampi muscolari.<\/li>\n<li>Traite les probl\u00e8mes de peau : ecz\u00e9ma, psoriasis\u2026<\/li>\n<li>\u00c9limine les pellicule.<\/li>\n<li>Tratta le malattie del cavo orale.<\/li>\n<li>Ralentit le vieillissement cellulaire par l\u2019\u00e9limination des radicaux libres. Ralentit donc l\u2019apparition de rides et t\u00e2ches de vieillesse.<\/li>\n<li>Aide \u00e0 \u00e9liminer les bact\u00e9ries et infections dans les plaies ouvertes.<\/li>\n<li>Utilis\u00e9 pour traiter les ulc\u00e8res graves.<\/li>\n<\/ul>\n<p>&nbsp;<\/p>\n<h2>Come si usa :<\/h2>\n<p>L\u2019huile de costus indien peut \u00eatre utilis\u00e9e par voie orale et locale.<\/p>\n<p><u>Voie orale\u00a0:<\/u> une cuill\u00e8re \u00e0 caf\u00e9 le matin \u00e0 jeun et une autre le soir avant le coucher.<\/p>\n<p>Vous pouvez diluer l\u2019huile dans un jus de fruit ou la m\u00e9langer \u00e0 du miel pour att\u00e9nuer son go\u00fbt prononc\u00e9.<\/p>\n<p><u>Application locale\u00a0:<\/u> verser quelques gouttes d&rsquo;huile dans le creux de votre main et masser d\u00e9licatement la zone concern\u00e9e.<\/p>\n<p>&nbsp;<\/p>\n<p>Vous pouvez \u00e9galement retrouver sur notre site, le costus indien sous forme de <a href=\"https:\/\/1001vertus.com\/it\/product\/polvere-di-costoluto-indiano\/\">polvere<\/a> o <a href=\"https:\/\/1001vertus.com\/it\/product\/gelules-bio-de-costus-indien\/\">g\u00e9lules<\/a>, pour en faciliter l\u2019absorption.<\/p>\n<p>&nbsp;<\/p>\n<h2>Pr\u00e9cautions d\u2019emploi\u00a0:<\/h2>\n<p>Nous d\u00e9conseillons l\u2019utilisation de ce produit pour les femmes enceintes, celles qui allaitent, mais aussi pour les tr\u00e8s jeunes enfants (moins de 3 ans).<\/p>\n<p>Une application cutan\u00e9e n\u00e9cessite un test d\u2019allergie pr\u00e9alable, dans le pli du coude par exemple.<\/p>\n<p>A conserver dans un endroit frais et sec, \u00e0 l\u2019abri de la lumi\u00e8re.<\/p>\n<p>&nbsp;<\/p>\n<p>Cette huile de costus est un mac\u00e9r\u00e2t huileux, 100% naturel, \u00e0 base d\u2019huile d&rsquo;olive extra-vierge du Maroc. Notre huile de costus est de qualit\u00e9 alimentaire et cosm\u00e9tique.<\/p>\n<p><u>Ingredienti INCI :<\/u> Olio di frutta di Olea europaea, Saussurea costus<\/p>\n<p><u>Capacit\u00e0 :<\/u> 50ml<\/p>\n<p><u>Origine :<\/u> Marocco<\/p>\n<p>&nbsp;<\/p>","protected":false},"excerpt":{"rendered":"<p>Retrouvez toutes les vertus du costus indien, ce rem\u00e8de ancestral, sous forme d\u2019huile.<\/p>\n<p>Ce mac\u00e9r\u00e2t huileux de qualit\u00e9 cosm\u00e9tique et alimentaire est id\u00e9al pour les massages sur les zones douloureuses, les applications locales (peau et cuir chevelu) ou une utilisation interne.<\/p>","protected":false},"featured_media":5819,"template":"","meta":[],"product_brand":[],"product_cat":[15,27,28,96],"product_tag":[],"class_list":{"0":"post-5305","1":"product","2":"type-product","3":"status-publish","4":"has-post-thumbnail","6":"product_cat-huiles-bio","7":"product_cat-bien-etre","8":"product_cat-medecine-sante","9":"product_cat-roqya-chariya","11":"first","12":"instock","13":"shipping-taxable","14":"purchasable","15":"product-type-simple"},"_links":{"self":[{"href":"https:\/\/1001vertus.com\/it\/wp-json\/wp\/v2\/product\/5305","targetHints":{"allow":["GET"]}}],"collection":[{"href":"https:\/\/1001vertus.com\/it\/wp-json\/wp\/v2\/product"}],"about":[{"href":"https:\/\/1001vertus.com\/it\/wp-json\/wp\/v2\/types\/product"}],"wp:featuredmedia":[{"embeddable":true,"href":"https:\/\/1001vertus.com\/it\/wp-json\/wp\/v2\/media\/5819"}],"wp:attachment":[{"href":"https:\/\/1001vertus.com\/it\/wp-json\/wp\/v2\/media?parent=5305"}],"wp:term":[{"taxonomy":"product_brand","embeddable":true,"href":"https:\/\/1001vertus.com\/it\/wp-json\/wp\/v2\/product_brand?post=5305"},{"taxonomy":"product_cat","embeddable":true,"href":"https:\/\/1001vertus.com\/it\/wp-json\/wp\/v2\/product_cat?post=5305"},{"taxonomy":"product_tag","embeddable":true,"href":"https:\/\/1001vertus.com\/it\/wp-json\/wp\/v2\/product_tag?post=5305"}],"curies":[{"name":"wp","href":"https:\/\/api.w.org\/{rel}","templated":true}]}}