{"id":5209,"date":"2021-10-31T13:05:59","date_gmt":"2021-10-31T12:05:59","guid":{"rendered":"https:\/\/1001vertus.com\/?post_type=product&#038;p=5209"},"modified":"2023-11-16T09:27:16","modified_gmt":"2023-11-16T08:27:16","slug":"vitamine-e-minerali-90-gelulati-physio-source","status":"publish","type":"product","link":"https:\/\/1001vertus.com\/it\/produit\/gelules-vitamines-et-mineraux-90-gelules-physio-source\/","title":{"rendered":"Capsule di vitamine e minerali (90 capsule) - Physio Source"},"content":{"rendered":"<p>Les vitamines et les min\u00e9raux jouent de nombreux r\u00f4les cl\u00e9s : certains participent au renouvellement cellulaire ou \u00e0 l\u2019immunit\u00e9 ; d\u2019autres, antioxydants, luttent contre le vieillissement, aident \u00e0 r\u00e9guler la croissance, l\u2019activit\u00e9, le d\u00e9veloppement et le fonctionnement des syst\u00e8mes immunitaire et reproducteur.\u2026 En cas de manque, un d\u00e9s\u00e9quilibre peut survenir dans l\u2019organisme.<\/p>\n<p>Les vitamines et les min\u00e9raux ne sont pas ou peu synth\u00e9tis\u00e9s par l\u2019organisme humain et les apports alimentaires sont capitaux. Une alimentation \u00e9quilibr\u00e9e et vari\u00e9e est donc n\u00e9cessaire \u00e0 notre sant\u00e9.<\/p>\n<p>Malheureusement, les sols appauvris par l\u2019agriculture intensive diminuent nos apports en nutriments. Notre corps se fatigue plus vite.<\/p>\n<p>De plus, notre alimentation ultra-transform\u00e9e est pauvre en micronutriments (vitamines et min\u00e9raux), et de ce fait, elle n\u2019arrive pas \u00e0 combler les besoins \u00e9lev\u00e9s de notre corps. C\u2019est pourquoi il est important de prendre une suppl\u00e9mentation.<\/p>\n<p>In effetti, qualsiasi carenza o <strong>carenze<\/strong> a <strong>vitamine<\/strong> exposent \u00e0 des probl\u00e8mes de sant\u00e9, telles que les maladies li\u00e9es au vieillissement, des maladies cardiovasculaires, les cancers \u2026<\/p>\n<p>Un apport ad\u00e9quat est particuli\u00e8rement important pendant la petite enfance et \u00e0 d\u2019autres p\u00e9riodes de croissance rapide, ainsi que pendant la grossesse et l\u2019allaitement.<\/p>\n<p>&nbsp;<\/p>\n<h2>Apports des vitamines et min\u00e9raux :<\/h2>\n<p>Suite \u00e0 des \u00e9valuations scientifiques, l\u2019EFSA (European Food Safety Authority) a confirm\u00e9 officiellement que certaines fonctions de notre organisme pouvaient \u00eatre am\u00e9lior\u00e9es par un apport en min\u00e9raux et vitamines. Voici un tableau synth\u00e9tisant les r\u00e9cents avis de l\u2019EFSA.<\/p>\n<p><img decoding=\"async\" class=\"alignnone size-full wp-image-5210\" src=\"https:\/\/1001vertus.com\/wp-content\/uploads\/2021\/10\/vitamine.png\" alt=\"Tabella di assunzione di vitamine dell&#039;EFSA\" width=\"605\" height=\"402\" srcset=\"https:\/\/1001vertus.com\/wp-content\/uploads\/2021\/10\/vitamine.png 605w, https:\/\/1001vertus.com\/wp-content\/uploads\/2021\/10\/vitamine-510x339.png 510w, https:\/\/1001vertus.com\/wp-content\/uploads\/2021\/10\/vitamine-300x199.png 300w, https:\/\/1001vertus.com\/wp-content\/uploads\/2021\/10\/vitamine-600x399.png 600w\" sizes=\"(max-width: 605px) 100vw, 605px\" \/><\/p>\n<p>&nbsp;<\/p>\n<p>3 g\u00e9lules par jour vous fourniront 100% des apports journaliers en vitamine\u00a0 B1, B2, B3, B5, B6, B8, B9, C et E\u00a0; 96% en zinc\u00a0; 90% en vitamines B12 et un apport non n\u00e9gligeable en calcium et magn\u00e9sium.<\/p>\n<p>&nbsp;<\/p>\n<p>&nbsp;<\/p>\n<p><strong><u>Capacit\u00e0 :<\/u><\/strong> 90 g\u00e9lules dos\u00e9es \u00e0 438 mg<\/p>\n<p>G\u00e9lule d\u2019origine v\u00e9g\u00e9tale.<\/p>\n<p><strong><u>Conseil d\u2019utilisation :<\/u><\/strong> Prendre 3 g\u00e9lules par jour<\/p>\n<p><strong><u>Ingredienti:<\/u><\/strong> Lithothamne (Lithothamnium calcareum) algue, citrate de calcium, oxyde de magn\u00e9sium, levure (Saccharomyces cerevisiae) au s\u00e9l\u00e9nium, vitamine C, bambou (Bambusa arundinacea) r\u00e9sine, carot\u00e9no\u00efdes extraits d\u2019algue Dunaliella salina, vitamine E naturelle, niacine, oxyde de zinc, citrate de mangan\u00e8se, pantoth\u00e9nate de calcium, citrate de cuivre, vitamine B6, vitamine B2, vitamine B1, vitamine B12, acide folique, biotine. Excipients.<\/p>\n<p>&nbsp;<\/p>\n<p>&nbsp;<\/p>\n<p><strong>Une portion journali\u00e8re fournit : <\/strong><br \/>\nLithothamnion: 600 mg<br \/>\nCalcio: 232 mg (29% di NRV*)<br \/>\nMagn\u00e9sium : 99 mg (33% des VNR*)<br \/>\nVitamina C: 60 mg (100% di NRV*)<br \/>\nBamb\u00f9: 30 mg<br \/>\nVitamina B3: 18 mg (100% di NRV*)<br \/>\nZinco: 14,4 mg (96% di NRV*)<br \/>\nVitamina E: 10 mg ET (100% di NRV*)<br \/>\nVitamina B5: 6 mg (100% di NRV*)<br \/>\nMangan\u00e8se : 3,1 mg<br \/>\nVitamina B6: 2 mg (100% di NRV*)<br \/>\nCuivre : 2000 \u00b5g<br \/>\nB\u00eata-carot\u00e8ne : 1,63 mg<br \/>\nVitamina B2: 1,6 mg (100% di NRV*)<br \/>\nVitamina B1: 1,4 mg (100% di NRV*)<br \/>\nVitamine B9 : 200 \u00b5g (100% des VNR*)<br \/>\nVitamine B8 : 150 \u00b5g (100% des VNR*)<br \/>\nS\u00e9l\u00e9nium : 75 \u00b5g<br \/>\nVitamine B12 : 0,9 \u00b5g (90% des VNR*)<br \/>\n* Valeurs Nutritionnelles de R\u00e9f\u00e9rence<\/p>\n<p>&nbsp;<\/p>\n<p><em>Ce compl\u00e9ment alimentaire n\u2019est pas un m\u00e9dicament et doit \u00eatre utilis\u00e9 dans le cadre d\u2019un r\u00e9gime alimentaire vari\u00e9. Ne pas d\u00e9passer la dose journali\u00e8re indiqu\u00e9e. Tenir hors de port\u00e9e des jeunes enfants.<\/em><em><br \/>\nContre-indiqu\u00e9 en cas d\u2019insuffisance r\u00e9nale ou de maladie de Wilson.<\/em><\/p>","protected":false},"excerpt":{"rendered":"<p>Car il est crucial d\u2019avoir des apports adapt\u00e9s en vitamines, pour un fonctionnement optimal de l\u2019organisme, ces g\u00e9lules contiennent 10 vitamines et 9 min\u00e9raux pour une efficacit\u00e9 redoubl\u00e9e.<\/p>\n<p>Les vitamines B2, B3, B5, B6, B9, B12, C, le fer et le magn\u00e9sium contribuent \u00e0 r\u00e9duire la fatigue.<\/p>\n<p>Les vitamines B6, B9, B12, C, le fer, le cuivre et le zinc contribuent au fonctionnement normal du syst\u00e8me immunitaire.<\/p>\n<p>Le calcium et le magn\u00e9sium contribuent \u00e0 une fonction musculaire normale et au maintien d\u2019une ossature normale.<\/p>","protected":false},"featured_media":5169,"template":"","meta":[],"product_brand":[],"product_cat":[53,27,28],"product_tag":[],"class_list":{"0":"post-5209","1":"product","2":"type-product","3":"status-publish","4":"has-post-thumbnail","6":"product_cat-complements-alimentaires","7":"product_cat-bien-etre","8":"product_cat-medecine-sante","10":"first","11":"outofstock","12":"shipping-taxable","13":"purchasable","14":"product-type-simple"},"_links":{"self":[{"href":"https:\/\/1001vertus.com\/it\/wp-json\/wp\/v2\/product\/5209","targetHints":{"allow":["GET"]}}],"collection":[{"href":"https:\/\/1001vertus.com\/it\/wp-json\/wp\/v2\/product"}],"about":[{"href":"https:\/\/1001vertus.com\/it\/wp-json\/wp\/v2\/types\/product"}],"wp:featuredmedia":[{"embeddable":true,"href":"https:\/\/1001vertus.com\/it\/wp-json\/wp\/v2\/media\/5169"}],"wp:attachment":[{"href":"https:\/\/1001vertus.com\/it\/wp-json\/wp\/v2\/media?parent=5209"}],"wp:term":[{"taxonomy":"product_brand","embeddable":true,"href":"https:\/\/1001vertus.com\/it\/wp-json\/wp\/v2\/product_brand?post=5209"},{"taxonomy":"product_cat","embeddable":true,"href":"https:\/\/1001vertus.com\/it\/wp-json\/wp\/v2\/product_cat?post=5209"},{"taxonomy":"product_tag","embeddable":true,"href":"https:\/\/1001vertus.com\/it\/wp-json\/wp\/v2\/product_tag?post=5209"}],"curies":[{"name":"wp","href":"https:\/\/api.w.org\/{rel}","templated":true}]}}