{"id":5206,"date":"2021-10-31T12:41:44","date_gmt":"2021-10-31T11:41:44","guid":{"rendered":"https:\/\/1001vertus.com\/?post_type=product&#038;p=5206"},"modified":"2023-11-12T17:49:41","modified_gmt":"2023-11-12T16:49:41","slug":"zinco-e-vitamina-b6-in-gel-fonte-fisioterapica","status":"publish","type":"product","link":"https:\/\/1001vertus.com\/it\/produit\/gelules-au-zinc-et-a-la-vitamine-b6-physio-source\/","title":{"rendered":"Capsule di zinco e vitamina B6 - Physio Source"},"content":{"rendered":"<p>Le zinc est un oligo-\u00e9l\u00e9ment indispensable pour notre organisme.<\/p>\n<h2>Le zinc a de tr\u00e8s nombreux bienfaits :<\/h2>\n<ul>\n<li>Contribue au maintien de cheveux, des ongles normaux et d\u2019une peau saine.<\/li>\n<li>Aide au fonctionnement normal du syst\u00e8me immunitaire.<\/li>\n<li>Contribue \u00e0 une fertilit\u00e9 normale chez l\u2019homme et la femme.<\/li>\n<li>Prot\u00e8ge les cellules du stress oxydatif.<\/li>\n<li>Contribue \u00e0 un m\u00e9tabolisme glucidique normal.<\/li>\n<li>Contribue au maintien d\u2019une ossature normale.<\/li>\n<li>Aide \u00e0 r\u00e9duire la fatigue.<\/li>\n<li>Aide pr\u00e9cieuse pour une croissance \u00e9quilibr\u00e9e<\/li>\n<li>Contribue \u00e0 \u00e9liminer les imperfections de la peau<\/li>\n<li>Favorisce la guarigione.<\/li>\n<\/ul>\n<h2><\/h2>\n<h2>Perch\u00e9 la vitamina B6 e lo zinco?<\/h2>\n<p>Dans ces g\u00e9lules le zinc a \u00e9t\u00e9 associ\u00e9 \u00e0 la vitamine B6, car celle-ci optimise l&rsquo;assimilation et l&rsquo;action du zinc.<\/p>\n<p>Mais la vitamine B6 a \u00e9galement d\u2019autres bienfaits :<\/p>\n<ul>\n<li>Elle aide \u00e0 r\u00e9duire la fatigue.<\/li>\n<li>Elle joue un r\u00f4le dans la r\u00e9gulation des fonctions psychologiques (gestion des \u00e9motions, \u00e9tats d\u00e9pressifs, d\u00e9sordre nerveux&#8230;).<\/li>\n<li>C\u2019est un antioxydant majeur.<\/li>\n<li>Elle aide \u00e0 d\u00e9velopper la fonction musculaire.<\/li>\n<li>Elle aide \u00e0 prot\u00e9ger le syst\u00e8me immunitaire et les d\u00e9fenses naturelles.<\/li>\n<\/ul>\n<p>&nbsp;<\/p>\n<p><u>Capacit\u00e0 :<\/u> 60 g\u00e9lules dos\u00e9es \u00e0 260 mg<\/p>\n<p><u>Conseil d\u2019utilisation :<\/u> Prendre 1 g\u00e9lule par jour<\/p>\n<p><u>Ingredienti:<\/u> Lievito (Saccharomyces cerevisiae) con zinco, vitamina E naturale, vitamina B6. Eccipiente.<br \/>\nG\u00e9lule d\u2019origine v\u00e9g\u00e9tale.<\/p>\n<p>&nbsp;<\/p>\n<p><strong>Une portion journali\u00e8re fournit :<\/strong><br \/>\nZinco: 14,4 mg (96% di NRV*)<br \/>\nVitamina E: 5 mg (50% di NRV*)<br \/>\nVitamina B6: 2 mg (100% di NRV*)<br \/>\n*Valeurs Nutritionnelles de R\u00e9f\u00e9rence<\/p>\n<p><em>Ce compl\u00e9ment alimentaire n\u2019est pas un m\u00e9dicament et doit \u00eatre utilis\u00e9 dans le cadre d\u2019un r\u00e9gime alimentaire vari\u00e9. Ne pas d\u00e9passer la dose journali\u00e8re indiqu\u00e9e. Tenir hors de port\u00e9e des jeunes enfants.<\/em><\/p>","protected":false},"excerpt":{"rendered":"<p>Le compl\u00e9ment alimentaire Zinc + B6 contribue au maintien de cheveux et ongles normaux et d\u2019une peau saine.<\/p>\n<p>Il aide \u00e9galement au fonctionnement normal du syst\u00e8me immunitaire et contribue \u00e0 une fertilit\u00e9 normale chez l\u2019homme et la femme.<\/p>\n<p>Une seule g\u00e9lule vous fournira 96% des besoins journalier en zinc et 100% de ceux en vitamines B6.<\/p>","protected":false},"featured_media":5170,"template":"","meta":[],"product_brand":[],"product_cat":[108],"product_tag":[],"class_list":{"0":"post-5206","1":"product","2":"type-product","3":"status-publish","4":"has-post-thumbnail","6":"product_cat-rupture-de-stock","8":"first","9":"outofstock","10":"shipping-taxable","11":"purchasable","12":"product-type-simple"},"_links":{"self":[{"href":"https:\/\/1001vertus.com\/it\/wp-json\/wp\/v2\/product\/5206","targetHints":{"allow":["GET"]}}],"collection":[{"href":"https:\/\/1001vertus.com\/it\/wp-json\/wp\/v2\/product"}],"about":[{"href":"https:\/\/1001vertus.com\/it\/wp-json\/wp\/v2\/types\/product"}],"wp:featuredmedia":[{"embeddable":true,"href":"https:\/\/1001vertus.com\/it\/wp-json\/wp\/v2\/media\/5170"}],"wp:attachment":[{"href":"https:\/\/1001vertus.com\/it\/wp-json\/wp\/v2\/media?parent=5206"}],"wp:term":[{"taxonomy":"product_brand","embeddable":true,"href":"https:\/\/1001vertus.com\/it\/wp-json\/wp\/v2\/product_brand?post=5206"},{"taxonomy":"product_cat","embeddable":true,"href":"https:\/\/1001vertus.com\/it\/wp-json\/wp\/v2\/product_cat?post=5206"},{"taxonomy":"product_tag","embeddable":true,"href":"https:\/\/1001vertus.com\/it\/wp-json\/wp\/v2\/product_tag?post=5206"}],"curies":[{"name":"wp","href":"https:\/\/api.w.org\/{rel}","templated":true}]}}