{"id":4950,"date":"2021-08-29T14:33:32","date_gmt":"2021-08-29T13:33:32","guid":{"rendered":"https:\/\/1001vertus.com\/?post_type=product&#038;p=4950"},"modified":"2026-04-05T10:01:49","modified_gmt":"2026-04-05T09:01:49","slug":"sana-maki-foglie-di-senna-essiccate","status":"publish","type":"product","link":"https:\/\/1001vertus.com\/it\/produit\/feuilles-de-sene-sechees-sana-maki\/","title":{"rendered":"Foglie di senna essiccate (sana maki) 100g"},"content":{"rendered":"<p>Le s\u00e9n\u00e9 est un arbuste de la famille C\u00e9salpiniac\u00e9es. Les feuilles et les gousses sont utilis\u00e9es en phytoth\u00e9rapie pour lutter contre les probl\u00e8mes de constipation. \u00c9galement pour purifier le tube digestif et la flore intestinale. Adoptez sans plus attendre la feuille de s\u00e9n\u00e9 chez 1001 vertus !<\/p>\n<h2><strong>Le s\u00e9n\u00e9 \u00e0 travers les temps :<\/strong><\/h2>\n<p>Cette plante est originaire des zones d\u00e9sertiques de la p\u00e9ninsule arabique (Y\u00e9men) et d&rsquo;Afrique (Somalie). On remonte son usage \u00e0 l&rsquo;\u00c9gypte ancienne, o\u00f9 les m\u00e9decins \u00e9gyptiens l&rsquo;utilisaient, en voie anal, pour faire des lavages intestinaux.<\/p>\n<p>Au XIIIe si\u00e8cle, le m\u00e9decin grec Actuarius mentionne pour la premi\u00e8re fois le s\u00e9n\u00e9 comme laxatif dans l\u2019un de ses ouvrages.<\/p>\n<p>Mais ce sont les Arabes qui vont vraiment populariser ce rem\u00e8de naturel notamment parce qu&rsquo;il s&rsquo;agit d&rsquo;un rem\u00e8de proph\u00e9tique. Ils lui donnent le nom de \u00ab\u00a0sana\u00a0\u00bb, qui donnera plus tard le nom de s\u00e9n\u00e9 en fran\u00e7ais.<br \/>\nLes marchands arabes ram\u00e8nent la plante dans leurs caravanes et vont la diffuser un peu partout en Europe. La plante entre dans les pharmacop\u00e9es europ\u00e9ennes, et devient tr\u00e8s populaire comme purgatif et astringent au 18e si\u00e8cle, notamment chez les marins puisqu&rsquo;il entrait dans la constitution d&rsquo;un rem\u00e8de de la pharmacop\u00e9e maritime occidentale de l&rsquo;\u00e9poque.<\/p>\n<p>Aujourd&rsquo;hui, les bienfaits du s\u00e9n\u00e9 sont reconnus par les hautes autorit\u00e9s m\u00e9dicales.<\/p>\n<h2><strong>Sana makki : Pour des bienfaits reconnus par les autorit\u00e9s m\u00e9dicales :<\/strong><\/h2>\n<p><strong>L\u2019Organisation mondiale de la sant\u00e9<\/strong> (OMS) consid\u00e8re les feuilles de s\u00e9n\u00e9 comme \u00ab\u00a0un traitement ponctuel des constipations occasionnelles\u00a0\u00bb. L&rsquo;OMS pr\u00e9conise aussi le s\u00e9n\u00e9 comme traitement pour la fi\u00e8vre. La toux, la blennorragie et les h\u00e9morro\u00efdes, mais sans r\u00e9elles preuves scientifiques.<\/p>\n<p><strong>L\u2019Agence europ\u00e9enne du m\u00e9dicament<\/strong>\u00a0(EMA pour European Medicines Agency) consid\u00e8re comme \u00ab\u00a0bien \u00e9tabli\u00a0\u00bb l\u2019usage des feuilles et des fruits de s\u00e9n\u00e9 pour \u00ab\u00a0traiter les constipations occasionnelles \u00ab\u00a0, mais uniquement chez l&rsquo;adulte et les enfants de plus de douze ans.<\/p>\n<p><strong>La Commission E du minist\u00e8re de la Sant\u00e9 allemand et l&rsquo;ESCOP<\/strong>\u00a0(European Scientific Cooperative on Phytotherapy) pr\u00e9conise aussi ce m\u00eame usage du s\u00e9n\u00e9, sur une courte p\u00e9riode.<\/p>\n<h2><strong>La feuille de s\u00e9n\u00e9 dans la m\u00e9decine proph\u00e9tique musulmane :<\/strong><\/h2>\n<p>Le s\u00e9n\u00e9 est employ\u00e9 dans la m\u00e9decine issue de la tradition musulmane (Sunna) pour se purger, mais aussi <a href=\"https:\/\/www.huiles-de-nigelle.com\/collection\/roqya\/\" target=\"_blank\" rel=\"noopener\"><strong>come parte di Roqya chariya<\/strong><\/a>, qu&rsquo;on pourrait traduire par exorcisme, m\u00eame si la Roqya serait plus une gu\u00e9rison des maux du corps et de l&rsquo;\u00e2me.<br \/>\nCe rem\u00e8de est employ\u00e9 dans le cadre de sorcelleries (sihr) bue ou aval\u00e9e et permet de s&rsquo;en d\u00e9barrasser gr\u00e2ce \u00e0 son effet purgatif puissant.<\/p>\n<h2><strong>Quels sont les bienfaits des feuilles de S\u00e9n\u00e9 ?<\/strong><\/h2>\n<p>Les feuilles de s\u00e9n\u00e9 sont principalement employ\u00e9es pour leurs effets laxatifs et purgatifs sur les intestins mais elles ont aussi d\u2019autres vertus :<\/p>\n<h2><strong>Action sur le syst\u00e8me digestif et le transit : <\/strong><\/h2>\n<p>En stimulant le transit intestinal, le s\u00e9n\u00e9 permet de lutter efficacement contre la constipation passag\u00e8re et les troubles digestifs. Cela en agissant comme purgatif intestinal.<\/p>\n<p>Cette action est b\u00e9n\u00e9fique en cas d&rsquo;h\u00e9morro\u00efde. Les selles molles \u00e9tant plus faciles \u00e0 d\u00e9f\u00e9quer que les selles dures qui peuvent \u00eatre douloureuses. Cet effet est parfois utilis\u00e9 pour nettoyer les intestins, particuli\u00e8rement le colon. Avant certains examens m\u00e9dicaux endoscopiques (endoscopies et coloscopies) pour un examen efficace. Certains lui pr\u00eatent des vertus minceurs, mais vu que c&rsquo;est un produit \u00e0 prise ponctuelle, on ne peut pas lui pr\u00eater une v\u00e9ritable action amincissante.<\/p>\n<p><strong>Azione sul fegato : <\/strong>En m\u00e9decine Ayurv\u00e9dique, la m\u00e9decine traditionnelle indienne, le s\u00e9n\u00e9 est utilis\u00e9 pour lutter contre les pathologies du foie : an\u00e9mies, affections du foie, jaunisse, fi\u00e8vre typho\u00efde, etc.<\/p>\n<p><strong>Usage en cosm\u00e9tique : <\/strong>L&rsquo;infusion \/ tisane de s\u00e9n\u00e9 est utilis\u00e9e comme eau de rin\u00e7age ou en cataplasme sur les cheveux, afin de les nourrir et de les faire briller. Elle aurait une action antipelliculaire r\u00e9put\u00e9e tr\u00e8s efficace.<\/p>\n<h2><strong>Comment utiliser les feuilles de S\u00e9n\u00e9 ?<\/strong><\/h2>\n<p>La dose recommand\u00e9e est de 1 \u00e0 2 g de feuilles s\u00e8ches. Il est g\u00e9n\u00e9ralement conseill\u00e9 de boire une infusion par jour, g\u00e9n\u00e9ralement le soir avant de se coucher, afin de ne pas \u00eatre d\u00e9rang\u00e9 par son effet purgatif la journ\u00e9e.<\/p>\n<h3><strong>Comment faire une infusion \u00e0 la feuille de s\u00e9n\u00e9 ?<\/strong><\/h3>\n<p>Faites chauffer de l&rsquo;eau sans la faire bouillir, mettez 1 \u00e0 2 cuill\u00e8res \u00e0 caf\u00e9 de feuilles de s\u00e9n\u00e9 s\u00e9ch\u00e9es (pas plus de 2 g) \u00e0 infuser dans l&rsquo;eau chaude pendant 10 min, puis filtrer.<\/p>\n<p><strong>Uso esterno : <\/strong>Faire une infusion, et se servir de la tisane comme eau de rin\u00e7age pour les cheveux. Sinon, tremper un linge propre dans la d\u00e9coction et l&rsquo;appliquer en cataplasme sur les <a href=\"https:\/\/1001vertus.com\/it\/product\/kardoune-algerino\/\"><strong>capelli<\/strong><\/a>.<\/p>\n<h2><strong>Pr\u00e9cautions d&#8217;emploi de la feuille de s\u00e9n\u00e9 :<\/strong><\/h2>\n<p>Attention, la constipation peut cacher une pathologie plus grave, consultez toujours l&rsquo;avis d&rsquo;un m\u00e9decin avant d&#8217;employer une plante m\u00e9dicinale.<br \/>\nUne cure de s\u00e9n\u00e9 doit toujours \u00eatre br\u00e8ve et ponctuelle, ne devant jamais d\u00e9passer 8 jours, car la plante pourrait irriter l&rsquo;intestin. Si aucun effet n&rsquo;est constat\u00e9 au bout de 4 jours, consultez imm\u00e9diatement un m\u00e9decin ou un pharmacien.<\/p>\n<h3><strong>Controindicazioni:<\/strong><\/h3>\n<p>L&rsquo;utilisation de la feuille de s\u00e9n\u00e9 est contre-indiqu\u00e9e chez les personnes souffrant d&rsquo;inflammation intestinale (maladie de Crohn, Recto-colite h\u00e9morragique, etc.). D&rsquo;occlusion intestinale, de constipation chronique, et de tous les probl\u00e8mes intestinaux en g\u00e9n\u00e9ral, en tout cas sans une autorisation m\u00e9dicale. Le s\u00e9n\u00e9 est d\u00e9conseill\u00e9 chez les femmes enceintes ou allaitantes. Chez les enfants \u00e2g\u00e9s de moins de 12 ans, et chez les personnes souffrant de troubles cardiaques.<\/p>\n<h3><strong>Effets ind\u00e9sirables de la feuille de s\u00e9n\u00e9 (sana makki)<\/strong><\/h3>\n<p>En cas de surdosage, de prise trop longue ou trop r\u00e9guli\u00e8re, le s\u00e9n\u00e9 peut entra\u00eener des irritations intestinales, des douleurs abdominales, ou une forte diarrh\u00e9e. Une forte diarrh\u00e9e peut entra\u00eener une carence en potassium, qui peut entra\u00eener des troubles du rythme cardiaque.<\/p>\n<h3><strong>Interactions avec des m\u00e9dicaments et plantes m\u00e9dicinales :<\/strong><\/h3>\n<p>Le s\u00e9n\u00e9 ne doit pas \u00eatre pris en plus d&rsquo;un m\u00e9dicament. \u00c9galement d&rsquo;une plante, ou encore d&rsquo;un compl\u00e9ment alimentaire aux propri\u00e9t\u00e9s laxatives. Il ne faut pas associer la feuille de s\u00e9n\u00e9 \u00e0 un traitement visant \u00e0 traiter les troubles cardiaques et l&rsquo;insuffisance r\u00e9nale. Ceci que ce soit des m\u00e9dicaments digitaliques, diur\u00e9tiques, ou des cortico\u00efdes.<\/p>\n<p><u>Peso :<\/u>\u00a0100g<\/p>\n<p><u>Origine :<\/u>\u00a0India<\/p>","protected":false},"excerpt":{"rendered":"<p class=\"Standard\">Utilis\u00e9 depuis l&rsquo;\u00e9poque des pharaons, puis popularis\u00e9 par les arabes car faisant partie de leur m\u00e9decine proph\u00e9tique, le s\u00e9n\u00e9 est maintenant reconnu par des hautes autorit\u00e9s m\u00e9dicales telle que l&rsquo;OMS comme \u00e9tant \u00ab\u00a0un traitement ponctuel des constipations occasionnelles\u00a0\u00bb.<\/p>\n<p class=\"Standard\">Consomm\u00e9 en infusion, les feuilles sont utilis\u00e9es en phytoth\u00e9rapie pour lutter contre les probl\u00e8mes de constipation et pour purifier le tube digestif et la flore intestinale.<\/p>","protected":false},"featured_media":4972,"template":"","meta":[],"product_brand":[],"product_cat":[54,28,96],"product_tag":[],"class_list":{"0":"post-4950","1":"product","2":"type-product","3":"status-publish","4":"has-post-thumbnail","6":"product_cat-tisane","7":"product_cat-medecine-sante","8":"product_cat-roqya-chariya","10":"first","11":"instock","12":"shipping-taxable","13":"purchasable","14":"product-type-simple"},"_links":{"self":[{"href":"https:\/\/1001vertus.com\/it\/wp-json\/wp\/v2\/product\/4950","targetHints":{"allow":["GET"]}}],"collection":[{"href":"https:\/\/1001vertus.com\/it\/wp-json\/wp\/v2\/product"}],"about":[{"href":"https:\/\/1001vertus.com\/it\/wp-json\/wp\/v2\/types\/product"}],"wp:featuredmedia":[{"embeddable":true,"href":"https:\/\/1001vertus.com\/it\/wp-json\/wp\/v2\/media\/4972"}],"wp:attachment":[{"href":"https:\/\/1001vertus.com\/it\/wp-json\/wp\/v2\/media?parent=4950"}],"wp:term":[{"taxonomy":"product_brand","embeddable":true,"href":"https:\/\/1001vertus.com\/it\/wp-json\/wp\/v2\/product_brand?post=4950"},{"taxonomy":"product_cat","embeddable":true,"href":"https:\/\/1001vertus.com\/it\/wp-json\/wp\/v2\/product_cat?post=4950"},{"taxonomy":"product_tag","embeddable":true,"href":"https:\/\/1001vertus.com\/it\/wp-json\/wp\/v2\/product_tag?post=4950"}],"curies":[{"name":"wp","href":"https:\/\/api.w.org\/{rel}","templated":true}]}}