{"id":43377,"date":"2025-11-10T11:10:46","date_gmt":"2025-11-10T10:10:46","guid":{"rendered":"https:\/\/1001vertus.com\/?post_type=product&#038;p=43377"},"modified":"2026-03-16T01:14:14","modified_gmt":"2026-03-16T00:14:14","slug":"sapone-fatto-a-mano-con-petali-di-rosa","status":"publish","type":"product","link":"https:\/\/1001vertus.com\/it\/produit\/savon-artisanal-aux-petales-de-roses\/","title":{"rendered":"Savon artisanal aux p\u00e9tales de roses (Environ 100 \u00e0 120g) &#8211; Tanja Tijara"},"content":{"rendered":"<p>Le&nbsp;<strong>sapone fatto a mano con petali di rosa<\/strong> ha conquistato il mondo della cura della pelle naturale. Realizzato con\u2019<strong>ingredienti vegetali<\/strong>, questo solido gioiellino combina <strong>morbidezza<\/strong>, La sua composizione \u00e8 ricca di principi attivi benefici come <strong>burro di karit\u00e9<\/strong>. Sa <strong>Produzione francese<\/strong> perpetua una tradizione di lunga data, rispondendo al contempo alle esigenze odierne di una <strong>sapone biologico<\/strong>, rispettoso della pelle e dell'ambiente. Da dove nasce la mania per questo prodotto? Ecco i segreti di questo sapone unico e sensoriale.<\/p>\n<h2>Le caratteristiche del sapone artigianale ai petali di rosa<\/h2>\n<p>Scegliere un <strong>sapone artigianale arricchito con petali di rosa<\/strong>, significa optare per un'esperienza autentica. Lontano dai gel doccia industriali, questo <strong>sapone solido<\/strong> trae i suoi punti di forza dalla <strong>composizione naturale<\/strong> e nel <strong>tradizionale<\/strong> utilizzati durante il processo di produzione. Gli ingredienti sono accuratamente selezionati per garantire purezza, qualit\u00e0 ed efficacia.<\/p>\n<p>La presenza di <strong>petali di rosa veri<\/strong> conferisce al sapone un aspetto estetico incomparabile, oltre che una preziosa <strong>propriet\u00e0 idratanti<\/strong> e lenitivo. La loro azione delicata migliora ogni routine di bellezza. Molte persone apprezzano anche la <strong>fragranza floreale<\/strong> la sottile fragranza che questi petali lasciano sulla pelle dopo l'uso. Per chi \u00e8 alla ricerca di soluzioni simili con principi attivi diversi, scoprite i benefici di un <a href=\"https:\/\/1001vertus.com\/it\/product\/sapone-di-latte-di-capra-fatto-a-mano\/\">sapone naturale al latte di capra<\/a> pu\u00f2 essere un'ottima alternativa.<\/p>\n<h2>Quali sono i vantaggi degli ingredienti naturali?<\/h2>\n<h3>Il ruolo centrale del burro di karit\u00e9 nell'idratazione<\/h3>\n<p>Il cuore di molti <strong>saponi fatti a mano<\/strong> \u00e8 il <strong>burro di karit\u00e9<\/strong>. Questo ingrediente \u00e8 riconosciuto per la sua capacit\u00e0 di <strong>nutrire profondamente la pelle<\/strong>. \u00c8 adatto anche alle pelli molto secche o sensibili, proteggendole dalla disidratazione. Il suo effetto \u00e8 combinato con quello dei petali di rosa per creare un prodotto molto delicato per la cura della pelle.<\/p>\n<p>L'associazione tra <strong>burro di karit\u00e9<\/strong> e <strong>petali di rosa<\/strong> d\u00e0 un sapone che favorisce la riparazione della pelle. La consistenza cremosa del burro lo rende piacevole da applicare, rinforzando naturalmente la barriera cutanea. Inoltre, alcuni saponi a base di cumino nero hanno anche riconosciute propriet\u00e0 lenitive, come nel caso di <a href=\"https:\/\/1001vertus.com\/it\/product\/sapone-artigianale-al-cumino-nero\/\">sapone artigianale al cumino nero<\/a>.<\/p>\n<h3>I benefici dei petali di rosa per un'esfoliazione delicata<\/h3>\n<p>Il <strong>petali di rosa<\/strong> non sono semplici ornamenti. Una volta integrati in un <strong>sapone solido<\/strong>, offrono un <strong>esfoliazione delicata<\/strong> e naturale. Invece di aggredire la pelle, favoriscono il rinnovamento cellulare senza irritare, per una pelle pi\u00f9 morbida e luminosa.<\/p>\n<p>Oltre al loro effetto esfoliante, le <strong>petali di rosa<\/strong> trasmettere un <strong>profumo di rosa<\/strong> delicato ed elegante. Questa sottile fragranza trasforma ogni doccia in un momento di vero relax, ideale per chi cerca un intermezzo floreale e sensoriale.<\/p>\n<h2>Produzione francese e impegno per l'ambiente<\/h2>\n<p>Optate per un <strong>sapone artigianale prodotto in Francia<\/strong>, \u00e8 sostenere il know-how locale. Molti saponieri preferiscono <strong>ricette ancestrali<\/strong>, Questi prodotti sono realizzati a mano con ingredienti di origine vegetale provenienti da fonti responsabili. Questo <strong>produzione tradizionale<\/strong> garantisce un prodotto finale di alta qualit\u00e0, poich\u00e9 ogni pezzo \u00e8 unico.<\/p>\n<p>Spesso offerto <strong>certificato biologico<\/strong>, questi <strong>saponi solidi<\/strong> garantiscono l'assenza di ingredienti controversi come parabeni e coloranti sintetici. L'impegno ecologico si esprime anche attraverso la scelta delle materie prime e degli imballaggi minimalisti, alcuni dei quali sono compostabili.<\/p>\n<ul>\n<li><strong>Sostegno ai produttori locali<\/strong> e l'artigianato francese<\/li>\n<li><strong>Sfruttare al meglio le risorse naturali<\/strong> e procedure etiche<\/li>\n<li><strong>Riduzione dell'impatto ambientale<\/strong> rispetto ai cosmetici convenzionali<\/li>\n<li><strong>Rispetto del benessere degli animali<\/strong> (spesso vegan e cruelty-free)<\/li>\n<\/ul>\n<h2>Come integrare il sapone artigianale ai petali di rosa nella vostra routine di bellezza?<\/h2>\n<h3>Detersione e idratazione quotidiana<\/h3>\n<p>Questo <strong>sapone solido<\/strong> pu\u00f2 essere utilizzato sia sul viso che sul corpo. La sua schiuma fine deterge efficacemente la pelle, lasciandola morbida ed elastica. <strong>pellicola protettiva<\/strong> sulla pelle grazie a <strong>propriet\u00e0 idratanti del burro di karit\u00e9<\/strong>. Usato tutti i giorni o pi\u00f9 volte alla settimana, basta inumidire leggermente il sapone e strofinarlo sulle mani o direttamente sulla pelle.<\/p>\n<p>Dopo il risciacquo, la pelle ritrova elasticit\u00e0 e luminosit\u00e0. L\u2019<strong>esfoliazione leggera<\/strong> petali sono ideali per un uso regolare, anche in aree delicate.<\/p>\n<h3>Un alleato sensoriale per il bagno<\/h3>\n<p>Le <strong>sapone fatto a mano<\/strong> fa rima con piacere. Il suono <strong>profumo di rosa<\/strong> avvolge l'atmosfera, creando un momento di relax davvero apprezzabile. Infilato in un bagno caldo, diffonde la sua raffinata fragranza lasciando fluttuare qualche petalo, per un'atmosfera degna di una lussuosa spa.<\/p>\n<p>Abbinare questo momento di relax a un delicato massaggio con il sapone aumenta ulteriormente la sensazione di benessere. Molti trovano che questa combinazione stimoli sia la mente che la pelle.<\/p>\n<table>\n<tbody>\n<tr>\n<th>Ingrediente<\/th>\n<th>Profitto<\/th>\n<th>Origine<\/th>\n<\/tr>\n<tr>\n<td><strong>Petali di rosa<\/strong><\/td>\n<td>Calmante, lenitivo, esfoliante<\/td>\n<td>Naturale\/di origine vegetale<\/td>\n<\/tr>\n<tr>\n<td><strong>Burro di karit\u00e9<\/strong><\/td>\n<td>Idratazione profonda, protezione<\/td>\n<td>Naturale<\/td>\n<\/tr>\n<tr>\n<td><strong>Base per sapone artigianale<\/strong><\/td>\n<td>Pulizia, zero rifiuti<\/td>\n<td>Produzione tradizionale<\/td>\n<\/tr>\n<\/tbody>\n<\/table>\n<h2>Domande frequenti sul sapone artigianale ai petali di rosa<\/h2>\n<div itemscope=\"\" itemtype=\"https:\/\/schema.org\/FAQPage\">\n<div itemprop=\"mainEntity\" itemscope=\"\" itemtype=\"https:\/\/schema.org\/Question\">\n<h3 itemprop=\"name\">Perch\u00e9 scegliere un sapone artigianale ai petali di rosa piuttosto che un sapone tradizionale?<\/h3>\n<div itemprop=\"acceptedAnswer\" itemscope=\"\" itemtype=\"https:\/\/schema.org\/Answer\">\n<div itemprop=\"text\">A <strong>sapone fatto a mano<\/strong> benefici di un <strong>Manifattura francese o tradizionale<\/strong>, che garantisce metodi delicati e l'uso di\u2019<strong>ingredienti naturali o biologici<\/strong>. Il <strong>petali di rosa<\/strong> offrono un leggero effetto esfoliante <strong>profumo autentico<\/strong>. Questa miscela garantisce una cura della pelle sana, lontana dagli additivi nocivi presenti in alcuni saponi industriali.<\/p>\n<ul>\n<li><strong>Ingredienti di qualit\u00e0 superiore<\/strong><\/li>\n<li><strong>Nessun composto chimico aggressivo<\/strong><\/li>\n<li><strong>Rispetto per l'ambiente<\/strong><\/li>\n<\/ul>\n<\/div>\n<\/div>\n<\/div>\n<div itemprop=\"mainEntity\" itemscope=\"\" itemtype=\"https:\/\/schema.org\/Question\">\n<h3 itemprop=\"name\">Qual \u00e8 la differenza tra sapone naturale, biologico e certificato?<\/h3>\n<div itemprop=\"acceptedAnswer\" itemscope=\"\" itemtype=\"https:\/\/schema.org\/Answer\">\n<div itemprop=\"text\">A <strong>sapone naturale<\/strong> contiene essenzialmente <strong>ingredienti di origine vegetale<\/strong>, mentre un <strong>sapone biologico<\/strong> garantisce inoltre una produzione senza pesticidi chimici. Il \u201c<strong>certificato<\/strong>\u201dQueste distinzioni aiutano a selezionare un prodotto che soddisfa i pi\u00f9 alti standard di qualit\u00e0. Queste distinzioni aiutano a selezionare un <strong>sapone fatto a mano<\/strong> in base alle vostre esigenze.<\/p>\n<table>\n<tbody>\n<tr>\n<th>Tipo<\/th>\n<th>Caratteristiche principali<\/th>\n<\/tr>\n<tr>\n<td><strong>Naturale<\/strong><\/td>\n<td>Ingredienti di origine vegetale<\/td>\n<\/tr>\n<tr>\n<td><strong>Bio<\/strong><\/td>\n<td>Materie prime da agricoltura biologica<\/td>\n<\/tr>\n<tr>\n<td><strong>Certificato<\/strong><\/td>\n<td>Standard stabiliti da un certificatore ufficiale<\/td>\n<\/tr>\n<\/tbody>\n<\/table>\n<\/div>\n<\/div>\n<\/div>\n<div itemprop=\"mainEntity\" itemscope=\"\" itemtype=\"https:\/\/schema.org\/Question\">\n<h3 itemprop=\"name\">Il sapone ai petali di rosa \u00e8 adatto a tutti i tipi di pelle?<\/h3>\n<div itemprop=\"acceptedAnswer\" itemscope=\"\" itemtype=\"https:\/\/schema.org\/Answer\">\n<div itemprop=\"text\">S\u00ec, \u00e8 generalmente adatto a tutti, anche alle pelli sensibili. La combinazione di <strong>burro di karit\u00e9<\/strong> e <strong>petali di rosa<\/strong> porta <strong>idratazione<\/strong> e morbidezza. Per le pelli reattive, \u00e8 comunque consigliabile testare prima il sapone su una piccola area.<\/p>\n<ul>\n<li><strong>Pelle secca<\/strong> : nutre intensamente<\/li>\n<li><strong>Pelle mista<\/strong> : equilibrio grazie alla morbidezza dei petali<\/li>\n<li><strong>Pelle sensibile<\/strong> previene le irritazioni grazie alla sua formula naturale<\/li>\n<\/ul>\n<\/div>\n<\/div>\n<\/div>\n<div itemprop=\"mainEntity\" itemscope=\"\" itemtype=\"https:\/\/schema.org\/Question\">\n<h3 itemprop=\"name\">Posso usare il sapone solido ai petali di rosa quotidianamente?<\/h3>\n<div itemprop=\"acceptedAnswer\" itemscope=\"\" itemtype=\"https:\/\/schema.org\/Answer\">\n<div itemprop=\"text\">Utilizzare questo <strong>sapone fatto a mano<\/strong> ogni giorno \u00e8 del tutto possibile. Il suo <strong>propriet\u00e0 idratanti<\/strong> e il suo <strong>esfoliazione leggera<\/strong> preservare l'equilibrio della pelle. Il suo formato solido offre anche il vantaggio di essere facile da trasportare e di durare a lungo.<\/p>\n<ul>\n<li><strong>Vita utile prolungata<\/strong> rispetto ai gel doccia<\/li>\n<li><strong>Meno rifiuti di plastica prodotti<\/strong><\/li>\n<li><strong>Profumo di rosa<\/strong> una presenza piacevole nella vita quotidiana<\/li>\n<\/ul>\n<\/div>\n<\/div>\n<\/div>\n<\/div>","protected":false},"excerpt":{"rendered":"<p>Sapone artigianale arricchito Tanja Tijara <strong>con veri petali di rosa<\/strong>. Deterge delicatamente, idrata e lascia la pelle delicatamente profumata.<\/p>","protected":false},"featured_media":43378,"template":"","meta":[],"product_brand":[],"product_cat":[55],"product_tag":[],"class_list":{"0":"post-43377","1":"product","2":"type-product","3":"status-publish","4":"has-post-thumbnail","6":"product_cat-savon","8":"first","9":"outofstock","10":"shipping-taxable","11":"purchasable","12":"product-type-simple"},"_links":{"self":[{"href":"https:\/\/1001vertus.com\/it\/wp-json\/wp\/v2\/product\/43377","targetHints":{"allow":["GET"]}}],"collection":[{"href":"https:\/\/1001vertus.com\/it\/wp-json\/wp\/v2\/product"}],"about":[{"href":"https:\/\/1001vertus.com\/it\/wp-json\/wp\/v2\/types\/product"}],"wp:featuredmedia":[{"embeddable":true,"href":"https:\/\/1001vertus.com\/it\/wp-json\/wp\/v2\/media\/43378"}],"wp:attachment":[{"href":"https:\/\/1001vertus.com\/it\/wp-json\/wp\/v2\/media?parent=43377"}],"wp:term":[{"taxonomy":"product_brand","embeddable":true,"href":"https:\/\/1001vertus.com\/it\/wp-json\/wp\/v2\/product_brand?post=43377"},{"taxonomy":"product_cat","embeddable":true,"href":"https:\/\/1001vertus.com\/it\/wp-json\/wp\/v2\/product_cat?post=43377"},{"taxonomy":"product_tag","embeddable":true,"href":"https:\/\/1001vertus.com\/it\/wp-json\/wp\/v2\/product_tag?post=43377"}],"curies":[{"name":"wp","href":"https:\/\/api.w.org\/{rel}","templated":true}]}}