{"id":43355,"date":"2025-11-09T15:31:47","date_gmt":"2025-11-09T14:31:47","guid":{"rendered":"https:\/\/1001vertus.com\/?post_type=product&#038;p=43355"},"modified":"2026-03-22T19:25:38","modified_gmt":"2026-03-22T18:25:38","slug":"sapone-di-fico-dindia-lavorato-a-freddo","status":"publish","type":"product","link":"https:\/\/1001vertus.com\/it\/produit\/savon-a-froid-a-la-figue-de-barbarie\/","title":{"rendered":"Savon artisanal \u00e0 froid \u00e0 la figue de barbarie Env. 100g &#8211; Assali"},"content":{"rendered":"<p>Nel mondo di <strong>cura naturale<\/strong>il <strong>sapone di fico d'India lavorato a freddo<\/strong> seduce con la sua efficacia e la sua grande delicatezza. Apprezzato per la sua <strong>composizione naturale<\/strong> e la sua ricchezza in oli preziosi, questo sapone offre <strong>idratazione intensa<\/strong>, un effetto nutriente e un'autentica azione anti-et\u00e0. Questa guida esplora i numerosi benefici di un <strong>sapone lavorato a freddo arricchito con olio di semi di fico d'India<\/strong> e spiega perch\u00e9 sta conquistando sempre pi\u00f9 appassionati di benessere naturale.<\/p>\n<h2>Sapone lavorato a freddo: un processo artigianale unico nel suo genere<\/h2>\n<p>La <strong>saponificazione a freddo<\/strong> distingue il reale <strong>sapone fatto a mano<\/strong> prodotti industriali convenzionali. Questo processo delicato consiste nel mescolare lentamente vari grassi - come l'olio d'oliva o l'olio di cocco - con una base alcalina, senza un calore eccessivo. Il vantaggio? Gli ingredienti mantengono il loro pieno <strong>propriet\u00e0 naturali<\/strong>, offrendo un <strong>sapone naturale<\/strong> che rispetta la pelle.<\/p>\n<p>Questo metodo di produzione preserva la <strong>glicerina vegetale<\/strong> prodotti durante la lavorazione, rendendo il sapone particolarmente efficace. <strong>delicato e idratante<\/strong>. Molti dei suoi benefici rimangono intatti, a differenza dei saponi convenzionali la cui produzione industriale spesso elimina la maggior parte dei principi attivi presenti negli ingredienti. <strong>oli vegetali<\/strong> utilizzato.<\/p>\n<h2>Perch\u00e9 scegliere il fico d'India in un sapone lavorato a freddo?<\/h2>\n<p>L'<strong>olio di semi di fico d'India<\/strong> \u00e8 rinomato per la sua <strong>eccezionali propriet\u00e0 anti-invecchiamento<\/strong>. Utilizzando questo olio raro in un <strong>sapone a freddo<\/strong> permette di godere quotidianamente dei suoi preziosi ed efficaci benefici.<\/p>\n<p>In termini di <strong>combatte le rughe<\/strong> e <strong>rigenerazione della pelle<\/strong>, Pochi ingredienti sono all'altezza delle prestazioni di questo olio. La sua ricchezza in <strong>vitamina E<\/strong>, L'elevato contenuto di Omega-3, Omega-6 e steroli conferisce al sapone un'azione protettiva, nutriente ed elastica completa sulla pelle.<\/p>\n<h3>Propriet\u00e0 riconosciute per tutti i tipi di pelle<\/h3>\n<p>Che la vostra pelle sia secca, sensibile o mista, il prodotto <strong>sapone naturale arricchito con fico d'India<\/strong> si adatta perfettamente. Grazie alla sua formulazione <strong>nutriente<\/strong>, Deterge senza irritare o strattonare. Aiuta a mantenere un <strong>pelle pi\u00f9 soda<\/strong>, confortevole e visibilmente pi\u00f9 radiosa giorno dopo giorno.<\/p>\n<p>L'aggiunta di<strong>olio di semi di fico d'India<\/strong> fornisce anche un supporto concreto a\u2019<strong>idratazione della pelle<\/strong>. Usato tutti i giorni, questo sapone aiuta a ripristinare la pelle. <strong>film idrolipidico<\/strong> e preservare l'elasticit\u00e0 della pelle, per un aspetto pi\u00f9 giovane e radioso. Per variare i piaceri rimanendo delicati e rispettosi della pelle, scoprite anche le virt\u00f9 di <a href=\"https:\/\/1001vertus.com\/it\/product-category\/benessere\/sapone\/\">saponi naturali ricchi di vitamine<\/a>.<\/p>\n<h3>Focus sulla saponificazione a freddo e sui benefici della conservazione<\/h3>\n<p>Il metodo artigianale garantisce che <strong>acidi grassi essenziali<\/strong>, antiossidanti e vitamine rimangono intatti. Questi componenti stimolano la <strong>rigenerazione della pelle<\/strong> e proteggere attivamente la pelle dalle aggressioni esterne. Scegliere un <strong>sapone a freddo<\/strong>, Cos\u00ec si opta per un prodotto autentico, puro e rispettoso dell'ambiente.<\/p>\n<p>Questo processo di produzione manuale favorisce anche <strong>materie prime non raffinate<\/strong>. Il risultato \u00e8 un prodotto sano e minimalista che agisce delicatamente sulla pelle e limita l'impatto ambientale grazie a un processo energetico ridotto. Per chi vuole esplorare ulteriormente le alternative pi\u00f9 delicate, esistono varianti come il <a href=\"https:\/\/1001vertus.com\/it\/product\/sapone-vegetale-vitality-con-latte-di-cammello\/\">sapone vegetale arricchito con latte di cammello e olio di argan biologico<\/a>, noto per il suo eccezionale potere idratante.<\/p>\n<h2>I benefici quotidiani del sapone di fico d'India<\/h2>\n<p>Oltre alle sue propriet\u00e0 di lavaggio, il <strong>sapone lavorato a freddo arricchito con olio di semi di fico d'India<\/strong> rivoluziona la vostra routine di bellezza. Usato regolarmente, combina <strong>delicata azione purificante<\/strong> e benefici mirati per una pelle pi\u00f9 giovane.<\/p>\n<ul>\n<li><strong>Idratazione di lunga durata<\/strong> Mantiene la morbidezza della pelle e ne limita la disidratazione.<\/li>\n<li><strong>Lotta contro le rughe<\/strong> L'olio di fico d'India favorisce il rinnovamento cellulare.<\/li>\n<li><strong>Protezione antiossidante<\/strong> Neutralizza gli effetti nocivi dell'inquinamento e dello stress ossidativo.<\/li>\n<li><strong>Pelle pi\u00f9 soda ed elastica<\/strong> Tonifica e dona un effetto lifting naturale.<\/li>\n<li><strong>Azione nutriente e riparatrice<\/strong> Ideale per le pelli fragili, soggette a irritazioni o tensioni.<\/li>\n<\/ul>\n<p>Questo prodotto adattivo per la cura della pelle risponde alle esigenze di tutta la famiglia, adulti e adolescenti, in qualsiasi stagione. La diffusione graduale di <strong>sostanze nutritive<\/strong> Quando si usa il sapone, ci si sente subito a proprio agio.<\/p>\n<h2>Come si usa efficacemente il sapone naturale di fico d'India?<\/h2>\n<p>Integrare questo <strong>sapone naturale<\/strong> in bagno \u00e8 molto semplice. Basta bagnare la pelle, insaponare il sapone tra le mani e poi applicarlo sul viso e sul corpo con movimenti circolari. Questa azione stimola la <strong>microcircolazione sanguigna<\/strong>, massimizzare l'effetto rigenerativo di\u2019<strong>olio di semi di fico d'India<\/strong>.<\/p>\n<p>Dopo il risciacquo con acqua pulita, la pelle risulta morbida e protetta, senza residui grassi. Molti apprezzano anche questo <strong>sapone a freddo<\/strong> per la pulizia dei capelli o come alternativa delicata ai detergenti per le mani di uso quotidiano.<\/p>\n<h3>Consigli per prolungare la durata del sapone a freddo<\/h3>\n<p>Per prevenire la <strong>il sapone si scioglie troppo velocemente<\/strong>, Se si intende utilizzarlo, ecco alcuni semplici consigli: lasciarlo asciugare all'aria tra un utilizzo e l'altro e utilizzare un panno umido. <strong>portasapone traforato<\/strong>. Di conseguenza, mantiene la sua forma e dura pi\u00f9 a lungo, anche con un uso frequente.<\/p>\n<p>Tagliare il sapone in piccoli pezzi pu\u00f2 anche prolungare la freschezza di ogni barra. Questo gesto pratico permette di variare gli usi, ad esempio riservando piccoli blocchi per il viso e altri per il corpo.<\/p>\n<h3>Questo sapone pu\u00f2 essere inserito in ogni routine di bellezza?<\/h3>\n<p>Sia che si tratti di sostituire il gel doccia o di completare la routine del viso, l'uso di un <strong>sapone naturale di fico d'India<\/strong> \u00e8 facile da integrare. Pu\u00f2 essere utilizzato mattina e sera, da solo o con una crema leggera adatta a ogni tipo di pelle.<\/p>\n<p>Grazie alla sua morbidezza, questo <strong>sapone a freddo<\/strong> rimane compatibile con prodotti pi\u00f9 specifici per la cura della pelle (sieri, balsami rigeneranti). La combinazione di questi prodotti ottimizza <strong>combatte le rughe<\/strong> rafforzando al contempo la barriera naturale della pelle.<\/p>\n<h2>Domande frequenti sul sapone di fico d'India<\/h2>\n<div itemscope=\"\" itemtype=\"https:\/\/schema.org\/FAQPage\">\n<div itemprop=\"mainEntity\" itemscope=\"\" itemtype=\"https:\/\/schema.org\/Question\">\n<h3 itemprop=\"name\">Quali sono i principali benefici dell'olio di semi di fico d'India in un sapone lavorato a freddo?<\/h3>\n<div itemprop=\"acceptedAnswer\" itemscope=\"\" itemtype=\"https:\/\/schema.org\/Answer\">\n<div itemprop=\"text\">Le virt\u00f9 di questo olio risiedono nella sua capacit\u00e0 di <strong>idratare la pelle<\/strong>, promuovere <strong>rigenerazione della pelle<\/strong> e combattere le rughe. Contiene <strong>vitamina E<\/strong> e potenti antiossidanti. Il suo effetto <strong>nutriente<\/strong> fornisce elasticit\u00e0 e compattezza, che si traducono in una <strong>pelle pi\u00f9 soda<\/strong> e meglio protetti.<\/p>\n<ul>\n<li>Azione antiet\u00e0 e rivitalizzante<\/li>\n<li>Adatto alle pelli sensibili e mature<\/li>\n<li>Promuove l'elasticit\u00e0 e la riparazione dell'epidermide<\/li>\n<\/ul>\n<\/div>\n<\/div>\n<\/div>\n<div itemprop=\"mainEntity\" itemscope=\"\" itemtype=\"https:\/\/schema.org\/Question\">\n<h3 itemprop=\"name\">A chi \u00e8 destinato il sapone di fico d'India?<\/h3>\n<div itemprop=\"acceptedAnswer\" itemscope=\"\" itemtype=\"https:\/\/schema.org\/Answer\">\n<div itemprop=\"text\">Questo <strong>sapone naturale<\/strong> \u00e8 stato formulato per tutti i tipi di pelle, anche le pi\u00f9 sensibili o reattive. \u00c8 indicato sia per gli adulti che per gli adolescenti che cercano <strong>idratazione<\/strong>, <strong>pulizia delicata<\/strong> e <strong>protezione a lungo termine<\/strong>. \u00c8 la scelta ideale per coloro che desiderano beneficiare di una <strong>routine di bellezza sana<\/strong> ed efficiente.<\/p>\n<ul>\n<li>Abbastanza delicato per l'uso quotidiano<\/li>\n<li>Senza additivi chimici o coloranti<\/li>\n<li>Efficace contro la secchezza e l'invecchiamento cutaneo<\/li>\n<\/ul>\n<\/div>\n<\/div>\n<\/div>\n<div itemprop=\"mainEntity\" itemscope=\"\" itemtype=\"https:\/\/schema.org\/Question\">\n<h3 itemprop=\"name\">Quali sono le differenze tra il sapone lavorato a freddo e il sapone industriale convenzionale?<\/h3>\n<div itemprop=\"acceptedAnswer\" itemscope=\"\" itemtype=\"https:\/\/schema.org\/Answer\">\n<div itemprop=\"text\">A <strong>sapone a freddo<\/strong>, ottenuto da <strong>saponificazione a temperatura controllata<\/strong>, conserva <strong>benefici naturali degli ingredienti<\/strong>, compresa la preziosa glicerina. I saponi industriali sono spesso riscaldati ad alte temperature, il che distrugge alcuni dei principi attivi benefici e talvolta lascia residui sintetici. La tabella seguente mostra alcune delle principali distinzioni.<\/p>\n<table>\n<tbody>\n<tr>\n<th>Caratteristiche<\/th>\n<th>Sapone a freddo<\/th>\n<th>Sapone industriale<\/th>\n<\/tr>\n<tr>\n<td>Processo<\/td>\n<td>Saponificazione a freddo<\/td>\n<td>Saponificazione a caldo<\/td>\n<\/tr>\n<tr>\n<td>Conservare la glicerina<\/td>\n<td>S\u00ec<\/td>\n<td>No, spesso ritirato<\/td>\n<\/tr>\n<tr>\n<td>Livello di idratazione<\/td>\n<td>Alto<\/td>\n<td>Medio-basso<\/td>\n<\/tr>\n<\/tbody>\n<\/table>\n<\/div>\n<\/div>\n<\/div>\n<div itemprop=\"mainEntity\" itemscope=\"\" itemtype=\"https:\/\/schema.org\/Question\">\n<h3 itemprop=\"name\">Quanto dura di solito il sapone tradizionale al fico d'India?<\/h3>\n<div itemprop=\"acceptedAnswer\" itemscope=\"\" itemtype=\"https:\/\/schema.org\/Answer\">\n<div itemprop=\"text\">Tutto dipende dall'uso che se ne fa, ma se si seguono le buone pratiche (asciugare all'aria, usare un portasapone sgocciolante), una saponetta da 100 g dura in genere tra le 3 e le 5 settimane per un uso quotidiano su viso e corpo. Tagliare il sapone in pi\u00f9 pezzi ne prolunga la freschezza e lo rende pi\u00f9 facile da tenere in mano, soprattutto in viaggio.<\/p>\n<ol>\n<li>Lasciare asciugare tra un utilizzo e l'altro<\/li>\n<li>Conservare al riparo dall'umidit\u00e0<\/li>\n<li>Tagliare in porzioni come richiesto<\/li>\n<\/ol>\n<\/div>\n<\/div>\n<\/div>\n<\/div>","protected":false},"excerpt":{"rendered":"<p>Sapone artigianale di Assali lavorato a freddo (100g), arricchito con <strong>prezioso olio di fico d'India<\/strong>. Un trattamento naturalmente supergrasso, anti-et\u00e0 e idratante per il viso e il corpo.<\/p>","protected":false},"featured_media":44896,"template":"","meta":[],"product_brand":[],"product_cat":[55],"product_tag":[],"class_list":{"0":"post-43355","1":"product","2":"type-product","3":"status-publish","4":"has-post-thumbnail","6":"product_cat-savon","8":"first","9":"instock","10":"shipping-taxable","11":"purchasable","12":"product-type-simple"},"_links":{"self":[{"href":"https:\/\/1001vertus.com\/it\/wp-json\/wp\/v2\/product\/43355","targetHints":{"allow":["GET"]}}],"collection":[{"href":"https:\/\/1001vertus.com\/it\/wp-json\/wp\/v2\/product"}],"about":[{"href":"https:\/\/1001vertus.com\/it\/wp-json\/wp\/v2\/types\/product"}],"wp:featuredmedia":[{"embeddable":true,"href":"https:\/\/1001vertus.com\/it\/wp-json\/wp\/v2\/media\/44896"}],"wp:attachment":[{"href":"https:\/\/1001vertus.com\/it\/wp-json\/wp\/v2\/media?parent=43355"}],"wp:term":[{"taxonomy":"product_brand","embeddable":true,"href":"https:\/\/1001vertus.com\/it\/wp-json\/wp\/v2\/product_brand?post=43355"},{"taxonomy":"product_cat","embeddable":true,"href":"https:\/\/1001vertus.com\/it\/wp-json\/wp\/v2\/product_cat?post=43355"},{"taxonomy":"product_tag","embeddable":true,"href":"https:\/\/1001vertus.com\/it\/wp-json\/wp\/v2\/product_tag?post=43355"}],"curies":[{"name":"wp","href":"https:\/\/api.w.org\/{rel}","templated":true}]}}