{"id":43308,"date":"2025-11-07T12:36:40","date_gmt":"2025-11-07T11:36:40","guid":{"rendered":"https:\/\/1001vertus.com\/?post_type=product&#038;p=43308"},"modified":"2025-12-18T16:52:12","modified_gmt":"2025-12-18T15:52:12","slug":"resina-pura-di-shilajit","status":"publish","type":"product","link":"https:\/\/1001vertus.com\/it\/produit\/shilajit-pur-en-resine\/","title":{"rendered":"Shilajit pur en r\u00e9sine des montagnes de l&rsquo;Alta\u00ef (Pot de 50g) &#8211; Ziyada"},"content":{"rendered":"<p>Scoprire il&nbsp;<strong>shilajit puro<\/strong> sotto forma di <strong>resina naturale<\/strong> da <strong>Monti Altai<\/strong>, \u00e8 immergersi in un mondo in cui tradizioni ancestrali e benessere si fondono.<\/p>\n<p>Questo tesoro, a lungo apprezzato nelle medicine tradizionali dell'Asia centrale, sta ora attirando l'attenzione per il suo potenziale di rafforzamento del sistema immunitario.&nbsp;<strong>vitalit\u00e0<\/strong>, sostenere il\u2019<strong>energia<\/strong> e promuovere l'equilibrio fisico. Il formato&nbsp;<strong>Vasetto da 50 g<\/strong> Il marchio Ziyada garantisce un uso pratico, pur conservando tutte le qualit\u00e0 autentiche di questo raro concentrato.<\/p>\n<h2>Origine e caratteristiche specifiche della resina pura di shilajit<\/h2>\n<p>Le <strong>shilajit<\/strong> trae la sua forza da un ambiente eccezionale. Dalle alture incontaminate del <strong>Monti Altai<\/strong>, Ha la forma di un <strong>resina naturale<\/strong> ricco, raccolto meticolosamente dopo un lungo processo di maturazione tra le rocce. Queste condizioni geografiche estreme garantiscono un prodotto di notevole purezza e di alta qualit\u00e0. <strong>concentrazione singola<\/strong>.<\/p>\n<p>La sua tonalit\u00e0 scura e la sua consistenza densa testimoniano la sua complessa composizione, modellata nel corso di migliaia di anni dalla decomposizione di piante alpine e minerali preziosi.<\/p>\n<p>Questo processo naturale conferisce allo shilajit un elevato contenuto di&nbsp;<strong>acido fulvico<\/strong>, noto per agevolare il trasporto di sostanze nutritive, sostenere la\u2019<strong>equilibrio cellulare<\/strong> e ottimizzare la biodisponibilit\u00e0 degli elementi essenziali.<\/p>\n<h2>Benefici essenziali associati allo shilajit di Altai<\/h2>\n<h3>Perch\u00e9 scegliere questa resina naturale?<\/h3>\n<p>Optate per un corso di <strong>shilajit puro<\/strong> della regione dell'Altai \u00e8 una preziosa fonte di\u2019<strong>antiossidanti naturali<\/strong>. Aiutano a combattere lo stress ossidativo, favoriscono il recupero dopo l'esercizio fisico e sono particolarmente utili durante i periodi di <strong>stanchezza persistente<\/strong>.<\/p>\n<p>Molte persone apprezzano questo&nbsp;<strong>resina naturale<\/strong> che stimola gradualmente la\u2019<strong>energia<\/strong> e resistenza alle sollecitazioni quotidiane. Potete anche trarre vantaggio da <a href=\"https:\/\/1001vertus.com\/it\/product\/capsule-di-shilajit\/\">capsule di shilajit a base di resina naturale<\/a> per chi preferisce un'alternativa pratica alla forma tradizionale.<\/p>\n<p>Grazie alla sua elevata <strong>oligoelementi<\/strong>, Lo shilajit contribuisce inoltre a rafforzare le difese naturali dell'organismo. L\u2019<strong>acido fulvico<\/strong> agisce da catalizzatore, facilitando l'assimilazione dei minerali e di altri componenti vitali necessari per l'equilibrio generale.<\/p>\n<h3>Sostiene la vitalit\u00e0, la libido e il testosterone<\/h3>\n<p>Tra le sue principali attrattive, lo shilajit puro \u00e8 riconosciuto per il suo influsso benefico sulla salute e sulla salute dei pazienti. <strong>vitalit\u00e0 generale<\/strong> e tonico. La tradizione vuole che l'uso regolare non solo favorisca\u2019<strong>energia totale<\/strong>, ma migliora anche <strong>libido<\/strong> e la produzione di <strong>testosterone<\/strong>.<\/p>\n<p>Sempre pi\u00f9 utenti adottano questo superalimento per sostenere uno stile di vita attivo o per superare temporanei attacchi di stanchezza.<\/p>\n<p>Questo <strong>un potente alleato a base vegetale<\/strong> agisce anche sul\u2019<strong>equilibrio ormonale maschile<\/strong> e aiuta ad aumentare naturalmente i livelli di <strong>testosterone<\/strong>, spesso influenzati dallo stress o da ritmi frenetici. La sinergia tra <strong>acido fulvico<\/strong>, L'effetto positivo sul tono muscolare, sulla resistenza e sulla forza si spiega con l'elevato contenuto di vitamine, minerali e micronutrienti.&nbsp;<\/p>\n<h2>Come utilizzare la resina pura di shilajit dei monti Altai?<\/h2>\n<h3>Posologia e consigli pratici<\/h3>\n<p>A <strong>Vasetto da 50 g<\/strong> di Ziyada copre generalmente diverse settimane di utilizzo quotidiano. La maggior parte degli utilizzatori preferisce sciogliere una piccola goccia di <strong>resina naturale<\/strong> (circa la dimensione di un chicco di riso) in un bicchiere di acqua calda o in una tisana calda. Bere a stomaco vuoto al mattino per massimizzare gli effetti benefici sul sistema immunitario.\u2019<strong>energia<\/strong> e il <strong>vitalit\u00e0<\/strong>.<\/p>\n<p>L'assunzione di questo integratore in forma liquida facilita il rapido assorbimento da parte dell'organismo. Anche se il sapore pu\u00f2 sorprendere all'inizio, pu\u00f2 essere facilmente incorporato in una routine di benessere non appena si avvertono i primi benefici - aumento dell'energia, migliore resistenza alla fatica -.<\/p>\n<h3>Suggerimenti per rendere la resina naturale parte della vostra vita quotidiana<\/h3>\n<p>L'utilizzo di un misurino direttamente nel barattolo aiuta a controllare con precisione ogni porzione di prodotto. <strong>shilajit puro<\/strong>. L'aggiunta occasionale a una bevanda detox o a un frullato offre alternative gustose senza compromettere il valore nutrizionale. <strong>acido fulvico<\/strong> e antiossidanti.<\/p>\n<p>Chiudere il <strong>Vasetto da 50 g<\/strong> dopo l'uso per preservare tutte le propriet\u00e0 attive del prodotto. <strong>resina naturale<\/strong>, per evitare l'esposizione all'umidit\u00e0 o all'aria. Bastano pochi semplici accorgimenti per prolungare la qualit\u00e0 e l'efficacia di questo eccezionale superalimento.<\/p>\n<h2>Tabella comparativa degli apporti nutrizionali<\/h2>\n<p>Per aiutarvi a capire meglio cosa vi offre questo integratore, ecco una tabella riassuntiva dei principali elementi presenti nel prodotto <strong>resina pura di shilajit<\/strong> :<\/p>\n<table>\n<tbody>\n<tr>\n<th>Componente<\/th>\n<th>Ruolo per il corpo<\/th>\n<\/tr>\n<tr>\n<td>Acido fulvico<\/td>\n<td>Trasporto dei nutrienti, disintossicazione<\/td>\n<\/tr>\n<tr>\n<td>Antiossidanti naturali<\/td>\n<td>Proteggere le cellule dai radicali liberi<\/td>\n<\/tr>\n<tr>\n<td>Oligo-&eacute;l&eacute;ments (magn&eacute;sium, zinc&#8230;)<\/td>\n<td>Equilibrio nervoso, metabolismo energetico<\/td>\n<\/tr>\n<tr>\n<td>Aminoacidi<\/td>\n<td>Sintesi proteica, recupero muscolare<\/td>\n<\/tr>\n<\/tbody>\n<\/table>\n<p>Questi componenti lavorano insieme per fornire un integratore completo, particolarmente apprezzato per la <strong>rinnovata vitalit\u00e0<\/strong> e il <strong>resistenza allo stress fisico<\/strong>.<\/p>\n<h2>Domande frequenti sullo shilajit puro in resina di Altai<\/h2>\n<div itemscope=\"\" itemtype=\"https:\/\/schema.org\/FAQPage\">\n<div itemprop=\"mainEntity\" itemscope=\"\" itemtype=\"https:\/\/schema.org\/Question\">\n<h3 itemprop=\"name\">Quanto tempo ci vuole per sentire gli effetti dello shilajit puro?<\/h3>\n<div itemprop=\"acceptedAnswer\" itemscope=\"\" itemtype=\"https:\/\/schema.org\/Answer\">\n<div itemprop=\"text\">\n<p>La comparsa degli effetti varia a seconda dell'organismo e della regolarit\u00e0 di assunzione. Molte persone hanno gi\u00e0 notato un miglioramento\u2019<strong>energia<\/strong> o una riduzione di <strong>fatica<\/strong> dopo una o due settimane di uso regolare. Una dieta equilibrata e una buona idratazione ottimizzano questi risultati.<\/p>\n<ul>\n<li>Aumento dei livelli di energia<\/li>\n<li>Recupero pi\u00f9 rapido<\/li>\n<li>Meno attacchi di stanchezza durante la giornata<\/li>\n<\/ul>\n<\/div>\n<\/div>\n<\/div>\n<div itemprop=\"mainEntity\" itemscope=\"\" itemtype=\"https:\/\/schema.org\/Question\">\n<h3 itemprop=\"name\">La resina naturale pu\u00f2 essere combinata con altri integratori alimentari?<\/h3>\n<div itemprop=\"acceptedAnswer\" itemscope=\"\" itemtype=\"https:\/\/schema.org\/Answer\">\n<div itemprop=\"text\">\n<p>La <strong>resina naturale<\/strong> Lo shilajit puro pu\u00f2 essere associato ad altri integratori come il magnesio, la spirulina o alcuni probiotici. \u00c8 comunque preferibile intervallare l'assunzione di pi\u00f9 prodotti per osservare chiaramente i rispettivi effetti sull'organismo. <strong>vitalit\u00e0<\/strong> e il<strong>energia<\/strong>.<\/p>\n<ul>\n<li>Intercorrere un intervallo di almeno un'ora tra un'integrazione e l'altra.<\/li>\n<li>Adattare le dosi in base alle preferenze personali<\/li>\n<\/ul>\n<\/div>\n<\/div>\n<\/div>\n<div itemprop=\"mainEntity\" itemscope=\"\" itemtype=\"https:\/\/schema.org\/Question\">\n<h3 itemprop=\"name\">Quali sono i segni di una buona tolleranza allo shilajit puro?<\/h3>\n<div itemprop=\"acceptedAnswer\" itemscope=\"\" itemtype=\"https:\/\/schema.org\/Answer\">\n<div itemprop=\"text\">\n<p>Gestione ottimale di\u2019<strong>energia<\/strong>, Una sensazione di chiarezza mentale e un sonno riposante sono indicatori positivi. Alcune persone possono avere lievi problemi digestivi nei primi giorni, che possono essere alleviati riducendo temporaneamente la dose.<\/p>\n<ul>\n<li>Monitoraggio delle reazioni digestive<\/li>\n<li>Ascoltare il proprio corpo e regolare il proprio dosaggio<\/li>\n<\/ul>\n<\/div>\n<\/div>\n<\/div>\n<div itemprop=\"mainEntity\" itemscope=\"\" itemtype=\"https:\/\/schema.org\/Question\">\n<h3 itemprop=\"name\">Esistono controindicazioni note al consumo di shilajit puro?<\/h3>\n<div itemprop=\"acceptedAnswer\" itemscope=\"\" itemtype=\"https:\/\/schema.org\/Answer\">\n<div itemprop=\"text\">\n<p>Alcune popolazioni dovrebbero chiedere il parere di un professionista prima di consumare <strong>shilajit puro<\/strong> Donne in gravidanza, madri che allattano e persone affette da malattie renali croniche. Rispettare il <strong>dosaggio<\/strong> Si consiglia di sfruttare appieno i suoi benefici per la salute.<\/p>\n<ul>\n<li>Rispetto della dose giornaliera raccomandata<\/li>\n<li>Si raccomanda un avvio graduale per i soggetti sensibili<\/li>\n<\/ul>\n<\/div>\n<\/div>\n<\/div>\n<\/div>","protected":false},"excerpt":{"rendered":"<p>D&eacute;couvrir le&nbsp;shilajit pur sous forme de r&eacute;sine naturelle issue des montagnes de l&rsquo;Alta&iuml;, c&rsquo;est plonger dans un univers o&ugrave; traditions ancestrales et bien-&ecirc;tre se rejoignent. Ce tr&eacute;sor, longtemps valoris&eacute; dans les m&eacute;decines traditionnelles d&rsquo;Asie centrale, s&eacute;duit aujourd&rsquo;hui pour son potentiel &agrave; renforcer la&nbsp;vitalit&eacute;, soutenir l&rsquo;&eacute;nergie quotidienne et favoriser l&rsquo;&eacute;quilibre physique.&nbsp;Le format&nbsp;pot de 50g de la [&#8230;]\n","protected":false},"featured_media":43309,"template":"","meta":[],"product_brand":[],"product_cat":[27,53],"product_tag":[],"class_list":{"0":"post-43308","1":"product","2":"type-product","3":"status-publish","4":"has-post-thumbnail","6":"product_cat-bien-etre","7":"product_cat-complements-alimentaires","9":"first","10":"instock","11":"shipping-taxable","12":"purchasable","13":"product-type-simple"},"_links":{"self":[{"href":"https:\/\/1001vertus.com\/it\/wp-json\/wp\/v2\/product\/43308","targetHints":{"allow":["GET"]}}],"collection":[{"href":"https:\/\/1001vertus.com\/it\/wp-json\/wp\/v2\/product"}],"about":[{"href":"https:\/\/1001vertus.com\/it\/wp-json\/wp\/v2\/types\/product"}],"wp:featuredmedia":[{"embeddable":true,"href":"https:\/\/1001vertus.com\/it\/wp-json\/wp\/v2\/media\/43309"}],"wp:attachment":[{"href":"https:\/\/1001vertus.com\/it\/wp-json\/wp\/v2\/media?parent=43308"}],"wp:term":[{"taxonomy":"product_brand","embeddable":true,"href":"https:\/\/1001vertus.com\/it\/wp-json\/wp\/v2\/product_brand?post=43308"},{"taxonomy":"product_cat","embeddable":true,"href":"https:\/\/1001vertus.com\/it\/wp-json\/wp\/v2\/product_cat?post=43308"},{"taxonomy":"product_tag","embeddable":true,"href":"https:\/\/1001vertus.com\/it\/wp-json\/wp\/v2\/product_tag?post=43308"}],"curies":[{"name":"wp","href":"https:\/\/api.w.org\/{rel}","templated":true}]}}