{"id":4186,"date":"2021-02-17T19:08:42","date_gmt":"2021-02-17T18:08:42","guid":{"rendered":"https:\/\/1001vertus.com\/?post_type=product&#038;p=4186"},"modified":"2023-02-20T01:47:19","modified_gmt":"2023-02-20T00:47:19","slug":"impacco-di-fertilita-al-polline-di-palma-e-al-miele-di-euforbia-e-giuggiolo","status":"publish","type":"product","link":"https:\/\/1001vertus.com\/it\/produit\/pack-fertilite-pollen-de-palmier-et-miel-de-jujubier-euphorbe\/","title":{"rendered":"Impacco di fertilit\u00e0: polline di palma e miele di giuggiolo\/euphorbia"},"content":{"rendered":"<p>Il polline di palma \u00e8 un prodotto raro, raccolto solo una volta all'anno. Viene utilizzato in tutto il mondo nella medicina tradizionale e nella medicina profetica musulmana come integratore alimentare, soprattutto per la fertilit\u00e0.<\/p>\n<p>Afin de faciliter l\u2019absorption du pollen de palmier et d\u2019augmenter son efficacit\u00e9, il est pr\u00e9f\u00e9rable de le m\u00e9langer \u00e0 du miel. C\u2019est pourquoi nous avons cr\u00e9\u00e9 ce pack.<\/p>\n<h2><strong>Polline di palma e fertilit\u00e0<\/strong><\/h2>\n<p>Svolge un ruolo botanico molto importante: viene trasportato da un fiore all'altro dalle api e da altri insetti, consentendo alle piante di riprodursi e di fecondarsi.<\/p>\n<p>In realt\u00e0, il suo ruolo medico per gli esseri umani \u00e8 molto simile. Riproduzione e fecondazione. Infatti, grazie all'elevato contenuto di ormone estrone, \u00e8 in grado di trattare malattie legate agli organi riproduttivi maschili (astenospermia, necrospermia, ecc.) e femminili.<\/p>\n<p>Contiene composti come estrogeni, steroli, estrone e il glicoside saponina steroidea, che sono coinvolti nel trattamento della fertilit\u00e0.<\/p>\n<p>Gli estrogeni svolgono un ruolo fondamentale nella riproduzione umana. Essendo l'ormone pi\u00f9 importante per le donne, l'assunzione di polline di palma da dattero aumenta la fertilit\u00e0 femminile.<\/p>\n<p>Negli uomini, questi ormoni contribuiscono a migliorare la qualit\u00e0 dello sperma e agiscono in sinergia con lo zinco per aumentarne la vitalit\u00e0 e la vitalit\u00e0.<\/p>\n<p>Grazie all'elevato contenuto di zinco, il polline di palma aumenta la produzione ormonale e aiuta le donne a ovulare con successo. \u00c8 uno dei nutrienti pi\u00f9 importanti necessari per la produzione di spermatozoi sani e di qualit\u00e0, contribuendo a promuovere la fertilit\u00e0 negli uomini.<\/p>\n<h2><strong>Benefici del polline di palma<\/strong><\/h2>\n<p>Che sia legato alla fertilit\u00e0 o meno, il polline di palma ha molte virt\u00f9, tra cui :<\/p>\n<ul>\n<li>aumenta la produzione e la mobilit\u00e0 degli spermatozoi,<\/li>\n<li>aumenta sia la quantit\u00e0 che la qualit\u00e0 degli spermatozoi dell'uomo, aumentando cos\u00ec le possibilit\u00e0 di fecondazione e riproduzione,<\/li>\n<li>supporta la produzione gonadica,<\/li>\n<li>regola il ciclo mestruale nelle donne stimolando le ovaie e la velocit\u00e0 di formazione degli ovuli,<\/li>\n<li>lenisce i dolori mestruali,<\/li>\n<li>aumenta lo spessore dell'endometrio,<\/li>\n<li>pulisce l'utero della donna,<\/li>\n<li>aiuta a combattere gli effetti della menopausa potenziando il sistema ormonale della donna e compensando le carenze ormonali e di nutrienti nel sangue,<\/li>\n<li>rafforza ed energizza,<\/li>\n<li>aumenta l'appetito sessuale sia negli uomini che nelle donne,<\/li>\n<li>rafforza il sistema immunitario dell'organismo,<\/li>\n<li>tratta l'anemia,<\/li>\n<li>rallenta il processo di invecchiamento,<\/li>\n<li>riduce il colesterolo nel sangue,<\/li>\n<li>protegge l'organismo dai radicali liberi grazie alle sue propriet\u00e0 antiossidanti.<\/li>\n<\/ul>\n<h2><strong>Precauzioni per l'uso <\/strong><\/h2>\n<p>Il polline di palma non \u00e8 adatto alle donne che soffrono di :<\/p>\n<ul>\n<li>sindrome dell'ovaio policistico,<\/li>\n<li>fibromi e miomi,<\/li>\n<li>polipi,<\/li>\n<li>endometriosi,<\/li>\n<li>di cisti<\/li>\n<li>e per coloro che assumono il t\u00e8 dell'albero di castagno.<\/li>\n<\/ul>\n<p>Lo stesso vale per le persone con :<\/p>\n<ul>\n<li>asma,<\/li>\n<li>congiuntivite,<\/li>\n<li>allergia ai pollini,<\/li>\n<li>rinite,<\/li>\n<li>estrogeni in abbondanza.<\/li>\n<\/ul>\n<h2><strong>Comment choisir le bon pack fertilit\u00e9\u00a0?<\/strong><\/h2>\n<p>Nous avons s\u00e9lectionn\u00e9 pour vous 2 miels r\u00e9put\u00e9s pour avoir des effets sur la fertilit\u00e9\u00a0: <a href=\"https:\/\/1001vertus.com\/it\/product\/miele-di-euforbia-del-sahara-dagmoso\/\">le miel d\u2019euphorbe<\/a> (dagmatico) e <a href=\"https:\/\/1001vertus.com\/it\/product\/miele-di-giuggiole-del-marocco-89-di-analisi\/\">albero di giuggiole<\/a> (sidr).<\/p>\n<p>Tous d\u2019eux sont originaires du Maroc et d\u2019excellente qualit\u00e9.<\/p>\n<p>La diff\u00e9rence entre les deux est le go\u00fbt\u00a0: le miel de <a href=\"https:\/\/1001vertus.com\/it\/product\/miele-di-giuggiole-del-marocco-89-di-analisi\/\">albero di giuggiole<\/a> est plut\u00f4t doux alors que celui d\u2019<a href=\"https:\/\/1001vertus.com\/it\/product\/miele-di-euforbia-del-sahara-dagmoso\/\">euforbia<\/a> punge la gola.<\/p>\n<p>Maintenant que vous avez choisi votre miel, reste \u00e0 choisir la dur\u00e9e de votre cure.<\/p>\n<p>Se optate per 1 mese, avrete 1 bustina da 50 g di polline di palma e 250 g di miele.<\/p>\n<p>Se optate per 2 mesi, avrete ancora 1 bustina da 50 g di polline di palma, ma questa volta avrete 2 vasetti da 250 g di miele.<\/p>\n<p><strong><u>Preparazione<\/u><\/strong><strong>:<\/strong> 20 \u00e0 30gr de pollen de palmier pour 250gr de miel<\/p>\n<p>Mescolare bene fino a ottenere una consistenza omogenea. Mescolare prima di ogni utilizzo.<\/p>\n<p><strong><u>Presa di corrente <\/u><\/strong><strong>:\u00a0<\/strong>Assumere 1 cucchiaino al mattino, preferibilmente a stomaco vuoto.<\/p>\n<p><strong><u>Durata <\/u><\/strong><strong>:<\/strong>\u00a0Assumere per 1 o 3 mesi, senza interruzioni.<\/p>\n<p><strong>Origine del polline :<\/strong> Egitto<\/p>","protected":false},"excerpt":{"rendered":"<p>Probl\u00e8me d\u2019infertilit\u00e9\u00a0masculine ou f\u00e9minine ? D\u00e9couvrez ce pack sp\u00e9cial fertilit\u00e9 compos\u00e9 de miel ainsi que de pollen de palmier.<\/p>\n<p>Disponibile come ciclo di trattamento di 1 o 2 mesi.<\/p>","protected":false},"featured_media":5439,"template":"","meta":[],"product_brand":[],"product_cat":[28,44],"product_tag":[],"class_list":{"0":"post-4186","1":"product","2":"type-product","3":"status-publish","4":"has-post-thumbnail","6":"product_cat-medecine-sante","7":"product_cat-nos-packs","9":"first","10":"instock","11":"sale","12":"shipping-taxable","13":"purchasable","14":"product-type-variable"},"_links":{"self":[{"href":"https:\/\/1001vertus.com\/it\/wp-json\/wp\/v2\/product\/4186","targetHints":{"allow":["GET"]}}],"collection":[{"href":"https:\/\/1001vertus.com\/it\/wp-json\/wp\/v2\/product"}],"about":[{"href":"https:\/\/1001vertus.com\/it\/wp-json\/wp\/v2\/types\/product"}],"wp:featuredmedia":[{"embeddable":true,"href":"https:\/\/1001vertus.com\/it\/wp-json\/wp\/v2\/media\/5439"}],"wp:attachment":[{"href":"https:\/\/1001vertus.com\/it\/wp-json\/wp\/v2\/media?parent=4186"}],"wp:term":[{"taxonomy":"product_brand","embeddable":true,"href":"https:\/\/1001vertus.com\/it\/wp-json\/wp\/v2\/product_brand?post=4186"},{"taxonomy":"product_cat","embeddable":true,"href":"https:\/\/1001vertus.com\/it\/wp-json\/wp\/v2\/product_cat?post=4186"},{"taxonomy":"product_tag","embeddable":true,"href":"https:\/\/1001vertus.com\/it\/wp-json\/wp\/v2\/product_tag?post=4186"}],"curies":[{"name":"wp","href":"https:\/\/api.w.org\/{rel}","templated":true}]}}