{"id":4182,"date":"2021-02-17T18:12:55","date_gmt":"2021-02-17T17:12:55","guid":{"rendered":"https:\/\/1001vertus.com\/?post_type=product&#038;p=4182"},"modified":"2026-04-26T12:35:11","modified_gmt":"2026-04-26T11:35:11","slug":"polline-di-palma-50g-fertilita-speciale","status":"publish","type":"product","link":"https:\/\/1001vertus.com\/it\/produit\/pollen-de-palmier-50g-special-fertilite\/","title":{"rendered":"Polline di palma - 50 g - Speciale fertilit\u00e0"},"content":{"rendered":"<p>Il polline di palma \u00e8 un prodotto raro, raccolto solo una volta all'anno. Viene utilizzato in tutto il mondo nella medicina tradizionale e nella medicina profetica musulmana come integratore alimentare, soprattutto per la fertilit\u00e0.<\/p>\n<h2><strong>Polline di palma e fertilit\u00e0<\/strong><\/h2>\n<p>Svolge un ruolo botanico molto importante: viene trasportato da un fiore all'altro dalle api e da altri insetti, consentendo alle piante di riprodursi e di fecondarsi.<\/p>\n<p>In realt\u00e0, il suo ruolo medico per gli esseri umani \u00e8 molto simile. Riproduzione e fecondazione. Infatti, grazie all'elevato contenuto di ormone estrone, \u00e8 in grado di trattare malattie legate agli organi riproduttivi maschili (astenospermia, necrospermia, ecc.) e femminili.<\/p>\n<p>Contiene composti come estrogeni, steroli, estrone e il glicoside saponina steroidea, che sono coinvolti nel trattamento della fertilit\u00e0.<\/p>\n<p>Gli estrogeni svolgono un ruolo fondamentale nella riproduzione umana. Essendo l'ormone pi\u00f9 importante per le donne, l'assunzione di polline di palma da dattero aumenta la fertilit\u00e0 femminile.<\/p>\n<p>Negli uomini, questi ormoni contribuiscono a migliorare la qualit\u00e0 dello sperma e agiscono in sinergia con lo zinco per aumentarne la vitalit\u00e0 e la vitalit\u00e0.<\/p>\n<p>Grazie all'elevato contenuto di zinco, il polline di palma aumenta la produzione ormonale e aiuta le donne a ovulare con successo. \u00c8 uno dei nutrienti pi\u00f9 importanti necessari per la produzione di spermatozoi sani e di qualit\u00e0, contribuendo a promuovere la fertilit\u00e0 negli uomini.<\/p>\n<h2><strong>Benefici del polline di palma<\/strong><\/h2>\n<p>Che sia legato alla fertilit\u00e0 o meno, il polline di palma ha molte virt\u00f9, tra cui :<\/p>\n<ul>\n<li>aumenta la produzione e la mobilit\u00e0 degli spermatozoi,<\/li>\n<li>aumenta sia la quantit\u00e0 che la qualit\u00e0 degli spermatozoi dell'uomo, aumentando cos\u00ec le possibilit\u00e0 di fecondazione e riproduzione,<\/li>\n<li>supporta la produzione gonadica,<\/li>\n<li>regola il ciclo mestruale nelle donne stimolando le ovaie e la velocit\u00e0 di formazione degli ovuli,<\/li>\n<li>lenisce i dolori mestruali,<\/li>\n<li>aumenta lo spessore dell'endometrio,<\/li>\n<li>pulisce l'utero della donna,<\/li>\n<li>aiuta a combattere gli effetti della menopausa potenziando il sistema ormonale della donna e compensando le carenze ormonali e di nutrienti nel sangue,<\/li>\n<li>rafforza ed energizza,<\/li>\n<li>aumenta l'appetito sessuale sia negli uomini che nelle donne,<\/li>\n<li>rafforza il sistema immunitario dell'organismo,<\/li>\n<li>tratta l'anemia,<\/li>\n<li>rallenta il processo di invecchiamento,<\/li>\n<li>riduce il colesterolo nel sangue,<\/li>\n<li>protegge l'organismo dai radicali liberi grazie alle sue propriet\u00e0 antiossidanti.<\/li>\n<\/ul>\n<h2><strong>Precauzioni per l'uso <\/strong><\/h2>\n<p>Il polline di palma non \u00e8 adatto alle donne che soffrono di :<\/p>\n<ul>\n<li>sindrome dell'ovaio policistico,<\/li>\n<li>fibromi e miomi,<\/li>\n<li>polipi,<\/li>\n<li>endometriosi,<\/li>\n<li>di cisti<\/li>\n<li>e per coloro che assumono il t\u00e8 dell'albero di castagno.<\/li>\n<\/ul>\n<p>Lo stesso vale per le persone con :<\/p>\n<ul>\n<li>asma,<\/li>\n<li>congiuntivite,<\/li>\n<li>allergia ai pollini,<\/li>\n<li>rinite,<\/li>\n<li>estrogeni in abbondanza.<\/li>\n<\/ul>\n<p><strong><u>Peso :<\/u><\/strong> 50g<\/p>\n<p><strong><u>Origine :<\/u><\/strong> Egitto<\/p>\n<p><strong><u>Preparazione<\/u><\/strong><strong>: <\/strong>Per facilitarne l'assorbimento e l'efficacia, si consiglia di mescolare il polline di palma con il miele e, se possibile, con il miele di giuggiolo (sidr) o di euforbia (daghmous), noti anche per i loro effetti sulla fertilit\u00e0.<\/p>\n<p>- 20-30gr di polline di palma<br \/>\n- 250 g di miele<\/p>\n<p>Mescolare bene fino a ottenere una consistenza omogenea. Mescolare prima di ogni utilizzo.<\/p>\n<p><strong><u>Presa di corrente <\/u><\/strong><strong>:\u00a0<\/strong>Assumere 1 cucchiaino al mattino, preferibilmente a stomaco vuoto.<\/p>\n<p><strong><u>Durata <\/u><\/strong><strong>:<\/strong>\u00a0Assumere per 1 o 3 mesi, senza interruzioni.<\/p>\n<p>&nbsp;<\/p>\n<p>Scoprite il nostro polline di palma direttamente in confezione (con 250 g o 500 g di miele) a un prezzo preferenziale.<\/p>","protected":false},"excerpt":{"rendered":"<p>Il polline di palma \u00e8 un prodotto completamente naturale proveniente dalla palma da dattero. \u00c8 noto soprattutto alle popolazioni arabe, dove viene utilizzato da centinaia di anni. \u00c8 anche uno dei prodotti naturali pi\u00f9 utilizzati nel mondo orientale, soprattutto perch\u00e9 si tratta di un vero e proprio <strong>stimolante della fertilit\u00e0<\/strong> per uomini e donne.<\/p>","protected":false},"featured_media":5438,"template":"","meta":[],"product_brand":[],"product_cat":[27,28,96],"product_tag":[],"class_list":{"0":"post-4182","1":"product","2":"type-product","3":"status-publish","4":"has-post-thumbnail","6":"product_cat-bien-etre","7":"product_cat-medecine-sante","8":"product_cat-roqya-chariya","10":"first","11":"instock","12":"shipping-taxable","13":"purchasable","14":"product-type-simple"},"_links":{"self":[{"href":"https:\/\/1001vertus.com\/it\/wp-json\/wp\/v2\/product\/4182","targetHints":{"allow":["GET"]}}],"collection":[{"href":"https:\/\/1001vertus.com\/it\/wp-json\/wp\/v2\/product"}],"about":[{"href":"https:\/\/1001vertus.com\/it\/wp-json\/wp\/v2\/types\/product"}],"wp:featuredmedia":[{"embeddable":true,"href":"https:\/\/1001vertus.com\/it\/wp-json\/wp\/v2\/media\/5438"}],"wp:attachment":[{"href":"https:\/\/1001vertus.com\/it\/wp-json\/wp\/v2\/media?parent=4182"}],"wp:term":[{"taxonomy":"product_brand","embeddable":true,"href":"https:\/\/1001vertus.com\/it\/wp-json\/wp\/v2\/product_brand?post=4182"},{"taxonomy":"product_cat","embeddable":true,"href":"https:\/\/1001vertus.com\/it\/wp-json\/wp\/v2\/product_cat?post=4182"},{"taxonomy":"product_tag","embeddable":true,"href":"https:\/\/1001vertus.com\/it\/wp-json\/wp\/v2\/product_tag?post=4182"}],"curies":[{"name":"wp","href":"https:\/\/api.w.org\/{rel}","templated":true}]}}