{"id":4054,"date":"2021-01-23T12:01:00","date_gmt":"2021-01-23T11:01:00","guid":{"rendered":"https:\/\/1001vertus.com\/?post_type=product&#038;p=4054"},"modified":"2023-09-05T13:19:32","modified_gmt":"2023-09-05T12:19:32","slug":"sapone-al-latte-di-capra-al-lime","status":"publish","type":"product","link":"https:\/\/1001vertus.com\/it\/produit\/savon-au-lait-de-chevre-citron-vert\/","title":{"rendered":"SAPONE AL LATTE DI CAPRA \"LIME"},"content":{"rendered":"<p align=\"LEFT\"><span style=\"color: #000000;\"><span style=\"font-family: Arial, sans-serif;\"><span style=\"font-size: x-large;\"><b>I benefici del latte di capra :<\/b><\/span><\/span><\/span><\/p>\n<p align=\"LEFT\"><span style=\"color: #000000;\"><span style=\"font-family: Arial, sans-serif;\"><span style=\"font-size: medium;\">Il latte di capra \u00e8 riconosciuto come un eccellente <b>eccellente rigenerazione della pelle<\/b> grazie al suo principale principio attivo: l'acido caprilico. La finezza di questo latte gli conferisce fantastiche propriet\u00e0 idratanti e un'ottima affinit\u00e0 con la pelle.<\/span><\/span><\/span><\/p>\n<p align=\"LEFT\"><span style=\"font-family: Arial, sans-serif;\"><span style=\"font-size: medium;\"><span style=\"color: #000000;\">Da solo, \u00e8 <\/span><b><span style=\"color: #000000;\">combatte l'invecchiamento della pelle<\/span><\/b><span style=\"color: #000000;\"> e fornisce una dose di\u2019 <\/span><b><span style=\"color: #000000;\">massima idratazione <\/span><\/b><span style=\"color: #000000;\">anche per le pelli pi\u00f9 secche. Ampiamente utilizzato nei paesi nordici, \u00e8 ben noto anche alle persone con pelle reattiva. Grazie alla sua <\/span><b><span style=\"color: #000000;\">propriet\u00e0 lenitive<\/span><\/b><span style=\"color: #000000;\">, Il latte di capra \u00e8 ideale per <\/span><b><span style=\"color: #000000;\">alleviare alcuni disturbi della pelle<\/span><\/b><span style=\"color: #000000;\"> dermatite, eczema o psoriasi.<\/span><\/span><\/span><\/p>\n<h2 class=\"western\" align=\"LEFT\"><span style=\"color: #000000;\"><span style=\"font-family: Arial, sans-serif;\"><span style=\"font-size: x-large;\"><b>Che cos'\u00e8 il sapone saponificato a freddo?<\/b><\/span><\/span><\/span><\/h2>\n<p><span style=\"font-family: Arial, sans-serif;\"><span style=\"font-size: medium;\">La<\/span><\/span><strong><span style=\"font-family: Arial, sans-serif;\"><span style=\"font-size: medium;\"> saponificazione a freddo<\/span><\/span><\/strong><span style=\"font-family: Arial, sans-serif;\"><span style=\"font-size: medium;\"> \u00e8 quello di fare il sapone semplicemente mescolando h<\/span><\/span><strong><span style=\"font-family: Arial, sans-serif;\"><span style=\"font-size: medium;\">Oli vegetali<\/span><\/span><\/strong><span style=\"font-family: Arial, sans-serif;\"><span style=\"font-size: medium;\"> alla soda, da <\/span><\/span><strong><span style=\"font-family: Arial, sans-serif;\"><span style=\"font-size: medium;\">senza riscaldare gli oli vegetali.<\/span><\/span><\/strong><span style=\"font-family: Arial, sans-serif;\"><span style=\"font-size: medium;\"> che lo compongono.<\/span><\/span><\/p>\n<p><span style=\"font-family: Arial, sans-serif;\"><span style=\"font-size: medium;\">Ma questo antico processo di produzione richiede molto tempo e almeno 4 settimane di essiccazione, detta anche \u00abstagionatura\u00bb. A causa di questo ritardo, nessun grande marchio produce questo tipo di sapone perch\u00e9 non \u00e8 \u00ababbastanza redditizio\u00bb. Per questo motivo i produttori accelerano la reazione con il riscaldamento: questo processo si chiama \"indurimento\". <\/span><\/span><strong><span style=\"font-family: Arial, sans-serif;\"><span style=\"font-size: medium;\">saponificazione a caldo.<\/span><\/span><\/strong><\/p>\n<p><span style=\"font-family: Arial, sans-serif;\"><span style=\"font-size: medium;\">Inoltre, i saponi che si trovano nei grandi supermercati sono prodotti con i cosiddetti \u00abingredienti del sapone\".\u00ab\u00a0<\/span><\/span><em><span style=\"font-family: Arial, sans-serif;\"><span style=\"font-size: medium;\">rimbalzo\u00bb <\/span><\/span><\/em><span style=\"font-family: Arial, sans-serif;\"><span style=\"font-size: medium;\">= trucioli di sapone industriale, che sono totalmente inerti, a differenza degli oli vegetali.<\/span><\/span><\/p>\n<p>&nbsp;<\/p>\n<h2 class=\"western\"><span style=\"font-family: Arial, sans-serif;\"><span style=\"font-size: x-large;\">Perch\u00e9 il sapone saponificato a freddo \u00e8 come un prodotto per la cura della pelle?<\/span><\/span><\/h2>\n<p><span style=\"font-family: Arial, sans-serif;\"><span style=\"font-size: medium;\">La saponificazione a freddo \u00e8 l'unico metodo che preserva naturalmente e in modo significativo la<\/span><\/span> <strong><span style=\"font-family: Arial, sans-serif;\"><span style=\"font-size: medium;\">glicerina vegetale<\/span><\/span><\/strong><span style=\"font-family: Arial, sans-serif;\"><span style=\"font-size: medium;\">. Questa glicerina, nota per le sue<\/span><\/span><strong><span style=\"font-family: Arial, sans-serif;\"><span style=\"font-size: medium;\"> idratante ed emolliente<\/span><\/span><\/strong><span style=\"font-family: Arial, sans-serif;\"><span style=\"font-size: medium;\">, Fa bene alla pelle e contrasta la detergenza del sapone.<\/span><\/span><\/p>\n<p><span style=\"font-family: Arial, sans-serif;\"><span style=\"font-size: medium;\">Poich\u00e9 gli oli vegetali non vengono riscaldati durante la saponificazione a freddo, non vengono denaturati e il <\/span><\/span><strong><span style=\"font-family: Arial, sans-serif;\"><span style=\"font-size: medium;\">Il sapone conserva i benefici degli oli<\/span><\/span><\/strong><span style=\"font-family: Arial, sans-serif;\"><span style=\"font-size: medium;\">, soprattutto se sono di alta qualit\u00e0 e biologici.<\/span><\/span><span style=\"font-family: Arial, sans-serif;\"><span style=\"font-size: medium;\"><br \/>\nInoltre, durante la saponificazione, la parte insaponificabile degli oli vegetali (fitosteroli, polifenoli, antiossidanti, vitamine...) non viene trasformata e queste molecole si ritrovano integralmente nel sapone. Questo fenomeno \u00e8 noto come surgras.<\/span><\/span><\/p>\n<p><span style=\"font-family: Arial, sans-serif;\"><span style=\"font-size: medium;\">Il sapone \u00e8 noto anche come<\/span><\/span><strong><span style=\"font-family: Arial, sans-serif;\"><span style=\"font-size: medium;\"> surgras<\/span><\/span><\/strong><span style=\"font-family: Arial, sans-serif;\"><span style=\"font-size: medium;\"> se uno o pi\u00f9 oli (o burri) vegetali vergini sono utilizzati volontariamente in aggiunta agli ingredienti necessari e non sono saponificati. Essi completano le propriet\u00e0 del sapone e agiscono direttamente sulla pelle.<\/span><\/span><\/p>\n<p><span style=\"font-family: Arial, sans-serif;\"><span style=\"font-size: medium;\">Il risultato \u00e8 <\/span><\/span><span style=\"font-family: Arial, sans-serif;\"><span style=\"font-size: medium;\">a <\/span><\/span><strong><span style=\"font-family: Arial, sans-serif;\"><span style=\"font-size: medium;\">sapone naturale delicato e nutriente<\/span><\/span><\/strong><span style=\"font-family: Arial, sans-serif;\"><span style=\"font-size: medium;\">, alla formula rispettosa di<\/span><\/span><strong><span style=\"font-family: Arial, sans-serif;\"><span style=\"font-size: medium;\"> film idrolipidico<\/span><\/span><\/strong><span style=\"font-family: Arial, sans-serif;\"><span style=\"font-size: medium;\"> della pelle, ma anche dell'ambiente.<br \/>\nComposto da<\/span><\/span><strong><span style=\"font-family: Arial, sans-serif;\"><span style=\"font-size: medium;\"> glicerina, lipidi (acidi grassi) e molecole insaponificabili, sapone saponificato a freddo e supergrassato <\/span><\/span><\/strong><span style=\"font-family: Arial, sans-serif;\"><span style=\"font-size: medium;\">s<\/span><\/span><span style=\"font-family: Arial, sans-serif;\"><span style=\"font-size: medium;\">\u2019sono quindi simili a un <\/span><\/span><strong><span style=\"font-family: Arial, sans-serif;\"><span style=\"font-size: medium;\">trattamento genuino della pelle<\/span><\/span><\/strong><span style=\"font-family: Arial, sans-serif;\"><span style=\"font-size: medium;\">.<\/span><\/span><\/p>\n<p>&nbsp;<\/p>\n<h2 class=\"western\" align=\"LEFT\"><span style=\"color: #000000;\"><span style=\"font-family: Arial, sans-serif;\"><span style=\"font-size: x-large;\"><b>Quali sono i benefici del sapone supergrasso?<\/b><\/span><\/span><\/span><\/h2>\n<p><span style=\"font-family: Arial, sans-serif;\"><span style=\"font-size: medium;\">Lo scopo principale della pelle \u00e8 quello di fungere da barriera protettiva contro le aggressioni esterne che pu\u00f2 subire. Per aggressioni esterne intendiamo microbi e batteri. Questa protezione \u00e8 garantita dal film idrolipidico, una pellicola naturale composta da sebo e acqua. Senza questo film, la nostra pelle perde le sue difese naturali.<\/span><\/span><\/p>\n<p><span style=\"font-family: Arial, sans-serif;\"><span style=\"font-size: medium;\">Questo film idrolipidico impedisce anche la disidratazione della pelle, facendo evaporare l'acqua che contiene. \u00c8 quindi essenziale. <\/span><\/span><\/p>\n<p><span style=\"font-family: Arial, sans-serif;\"><span style=\"font-size: medium;\">Tuttavia, il nostro stile di vita e le nostre abitudini di consumo possono avere un impatto su questo film idrolipidico: il lavaggio con acqua molto dura pu\u00f2 danneggiarlo. Cos\u00ec come l'uso di alcuni prodotti per la cura della pelle (gel doccia, scrub, prodotti per le mani, ecc.). Senza questo film idrolipidico, la pelle diventa disidratata e pi\u00f9 secca.<\/span><\/span><\/p>\n<p><span style=\"font-family: Arial, sans-serif;\"><span style=\"font-size: medium;\">L'uso di un sapone supergrasso ripristina una pellicola protettiva sulla pelle, evitando che si disidrati. Ci\u00f2 \u00e8 possibile grazie agli agenti supergrassi contenuti nel sapone supergrasso. \u00c8 quindi possibile lavarsi con un sapone supergrasso senza seccare la pelle.<\/span><\/span><\/p>\n<p>\u200b<span style=\"font-family: Arial, sans-serif;\"><span style=\"font-size: medium;\">Se avete la pelle che prude e tira, \u00e8 perch\u00e9 avete la pelle estremamente secca. Quindi, se avete una pelle atopica con eczema, per esempio, \u00e8 altamente raccomandato l'uso di un sapone supergrasso per lenire la pelle.<\/span><\/span><\/p>\n<p>\u200b\u200b<span style=\"font-family: Arial, sans-serif;\"><span style=\"font-size: medium;\">Il sapone supergrasso permette quindi di <b>prevenire la disidratazione e il prurito della pelle.<\/b><\/span><\/span><\/p>\n<p>&nbsp;<\/p>\n<p><span style=\"font-family: Arial, sans-serif;\"><span style=\"font-size: x-large;\"><b>Pour quels types de peau ce savon au lait de ch\u00e8vre doit-il \u00eatre utilis\u00e9 ?<\/b><\/span><\/span><\/p>\n<ul>\n<li><span style=\"font-family: Arial, sans-serif;\"><span style=\"font-size: medium;\"><b>per pelli secche e sensibili<\/b>per<b> <\/b>prevenire la disidratazione della pelle,<\/span><\/span><\/li>\n<\/ul>\n<ul>\n<li><span style=\"font-family: Arial, sans-serif;\"><span style=\"font-size: medium;\"><b>per la pelle normale<\/b>La pelle \u00e8 perfettamente idratata,<\/span><\/span><\/li>\n<\/ul>\n<ul>\n<li><span style=\"font-family: Arial, sans-serif;\"><span style=\"font-size: medium;\"><b>per i bambini<\/b>, come<b> <\/b>Idrata profondamente la pelle, rendendola ideale per il lavaggio di neonati e bambini.\u00a0<\/span><\/span><\/li>\n<\/ul>\n<p><span style=\"font-family: Arial, sans-serif;\"><span style=\"font-size: medium;\">Tuttavia, fate attenzione a non usare saponi supergrassi su adolescenti in piena crisi acneica. La loro pelle \u00e8 molto ricca di sebo e il suo utilizzo non farebbe che peggiorare la situazione.<\/span><\/span><\/p>\n<p>&nbsp;<\/p>\n<p><strong><u>Ingredienti INCI :<\/u><\/strong> Sodium Olivate* (olive), Sodium Cocoate* (coconut\/coco), Caprae Lac(goat milk\/lait ch\u00e8vre), Glycerin, Sodium Shea Butterate* (shea\/karit\u00e9), Sodium Sunflowerseedate* (sunflower\/tournesol), Sodium Hempseedate* (hemp\/chanvre), Aqua (water\/eau), Sodium Cocoa Butterate* (cocoa\/cacao), Parfum (fragrance), Malva Sylvestris Flower Extract* (mallow\/mauve), Citrus Reticulata Fruit Extract* (mandarin\/mandarine),Citrus Aurantifolia Fruit Extract* (lime\/citron vert), CI 77288 (natural dye\/colorant naturel), Citral, Citronellol, Geraniol, Limonene, Linalool.<\/p>\n<p>*ingredienti da agricoltura biologica<\/p>\n<p>Prodotto in Francia.<\/p>\n<p>&nbsp;<\/p>\n<p><strong><u>Peso :<\/u><\/strong> 100g<\/p>","protected":false},"excerpt":{"rendered":"<p align=\"LEFT\"><span style=\"color: #000000;\"><span style=\"font-family: Arial, sans-serif;\"><span style=\"font-size: medium;\">Questo sapone \u00e8 <b>freddo-saponificato <\/b>ed \u00e8 <b>100 % naturale<\/b>.<\/span><\/span><\/span><\/p>\n<p align=\"LEFT\"><span style=\"color: #000000;\"><span style=\"font-family: Arial, sans-serif;\"><span style=\"font-size: medium;\">Contiene :<\/span><\/span><\/span><\/p>\n<p align=\"LEFT\"><span style=\"color: #000000;\"><span style=\"font-family: Arial, sans-serif;\"><span style=\"font-size: medium;\">- <b>10% di latte di capra EXTRA-FRESH <\/b>(non latte di capra in polvere), <\/span><\/span><\/span><\/p>\n<p align=\"LEFT\"><span style=\"color: #000000;\"><span style=\"font-family: Arial, sans-serif;\"><span style=\"font-size: medium;\">- <b>7% SURGRAS, <\/b>per un'idratazione intensa (molto pi\u00f9 della maggior parte dei saponi),<\/span><\/span><\/span><\/p>\n<p align=\"LEFT\"><span style=\"color: #000000;\"><span style=\"font-family: Arial, sans-serif;\"><span style=\"font-size: medium;\">-<b> 80% minimo di ingredienti BIOLOGICI,<\/b> <\/span><\/span><\/span><\/p>\n<p align=\"LEFT\"><span style=\"color: #000000;\"><span style=\"font-family: Arial, sans-serif;\"><span style=\"font-size: medium;\">- <b>100% fragranze naturali<\/b> dalla citt\u00e0 di Grasse.<\/span><\/span><\/span><\/p>\n<p align=\"LEFT\"><span style=\"color: #000000;\"><span style=\"font-family: Arial, sans-serif;\"><span style=\"font-size: medium;\">D\u00e9couvrez ce savon au parfum frais et aux notes de tarte au citrons.<br \/>\n<\/span><\/span><\/span><\/p>\n<p>&nbsp;<\/p>\n<p align=\"LEFT\"><span style=\"color: #000000;\"><span style=\"font-family: Arial, sans-serif;\"><span style=\"font-size: medium;\">\u00a0<\/span><\/span><\/span><\/p>","protected":false},"featured_media":4147,"template":"","meta":[],"product_brand":[],"product_cat":[27,55,78],"product_tag":[],"class_list":{"0":"post-4054","1":"product","2":"type-product","3":"status-publish","4":"has-post-thumbnail","6":"product_cat-bien-etre","7":"product_cat-savon","8":"product_cat-savon-au-lait-de-chevre","10":"first","11":"outofstock","12":"shipping-taxable","13":"purchasable","14":"product-type-simple"},"_links":{"self":[{"href":"https:\/\/1001vertus.com\/it\/wp-json\/wp\/v2\/product\/4054","targetHints":{"allow":["GET"]}}],"collection":[{"href":"https:\/\/1001vertus.com\/it\/wp-json\/wp\/v2\/product"}],"about":[{"href":"https:\/\/1001vertus.com\/it\/wp-json\/wp\/v2\/types\/product"}],"wp:featuredmedia":[{"embeddable":true,"href":"https:\/\/1001vertus.com\/it\/wp-json\/wp\/v2\/media\/4147"}],"wp:attachment":[{"href":"https:\/\/1001vertus.com\/it\/wp-json\/wp\/v2\/media?parent=4054"}],"wp:term":[{"taxonomy":"product_brand","embeddable":true,"href":"https:\/\/1001vertus.com\/it\/wp-json\/wp\/v2\/product_brand?post=4054"},{"taxonomy":"product_cat","embeddable":true,"href":"https:\/\/1001vertus.com\/it\/wp-json\/wp\/v2\/product_cat?post=4054"},{"taxonomy":"product_tag","embeddable":true,"href":"https:\/\/1001vertus.com\/it\/wp-json\/wp\/v2\/product_tag?post=4054"}],"curies":[{"name":"wp","href":"https:\/\/api.w.org\/{rel}","templated":true}]}}