{"id":3770,"date":"2020-11-18T13:03:26","date_gmt":"2020-11-18T12:03:26","guid":{"rendered":"https:\/\/1001vertus.com\/?post_type=product&#038;p=3770"},"modified":"2023-06-02T15:25:04","modified_gmt":"2023-06-02T14:25:04","slug":"miele-energetico-assali-miele-energetico","status":"publish","type":"product","link":"https:\/\/1001vertus.com\/it\/produit\/energy-miel-assali-miel-energetique\/","title":{"rendered":"Miele energetico - Assali"},"content":{"rendered":"<p><span style=\"font-family: Times New Roman, serif;\"><span style=\"font-size: medium;\">L&rsquo;Energy-miel est un miel \u00e9nerg\u00e9tique compos\u00e9 de 3 ingr\u00e9dients ayant chacun de tr\u00e8s nombreuses vertus. La synergie des 3 est tout simplement formidable.<\/span><\/span><\/p>\n<p><span style=\"font-family: Times New Roman, serif;\"><span style=\"font-size: medium;\">Il se compose de\u00a0 :<\/span><\/span><\/p>\n<ul>\n<li><span style=\"font-family: Times New Roman, serif;\"><span style=\"font-size: medium;\">Miele di giuggiolo marocchino,<\/span><\/span><\/li>\n<\/ul>\n<p><span style=\"font-family: Times New Roman, serif;\"><span style=\"font-size: medium;\">Tra i numerosi benefici di questo miele:<br \/>\n&#8211; source d&rsquo;antioxydant,<br \/>\n&#8211; riche en \u00e9nergie,<br \/>\n&#8211; facilite la digestion.<br \/>\n<\/span><\/span><\/p>\n<ul>\n<li><span style=\"font-family: Times New Roman, serif;\"><span style=\"font-size: medium;\">Gel\u00e9e royale fra\u00eeche.<\/span><\/span><\/li>\n<\/ul>\n<p><span style=\"font-family: Times New Roman, serif;\"><span style=\"font-size: medium;\">Tra i suoi numerosi vantaggi:<br \/>\n&#8211; renforce les d\u00e9fenses de l&rsquo;organisme et pr\u00e9vient ainsi des maladies hivernales,<br \/>\n&#8211; augmente la r\u00e9sistance au froid,<br \/>\n&#8211; acc\u00e9l\u00e8re la r\u00e9cup\u00e9ration suite aux fatigues physiques et nerveuses.<\/span><\/span><\/p>\n<ul>\n<li><span style=\"font-family: Times New Roman, serif;\"><span style=\"font-size: medium;\">Olio di cumino nero del Marocco,<\/span><\/span><\/li>\n<\/ul>\n<p><span style=\"font-family: Times New Roman, serif;\"><span style=\"font-size: medium;\">Tra i benefici dell'olio di cumino nero:<br \/>\n&#8211; curative,<br \/>\n&#8211; digestive,<br \/>\n&#8211; diur\u00e9tique,<br \/>\n&#8211; stimulante et antioxydante&#8230;<\/span><\/span><\/p>\n<p>&nbsp;<\/p>\n<p><span style=\"font-family: Times New Roman, serif;\"><span style=\"font-size: medium;\"><u><b>Istruzioni per l'uso :<\/b><\/u><\/span><\/span><\/p>\n<p><span style=\"font-family: Times New Roman, serif;\"><span style=\"font-size: medium;\">&#8211; Bien m\u00e9langer avec une cuill\u00e8re (si possible en bois) avant chaque utilisation,<br \/>\n&#8211; Garder votre pot d&rsquo;Energy-miel dans un endroit sec, \u00e0 l&rsquo;abri de la lumi\u00e8re et de l&rsquo;humidit\u00e9.<\/span><\/span><\/p>\n<p><span style=\"font-family: Times New Roman, serif;\"><span style=\"font-size: medium;\"><u><b>Dosaggio :<\/b><\/u><\/span><\/span><\/p>\n<p><span style=\"font-family: Times New Roman, serif;\"><span style=\"font-size: medium;\">Prendre une cuill\u00e8re a caf\u00e9 le matin a jeun environ 30 min avant le petit d\u00e9jeuner et le soir avant de se coucher.<\/span><\/span><\/p>\n<p><span style=\"font-family: Times New Roman, serif;\"><span style=\"font-size: medium;\"><u><b>Controindicazioni:<\/b><\/u><\/span><\/span><\/p>\n<p><span style=\"font-family: Times New Roman, serif;\"><span style=\"font-size: medium;\">Pour les personnes allergiques au pollen d&rsquo;abeille ou aux produits de la ruche demander l&rsquo;avis d&rsquo;un m\u00e9decin avant utilisation. <\/span><\/span><\/p>\n<p><span style=\"font-family: Times New Roman, serif;\"><span style=\"font-size: medium;\">Non somministrare ai neonati.<br \/>\n<\/span><\/span><\/p>\n<p>&nbsp;<\/p>\n<p><span style=\"font-family: Times New Roman, serif;\"><span style=\"font-size: medium;\"><span lang=\"\"><u><b>Capacit\u00e0\u00a0 <\/b><\/u><\/span><\/span><\/span><span style=\"font-family: Times New Roman, serif;\"><span style=\"font-size: medium;\"><span lang=\"\"><u>:<\/u><\/span><\/span><\/span><span style=\"font-family: Times New Roman, serif;\"><span style=\"font-size: medium;\"><span lang=\"\"> 500g<\/span><\/span><\/span><\/p>\n<p><span style=\"font-family: Times New Roman, serif;\"><span style=\"font-size: medium;\"><span lang=\"\"><u><b>Fonte\u00a0 <\/b><\/u><\/span><\/span><\/span><span style=\"font-family: Times New Roman, serif;\"><span style=\"font-size: medium;\"><span lang=\"\">: Marocco<\/span><\/span><\/span><\/p>","protected":false},"excerpt":{"rendered":"<p><span style=\"font-family: Times New Roman, serif;\"><span style=\"font-size: medium;\"><span lang=\"\">L&rsquo;Energy-miel est un m\u00e9lange de produits 100% naturels qui vous pour permettra de faire le plein d&rsquo;\u00e9nergie d\u00e8s le matin mais aussi de booster vos d\u00e9fenses immunitaires et de vous pr\u00e9munir des maladies du froid (grippe, rhume, toux \u2026).<br \/>\n<\/span><\/span><\/span><br \/>\n<span style=\"font-family: Times New Roman, serif;\"><span style=\"font-size: medium;\">Il est compos\u00e9 de miel de jujubier, de gel\u00e9e royale fra\u00eeche et d&rsquo;huile de nigelle.<\/span><\/span><\/p>","protected":false},"featured_media":3771,"template":"","meta":[],"product_brand":[],"product_cat":[25,28],"product_tag":[],"class_list":{"0":"post-3770","1":"product","2":"type-product","3":"status-publish","4":"has-post-thumbnail","6":"product_cat-miels","7":"product_cat-medecine-sante","9":"first","10":"outofstock","11":"shipping-taxable","12":"purchasable","13":"product-type-simple"},"_links":{"self":[{"href":"https:\/\/1001vertus.com\/it\/wp-json\/wp\/v2\/product\/3770","targetHints":{"allow":["GET"]}}],"collection":[{"href":"https:\/\/1001vertus.com\/it\/wp-json\/wp\/v2\/product"}],"about":[{"href":"https:\/\/1001vertus.com\/it\/wp-json\/wp\/v2\/types\/product"}],"wp:featuredmedia":[{"embeddable":true,"href":"https:\/\/1001vertus.com\/it\/wp-json\/wp\/v2\/media\/3771"}],"wp:attachment":[{"href":"https:\/\/1001vertus.com\/it\/wp-json\/wp\/v2\/media?parent=3770"}],"wp:term":[{"taxonomy":"product_brand","embeddable":true,"href":"https:\/\/1001vertus.com\/it\/wp-json\/wp\/v2\/product_brand?post=3770"},{"taxonomy":"product_cat","embeddable":true,"href":"https:\/\/1001vertus.com\/it\/wp-json\/wp\/v2\/product_cat?post=3770"},{"taxonomy":"product_tag","embeddable":true,"href":"https:\/\/1001vertus.com\/it\/wp-json\/wp\/v2\/product_tag?post=3770"}],"curies":[{"name":"wp","href":"https:\/\/api.w.org\/{rel}","templated":true}]}}