{"id":3755,"date":"2020-11-15T13:08:54","date_gmt":"2020-11-15T12:08:54","guid":{"rendered":"https:\/\/1001vertus.com\/?post_type=product&#038;p=3755"},"modified":"2026-01-24T15:16:45","modified_gmt":"2026-01-24T14:16:45","slug":"miele-di-euforbia-del-sahara-dagmoso","status":"publish","type":"product","link":"https:\/\/1001vertus.com\/it\/produit\/miel-deuphorbe-daghmous-du-sahara\/","title":{"rendered":"Miele di euforbia del Sahara"},"content":{"rendered":"<p align=\"LEFT\">Il miele di euforbia, noto anche come miele di Darmous, a volte scritto Daghmous o miele di cactus, \u00e8 un miele che riscalda la gola ed \u00e8 molto efficace contro il mal di gola, l'angina...<\/p>\n<p align=\"LEFT\">Questo miele sorprendente proviene da una variet\u00e0 di cactus, una pianta che allo stato naturale \u00e8 praticamente inafferrabile a mano nuda. Ma questo non impedisce alle api di raccogliere i fiori e produrre il miele di euforbia che, come il cactus, non ha dimenticato di pungere.<\/p>\n<p align=\"LEFT\">Questo miele, originario del Marocco, si trova nel Medio Atlante, nell'Alto Atlante, nella regione del Souss e anche nel Sahara. Noi abbiamo scelto deliberatamente quest'ultimo. A causa dell'aridit\u00e0 di questa regione, il miele di euforbia prodotto \u00e8 ancora pi\u00f9 \"forte\", riscalda maggiormente la gola ed \u00e8 quindi pi\u00f9 efficace.<\/p>\n<h2 align=\"LEFT\"><strong><u>Tra le sue virt\u00f9:<\/u><\/strong><\/h2>\n<ul>\n<li>Molto efficace contro il mal di gola e la tosse,<\/li>\n<li>combatte asma, bronchite e altre malattie otorinolaringoiatriche e respiratorie,<\/li>\n<li>combatte le infezioni orali e nasali e il mal di gola,<\/li>\n<li>rinvigorisce e riscalda il corpo,<\/li>\n<li>aumenta la fertilit\u00e0.<\/li>\n<\/ul>\n<h2 align=\"LEFT\"><strong>Come si riconosce il miele di euforbia autentico?<\/strong><\/h2>\n<p align=\"LEFT\">Fate attenzione, perch\u00e9 si ritiene che il miele di euforbia possa riscaldare o addirittura pungere la gola. Alcune persone senza scrupoli aggiungono linfa di cactus (o altro) per renderlo pi\u00f9 pungente.<\/p>\n<p align=\"LEFT\">Da 1001 vertus non \u00e8 cos\u00ec, e vi spiegheremo anche come distinguere un vero miele di euforbia da uno con aggiunta di \"piccantezza\".<\/p>\n<p align=\"LEFT\">Il miele di euforbia puro dovrebbe riscaldare la gola (e\/o il tratto digestivo) gradualmente e non subito. Se questo \u00e8 il caso e il miele brucia fortemente in bocca, sulle labbra o nel tratto digestivo subito dopo l'ingestione, \u00e8 molto probabile che il miele sia stato deliberatamente additivato.<\/p>\n<h3 align=\"LEFT\"><strong>Come si mangia il miele pungente e dagmoso?<\/strong><\/h3>\n<p align=\"LEFT\">Il miele di euforbia \u00e8 principalmente un miele medicinale. Si consiglia di assumerne un cucchiaino in qualsiasi momento della giornata. Ogni volta che se ne sente il bisogno (mal di gola, tosse forte, attacco d'asma...).<\/p>\n<p align=\"LEFT\">Per facilitarne l'uso, si pu\u00f2 diluire in mezzo bicchiere d'acqua a temperatura ambiente. Tuttavia, \u00e8 pi\u00f9 efficace da solo.<\/p>\n<p align=\"LEFT\">Il miele di euforbia pu\u00f2 essere utilizzato come trattamento per la fertilit\u00e0. Unito al polline di palma, diventa un potente farmaco naturale 100%.<\/p>\n<p align=\"LEFT\"><strong><u><b>Origine :<\/b><\/u><\/strong> Marocco (Sahara)<\/p>\n<p align=\"LEFT\"><strong><u><b>Capacit\u00e0 :<\/b><\/u><\/strong> Disponibile in vasetti di vetro da 125 g e 250 g<\/p>\n<p align=\"LEFT\">Sconsigliamo l'acquisto di questo miele ai bambini di et\u00e0 inferiore ai 10 anni. Non perch\u00e9 sia pericoloso, ma perch\u00e9 punge molto e non gli piacer\u00e0.<\/p>\n<p align=\"LEFT\"><strong><u><b>Si prega di notare:<\/b><\/u><\/strong> Ricordiamo che \u00e8 vietato somministrare miele ai neonati. Per saperne di pi\u00f9, leggete <a href=\"https:\/\/1001vertus.com\/it\/miele-vietato-ai-bambini\/\">questo articolo<\/a>.<\/p>","protected":false},"excerpt":{"rendered":"<p align=\"LEFT\">Il miele di euforbia, noto anche come miele di daghemia, \u00e8 un miele che presenta la particolarit\u00e0 di <strong>scaldare la gola<\/strong> e di essere<strong> molto efficace contro mal di gola, angina, tosse...<\/strong><\/p>\n<p align=\"LEFT\">Questo sorprendente miele, principalmente medicinale, proviene da una variet\u00e0 di cactus e il minimo che si possa dire \u00e8 che non manca di spezie!<\/p>\n<p align=\"LEFT\">Miele di euforbia della <strong>Regione del Sahara<\/strong>Essendo cos\u00ec secco, \u00e8 ancora pi\u00f9 \"forte\", riscalda ancora di pi\u00f9 la gola ed \u00e8 quindi ancora pi\u00f9 efficace!<strong><br \/>\n<\/strong><\/p>\n<p><strong>*I nostri mieli possono cristallizzare in modo naturale: scoprite perch\u00e9 e come riqualificarli <a href=\"https:\/\/1001vertus.com\/it\/2026\/01\/24\/perche-il-miele-cristallizza\/\">qui<\/strong><\/a>.<\/p>","protected":false},"featured_media":3758,"template":"","meta":[],"product_brand":[],"product_cat":[25,28,68],"product_tag":[],"class_list":{"0":"post-3755","1":"product","2":"type-product","3":"status-publish","4":"has-post-thumbnail","6":"product_cat-miels","7":"product_cat-medecine-sante","8":"product_cat-miel-maroc","10":"first","11":"instock","12":"featured","13":"shipping-taxable","14":"purchasable","15":"product-type-variable"},"_links":{"self":[{"href":"https:\/\/1001vertus.com\/it\/wp-json\/wp\/v2\/product\/3755","targetHints":{"allow":["GET"]}}],"collection":[{"href":"https:\/\/1001vertus.com\/it\/wp-json\/wp\/v2\/product"}],"about":[{"href":"https:\/\/1001vertus.com\/it\/wp-json\/wp\/v2\/types\/product"}],"wp:featuredmedia":[{"embeddable":true,"href":"https:\/\/1001vertus.com\/it\/wp-json\/wp\/v2\/media\/3758"}],"wp:attachment":[{"href":"https:\/\/1001vertus.com\/it\/wp-json\/wp\/v2\/media?parent=3755"}],"wp:term":[{"taxonomy":"product_brand","embeddable":true,"href":"https:\/\/1001vertus.com\/it\/wp-json\/wp\/v2\/product_brand?post=3755"},{"taxonomy":"product_cat","embeddable":true,"href":"https:\/\/1001vertus.com\/it\/wp-json\/wp\/v2\/product_cat?post=3755"},{"taxonomy":"product_tag","embeddable":true,"href":"https:\/\/1001vertus.com\/it\/wp-json\/wp\/v2\/product_tag?post=3755"}],"curies":[{"name":"wp","href":"https:\/\/api.w.org\/{rel}","templated":true}]}}