{"id":3333,"date":"2020-07-29T19:50:03","date_gmt":"2020-07-29T18:50:03","guid":{"rendered":"https:\/\/1001vertus.com\/?post_type=product&#038;p=3333"},"modified":"2023-08-04T18:32:30","modified_gmt":"2023-08-04T17:32:30","slug":"olio-di-fieno-greco-100ml-1001-vertus","status":"publish","type":"product","link":"https:\/\/1001vertus.com\/it\/produit\/huile-de-fenugrec-100ml-1001-vertus\/","title":{"rendered":"Olio di fieno greco 100ml - 1001 virt\u00f9"},"content":{"rendered":"<p>Le fenugrec poss\u00e8de de nombreux atouts beaut\u00e9s notamment pour les cheveux, la peau mais aussi donner du volume \u00e0 la poitrine ou au fessier.<\/p>\n<p>&nbsp;<\/p>\n<ul>\n<li>\n<h3><strong><u>OLIO DI FIENO GRECO PER CAPELLI :<\/u><\/strong><\/h3>\n<\/li>\n<\/ul>\n<p>Gr\u00e2ce \u00e0 son incroyable constitution (vitamines B1, B3, A et C, prot\u00e9ines v\u00e9g\u00e9tales, calcium, phosphore, fer, soufre, magn\u00e9sium, l\u00e9cithine\u2026) l&rsquo;huile de fenugrec est reconnue pour :<\/p>\n<ul>\n<li>contrastare la caduta dei capelli e stimolarne la crescita,<\/li>\n<li>inguainare e nutrire la fibra capillare,<\/li>\n<li>renforcer le cheveu de la racine \u00e0 la pointe,<\/li>\n<li>redonner force et vitalit\u00e9 aux cheveux,<\/li>\n<li>apporter du volume \u00e0 la chevelure,<\/li>\n<li>nutrire e ammorbidire i capelli secchi e fragili,<\/li>\n<li>idratare i capelli,<\/li>\n<li>combattere la calvizie.<\/li>\n<\/ul>\n<p>L&rsquo;huile de Fenugrec est id\u00e9ale pour les cheveux :<\/p>\n<ul>\n<li>secco e fragile,<\/li>\n<li>ab\u00eem\u00e9s, color\u00e9s ou d\u00e9color\u00e9s,<\/li>\n<li>ternes et d\u00e9vitalis\u00e9s,<\/li>\n<li>morbido, sottile o privo di volume.<\/li>\n<\/ul>\n<p><strong>Istruzioni per l'uso :<\/strong> Massez d\u00e9licatement le cuir chevelu avec l&rsquo;huile de fenugrec<strong>.<\/strong> Entourez vos cheveux d\u2019une serviette et laissez reposer entre 30 min et 1h, puis lavez les cheveux. R\u00e9p\u00e9tez cette op\u00e9ration 2 fois par semaine.<\/p>\n<ul>\n<li>\n<h3><strong><u>OLIO FENUGRECO <\/u><\/strong><strong><u>PER LA PELLE :<\/u><\/strong><\/h3>\n<\/li>\n<\/ul>\n<p>L'olio di fieno greco \u00e8 noto per :<\/p>\n<ul>\n<li>aider la peau \u00e0 lutter contre les dommages li\u00e9s aux radicaux libres et \u00e0 pr\u00e9venir les signes de l&rsquo;\u00e2ge,<\/li>\n<li>\u00eatre r\u00e9g\u00e9n\u00e9rante et nourrissante,<\/li>\n<li>redonner \u00e9lasticit\u00e9 et confort \u00e0 la peau,<\/li>\n<li>raffermir la peau et lutter contre le rel\u00e2chement cutan\u00e9,<\/li>\n<li>enfin, et elle est r\u00e9put\u00e9e pour augmenter le galbe de la poitrine et celui du fessier.<\/li>\n<\/ul>\n<p>&nbsp;<\/p>\n<p>L&rsquo;huile de fenugrec est excellente pour\u00a0:<\/p>\n<ul>\n<li>cura del busto, cura del modellamento del corpo,<\/li>\n<li>peaux matures (rel\u00e2chement cutan\u00e9, pr\u00e9vention du vieillissement pr\u00e9matur\u00e9),<\/li>\n<li>peaux s\u00e8ches \u00e0 tr\u00e8s s\u00e8ches.<\/li>\n<li>\n<h3><strong><u>PER AUMENTARE LE DIMENSIONI DEL SENO <em>(o natiche)<\/em> :<\/u><\/strong><\/h3>\n<\/li>\n<\/ul>\n<p>Dans les pays arabes, les femmes utilisent le fenugrec depuis toujours pour grossir, raffermir et embellir la poitrine. Les \u00c9gyptiens, les grecs et les romains utilisaient le fenugrec dans le r\u00e9gime des concubines, pour augmenter la taille et les rondeurs de leur poitrine. Pour en savoir plus <a href=\"https:\/\/www.lagazettedesblondes.fr\/grossir-seins-naturellement\/\" target=\"_blank\" rel=\"noopener\"><strong>voir ce guide d\u00e9di\u00e9 \u00e0 la poitrine<\/strong><\/a>.<\/p>\n<p>Si le fenugrec permet donc d\u2019augmenter la taille des seins naturellement et sainement, ainsi que de les rendre plus fermes, c\u2019est parce que c\u2019est une graine enrichie en phyto \u0153strog\u00e8ne (une hormone v\u00e9g\u00e9tale), en vitamine A, C, en\u00a0l\u00e9cithine et en nutriments.<\/p>\n<p>Les phyto-\u0153strog\u00e8nes stimulent la synth\u00e8se des hormones sexuelles des femmes : les estrog\u00e8nes et la progest\u00e9rone. En stimulant ces hormones sexuelles, il fait grossir la poitrine, et accessoirement, le fenugrec stimule la libido f\u00e9minine.<\/p>\n<p><strong>Istruzioni per l'uso :<\/strong> masser votre poitrine avec le plat de la main pendant 5 \u00e0 10 minutes, 1 \u00e0 2 fois par jour, sur une p\u00e9riode de 3 \u00e0 12 semaines.<\/p>\n<p><em>M\u00eame proc\u00e9d\u00e9 pour les fesses, ou les hanches.<\/em><\/p>\n<p><strong>En combien de temps peut-on voir les r\u00e9sultats <\/strong><strong>?<\/strong><\/p>\n<p>Comme tous les rem\u00e8des beaut\u00e9 et recettes de grand-m\u00e8re, la r\u00e9ussite d\u00e9pend du nombre d\u2019applications et de leur qualit\u00e9. Chaque femme r\u00e9agit diff\u00e9remment et pour certaines, le changement est visible et palpable d\u00e8s les premiers jours. Pour d\u2019autres, plusieurs semaines seront n\u00e9cessaires. Dans tous les cas, ne vous attendez pas \u00e0 doubler le volume de vos seins en 1 journ\u00e9e.<\/p>\n<p><strong><u>Ingredienti INCI : <\/u><\/strong>Olio di semi di Helianthus annuss (olio di girasole); semi di trigonella foenaum-graecum (semi di fieno greco)<\/p>\n<p><strong><u>Capacit\u00e0 :<\/u><\/strong> 100 ml<\/p>\n<p><strong><u>Origine :<\/u><\/strong> Marocco<\/p>\n<p>&nbsp;<\/p>","protected":false},"excerpt":{"rendered":"<p>L&rsquo;huile de fenugrec est r\u00e9put\u00e9e pour ses bienfaits pour la peau et\u00a0les cheveux. Elle est id\u00e9ale pour renforcer la chevelure et lutter contre la chute de cheveux<strong>.<\/strong> Mais elle est surtout r\u00e9put\u00e9e pour augmenter le <strong>volume del seno e dei glutei e rassodamento della pelle<\/strong>.<\/p>\n<p>Un ingr\u00e9dient cosm\u00e9tique parfait pour celles qui se lamentent de\u00a0leur petite poitrine ou veulent donner du volume \u00e0 leur fessier !<\/p>","protected":false},"featured_media":3274,"template":"","meta":[],"product_brand":[],"product_cat":[27],"product_tag":[],"class_list":{"0":"post-3333","1":"product","2":"type-product","3":"status-publish","4":"has-post-thumbnail","6":"product_cat-bien-etre","8":"first","9":"instock","10":"shipping-taxable","11":"purchasable","12":"product-type-simple"},"_links":{"self":[{"href":"https:\/\/1001vertus.com\/it\/wp-json\/wp\/v2\/product\/3333","targetHints":{"allow":["GET"]}}],"collection":[{"href":"https:\/\/1001vertus.com\/it\/wp-json\/wp\/v2\/product"}],"about":[{"href":"https:\/\/1001vertus.com\/it\/wp-json\/wp\/v2\/types\/product"}],"wp:featuredmedia":[{"embeddable":true,"href":"https:\/\/1001vertus.com\/it\/wp-json\/wp\/v2\/media\/3274"}],"wp:attachment":[{"href":"https:\/\/1001vertus.com\/it\/wp-json\/wp\/v2\/media?parent=3333"}],"wp:term":[{"taxonomy":"product_brand","embeddable":true,"href":"https:\/\/1001vertus.com\/it\/wp-json\/wp\/v2\/product_brand?post=3333"},{"taxonomy":"product_cat","embeddable":true,"href":"https:\/\/1001vertus.com\/it\/wp-json\/wp\/v2\/product_cat?post=3333"},{"taxonomy":"product_tag","embeddable":true,"href":"https:\/\/1001vertus.com\/it\/wp-json\/wp\/v2\/product_tag?post=3333"}],"curies":[{"name":"wp","href":"https:\/\/api.w.org\/{rel}","templated":true}]}}