{"id":3272,"date":"2020-07-09T20:15:25","date_gmt":"2020-07-09T19:15:25","guid":{"rendered":"https:\/\/1001vertus.com\/?post_type=product&#038;p=3272"},"modified":"2026-04-26T11:51:51","modified_gmt":"2026-04-26T10:51:51","slug":"1001-vertus-olio-di-nocciolo-giallo-biologico","status":"publish","type":"product","link":"https:\/\/1001vertus.com\/it\/produit\/huile-de-souchet-bio-1001-vertus\/","title":{"rendered":"Olio di noci di tigre biologico - 1001 VERTUS"},"content":{"rendered":"<p><span style=\"font-family: Arial, sans-serif;\"><span style=\"font-size: medium;\">L'olio di noce di tigre viene tradizionalmente utilizzato nei rituali di bellezza delle donne orientali per\u00a0<\/span><\/span><strong><span style=\"font-family: Arial, sans-serif;\"><span style=\"font-size: medium;\">rallentare e ridurre la ricrescita dei capelli.<\/span><\/span><\/strong><span style=\"font-family: Arial, sans-serif;\"><span style=\"font-size: medium;\">\u00a0<\/span><\/span><\/p>\n<p><span style=\"font-family: Arial, sans-serif;\"><span style=\"font-size: medium;\">Un'applicazione quotidiana di olio di nocciolo giallo prima e dopo la depilazione aiuta a prevenire e limitare la quantit\u00e0 e la crescita dei peli. <\/span><\/span><\/p>\n<p><span style=\"font-family: Arial, sans-serif;\"><span style=\"font-size: medium;\">Ricco di fitosteroli, \u00e8<\/span><\/span><strong><span style=\"font-family: Arial, sans-serif;\"><span style=\"font-size: medium;\">\u00a0\u00e8 noto per proteggere la pelle dopo la depilazione e per lenire il bruciore del rasoio, <\/span><\/span><\/strong><span style=\"font-family: Arial, sans-serif;\"><span style=\"font-size: medium;\">prevenire la comparsa di<\/span><\/span><strong><span style=\"font-family: Arial, sans-serif;\"><span style=\"font-size: medium;\"> arrossamenti e piccoli brufoli<\/span><\/span><\/strong><span style=\"font-family: Arial, sans-serif;\"><span style=\"font-size: medium;\">, ed essere<\/span><\/span><strong><span style=\"font-family: Arial, sans-serif;\"><span style=\"font-size: medium;\">\u00a0<\/span><\/span><\/strong><span style=\"font-family: Arial, sans-serif;\"><span style=\"font-size: medium;\">efficace per lenire le macchie rosse.\u00a0<\/span><\/span><\/p>\n<p><span style=\"font-family: Arial, sans-serif;\"><span style=\"font-size: medium;\">Consigliato sia per gli uomini che per le donne, questo olio \u00e8 noto alle donne egiziane da oltre 4.000 anni e offre alla pelle un vero comfort e un innegabile sollievo.<\/span><\/span><\/p>\n<p>Quest'olio, noto per le sue propriet\u00e0 antiossidanti e ricco di vitamina E, viene anche utilizzato nei trattamenti cosmetici per\u00a0<strong><span style=\"font-family: Arial, sans-serif;\"><span style=\"font-size: medium;\">combattere l'invecchiamento precoce<\/span><\/span><\/strong><span style=\"font-family: Arial, sans-serif;\"><span style=\"font-size: medium;\">\u00a0della pelle. Viene utilizzato in\u00a0<\/span><\/span><strong><span style=\"font-family: Arial, sans-serif;\"><span style=\"font-size: medium;\">nutriente<\/span><\/span><\/strong><span style=\"font-family: Arial, sans-serif;\"><span style=\"font-size: medium;\">\u00a0per\u00a0<\/span><\/span><strong><span style=\"font-family: Arial, sans-serif;\"><span style=\"font-size: medium;\">proteggere pelle e capelli dalla disidratazione, rivitalizzare, levigare e restituire elasticit\u00e0, luminosit\u00e0 e vigore <\/span><\/span><\/strong><span style=\"font-family: Arial, sans-serif;\"><span style=\"font-size: medium;\">per capelli danneggiati. <\/span><\/span><\/p>\n<p><span style=\"font-family: Arial, sans-serif;\"><span style=\"font-size: medium;\">Contiene anche fitosteroli. Questi hanno propriet\u00e0 lenitive. Questo spiega perch\u00e9 l'olio di tigre \u00e8 spesso raccomandato nelle opere pubblicate per le pelli molto secche, o affette da eczema o psoriasi, e anche per i capelli fini o crespi. <\/span><\/span><\/p>\n<h2><span style=\"font-family: Arial, sans-serif;\"><span style=\"font-size: medium;\"><u><b>VIRT\u00d9 DELL'OLIO DI NOCE GIALLA :<\/b><\/u><\/span><\/span><\/h2>\n<h3><strong><span style=\"font-family: Arial, sans-serif;\"><span style=\"font-size: medium;\">- PER LA PELLE :<\/span><\/span><\/strong><\/h3>\n<ul>\n<li><strong><span style=\"font-family: Arial, sans-serif;\"><span style=\"font-size: medium;\"><b>Limite <\/b><\/span><\/span><\/strong><span style=\"font-family: Arial, sans-serif;\"><span style=\"font-size: medium;\"><b>il<\/b><\/span><\/span><strong><span style=\"font-family: Arial, sans-serif;\"><span style=\"font-size: medium;\"><b> ricrescita<\/b><\/span><\/span><\/strong> <span style=\"font-family: Arial, sans-serif;\"><span style=\"font-size: medium;\">da<\/span><\/span><strong><span style=\"font-family: Arial, sans-serif;\"><span style=\"font-size: medium;\"> capelli<\/span><\/span><\/strong><span style=\"font-family: Arial, sans-serif;\"><span style=\"font-size: medium;\">. <\/span><\/span><\/li>\n<li><strong><span style=\"font-family: Arial, sans-serif;\"><span style=\"font-size: medium;\">Molto <\/span><\/span><\/strong><strong><span style=\"font-family: Arial, sans-serif;\"><span style=\"font-size: medium;\"><b>nutriente<\/b><\/span><\/span><\/strong><span style=\"font-family: Arial, sans-serif;\"><span style=\"font-size: medium;\">, Protegge la pelle dalla disidratazione. <\/span><\/span><\/li>\n<li><span style=\"font-family: Arial, sans-serif;\"><span style=\"font-size: medium;\">Il suo contenuto di vitamina E <\/span><\/span><strong><span style=\"font-family: Arial, sans-serif;\"><span style=\"font-size: medium;\">antiossidante\u00a0<\/span><\/span><\/strong><span style=\"font-family: Arial, sans-serif;\"><span style=\"font-size: medium;\">\u00e8 una risorsa per <\/span><\/span><span style=\"font-family: Arial, sans-serif;\"><span style=\"font-size: medium;\"><b>rallenta la comparsa dei segni dell'invecchiamento cutaneo<\/b><\/span><\/span><span style=\"font-family: Arial, sans-serif;\"><span style=\"font-size: medium;\">. <\/span><\/span><\/li>\n<li><span style=\"font-family: Arial, sans-serif;\"><span style=\"font-size: medium;\"><b>Migliora\u2019<\/b><\/span><\/span><strong><span style=\"font-family: Arial, sans-serif;\"><span style=\"font-size: medium;\"><b>elasticit\u00e0<\/b><\/span><\/span><\/strong><span style=\"font-family: Arial, sans-serif;\"><span style=\"font-size: medium;\"><b> della pelle<\/b><\/span><\/span><span style=\"font-family: Arial, sans-serif;\"><span style=\"font-size: medium;\"> fornendo al contempo <\/span><\/span><strong><span style=\"font-family: Arial, sans-serif;\"><span style=\"font-size: medium;\">morbidezza<\/span><\/span><\/strong><span style=\"font-family: Arial, sans-serif;\"><span style=\"font-size: medium;\"> e <\/span><\/span><strong><span style=\"font-family: Arial, sans-serif;\"><span style=\"font-size: medium;\">flessibilit\u00e0<\/span><\/span><\/strong><span style=\"font-family: Arial, sans-serif;\"><span style=\"font-size: medium;\">. <\/span><\/span><\/li>\n<\/ul>\n<h4 class=\"western\"><span style=\"font-family: Arial, sans-serif;\"><span style=\"font-size: medium;\">Ideale per pelli secche e molto secche, pelli desquamate e pelli mature.<\/span><\/span><\/h4>\n<p><span style=\"font-family: Arial, sans-serif;\"><span style=\"font-size: medium;\">L'olio di nocciolo giallo non \u00e8 adatto alle pelli troppo grasse, ma \u00e8 adatto ai bambini e alle pelli sensibili.<\/span><\/span><\/p>\n<p>&nbsp;<\/p>\n<p>&nbsp;<\/p>\n<h3><strong><span style=\"font-family: Arial, sans-serif;\"><span style=\"font-size: medium;\">- PER I CAPELLI :<\/span><\/span><\/strong><\/h3>\n<ul>\n<li><strong><span style=\"font-family: Arial, sans-serif;\"><span style=\"font-size: medium;\">Alimentazione <\/span><\/span><\/strong><span style=\"font-family: Arial, sans-serif;\"><span style=\"font-size: medium;\">in profondit\u00e0 nella fibra capillare. <\/span><\/span><\/li>\n<li><span style=\"font-family: Arial, sans-serif;\"><span style=\"font-size: medium;\">Previene<\/span><\/span><strong><span style=\"font-family: Arial, sans-serif;\"><span style=\"font-size: medium;\"> disidratazione <\/span><\/span><\/strong><span style=\"font-family: Arial, sans-serif;\"><span style=\"font-size: medium;\">capelli. <\/span><\/span><\/li>\n<li><strong><span style=\"font-family: Arial, sans-serif;\"><span style=\"font-size: medium;\">Rivitalizzare<\/span><\/span><\/strong><span style=\"font-family: Arial, sans-serif;\"><span style=\"font-size: medium;\"> e ripristina <\/span><\/span><strong><span style=\"font-family: Arial, sans-serif;\"><span style=\"font-size: medium;\">brillantezza <\/span><\/span><\/strong><span style=\"font-family: Arial, sans-serif;\"><span style=\"font-size: medium;\">e <\/span><\/span><strong><span style=\"font-family: Arial, sans-serif;\"><span style=\"font-size: medium;\">forza<\/span><\/span><\/strong><span style=\"font-family: Arial, sans-serif;\"><span style=\"font-size: medium;\"> per capelli danneggiati. <\/span><\/span><\/li>\n<li><strong><span style=\"font-family: Arial, sans-serif;\"><span style=\"font-size: medium;\">Liscio <\/span><\/span><\/strong><span style=\"font-family: Arial, sans-serif;\"><span style=\"font-size: medium;\">e <\/span><\/span><strong><span style=\"font-family: Arial, sans-serif;\"><span style=\"font-size: medium;\">ammorbidisce <\/span><\/span><\/strong><span style=\"font-family: Arial, sans-serif;\"><span style=\"font-size: medium;\">la fibra capillare. <\/span><\/span><\/li>\n<\/ul>\n<h4 class=\"western\"><span style=\"font-family: Arial, sans-serif;\"><span style=\"font-size: medium;\">Ideale per :<\/span><\/span><\/h4>\n<ul>\n<li><span style=\"font-family: Arial, sans-serif;\"><span style=\"font-size: medium;\">Secchezza, ruvidit\u00e0, fragilit\u00e0, doppie punte <\/span><\/span><\/li>\n<li><span style=\"font-family: Arial, sans-serif;\"><span style=\"font-size: medium;\">Capelli crespi, afro e ricci <\/span><\/span><\/li>\n<\/ul>\n<p><span style=\"font-family: Arial, sans-serif;\"><span style=\"font-size: medium;\">Utilizzare come bagno d'olio. Non adatto ai capelli grassi o solo se sono fragili. <\/span><\/span><\/p>\n<p>&nbsp;<\/p>\n<h3 class=\"western\" align=\"LEFT\"><strong><span style=\"font-family: Arial, sans-serif;\"><span style=\"font-size: medium;\">OLIO DI NOCE PER PREVENIRE LA RICRESCITA:<\/span><\/span><\/strong><\/h3>\n<p align=\"JUSTIFY\"><span style=\"font-family: Arial, sans-serif;\"><span style=\"font-size: medium;\">Si consiglia di applicare l'olio di noci di tigre non solo dopo la depilazione, ma anche ogni sera sulla zona depilata, fino alla depilazione successiva. <\/span><\/span><\/p>\n<p align=\"JUSTIFY\"><span style=\"font-family: Arial, sans-serif;\"><span style=\"font-size: medium;\">Gli effetti sono visibili dopo almeno 1 mese, e solo se si \u00e8 effettivamente rimosso il pelo alla radice (cio\u00e8 usando la cera o una pinzetta, non un rasoio o un tagliacapelli).<\/span><\/span><\/p>\n<p align=\"JUSTIFY\"><span style=\"font-family: Arial, sans-serif;\"><span style=\"font-size: medium;\">Questo pu\u00f2 funzionare sulle sopracciglia (che sono troppo folte), che si spennano con una pinzetta, ma anche su ascelle, zone intime, gambe, ecc...<\/span><\/span><\/p>\n<p align=\"LEFT\"><span style=\"font-family: Arial, sans-serif;\"><span style=\"font-size: medium;\"><u><b>Ingrediente INCI :<\/b><\/u> Olio di radice di Cyperus esculentus<\/span><\/span><\/p>\n<p align=\"LEFT\"><span style=\"font-family: Arial, sans-serif;\"><span style=\"font-size: medium;\"><u><b>Origine :<\/b><\/u> Africa<\/span><\/span><\/p>\n<p align=\"LEFT\"><span style=\"font-family: Arial, sans-serif;\"><span style=\"font-size: medium;\"><u><b>Capacit\u00e0 :<\/b><\/u> 100 ml<\/span><\/span><\/p>\n<p align=\"LEFT\"><span style=\"font-family: Arial, sans-serif;\"><span style=\"font-size: medium;\"><u><b>Precauzioni per l'uso\u00a0<\/b><\/u>Solo per uso esterno.<\/span><\/span><\/p>","protected":false},"excerpt":{"rendered":"<p align=\"LEFT\"><span style=\"font-family: Arial, sans-serif;\"><span style=\"font-size: medium;\">L'olio di noce di tigre \u00e8 considerato l'olio di\u2019<strong>olio naturale anti-crescita 100%<\/strong>. <\/span><\/span><\/p>\n<p align=\"JUSTIFY\"><span style=\"font-family: Arial, sans-serif;\"><span style=\"font-size: medium;\">Gambe, ascelle, zona intima, sopracciglia... Applicato dopo la depilazione e quotidianamente, l'olio di noce di tigre impedisce la ricrescita dei peli.<\/span><\/span><\/p>\n<p align=\"JUSTIFY\"><span style=\"font-family: Arial, sans-serif;\"><span style=\"font-size: medium;\">\u00c8 inoltre ottimo per la pelle e i capelli, in particolare per i capelli crespi, afro e ricci, nonch\u00e9 per i capelli secchi, fragili e ruvidi. <\/span><\/span><\/p>\n<p align=\"JUSTIFY\"><span style=\"font-family: Arial, sans-serif;\"><span style=\"font-size: medium;\">Il nostro olio di noci di tigre \u00e8 certificato biologico ed Ecocert.<br \/>\n<\/span><\/span><\/p>","protected":false},"featured_media":3273,"template":"","meta":[],"product_brand":[],"product_cat":[15,27],"product_tag":[],"class_list":{"0":"post-3272","1":"product","2":"type-product","3":"status-publish","4":"has-post-thumbnail","6":"product_cat-huiles-bio","7":"product_cat-bien-etre","9":"first","10":"outofstock","11":"shipping-taxable","12":"purchasable","13":"product-type-simple"},"_links":{"self":[{"href":"https:\/\/1001vertus.com\/it\/wp-json\/wp\/v2\/product\/3272","targetHints":{"allow":["GET"]}}],"collection":[{"href":"https:\/\/1001vertus.com\/it\/wp-json\/wp\/v2\/product"}],"about":[{"href":"https:\/\/1001vertus.com\/it\/wp-json\/wp\/v2\/types\/product"}],"wp:featuredmedia":[{"embeddable":true,"href":"https:\/\/1001vertus.com\/it\/wp-json\/wp\/v2\/media\/3273"}],"wp:attachment":[{"href":"https:\/\/1001vertus.com\/it\/wp-json\/wp\/v2\/media?parent=3272"}],"wp:term":[{"taxonomy":"product_brand","embeddable":true,"href":"https:\/\/1001vertus.com\/it\/wp-json\/wp\/v2\/product_brand?post=3272"},{"taxonomy":"product_cat","embeddable":true,"href":"https:\/\/1001vertus.com\/it\/wp-json\/wp\/v2\/product_cat?post=3272"},{"taxonomy":"product_tag","embeddable":true,"href":"https:\/\/1001vertus.com\/it\/wp-json\/wp\/v2\/product_tag?post=3272"}],"curies":[{"name":"wp","href":"https:\/\/api.w.org\/{rel}","templated":true}]}}